{"id":310,"date":"2019-10-23T09:49:09","date_gmt":"2019-10-23T07:49:09","guid":{"rendered":"https:\/\/us.edu.pl\/wydzial\/wnst\/?page_id=310"},"modified":"2024-08-28T11:24:37","modified_gmt":"2024-08-28T09:24:37","slug":"instytut-fizyki","status":"publish","type":"page","link":"https:\/\/us.edu.pl\/wydzial\/wnst\/strona-glowna\/struktura\/instytuty-naukowe\/instytut-fizyki\/","title":{"rendered":"Instytut Fizyki"},"content":{"rendered":"<p>[vc_row el_class=&#8221;container&#8221;][vc_column width=&#8221;1\/2&#8243; css=&#8221;.vc_custom_1576367203287{margin-top: 15px !important;margin-left: 15px !important;border-top-width: 15px !important;border-left-width: 15px !important;padding-top: 15px !important;padding-left: 15px !important;}&#8221;]\r\n                <div class=\"text-modules reverse\">\r\n                    <div class=\"container\">\r\n                         \r\n                        <div class=\"row m-0\">\r\n                            <div class=\"text-modules__content\">\r\n                                <span style=\"font-size: 12pt;\"><strong><span style=\"color: #003366;\"><span style=\"color: #003366; font-size: 12pt;\">prof. dr hab. <\/span>Sebastian Pawlus<br \/>\n<\/span><\/strong><\/span><\/p>\n<p><span style=\"font-size: 12pt;\"><strong>Dyrektor Instytutu Fizyki im. Augusta Che\u0142kowskiego<\/strong><\/span> \r\n                                <div class=\"mt-3\"><a href=\"https:\/\/ab.us.edu.pl\/emp?id=20702\" class=\"link-button mr-3 \">kontakt<\/a><\/div>\r\n                            <\/div>\r\n                            \r\n                            <div class=\"text-modules__img\"><img src=\"https:\/\/us.edu.pl\/wydzial\/wnst\/wp-content\/uploads\/sites\/18\/Nieprzypisane\/Sebastian-Pawlus_DSC_3053-819x1024.jpg\" alt=\"img\"><\/div>\r\n                        <\/div>\r\n                    <\/div>\r\n                <\/div>\r\n                <div class=\"text-modules reverse\">\r\n                    <div class=\"container\">\r\n                         \r\n                        <div class=\"row m-0\">\r\n                            <div class=\"text-modules__content\">\r\n                                <span style=\"font-size: 12pt;\"><strong><span style=\"color: #003366;\"><span style=\"color: #003366; font-size: 12pt;\">dr Katarzyna Schmidt, prof. U\u015a<\/span><br \/>\n<\/span><\/strong><\/span><\/p>\n<p><span style=\"font-size: 12pt;\"><strong>Zast\u0119pca Dyrektora Instytutu Fizyki im. Augusta Che\u0142kowskiego<\/strong><\/span> \r\n                                <div class=\"mt-3\"><a href=\"https:\/\/ab.us.edu.pl\/emp?id=43041\" class=\"link-button mr-3 \">kontakt<\/a><\/div>\r\n                            <\/div>\r\n                            \r\n                            <div class=\"text-modules__img\"><img src=\"https:\/\/us.edu.pl\/wydzial\/wnst\/wp-content\/uploads\/sites\/18\/Bez-kategorii\/Schmidt-Katarzyna-1.jpg\" alt=\"img\"><\/div>\r\n                        <\/div>\r\n                    <\/div>\r\n                <\/div>\r\n                <div class=\"text-modules\">\r\n                    <div class=\"container\">\r\n                        \r\n                        <div class=\"text-modules__content\"><\/p>\n<h3><span style=\"color: #002e5a;\">Kontakt<\/span><\/h3>\n<p class=\"rtecenter\"><strong>Biuro Ewaluacji i Obs\u0142ugi Instytut\u00f3w<\/strong><br \/>\nul. 75 Pu\u0142ku Piechoty 1, 41-500 Chorz\u00f3w<br \/>\ntel. 32 349 38 75<br \/>\nwww: <a href=\"https:\/\/us.edu.pl\/instytut\/ifiz\/\">https:\/\/us.edu.pl\/instytut\/ifiz\/<\/a>, e-mail: <a href=\"mailto:ifiz.wnst@us.edu.pl\">ifiz.wnst@us.edu.pl<\/a><\/p>\n<p>\n<\/div>\r\n                    <\/div>\r\n                <\/div>[vc_gmaps link=&#8221;#E-8_JTNDaWZyYW1lJTIwc3JjJTNEJTIyaHR0cHMlM0ElMkYlMkZ3d3cuZ29vZ2xlLmNvbSUyRm1hcHMlMkZlbWJlZCUzRnBiJTNEJTIxMW0xNCUyMTFtOCUyMTFtMyUyMTFkMjU0OC44NDkyOTk0NDYwNDg1JTIxMmQxOC45MzM0MjEzJTIxM2Q1MC4yOTQ3NDA5JTIxM20yJTIxMWkxMDI0JTIxMmk3NjglMjE0ZjEzLjElMjEzbTMlMjExbTIlMjExczB4NDcxNmNlMzY1NTU1NTU1NSUyNTNBMHg0MzkyYTQxOGVhZDhiMjhiJTIxMnNJbnN0eXR1dCUyNTIwRml6eWtpJTI1MkMlMjUyMFVuaXdlcnN5dGV0JTI1MjAlMjVDNSUyNTlBbCUyNUM0JTI1ODVza2klMjE1ZTAlMjEzbTIlMjExc3BsJTIxMnNwbCUyMTR2MTU4MDkxMDc3Nzg0MiUyMTVtMiUyMTFzcGwlMjEyc3BsJTIyJTIwd2lkdGglM0QlMjI2MDAlMjIlMjBoZWlnaHQlM0QlMjI0NTAlMjIlMjBmcmFtZWJvcmRlciUzRCUyMjAlMjIlMjBzdHlsZSUzRCUyMmJvcmRlciUzQTAlM0IlMjIlMjBhbGxvd2Z1bGxzY3JlZW4lM0QlMjIlMjIlM0UlM0MlMkZpZnJhbWUlM0U=&#8221; css=&#8221;.vc_custom_1580911178240{border-top-width: 1px !important;border-right-width: 1px !important;border-bottom-width: 1px !important;border-left-width: 1px !important;border-left-style: solid !important;border-right-style: solid !important;border-top-style: solid !important;border-bottom-style: solid !important;}&#8221;][\/vc_column][vc_column width=&#8221;1\/2&#8243; css=&#8221;.vc_custom_1578306123083{border-left-width: 1px !important;border-left-color: #c9c9c9 !important;border-left-style: solid !important;}&#8221;]\r\n                <div class=\"text-modules\">\r\n                    <div class=\"container\">\r\n                        <h3 class=\"page-title text__title\">Instytut Fizyki im. Augusta Che\u0142kowskiego<\/h3>\r\n                        <div class=\"text-modules__content\"><p>Badania naukowe w Instytucie wsp\u00f3\u0142finansowane s\u0105 mi\u0119dzy innymi przez Narodowe Centrum Nauki, Narodowe Centrum Bada\u0144 i Rozwoju, Ministerstwo Nauki i Szkolnictwa Wy\u017cszego oraz Fundacj\u0119 na Rzecz Nauki Polskiej, w ramach presti\u017cowych projekt\u00f3w, na przyk\u0142ad Maestro, Sonata, Opus czy Tango. M\u0142odzi badacze s\u0105 laureatami konkurs\u00f3w stypendialnych Preludium i Start. Pozyskane \u015brodki finansowe pozwalaj\u0105 nie tylko zatrudnia\u0107 najzdolniejszych m\u0142odych naukowc\u00f3w, ale tak\u017ce wyposa\u017cy\u0107 laboratoria w ultranowoczesn\u0105 aparatur\u0119, zapewniaj\u0105c mo\u017cliwo\u015b\u0107 prowadzenia bada\u0144 na \u015bwiatowym poziomie. Odzwierciedleniem skuteczno\u015bci, jako\u015bci i rozpoznawalno\u015bci prowadzonych bada\u0144 s\u0105 liczne cytowania opracowa\u0144 publikowanych przez pracownik\u00f3w Instytutu w najbardziej presti\u017cowych mi\u0119dzynarodowych periodykach.<\/p>\n<\/div>\r\n                    <\/div>\r\n                <\/div>\r\n                <div class=\"text-modules\">\r\n                    <div class=\"container\">\r\n                        \r\n                        <div class=\"text-modules__content\"><p>Obszar prac badawczych w zakresie dyscypliny fizyka, kt\u00f3re s\u0105 prowadzone w Instytucie Fizyki, wyznaczaj\u0105 w szczeg\u00f3lno\u015bci:<\/p>\n<ul>\n<li>fizyka teoretyczna cz\u0105stek elementarnych i do\u015bwiadczalna fizyka j\u0105drowa; m.in. udzia\u0142 pracownik\u00f3w Instytutu w wielkich mi\u0119dzynarodowych eksperymentach: NA61\/SHINE w CERN, T2K w Japonii;<\/li>\n<li>fizyka materii skondensowanej: komputerowe modelowanie uk\u0142ad\u00f3w z\u0142o\u017conych w skali mikro i nano, w tym badania najrozmaitszych (elektromagnetycznych, optycznych, i mechanicznych) w\u0142asno\u015bci nanouk\u0142ad\u00f3w i cienkich warstw, materia\u0142\u00f3w zar\u00f3wno krystalicznych, jak i amorficznych stosowanych w projektowaniu lek\u00f3w nowych generacji;<\/li>\n<li>biofizyka i fizyka medyczna; znacz\u0105cy udzia\u0142 pracownik\u00f3w Instytutu w opracowywaniu nowych metod terapii i diagnostyki chor\u00f3b nowotworowych, z zastosowaniem technik radiologicznych, promieniowania niejonizuj\u0105cego oraz zaawansowanych metod biofizyki molekularnej, kt\u00f3re b\u0119d\u0105 metodami skutecznymi, a jednocze\u015bnie bezpiecznymi dla pacjenta;<\/li>\n<li>modelowanie i otrzymywanie substancji farmakologicznych o w\u0142asno\u015bciach zapewniaj\u0105cych istotn\u0105 popraw\u0119 biodost\u0119pno\u015bci i skuteczno\u015bci lek\u00f3w, tworzenie nowatorskich lek\u00f3w amorficznych (s\u0142aba rozpuszczalno\u015b\u0107 substancji, b\u0119d\u0105ca przyczyn\u0105 niskiej biodost\u0119pno\u015bci lek\u00f3w podawanych w sta\u0142ej postaci, tzn. w tabletkach, peletkach, granulkach i kapsu\u0142kach, to najwi\u0119kszy problem, z jakim boryka si\u0119 wsp\u00f3\u0142czesna farmacja; bior\u0105c pod uwag\u0119 to, \u017ce substancji nierozpuszczonej organizm ludzki nie jest w stanie zaabsorbowa\u0107, pacjenci nara\u017ceni s\u0105 na za\u017cywanie kilkunastokrotnie wi\u0119kszych dawek takiego leku w stosunku do ilo\u015bci, jaka efektywnie na nich dzia\u0142a; jak dowiedziono, jedn\u0105 z prowadz\u0105c\u0105 najskuteczniejszych metod prowadz\u0105cych do wspomnianego celu jest amorfizacja substancji leczniczej);<\/li>\n<li>komputerowe modelowanie w\u0142asno\u015bci materii mi\u0119kkiej: od fizyki statystycznej i proces\u00f3w stochastycznych, przez dynamik\u0119 molekularn\u0105 i kinetyk\u0119 cieczy w obecno\u015bci ultrawysokich ci\u015bnie\u0144, a\u017c po hemodynamik\u0119, w ramach kt\u00f3rej badacze opisuj\u0105 dro\u017cno\u015b\u0107 naczy\u0144 krwiono\u015bnych;<\/li>\n<li>fizyczne aspekty kwantowych metod przetwarzania informacji, a w tym interdyscyplinarne badania wp\u0142ywu rzeczywistych zaburze\u0144 na funkcjonowanie komputer\u00f3w kwantowych i skuteczno\u015b\u0107 wybranych element\u00f3w kwantowych protoko\u0142\u00f3w wymiany informacji: teleportacji kwantowej, klonowania i wymiany klucza.<\/li>\n<\/ul>\n<p>\n<\/div>\r\n                    <\/div>\r\n                <\/div>[\/vc_column][\/vc_row]<\/p>","protected":false},"excerpt":{"rendered":"<p>[vc_row el_class=&#8221;container&#8221;][vc_column width=&#8221;1\/2&#8243; css=&#8221;.vc_custom_1576367203287{margin-top: 15px !important;margin-left: 15px !important;border-top-width: 15px !important;border-left-width: 15px !important;padding-top: 15px !important;padding-left: 15px !important;}&#8221;][vc_gmaps link=&#8221;#E-8_JTNDaWZyYW1lJTIwc3JjJTNEJTIyaHR0cHMlM0ElMkYlMkZ3d3cuZ29vZ2xlLmNvbSUyRm1hcHMlMkZlbWJlZCUzRnBiJTNEJTIxMW0xNCUyMTFtOCUyMTFtMyUyMTFkMjU0OC44NDkyOTk0NDYwNDg1JTIxMmQxOC45MzM0MjEzJTIxM2Q1MC4yOTQ3NDA5JTIxM20yJTIxMWkxMDI0JTIxMmk3NjglMjE0ZjEzLjElMjEzbTMlMjExbTIlMjExczB4NDcxNmNlMzY1NTU1NTU1NSUyNTNBMHg0MzkyYTQxOGVhZDhiMjhiJTIxMnNJbnN0eXR1dCUyNTIwRml6eWtpJTI1MkMlMjUyMFVuaXdlcnN5dGV0JTI1MjAlMjVDNSUyNTlBbCUyNUM0JTI1ODVza2klMjE1ZTAlMjEzbTIlMjExc3BsJTIxMnNwbCUyMTR2MTU4MDkxMDc3Nzg0MiUyMTVtMiUyMTFzcGwlMjEyc3BsJTIyJTIwd2lkdGglM0QlMjI2MDAlMjIlMjBoZWlnaHQlM0QlMjI0NTAlMjIlMjBmcmFtZWJvcmRlciUzRCUyMjAlMjIlMjBzdHlsZSUzRCUyMmJvcmRlciUzQTAlM0IlMjIlMjBhbGxvd2Z1bGxzY3JlZW4lM0QlMjIlMjIlM0UlM0MlMkZpZnJhbWUlM0U=&#8221; css=&#8221;.vc_custom_1580911178240{border-top-width: 1px !important;border-right-width: 1px !important;border-bottom-width: 1px !important;border-left-width: 1px !important;border-left-style: solid !important;border-right-style: solid !important;border-top-style: solid !important;border-bottom-style: solid !important;}&#8221;][\/vc_column][vc_column width=&#8221;1\/2&#8243; css=&#8221;.vc_custom_1578306123083{border-left-width: 1px !important;border-left-color: #c9c9c9 !important;border-left-style: solid !important;}&#8221;][\/vc_column][\/vc_row] [&#8230;]<\/p>\n<p><a class=\"btn btn-secondary understrap-read-more-link\" href=\"https:\/\/us.edu.pl\/wydzial\/wnst\/strona-glowna\/struktura\/instytuty-naukowe\/instytut-fizyki\/\">Read More&#8230;<\/a><\/p>\n","protected":false},"author":1,"featured_media":0,"parent":297,"menu_order":0,"comment_status":"closed","ping_status":"closed","template":"","meta":{"_expiration-date-status":"saved","_expiration-date":0,"_expiration-date-type":"","_expiration-date-categories":[],"_expiration-date-options":[]},"acf":[],"_links":{"self":[{"href":"https:\/\/us.edu.pl\/wydzial\/wnst\/wp-json\/wp\/v2\/pages\/310"}],"collection":[{"href":"https:\/\/us.edu.pl\/wydzial\/wnst\/wp-json\/wp\/v2\/pages"}],"about":[{"href":"https:\/\/us.edu.pl\/wydzial\/wnst\/wp-json\/wp\/v2\/types\/page"}],"author":[{"embeddable":true,"href":"https:\/\/us.edu.pl\/wydzial\/wnst\/wp-json\/wp\/v2\/users\/1"}],"replies":[{"embeddable":true,"href":"https:\/\/us.edu.pl\/wydzial\/wnst\/wp-json\/wp\/v2\/comments?post=310"}],"version-history":[{"count":10,"href":"https:\/\/us.edu.pl\/wydzial\/wnst\/wp-json\/wp\/v2\/pages\/310\/revisions"}],"predecessor-version":[{"id":177942,"href":"https:\/\/us.edu.pl\/wydzial\/wnst\/wp-json\/wp\/v2\/pages\/310\/revisions\/177942"}],"up":[{"embeddable":true,"href":"https:\/\/us.edu.pl\/wydzial\/wnst\/wp-json\/wp\/v2\/pages\/297"}],"wp:attachment":[{"href":"https:\/\/us.edu.pl\/wydzial\/wnst\/wp-json\/wp\/v2\/media?parent=310"}],"curies":[{"name":"wp","href":"https:\/\/api.w.org\/{rel}","templated":true}]}}