{"id":320,"date":"2019-10-23T10:11:45","date_gmt":"2019-10-23T08:11:45","guid":{"rendered":"https:\/\/us.edu.pl\/wydzial\/wnst\/?page_id=320"},"modified":"2024-02-14T09:59:11","modified_gmt":"2024-02-14T08:59:11","slug":"instytut-inzynierii-biomedycznej","status":"publish","type":"page","link":"https:\/\/us.edu.pl\/wydzial\/wnst\/strona-glowna\/struktura\/instytuty-naukowe\/instytut-inzynierii-biomedycznej\/","title":{"rendered":"Instytut In\u017cynierii Biomedycznej"},"content":{"rendered":"<p>[vc_row el_class=&#8221;container&#8221;][vc_column width=&#8221;1\/2&#8243; css=&#8221;.vc_custom_1576367508431{margin-top: 3px !important;margin-left: 3px !important;border-top-width: 3px !important;border-left-width: 3px !important;padding-top: 3px !important;padding-left: 3px !important;}&#8221;]\r\n                <div class=\"text-modules reverse\">\r\n                    <div class=\"container\">\r\n                         \r\n                        <div class=\"row m-0\">\r\n                            <div class=\"text-modules__content\">\r\n                                <span style=\"color: #003366;font-size: 12pt\"><strong>dr hab. Sebastian Stach, prof. U\u015a<\/strong><\/span><br \/>\n<span style=\"font-size: 12pt\"><strong>Dyrektor Instytutu In\u017cynierii Biomedycznej<\/strong><\/span><\/p>\n<div class=\"mt-3\"><a href=\"https:\/\/ab.us.edu.pl\/emp?id=25632\" class=\"link-button mr-3 \">kontakt<\/a><\/div>\r\n                            <\/div>\r\n                            \r\n                            <div class=\"text-modules__img\"><img src=\"https:\/\/us.edu.pl\/wydzial\/wnst\/wp-content\/uploads\/sites\/18\/Nieprzypisane\/Sebastian-Stach_DSC_2950-1-820x1024.jpg\" alt=\"img\"><\/div>\r\n                        <\/div>\r\n                    <\/div>\r\n                <\/div>\r\n                <div class=\"text-modules reverse\">\r\n                    <div class=\"container\">\r\n                         \r\n                        <div class=\"row m-0\">\r\n                            <div class=\"text-modules__content\">\r\n                                <span style=\"font-size: 12pt\"><strong><span style=\"color: #003366\"><span style=\"color: #003366;font-size: 12pt\">dr hab. <\/span>Armand Cholewka, <span style=\"color: #003366;font-size: 12pt\">prof. U\u015a<\/span><br \/>\n<\/span><\/strong><\/span><\/p>\n<p><span style=\"font-size: 12pt\"><strong>Zast\u0119pca Dyrektora Instytutu In\u017cynierii Biomedycznej<\/strong><\/span> \r\n                                <div class=\"mt-3\"><a href=\"https:\/\/ab.us.edu.pl\/emp?id=3082\" class=\"link-button mr-3 \">kontakt<\/a><\/div>\r\n                            <\/div>\r\n                            \r\n                            <div class=\"text-modules__img\"><img src=\"https:\/\/us.edu.pl\/wydzial\/wnst\/wp-content\/uploads\/sites\/18\/Nieprzypisane\/Armand-Cholewka_DSC_5462-240x300.jpg\" alt=\"img\"><\/div>\r\n                        <\/div>\r\n                    <\/div>\r\n                <\/div>\r\n                <div class=\"text-modules\">\r\n                    <div class=\"container\">\r\n                        \r\n                        <div class=\"text-modules__content\"><\/p>\n<h3><span style=\"color: #002e5a\">Kontakt<\/span><\/h3>\n<p class=\"rtecenter\"><strong>Biuro Ewaluacji i Obs\u0142ugi Instytut\u00f3w<\/strong><br \/>\nul. B\u0119dzi\u0144ska 39, 41-200 Sosnowiec<br \/>\ntel. 32 368 97 03<br \/>\nwww: <a href=\"https:\/\/us.edu.pl\/instytut\/iib\/\">https:\/\/us.edu.pl\/instytut\/iib\/<\/a>, e-mail: <a href=\"mailto:iib@us.edu.pl\">iib@us.edu.pl<\/a><\/p>\n<p>\n<\/div>\r\n                    <\/div>\r\n                <\/div>[vc_gmaps link=&#8221;#E-8_JTNDaWZyYW1lJTIwc3JjJTNEJTIyaHR0cHMlM0ElMkYlMkZ3d3cuZ29vZ2xlLmNvbSUyRm1hcHMlMkZlbWJlZCUzRnBiJTNEJTIxMW0xOCUyMTFtMTIlMjExbTMlMjExZDI1NDguNzA0MTAzMDI5NTg5NSUyMTJkMTkuMTMyODI3MjE1OTY1NTMlMjEzZDUwLjI5NzQ1MTA3OTQ1NDU4JTIxMm0zJTIxMWYwJTIxMmYwJTIxM2YwJTIxM20yJTIxMWkxMDI0JTIxMmk3NjglMjE0ZjEzLjElMjEzbTMlMjExbTIlMjExczB4NDcxNmRiNjEzZThkZGFiNyUyNTNBMHhhZDJiMDFjNzM0YmQ1MTBkJTIxMnNJbnN0eXR1dCUyNTIwSW4lMjVDNSUyNUJDeW5pZXJpaSUyNTIwQmlvbWVkeWN6bmVqJTI1MkMlMjUyMFVuaXdlcnN5dGV0JTI1MjAlMjVDNSUyNTlBbCUyNUM0JTI1ODVza2klMjUyMHclMjUyMEthdG93aWNhY2glMjE1ZTAlMjEzbTIlMjExc3BsJTIxMnNwbCUyMTR2MTU4MDkxMjQ3MDAwNSUyMTVtMiUyMTFzcGwlMjEyc3BsJTIyJTIwd2lkdGglM0QlMjI2MDAlMjIlMjBoZWlnaHQlM0QlMjI0NTAlMjIlMjBmcmFtZWJvcmRlciUzRCUyMjAlMjIlMjBzdHlsZSUzRCUyMmJvcmRlciUzQTAlM0IlMjIlMjBhbGxvd2Z1bGxzY3JlZW4lM0QlMjIlMjIlM0UlM0MlMkZpZnJhbWUlM0U=&#8221; css=&#8221;.vc_custom_1580912715131{border-top-width: 1px !important;border-right-width: 1px !important;border-bottom-width: 1px !important;border-left-width: 1px !important;border-left-style: solid !important;border-right-style: solid !important;border-top-style: solid !important;border-bottom-style: solid !important;}&#8221;][\/vc_column][vc_column width=&#8221;1\/2&#8243; css=&#8221;.vc_custom_1578306736148{border-left-width: 1px !important;border-left-color: #c9c9c9 !important;border-left-style: solid !important;}&#8221;]\r\n                <div class=\"text-modules\">\r\n                    <div class=\"container\">\r\n                        <h3 class=\"page-title text__title\">Instytut In\u017cynierii Biomedycznej<\/h3>\r\n                        <div class=\"text-modules__content\"><p>Prace badawcze Instytutu s\u0105 ukierunkowane na opracowanie innowacyjnych materia\u0142\u00f3w biomedycznych oraz nowych rozwi\u0105za\u0144 (z wykorzystaniem sztucznej inteligencji) z zakresu diagnostyki i aparatury wspomagaj\u0105cych prac\u0119 lekarzy. Pracownicy Instytutu prowadz\u0105 badania we wsp\u00f3\u0142pracy z lekarzami oraz firmami przoduj\u0105cymi w bran\u017cy wynalazczo\u015bci na potrzeby medycyny.<\/p>\n<\/div>\r\n                    <\/div>\r\n                <\/div>\r\n                <div class=\"text-modules\">\r\n                    <div class=\"container\">\r\n                        \r\n                        <div class=\"text-modules__content\"><p>In\u017cynieria biomedyczna stanowi po\u0142\u0105czenie wiedzy z pogranicza nauk technicznych, medycznych i biologicznych. Profil badawczy Instytutu In\u017cynierii Biomedycznej wyznaczaj\u0105 w szczeg\u00f3lno\u015bci:<\/p>\n<ul>\n<li>zaawansowane metody analizy przetwarzania i rozpoznawania sygna\u0142\u00f3w oraz obraz\u00f3w;<\/li>\n<li>zaawansowane metody modelowania w\u0142asno\u015bci materia\u0142\u00f3w biomedycznych oraz druk 3D;<\/li>\n<li>inteligentne systemy informatyczne dla in\u017cynierii biomedycznej;<\/li>\n<li>inteligentne systemy informatyczne dla zaawansowanych metodach rehabilitacji;<\/li>\n<li>optyka biomedyczna.<\/li>\n<\/ul>\n<p>\n<\/div>\r\n                    <\/div>\r\n                <\/div>[\/vc_column][\/vc_row]<\/p>","protected":false},"excerpt":{"rendered":"<p>[vc_row el_class=&#8221;container&#8221;][vc_column width=&#8221;1\/2&#8243; css=&#8221;.vc_custom_1576367508431{margin-top: 3px !important;margin-left: 3px !important;border-top-width: 3px !important;border-left-width: 3px !important;padding-top: 3px !important;padding-left: 3px !important;}&#8221;][vc_gmaps link=&#8221;#E-8_JTNDaWZyYW1lJTIwc3JjJTNEJTIyaHR0cHMlM0ElMkYlMkZ3d3cuZ29vZ2xlLmNvbSUyRm1hcHMlMkZlbWJlZCUzRnBiJTNEJTIxMW0xOCUyMTFtMTIlMjExbTMlMjExZDI1NDguNzA0MTAzMDI5NTg5NSUyMTJkMTkuMTMyODI3MjE1OTY1NTMlMjEzZDUwLjI5NzQ1MTA3OTQ1NDU4JTIxMm0zJTIxMWYwJTIxMmYwJTIxM2YwJTIxM20yJTIxMWkxMDI0JTIxMmk3NjglMjE0ZjEzLjElMjEzbTMlMjExbTIlMjExczB4NDcxNmRiNjEzZThkZGFiNyUyNTNBMHhhZDJiMDFjNzM0YmQ1MTBkJTIxMnNJbnN0eXR1dCUyNTIwSW4lMjVDNSUyNUJDeW5pZXJpaSUyNTIwQmlvbWVkeWN6bmVqJTI1MkMlMjUyMFVuaXdlcnN5dGV0JTI1MjAlMjVDNSUyNTlBbCUyNUM0JTI1ODVza2klMjUyMHclMjUyMEthdG93aWNhY2glMjE1ZTAlMjEzbTIlMjExc3BsJTIxMnNwbCUyMTR2MTU4MDkxMjQ3MDAwNSUyMTVtMiUyMTFzcGwlMjEyc3BsJTIyJTIwd2lkdGglM0QlMjI2MDAlMjIlMjBoZWlnaHQlM0QlMjI0NTAlMjIlMjBmcmFtZWJvcmRlciUzRCUyMjAlMjIlMjBzdHlsZSUzRCUyMmJvcmRlciUzQTAlM0IlMjIlMjBhbGxvd2Z1bGxzY3JlZW4lM0QlMjIlMjIlM0UlM0MlMkZpZnJhbWUlM0U=&#8221; css=&#8221;.vc_custom_1580912715131{border-top-width: 1px !important;border-right-width: 1px !important;border-bottom-width: 1px !important;border-left-width: 1px !important;border-left-style: solid !important;border-right-style: solid !important;border-top-style: solid !important;border-bottom-style: solid !important;}&#8221;][\/vc_column][vc_column width=&#8221;1\/2&#8243; css=&#8221;.vc_custom_1578306736148{border-left-width: 1px !important;border-left-color: #c9c9c9 !important;border-left-style: solid !important;}&#8221;][\/vc_column][\/vc_row] [&#8230;]<\/p>\n<p><a class=\"btn btn-secondary understrap-read-more-link\" href=\"https:\/\/us.edu.pl\/wydzial\/wnst\/strona-glowna\/struktura\/instytuty-naukowe\/instytut-inzynierii-biomedycznej\/\">Read More&#8230;<\/a><\/p>\n","protected":false},"author":1,"featured_media":0,"parent":297,"menu_order":0,"comment_status":"closed","ping_status":"closed","template":"","meta":{"_expiration-date-status":"saved","_expiration-date":0,"_expiration-date-type":"","_expiration-date-categories":[],"_expiration-date-options":[]},"acf":[],"_links":{"self":[{"href":"https:\/\/us.edu.pl\/wydzial\/wnst\/wp-json\/wp\/v2\/pages\/320"}],"collection":[{"href":"https:\/\/us.edu.pl\/wydzial\/wnst\/wp-json\/wp\/v2\/pages"}],"about":[{"href":"https:\/\/us.edu.pl\/wydzial\/wnst\/wp-json\/wp\/v2\/types\/page"}],"author":[{"embeddable":true,"href":"https:\/\/us.edu.pl\/wydzial\/wnst\/wp-json\/wp\/v2\/users\/1"}],"replies":[{"embeddable":true,"href":"https:\/\/us.edu.pl\/wydzial\/wnst\/wp-json\/wp\/v2\/comments?post=320"}],"version-history":[{"count":10,"href":"https:\/\/us.edu.pl\/wydzial\/wnst\/wp-json\/wp\/v2\/pages\/320\/revisions"}],"predecessor-version":[{"id":173105,"href":"https:\/\/us.edu.pl\/wydzial\/wnst\/wp-json\/wp\/v2\/pages\/320\/revisions\/173105"}],"up":[{"embeddable":true,"href":"https:\/\/us.edu.pl\/wydzial\/wnst\/wp-json\/wp\/v2\/pages\/297"}],"wp:attachment":[{"href":"https:\/\/us.edu.pl\/wydzial\/wnst\/wp-json\/wp\/v2\/media?parent=320"}],"curies":[{"name":"wp","href":"https:\/\/api.w.org\/{rel}","templated":true}]}}