{"id":3233,"date":"2020-02-23T09:31:17","date_gmt":"2020-02-23T08:31:17","guid":{"rendered":"https:\/\/us.edu.pl\/wydzial\/wnst\/?page_id=3233"},"modified":"2026-03-04T10:55:50","modified_gmt":"2026-03-04T09:55:50","slug":"biuro-ds-infrastruktury","status":"publish","type":"page","link":"https:\/\/us.edu.pl\/wydzial\/wnst\/strona-glowna\/struktura\/administracja\/biuro-ds-infrastruktury\/","title":{"rendered":"Biuro ds. infrastruktury badawczo-dydaktycznej"},"content":{"rendered":"<p>[vc_row el_class=&#8221;container&#8221;][vc_column width=&#8221;1\/4&#8243;]\r\n                <div class=\"text-modules \">\r\n                    <div class=\"container\">\r\n                        <h3 class=\"section-title section-title_border-bottom\">Biuro ds. infrastruktury<br \/>\nbadawczo-dydaktycznej<\/h3> \r\n                        <div class=\"row m-0\">\r\n                            <div class=\"text-modules__content\">\r\n                                 \r\n                                <div class=\"mt-3\"><\/div>\r\n                            <\/div>\r\n                            \r\n                            \r\n                        <\/div>\r\n                    <\/div>\r\n                <\/div>[\/vc_column][vc_column width=&#8221;3\/4&#8243;]\r\n                <div class=\"text-modules \">\r\n                    <div class=\"container\">\r\n                         \r\n                        <div class=\"row m-0\">\r\n                            <div class=\"text-modules__content\">\r\n                                <span style=\"color: #0b0510;\"><strong>mgr in\u017c. Andrzej Soszy\u0144ski<\/strong><br \/>\n<\/span>Starszy specjalista badawczo-techniczny kieruj\u0105cy zespo\u0142em<br \/>\nChorz\u00f3w, ul. 75. Pu\u0142ku Piechoty 1<br \/>\ntel. 32 359 349 38 38, <a href=\"mailto:andrzej.soszynski@us.edu.pl\">andrzej.soszynski@us.edu.pl<\/a><\/p>\n<div class=\"mt-3\"><\/div>\r\n                            <\/div>\r\n                            \r\n                            \r\n                        <\/div>\r\n                    <\/div>\r\n                <\/div>[\/vc_column][\/vc_row][vc_row el_class=&#8221;container&#8221;][vc_column width=&#8221;1\/4&#8243;][vc_wp_text]<\/p>\n<h4>Szczeg\u00f3\u0142owe zakresy obowi\u0105zk\u00f3w<br \/>\npracownik\u00f3w Biura<br \/>\ns\u0105 dost\u0119pne u\u00a0Koordynator\u00f3w.<\/h4>\n<p>[\/vc_wp_text][\/vc_column][vc_column width=&#8221;1\/4&#8243;][vc_tta_accordion shape=&#8221;round&#8221; color=&#8221;white&#8221; c_icon=&#8221;chevron&#8221; active_section=&#8221;10&#8243; collapsible_all=&#8221;true&#8221; title=&#8221;Sosnowiec&#8221;][vc_tta_section title=&#8221;mgr S\u0142awomir Kaptacz koordynacja zada\u0144 biura&#8221; tab_id=&#8221;1582447386923-d099f5c0-d55c&#8221;]\r\n                <div class=\"text-modules\">\r\n                    <div class=\"container\">\r\n                        \r\n                        <div class=\"text-modules__content\"><p>napisz: <a href=\"mailto:slawomir.kaptacz@us.edu.pl\">S\u0142awomir Kaptacz<\/a><br \/>\nzadzwo\u0144: 32 269 18 23<br \/>\nodwied\u017a: Sosnowiec, ul. \u017bytnia 10 pok. 404<\/p>\n<\/div>\r\n                    <\/div>\r\n                <\/div>[\/vc_tta_section][\/vc_tta_accordion][\/vc_column][vc_column width=&#8221;1\/4&#8243;][vc_tta_accordion shape=&#8221;round&#8221; color=&#8221;white&#8221; c_icon=&#8221;chevron&#8221; active_section=&#8221;10&#8243; collapsible_all=&#8221;true&#8221; title=&#8221;Katowice&#8221;][vc_tta_section title=&#8221;dr S\u0142awomir Ma\u015blanka koordynacja zada\u0144 biura&#8221; tab_id=&#8221;1582447386989-1b2ea326-894f&#8221;]\r\n                <div class=\"text-modules\">\r\n                    <div class=\"container\">\r\n                        \r\n                        <div class=\"text-modules__content\"><p>napisz: <a href=\"mailto:slawomir.maslanka@us.edu.pl\">S\u0142awomir Ma\u015blanka<\/a><br \/>\nzadzwo\u0144: 32 359 13 88<br \/>\nodwied\u017a: Katowice, ul. Szkolna 9 pok. 18<\/p>\n<\/div>\r\n                    <\/div>\r\n                <\/div>[\/vc_tta_section][\/vc_tta_accordion][\/vc_column][vc_column width=&#8221;1\/4&#8243;][vc_tta_accordion shape=&#8221;round&#8221; color=&#8221;white&#8221; c_icon=&#8221;chevron&#8221; active_section=&#8221;10&#8243; collapsible_all=&#8221;true&#8221; title=&#8221;Chorz\u00f3w&#8221;][vc_tta_section tab_id=&#8221;1582447387053-6d57acd9-f8f1&#8243;][\/vc_tta_section][\/vc_tta_accordion][\/vc_column][\/vc_row][vc_row el_class=&#8221;container&#8221;][vc_column width=&#8221;1\/4&#8243;][vc_column_text]<\/p>\n<h4>obszar dzia\u0142ania<\/h4>\n<p>&#8211; utrzymanie i zapewnienie funkcjonalno\u015bci dzia\u0142ania aparatury i infrastruktury badawczo-rozwojowej oraz koordynacja obs\u0142ugi,<\/p>\n<p>&#8211; <a href=\"https:\/\/us.edu.pl\/pracownik\/sprawy-naukowe\/badawcze-prace-zlecone\/\">udost\u0119pnianie aparatury podmiotom zewn\u0119trznym,<\/a><\/p>\n<p>&#8211; sprawozdawczo\u015b\u0107 w systemie POL-on w zakresie zwi\u0105zanym z infrastruktur\u0105 badawczo-dydaktyczn\u0105,<\/p>\n<p>&#8211; przygotowywanie wniosk\u00f3w kasacyjnych wraz z niezb\u0119dnymi opiniami technicznymi oraz wniosk\u00f3w o zmian\u0119 miejsca u\u017cytkowania infrastruktury,<\/p>\n<p>&#8211; <a href=\"https:\/\/us.edu.pl\/pracownik\/sprawy-naukowe\/infrastruktura-badawcza\/zapotrzebowanie-na-infrastrukture-badawcza\/\">udzia\u0142 w sporz\u0105dzaniu wniosk\u00f3w o finansowanie infrastruktury badawczo-rozwojowej,<\/a><\/p>\n<p>&#8211; przygotowywanie projekt\u00f3w plan\u00f3w rozwoju rozwoju i zapotrzebowania na infrastruktur\u0119 badawczo-dydaktyczn\u0105,<\/p>\n<p>&#8211; <a href=\"https:\/\/us.edu.pl\/pracownik\/sprawy-naukowe\/infrastruktura-badawcza\/projekty-dotyczace-infrastruktury-bda\/\">organizacja szkole\u0144.<\/a>[\/vc_column_text][\/vc_column][vc_column width=&#8221;1\/4&#8243;][vc_column_text]<\/p>\n<ul>\n<li><a href=\"https:\/\/ab.us.edu.pl\/emp?id=47732\">mgr in\u017c. Kamil Feliksik<\/a><\/li>\n<li><a href=\"https:\/\/ab.us.edu.pl\/emp?id=12452\">lic. Andrzej Korzekwa<\/a><\/li>\n<li><a href=\"https:\/\/ab.us.edu.pl\/emp?id=PE208286\">mgr in\u017c. Petro Kovalchuk<\/a><\/li>\n<li><a href=\"https:\/\/ab.us.edu.pl\/emp?id=20062\">dr Katarzyna Osi\u0144ska<\/a><\/li>\n<li><a href=\"https:\/\/ab.us.edu.pl\/emp?id=54153\">dr in\u017c. Micha\u0142 Pielka<\/a><\/li>\n<\/ul>\n<p>[\/vc_column_text][\/vc_column][vc_column width=&#8221;1\/4&#8243;][vc_column_text]<\/p>\n<ul>\n<li><a href=\"https:\/\/ab.us.edu.pl\/emp?id=1762\">Beata Bogoczek<\/a><\/li>\n<li><a href=\"https:\/\/ab.us.edu.pl\/emp?id=5462\">mgr Marek Fabi\u015b<\/a><\/li>\n<li><a href=\"https:\/\/ab.us.edu.pl\/emp?id=PE193900\">dr Patrycja Filipek<\/a><\/li>\n<li><a href=\"https:\/\/ab.us.edu.pl\/emp?id=PE240051\">dr Olena Spaska<\/a><\/li>\n<li><a href=\"https:\/\/ab.us.edu.pl\/emp?id=53423\">dr Beata Marcol-Szumilas<\/a><\/li>\n<li><a href=\"https:\/\/ab.us.edu.pl\/emp?id=PE181698\">dr Pawe\u0142 Nalepa<\/a><\/li>\n<li><a href=\"https:\/\/ab.us.edu.pl\/emp?id=54143\">dr Anna Niestr\u00f3j<\/a><\/li>\n<li><a href=\"https:\/\/ab.us.edu.pl\/emp?id=22712\">dr Monika P\u0119dras<\/a><\/li>\n<li><a href=\"https:\/\/ab.us.edu.pl\/emp?id=34181\">dr Robert Skorek<\/a><\/li>\n<li><a href=\"https:\/\/ab.us.edu.pl\/emp?id=PE165335\">dr Sylwia Sza\u0142as<\/a><\/li>\n<li><a href=\"https:\/\/ab.us.edu.pl\/emp?id=59703\">dr Agata Sz\u0142apa-Kula<\/a><\/li>\n<li><a href=\"https:\/\/ab.us.edu.pl\/emp?id=PE167695\">dr Aleksandra Szymczyk<\/a><\/li>\n<li><a href=\"https:\/\/ab.us.edu.pl\/emp?id=PE211557\">Jaros\u0142aw Wicher<\/a><\/li>\n<li><a href=\"https:\/\/ab.us.edu.pl\/emp?id=30592\">Tomasz Wojczak<\/a><\/li>\n<\/ul>\n<p>[\/vc_column_text][\/vc_column][vc_column width=&#8221;1\/4&#8243;][vc_column_text]<\/p>\n<ul>\n<li><a href=\"https:\/\/ab.us.edu.pl\/emp?id=952\">dr Mariola Bartoszek<\/a><\/li>\n<li><a href=\"https:\/\/ab.us.edu.pl\/emp?id=1632\"> Grzegorz Boba<\/a><\/li>\n<li><a href=\"https:\/\/ab.us.edu.pl\/emp?id=52893\">dr in\u017c. Beata Chrz\u0105szcz<\/a><\/li>\n<li><a href=\"https:\/\/ab.us.edu.pl\/emp?id=6092\">mgr Jadwiga Gabor<\/a><\/li>\n<li><a href=\"https:\/\/ab.us.edu.pl\/emp?id=6842\">mgr Dariusz Gierlotka<\/a><\/li>\n<li><a href=\"https:\/\/ab.us.edu.pl\/emp?id=64263\">dr in\u017c. \u0141ukasz Grobelny<\/a><\/li>\n<li><a href=\"https:\/\/ab.us.edu.pl\/emp?id=7732\">dr Irena Gruszka<\/a><\/li>\n<li><a href=\"https:\/\/ab.us.edu.pl\/emp?id=63373\">dr Adrian Gudwa\u0144ski<\/a><\/li>\n<li><a href=\"https:\/\/ab.us.edu.pl\/emp?id=8042\">dr Adam Guzik<\/a><\/li>\n<li><a href=\"https:\/\/ab.us.edu.pl\/emp?id=8802\">mgr Jacek Holeczek<\/a><\/li>\n<li><a href=\"https:\/\/ab.us.edu.pl\/emp?id=9352\"> Tomasz Jamrozy<\/a><\/li>\n<li><a href=\"https:\/\/ab.us.edu.pl\/emp?id=PE133272\">dr in\u017c. Agnieszka Kie\u0142bo\u0144<\/a><\/li>\n<li><a href=\"https:\/\/ab.us.edu.pl\/emp?id=11562\">dr Joanna Klimontko<\/a><\/li>\n<li><a href=\"https:\/\/ab.us.edu.pl\/emp?id=34091\"> Grzegorz Knapik<\/a><\/li>\n<li><a href=\"https:\/\/ab.us.edu.pl\/emp?id=38311\"> Gra\u017cyna Kosowska<\/a><\/li>\n<li><a href=\"https:\/\/ab.us.edu.pl\/emp?id=PE185413\">dr in\u017c. Karolina Kowalska<\/a><\/li>\n<li><a href=\"https:\/\/ab.us.edu.pl\/emp?id=PE178768\">mgr Julia Korzuch<\/a><\/li>\n<li><a href=\"https:\/\/ab.us.edu.pl\/emp?id=13802\">mgr Andrzej Kubik<\/a><\/li>\n<li><a href=\"https:\/\/ab.us.edu.pl\/emp?id=14212\">dr Marek Kulpa<\/a><\/li>\n<li><a href=\"https:\/\/ab.us.edu.pl\/emp?id=63053\">dr in\u017c. Karsten Manterys<\/a><\/li>\n<li><a href=\"https:\/\/ab.us.edu.pl\/emp?id=17292\">Artur Melniczenko<\/a><\/li>\n<li><a href=\"https:\/\/ab.us.edu.pl\/emp?id=PE220073\">mgr in\u017c. Aleksandra Mrowiec<\/a><\/li>\n<li><a href=\"https:\/\/ab.us.edu.pl\/emp?id=PE162629\">dr in\u017c. Jacek Mularski<\/a><\/li>\n<li><a href=\"https:\/\/ab.us.edu.pl\/emp?id=20762\">in\u017c. Jacek Pa\u0142ka<\/a><\/li>\n<li><a href=\"https:\/\/ab.us.edu.pl\/emp?id=21632\">dr Barbara Podeszwa<\/a><\/li>\n<li><a href=\"https:\/\/ab.us.edu.pl\/emp?id=21912\">dr Adam Pomiet\u0142o<\/a><\/li>\n<li><a href=\"https:\/\/ab.us.edu.pl\/emp?id=22982\">mgr Jan Rak<\/a><\/li>\n<li><a href=\"https:\/\/ab.us.edu.pl\/emp?id=PE23930\">dr Patrycja Rawicka<\/a><\/li>\n<li><a href=\"https:\/\/ab.us.edu.pl\/emp?id=24242\">dr Bogdan Sawicki<\/a><\/li>\n<li><a href=\"https:\/\/ab.us.edu.pl\/emp?id=PE194175\">mgr \u0141ukasz Scheller<\/a><\/li>\n<li><a href=\"https:\/\/ab.us.edu.pl\/emp?id=24422\"> Aleksandra Serek<\/a><\/li>\n<li><a href=\"https:\/\/ab.us.edu.pl\/emp?id=PE128420\">dr Marcin Sikora<\/a><\/li>\n<li><a href=\"https:\/\/ab.us.edu.pl\/emp?id=PE258423\">mgr Grzegorz Soko\u0142owski<\/a><\/li>\n<li><a href=\"https:\/\/ab.us.edu.pl\/emp?id=37471\">mgr Oliwia Starczewska<\/a><\/li>\n<li><a href=\"https:\/\/ab.us.edu.pl\/emp?id=PE243334\">mgr Aleksandra Strach<\/a><\/li>\n<li><a href=\"https:\/\/ab.us.edu.pl\/emp?id=PE244519\">Zuzanna Szaniewska<\/a><\/li>\n<li><a href=\"https:\/\/ab.us.edu.pl\/emp?id=PE102352\" target=\"_blank\" rel=\"noopener\">dr Katarzyna Szkliniarz<\/a><\/li>\n<li><a href=\"https:\/\/ab.us.edu.pl\/emp?id=27732\">Arkadiusz Szymczyk<\/a><\/li>\n<li><a href=\"https:\/\/ab.us.edu.pl\/emp?id=PE147810\">dr in\u017c. Bartosz Terlecki<\/a><\/li>\n<li><a href=\"https:\/\/ab.us.edu.pl\/emp?id=28692\">Bogumi\u0142 Trzcionka<\/a><\/li>\n<li><a href=\"https:\/\/ab.us.edu.pl\/emp?id=29152\">dr in\u017c. Piotr Urbanowicz<\/a><\/li>\n<li><a href=\"https:\/\/ab.us.edu.pl\/emp?id=30492\">mgr Rados\u0142aw Wi\u015bniewski<\/a><\/li>\n<li><a href=\"https:\/\/ab.us.edu.pl\/emp?id=63603\">mgr in\u017c. Kamil W\u00f3jcik<\/a><\/li>\n<li><a href=\"https:\/\/ab.us.edu.pl\/emp?id=PE257651\">in\u017c. Robert Zelosko<\/a><\/li>\n<li><a href=\"https:\/\/ab.us.edu.pl\/emp?id=PE242052\">Bazyli Zo\u0144<\/a><\/li>\n<\/ul>\n<p>[\/vc_column_text][\/vc_column][\/vc_row]<\/p>","protected":false},"excerpt":{"rendered":"<p>[vc_row el_class=&#8221;container&#8221;][vc_column width=&#8221;1\/4&#8243;][\/vc_column][vc_column width=&#8221;3\/4&#8243;][\/vc_column][\/vc_row][vc_row el_class=&#8221;container&#8221;][vc_column width=&#8221;1\/4&#8243;][vc_wp_text] Szczeg\u00f3\u0142owe zakresy obowi\u0105zk\u00f3w pracownik\u00f3w Biura s\u0105 dost\u0119pne u\u00a0Koordynator\u00f3w. [\/vc_wp_text][\/vc_column][vc_column width=&#8221;1\/4&#8243;][vc_tta_accordion shape=&#8221;round&#8221; color=&#8221;white&#8221; c_icon=&#8221;chevron&#8221; active_section=&#8221;10&#8243; collapsible_all=&#8221;true&#8221; title=&#8221;Sosnowiec&#8221;][vc_tta_section title=&#8221;mgr S\u0142awomir Kaptacz koordynacja zada\u0144 biura&#8221; tab_id=&#8221;1582447386923-d099f5c0-d55c&#8221;][\/vc_tta_section][\/vc_tta_accordion][\/vc_column][vc_column width=&#8221;1\/4&#8243;][vc_tta_accordion shape=&#8221;round&#8221; color=&#8221;white&#8221; c_icon=&#8221;chevron&#8221; active_section=&#8221;10&#8243; collapsible_all=&#8221;true&#8221; title=&#8221;Katowice&#8221;][vc_tta_section title=&#8221;dr S\u0142awomir Ma\u015blanka koordynacja zada\u0144 biura&#8221; tab_id=&#8221;1582447386989-1b2ea326-894f&#8221;][\/vc_tta_section][\/vc_tta_accordion][\/vc_column][vc_column width=&#8221;1\/4&#8243;][vc_tta_accordion shape=&#8221;round&#8221; color=&#8221;white&#8221; c_icon=&#8221;chevron&#8221; active_section=&#8221;10&#8243; collapsible_all=&#8221;true&#8221; title=&#8221;Chorz\u00f3w&#8221;][vc_tta_section tab_id=&#8221;1582447387053-6d57acd9-f8f1&#8243;][\/vc_tta_section][\/vc_tta_accordion][\/vc_column][\/vc_row][vc_row el_class=&#8221;container&#8221;][vc_column width=&#8221;1\/4&#8243;][vc_column_text] obszar dzia\u0142ania [&#8230;]<\/p>\n<p><a class=\"btn btn-secondary understrap-read-more-link\" href=\"https:\/\/us.edu.pl\/wydzial\/wnst\/strona-glowna\/struktura\/administracja\/biuro-ds-infrastruktury\/\">Read More&#8230;<\/a><\/p>\n","protected":false},"author":92,"featured_media":1769,"parent":987,"menu_order":0,"comment_status":"closed","ping_status":"closed","template":"","meta":{"_expiration-date-status":"","_expiration-date":0,"_expiration-date-type":"","_expiration-date-categories":[],"_expiration-date-options":[]},"acf":[],"_links":{"self":[{"href":"https:\/\/us.edu.pl\/wydzial\/wnst\/wp-json\/wp\/v2\/pages\/3233"}],"collection":[{"href":"https:\/\/us.edu.pl\/wydzial\/wnst\/wp-json\/wp\/v2\/pages"}],"about":[{"href":"https:\/\/us.edu.pl\/wydzial\/wnst\/wp-json\/wp\/v2\/types\/page"}],"author":[{"embeddable":true,"href":"https:\/\/us.edu.pl\/wydzial\/wnst\/wp-json\/wp\/v2\/users\/92"}],"replies":[{"embeddable":true,"href":"https:\/\/us.edu.pl\/wydzial\/wnst\/wp-json\/wp\/v2\/comments?post=3233"}],"version-history":[{"count":11,"href":"https:\/\/us.edu.pl\/wydzial\/wnst\/wp-json\/wp\/v2\/pages\/3233\/revisions"}],"predecessor-version":[{"id":204256,"href":"https:\/\/us.edu.pl\/wydzial\/wnst\/wp-json\/wp\/v2\/pages\/3233\/revisions\/204256"}],"up":[{"embeddable":true,"href":"https:\/\/us.edu.pl\/wydzial\/wnst\/wp-json\/wp\/v2\/pages\/987"}],"wp:featuredmedia":[{"embeddable":true,"href":"https:\/\/us.edu.pl\/wydzial\/wnst\/wp-json\/wp\/v2\/media\/1769"}],"wp:attachment":[{"href":"https:\/\/us.edu.pl\/wydzial\/wnst\/wp-json\/wp\/v2\/media?parent=3233"}],"curies":[{"name":"wp","href":"https:\/\/api.w.org\/{rel}","templated":true}]}}