{"id":324,"date":"2019-10-23T10:14:03","date_gmt":"2019-10-23T08:14:03","guid":{"rendered":"https:\/\/us.edu.pl\/wydzial\/wnst\/?page_id=324"},"modified":"2024-07-28T04:57:44","modified_gmt":"2024-07-28T02:57:44","slug":"instytut-matematyki","status":"publish","type":"page","link":"https:\/\/us.edu.pl\/wydzial\/wnst\/strona-glowna\/struktura\/instytuty-naukowe\/instytut-matematyki\/","title":{"rendered":"Instytut Matematyki"},"content":{"rendered":"<p>[vc_row el_class=&#8221;container&#8221;][vc_column width=&#8221;1\/2&#8243; css=&#8221;.vc_custom_1576367719688{margin-top: 15px !important;margin-left: 15px !important;border-top-width: 15px !important;border-left-width: 15px !important;padding-top: 15px !important;padding-left: 15px !important;}&#8221;]\r\n                <div class=\"text-modules reverse\">\r\n                    <div class=\"container\">\r\n                         \r\n                        <div class=\"row m-0\">\r\n                            <div class=\"text-modules__content\">\r\n                                <span style=\"color: #003366; font-size: 12pt;\"><strong>prof. dr hab. Katarzyna Horbacz<\/strong><\/span><br \/>\n<span style=\"font-size: 12pt;\"><strong>Dyrektor Instytutu Matematyki<\/strong><\/span> \r\n                                <div class=\"mt-3\"><a href=\"https:\/\/ab.us.edu.pl\/emp?id=8832\" class=\"link-button mr-3 \">kontakt<\/a><\/div>\r\n                            <\/div>\r\n                            \r\n                            <div class=\"text-modules__img\"><img src=\"https:\/\/us.edu.pl\/wydzial\/wnst\/wp-content\/uploads\/sites\/18\/Nieprzypisane\/Katarzyna-Horbacz_DSC_4750-1-819x1024.jpg\" alt=\"img\"><\/div>\r\n                        <\/div>\r\n                    <\/div>\r\n                <\/div>\r\n                <div class=\"text-modules reverse\">\r\n                    <div class=\"container\">\r\n                         \r\n                        <div class=\"row m-0\">\r\n                            <div class=\"text-modules__content\">\r\n                                <span style=\"font-size: 12pt;\"><strong><span style=\"color: #003366;\">dr hab. Przemys\u0142aw Koprowski, prof. U\u015a<\/span><\/strong><\/span><\/p>\n<p><span style=\"font-size: 12pt;\"><strong>Zast\u0119pca Dyrektora Instytutu Matematyki<\/strong><\/span> \r\n                                <div class=\"mt-3\"><a href=\"https:\/\/ab.us.edu.pl\/emp?id=12342\" class=\"link-button mr-3 \">kontakt<\/a><\/div>\r\n                            <\/div>\r\n                            \r\n                            <div class=\"text-modules__img\"><img src=\"https:\/\/us.edu.pl\/wydzial\/wnst\/wp-content\/uploads\/sites\/18\/Nieprzypisane\/Koprowski-Przemys\u0142aw_DSC_4550-819x1024.jpg\" alt=\"img\"><\/div>\r\n                        <\/div>\r\n                    <\/div>\r\n                <\/div>\r\n                <div class=\"text-modules\">\r\n                    <div class=\"container\">\r\n                        \r\n                        <div class=\"text-modules__content\"><\/p>\n<h3><span style=\"color: #002e5a;\">Kontakt<\/span><\/h3>\n<p class=\"rtecenter\"><strong>Biuro Ewaluacji i Obs\u0142ugi Instytut\u00f3w<\/strong><br \/>\nul. Bankowa 14, 40-007 Katowice<br \/>\ntel. 32 349 38 75<br \/>\nwww: <a href=\"https:\/\/us.edu.pl\/instytut\/im\/\">https:\/\/us.edu.pl\/instytut\/im\/<\/a>, e-mail: <a href=\"mailto:im@math.us.edu.pl\">im@math.us.edu.pl<\/a><\/p>\n<p>\n<\/div>\r\n                    <\/div>\r\n                <\/div>[vc_gmaps link=&#8221;#E-8_JTNDaWZyYW1lJTIwc3JjJTNEJTIyaHR0cHMlM0ElMkYlMkZ3d3cuZ29vZ2xlLmNvbSUyRm1hcHMlMkZlbWJlZCUzRnBiJTNEJTIxMW0xOCUyMTFtMTIlMjExbTMlMjExZDI1NTAuNjIzMTEzNjE1NTY1NyUyMTJkMTkuMDI2NDcwMzE1OTY0NDIlMjEzZDUwLjI2MTYyMjk3OTQ0OTY4JTIxMm0zJTIxMWYwJTIxMmYwJTIxM2YwJTIxM20yJTIxMWkxMDI0JTIxMmk3NjglMjE0ZjEzLjElMjEzbTMlMjExbTIlMjExczB4NDcxNmNlMzZiYmViNGMwMSUyNTNBMHgyNzdjNzhlZWVkODMyMTQ5JTIxMnNXeWR6aWElMjVDNSUyNTgyJTI1MjBOYXVrJTI1MjAlMjVDNSUyNTlBY2lzJTI1QzUlMjU4MnljaCUyNTIwaSUyNTIwVGVjaG5pY3pueWNoJTI1MkMlMjUyMFVuaXdlcnN5dGV0JTI1MjAlMjVDNSUyNTlBbCUyNUM0JTI1ODVza2klMjUyMHclMjUyMEthdG93aWNhY2glMjE1ZTAlMjEzbTIlMjExc3BsJTIxMnNwbCUyMTR2MTU4MDk5Nzc5OTkyNiUyMTVtMiUyMTFzcGwlMjEyc3BsJTIyJTIwd2lkdGglM0QlMjI2MDAlMjIlMjBoZWlnaHQlM0QlMjI0NTAlMjIlMjBmcmFtZWJvcmRlciUzRCUyMjAlMjIlMjBzdHlsZSUzRCUyMmJvcmRlciUzQTAlM0IlMjIlMjBhbGxvd2Z1bGxzY3JlZW4lM0QlMjIlMjIlM0UlM0MlMkZpZnJhbWUlM0U=&#8221; css=&#8221;.vc_custom_1580997860849{border-top-width: 1px !important;border-right-width: 1px !important;border-bottom-width: 1px !important;border-left-width: 1px !important;border-left-style: solid !important;border-right-style: solid !important;border-top-style: solid !important;border-bottom-style: solid !important;}&#8221;][\/vc_column][vc_column width=&#8221;1\/2&#8243; css=&#8221;.vc_custom_1578306948153{border-left-width: 1px !important;border-left-color: #c9c9c9 !important;border-left-style: solid !important;}&#8221;]\r\n                <div class=\"text-modules\">\r\n                    <div class=\"container\">\r\n                        \r\n                        <div class=\"text-modules__content\"><p><span style=\"font-size: 12pt; color: #000000;\">Instytut Matematyki prowadzi badania m.in. w zakresie logiki matematycznej, teorii mnogo\u015bci i topologii, algebry i teorii liczb, analizy rzeczywistej, teorii r\u00f3wna\u0144 i nier\u00f3wno\u015bci funkcyjnych oraz r\u00f3\u017cniczkowych, zastosowa\u0144 matematyki w finansach i ekonomii, biomatematyki, probabilistyki, a tak\u017ce logiki rozmytej i tzw. system\u00f3w inteligencji obliczeniowej.<\/span><\/p>\n<\/div>\r\n                    <\/div>\r\n                <\/div>[\/vc_column][\/vc_row]<\/p>","protected":false},"excerpt":{"rendered":"<p>[vc_row el_class=&#8221;container&#8221;][vc_column width=&#8221;1\/2&#8243; css=&#8221;.vc_custom_1576367719688{margin-top: 15px !important;margin-left: 15px !important;border-top-width: 15px !important;border-left-width: 15px !important;padding-top: 15px !important;padding-left: 15px !important;}&#8221;][vc_gmaps link=&#8221;#E-8_JTNDaWZyYW1lJTIwc3JjJTNEJTIyaHR0cHMlM0ElMkYlMkZ3d3cuZ29vZ2xlLmNvbSUyRm1hcHMlMkZlbWJlZCUzRnBiJTNEJTIxMW0xOCUyMTFtMTIlMjExbTMlMjExZDI1NTAuNjIzMTEzNjE1NTY1NyUyMTJkMTkuMDI2NDcwMzE1OTY0NDIlMjEzZDUwLjI2MTYyMjk3OTQ0OTY4JTIxMm0zJTIxMWYwJTIxMmYwJTIxM2YwJTIxM20yJTIxMWkxMDI0JTIxMmk3NjglMjE0ZjEzLjElMjEzbTMlMjExbTIlMjExczB4NDcxNmNlMzZiYmViNGMwMSUyNTNBMHgyNzdjNzhlZWVkODMyMTQ5JTIxMnNXeWR6aWElMjVDNSUyNTgyJTI1MjBOYXVrJTI1MjAlMjVDNSUyNTlBY2lzJTI1QzUlMjU4MnljaCUyNTIwaSUyNTIwVGVjaG5pY3pueWNoJTI1MkMlMjUyMFVuaXdlcnN5dGV0JTI1MjAlMjVDNSUyNTlBbCUyNUM0JTI1ODVza2klMjUyMHclMjUyMEthdG93aWNhY2glMjE1ZTAlMjEzbTIlMjExc3BsJTIxMnNwbCUyMTR2MTU4MDk5Nzc5OTkyNiUyMTVtMiUyMTFzcGwlMjEyc3BsJTIyJTIwd2lkdGglM0QlMjI2MDAlMjIlMjBoZWlnaHQlM0QlMjI0NTAlMjIlMjBmcmFtZWJvcmRlciUzRCUyMjAlMjIlMjBzdHlsZSUzRCUyMmJvcmRlciUzQTAlM0IlMjIlMjBhbGxvd2Z1bGxzY3JlZW4lM0QlMjIlMjIlM0UlM0MlMkZpZnJhbWUlM0U=&#8221; css=&#8221;.vc_custom_1580997860849{border-top-width: 1px !important;border-right-width: 1px !important;border-bottom-width: 1px !important;border-left-width: 1px !important;border-left-style: solid !important;border-right-style: solid !important;border-top-style: solid !important;border-bottom-style: solid !important;}&#8221;][\/vc_column][vc_column width=&#8221;1\/2&#8243; css=&#8221;.vc_custom_1578306948153{border-left-width: 1px !important;border-left-color: #c9c9c9 !important;border-left-style: solid !important;}&#8221;][\/vc_column][\/vc_row] [&#8230;]<\/p>\n<p><a class=\"btn btn-secondary understrap-read-more-link\" href=\"https:\/\/us.edu.pl\/wydzial\/wnst\/strona-glowna\/struktura\/instytuty-naukowe\/instytut-matematyki\/\">Read More&#8230;<\/a><\/p>\n","protected":false},"author":1,"featured_media":0,"parent":297,"menu_order":0,"comment_status":"closed","ping_status":"closed","template":"page-templates\/page-with-tables.php","meta":{"_expiration-date-status":"","_expiration-date":0,"_expiration-date-type":"","_expiration-date-categories":[],"_expiration-date-options":[]},"acf":[],"_links":{"self":[{"href":"https:\/\/us.edu.pl\/wydzial\/wnst\/wp-json\/wp\/v2\/pages\/324"}],"collection":[{"href":"https:\/\/us.edu.pl\/wydzial\/wnst\/wp-json\/wp\/v2\/pages"}],"about":[{"href":"https:\/\/us.edu.pl\/wydzial\/wnst\/wp-json\/wp\/v2\/types\/page"}],"author":[{"embeddable":true,"href":"https:\/\/us.edu.pl\/wydzial\/wnst\/wp-json\/wp\/v2\/users\/1"}],"replies":[{"embeddable":true,"href":"https:\/\/us.edu.pl\/wydzial\/wnst\/wp-json\/wp\/v2\/comments?post=324"}],"version-history":[{"count":10,"href":"https:\/\/us.edu.pl\/wydzial\/wnst\/wp-json\/wp\/v2\/pages\/324\/revisions"}],"predecessor-version":[{"id":177121,"href":"https:\/\/us.edu.pl\/wydzial\/wnst\/wp-json\/wp\/v2\/pages\/324\/revisions\/177121"}],"up":[{"embeddable":true,"href":"https:\/\/us.edu.pl\/wydzial\/wnst\/wp-json\/wp\/v2\/pages\/297"}],"wp:attachment":[{"href":"https:\/\/us.edu.pl\/wydzial\/wnst\/wp-json\/wp\/v2\/media?parent=324"}],"curies":[{"name":"wp","href":"https:\/\/api.w.org\/{rel}","templated":true}]}}