{"id":328,"date":"2019-10-23T10:27:42","date_gmt":"2019-10-23T08:27:42","guid":{"rendered":"https:\/\/us.edu.pl\/wydzial\/wnst\/?page_id=328"},"modified":"2025-08-28T15:54:49","modified_gmt":"2025-08-28T13:54:49","slug":"rady-dydaktyczne-kierunkow","status":"publish","type":"page","link":"https:\/\/us.edu.pl\/wydzial\/wnst\/strona-glowna\/wladze\/rady-dydaktyczne-kierunkow\/","title":{"rendered":"dyrektorzy kierunk\u00f3w studi\u00f3w"},"content":{"rendered":"<p>[vc_row][vc_column]\r\n                <div class=\"text-modules\">\r\n                    <div class=\"container\">\r\n                        <h3 class=\"page-title text__title\">Dyrektorzy kierunk\u00f3w studi\u00f3w<\/h3>\r\n                        <div class=\"text-modules__content\"><\/p>\n<h3>Chemia, Technologia chemiczna<\/h3>\n<p><a href=\"https:\/\/ab.us.edu.pl\/emp?id=62083\"><span style=\"color: #003366;\">dr Katarzyna Kowalska-Szojda, prof. U\u015a<\/span><\/a>\u00a0&#8211; Dyrektor<\/p>\n<p><a href=\"https:\/\/ab.us.edu.pl\/emp?id=43261\"><span style=\"color: #003366;\">dr hab. Aneta S\u0142odek, prof. U\u015a<\/span><\/a> &#8211; Zast\u0119pca Dyrektora<\/p>\n<p>&nbsp;<\/p>\n<h3>Biofizyka, Fizyka, Fizyka medyczna, Mikro i nanotechnologia<\/h3>\n<p><a href=\"https:\/\/ab.us.edu.pl\/emp?id=52943\"><span style=\"color: #003366;\">dr hab. Szymon Pu\u0142awski, prof. U\u015a<\/span><\/a> &#8211; Dyrektor<\/p>\n<p><a href=\"https:\/\/ab.us.edu.pl\/emp?id=48122\">dr Katarzyna Balin, prof. U\u015a<\/a> &#8211; Zast\u0119pca Dyrektora<\/p>\n<p>&nbsp;<\/p>\n<h3>Informatyka, Informatyka stosowana<\/h3>\n<p><a href=\"https:\/\/ab.us.edu.pl\/emp?id=16672\"><span style=\"color: #003366;\">dr Barbara Marsza\u0142-Paszek<\/span><\/a> &#8211; Dyrektor<\/p>\n<p><a href=\"https:\/\/ab.us.edu.pl\/emp?id=49362\">dr Bartosz Dziewit<\/a> &#8211; Zast\u0119pca Dyrektora<\/p>\n<p><strong>\u00a0<\/strong><\/p>\n<h3>In\u017cynieria biomedyczna, In\u017cynieria materia\u0142owa, Mechatronika<\/h3>\n<p><a href=\"https:\/\/ab.us.edu.pl\/emp?id=47322\"><span style=\"color: #003366;\">dr Ma\u0142gorzata Janik<\/span><\/a> &#8211; Dyrektor<\/p>\n<p><a href=\"https:\/\/ab.us.edu.pl\/emp?id=10782\">dr hab. Ma\u0142gorzata Karolus prof. U\u015a<\/a> &#8211; Zast\u0119pca Dyrektora<\/p>\n<p>&nbsp;<\/p>\n<h3>Matematyka, Data Science i sztuczna inteligencja<\/h3>\n<p><a href=\"https:\/\/ab.us.edu.pl\/emp?id=26892\"><span style=\"color: #003366;\">dr Anna Szczerba-Zubek, prof. U\u015a<\/span><\/a> &#8211; Dyrektor<\/p>\n<p><a href=\"https:\/\/ab.us.edu.pl\/emp?id=40242\">dr Rados\u0142aw Wieczorek<\/a>\u00a0&#8211; Zast\u0119pca Dyrektora<\/p>\n<\/div>\r\n                    <\/div>\r\n                <\/div>[\/vc_column][\/vc_row]<\/p>","protected":false},"excerpt":{"rendered":"<p>[vc_row][vc_column][\/vc_column][\/vc_row] [&#8230;]<\/p>\n<p><a class=\"btn btn-secondary understrap-read-more-link\" href=\"https:\/\/us.edu.pl\/wydzial\/wnst\/strona-glowna\/wladze\/rady-dydaktyczne-kierunkow\/\">Read More&#8230;<\/a><\/p>\n","protected":false},"author":1,"featured_media":0,"parent":470,"menu_order":2,"comment_status":"closed","ping_status":"closed","template":"","meta":{"_expiration-date-status":"saved","_expiration-date":0,"_expiration-date-type":"","_expiration-date-categories":[],"_expiration-date-options":[]},"acf":[],"_links":{"self":[{"href":"https:\/\/us.edu.pl\/wydzial\/wnst\/wp-json\/wp\/v2\/pages\/328"}],"collection":[{"href":"https:\/\/us.edu.pl\/wydzial\/wnst\/wp-json\/wp\/v2\/pages"}],"about":[{"href":"https:\/\/us.edu.pl\/wydzial\/wnst\/wp-json\/wp\/v2\/types\/page"}],"author":[{"embeddable":true,"href":"https:\/\/us.edu.pl\/wydzial\/wnst\/wp-json\/wp\/v2\/users\/1"}],"replies":[{"embeddable":true,"href":"https:\/\/us.edu.pl\/wydzial\/wnst\/wp-json\/wp\/v2\/comments?post=328"}],"version-history":[{"count":10,"href":"https:\/\/us.edu.pl\/wydzial\/wnst\/wp-json\/wp\/v2\/pages\/328\/revisions"}],"predecessor-version":[{"id":200364,"href":"https:\/\/us.edu.pl\/wydzial\/wnst\/wp-json\/wp\/v2\/pages\/328\/revisions\/200364"}],"up":[{"embeddable":true,"href":"https:\/\/us.edu.pl\/wydzial\/wnst\/wp-json\/wp\/v2\/pages\/470"}],"wp:attachment":[{"href":"https:\/\/us.edu.pl\/wydzial\/wnst\/wp-json\/wp\/v2\/media?parent=328"}],"curies":[{"name":"wp","href":"https:\/\/api.w.org\/{rel}","templated":true}]}}