{"id":3294,"date":"2020-02-23T13:57:27","date_gmt":"2020-02-23T12:57:27","guid":{"rendered":"https:\/\/us.edu.pl\/wydzial\/wnst\/?page_id=3294"},"modified":"2024-10-31T08:26:31","modified_gmt":"2024-10-31T07:26:31","slug":"dyrektorzy-instytutow","status":"publish","type":"page","link":"https:\/\/us.edu.pl\/wydzial\/wnst\/strona-glowna\/wladze\/dyrektorzy-instytutow\/","title":{"rendered":"dyrektorzy Instytut\u00f3w"},"content":{"rendered":"<p>[vc_row][vc_column]\r\n                <div class=\"text-modules\">\r\n                    <div class=\"container\">\r\n                        <h3 class=\"page-title text__title\">Dyrektorzy Instytut\u00f3w<\/h3>\r\n                        <div class=\"text-modules__content\"><\/p>\n<h3>Instytut Chemii<\/h3>\n<p><span style=\"color: #000000;\"><a href=\"https:\/\/ab.us.edu.pl\/emp?id=18502\"><span style=\"color: #003366;\">prof. dr hab. Robert Musio\u0142<\/span><\/a> &#8211; <\/span><span style=\"color: #000000;\">Dyrektor<\/span><strong><span style=\"color: #000000;\"><br \/>\n<\/span><\/strong><\/p>\n<p><span style=\"color: #000000;\"><a href=\"https:\/\/ab.us.edu.pl\/emp?id=46511\"><span style=\"color: #003366;\">dr Mateusz Penkala<\/span><\/a><\/span>\u00a0&#8211; <span style=\"color: #000000;\">Zast\u0119pca Dyrektora<\/span><\/p>\n<p>&nbsp;<\/p>\n<h3>Instytut Fizyki im. Augusta Che\u0142kowskiego<\/h3>\n<p><span style=\"color: #000000;\"><a href=\"https:\/\/ab.us.edu.pl\/emp?id=20702\"><span style=\"color: #003366;\">prof. dr hab. Sebastian Pawlus<\/span><\/a> &#8211; <\/span><span style=\"color: #000000;\">Dyrektor<\/span><strong><span style=\"color: #000000;\"><br \/>\n<\/span><\/strong><\/p>\n<p><span style=\"color: #000000;\"><a href=\"https:\/\/ab.us.edu.pl\/emp?id=43041\"><span style=\"color: #003366;\">dr Katarzyna Schmidt, prof. U\u015a<\/span><\/a> &#8211; <\/span><span style=\"color: #000000;\">Zast\u0119pca Dyrektora<\/span><\/p>\n<p>&nbsp;<\/p>\n<h3>Instytut Informatyki<\/h3>\n<p><span style=\"color: #000000;\"><a href=\"https:\/\/ab.us.edu.pl\/emp?id=39212\">dr hab. in\u017c. Rafa\u0142 Doroz, prof. U\u015a<\/a> <\/span>&#8211; <span style=\"color: #000000;\"> Dyrektor<\/span><strong><span style=\"color: #000000;\"><br \/>\n<\/span><\/strong><\/p>\n<p><span style=\"color: #000000;\"><a href=\"https:\/\/ab.us.edu.pl\/emp?id=38861\"><span style=\"color: #003366;\">dr hab. Beata Zielosko, prof. U\u015a<\/span><\/a>\u00a0&#8211; <\/span><span style=\"color: #000000;\">Zast\u0119pca Dyrektora<\/span><\/p>\n<p>&nbsp;<\/p>\n<h3>Instytut In\u017cynierii Biomedycznej<\/h3>\n<p><span style=\"color: #000000;\"><a href=\"https:\/\/ab.us.edu.pl\/emp?id=25632\"><span style=\"color: #003366;\">dr hab. Sebastian Stach, prof. U\u015a<\/span><\/a> &#8211; <\/span><span style=\"color: #000000;\">Dyrektor<\/span><strong><span style=\"color: #000000;\"><br \/>\n<\/span><\/strong><\/p>\n<p><span style=\"color: #000000;\"><a href=\"https:\/\/ab.us.edu.pl\/emp?id=3082\"><span style=\"color: #003366;\">prof. dr hab. Armand Cholewka<\/span><\/a> &#8211; <\/span><span style=\"color: #000000;\">Zast\u0119pca Dyrektora<\/span><\/p>\n<p>&nbsp;<\/p>\n<h3>Instytut In\u017cynierii Materia\u0142owej<\/h3>\n<p><span style=\"color: #000000;\"><a href=\"https:\/\/ab.us.edu.pl\/emp?id=4322\"><span style=\"color: #003366;\">dr hab. Grzegorz Dercz, prof. U\u015a<\/span><\/a> &#8211; <\/span><span style=\"color: #000000;\">Dyrektor<\/span><strong><span style=\"color: #000000;\"><br \/>\n<\/span><\/strong><\/p>\n<p><a href=\"https:\/\/ab.us.edu.pl\/emp?id=40581\">dr Maciej Zubko, prof. U\u015a<\/a> &#8211; Zast\u0119pca Dyrektora<\/p>\n<p>&nbsp;<\/p>\n<h3>Instytut Matematyki<\/h3>\n<p><span style=\"color: #000000;\"><a href=\"https:\/\/ab.us.edu.pl\/emp?id=8832\"><span style=\"color: #003366;\">prof dr hab. Katarzyna Horbacz<\/span><\/a> &#8211; <\/span><span style=\"color: #000000;\">Dyrektor<\/span><strong><span style=\"color: #000000;\"><br \/>\n<\/span><\/strong><\/p>\n<p><span style=\"color: #000000;\"><a href=\"https:\/\/ab.us.edu.pl\/emp?id=12342\"><span style=\"color: #003366;\">dr hab. Przemys\u0142aw Koprowski, prof. U\u015a<\/span><\/a> &#8211; <\/span><span style=\"color: #000000;\">Zast\u0119pca Dyrektora<\/span><strong><span style=\"color: #000000;\"><br \/>\n<\/span><\/strong><\/p>\n<\/div>\r\n                    <\/div>\r\n                <\/div>[\/vc_column][\/vc_row]<\/p>","protected":false},"excerpt":{"rendered":"<p>[vc_row][vc_column][\/vc_column][\/vc_row] [&#8230;]<\/p>\n<p><a class=\"btn btn-secondary understrap-read-more-link\" href=\"https:\/\/us.edu.pl\/wydzial\/wnst\/strona-glowna\/wladze\/dyrektorzy-instytutow\/\">Read More&#8230;<\/a><\/p>\n","protected":false},"author":92,"featured_media":0,"parent":470,"menu_order":1,"comment_status":"closed","ping_status":"closed","template":"","meta":{"_expiration-date-status":"","_expiration-date":0,"_expiration-date-type":"","_expiration-date-categories":[],"_expiration-date-options":[]},"acf":[],"_links":{"self":[{"href":"https:\/\/us.edu.pl\/wydzial\/wnst\/wp-json\/wp\/v2\/pages\/3294"}],"collection":[{"href":"https:\/\/us.edu.pl\/wydzial\/wnst\/wp-json\/wp\/v2\/pages"}],"about":[{"href":"https:\/\/us.edu.pl\/wydzial\/wnst\/wp-json\/wp\/v2\/types\/page"}],"author":[{"embeddable":true,"href":"https:\/\/us.edu.pl\/wydzial\/wnst\/wp-json\/wp\/v2\/users\/92"}],"replies":[{"embeddable":true,"href":"https:\/\/us.edu.pl\/wydzial\/wnst\/wp-json\/wp\/v2\/comments?post=3294"}],"version-history":[{"count":10,"href":"https:\/\/us.edu.pl\/wydzial\/wnst\/wp-json\/wp\/v2\/pages\/3294\/revisions"}],"predecessor-version":[{"id":181112,"href":"https:\/\/us.edu.pl\/wydzial\/wnst\/wp-json\/wp\/v2\/pages\/3294\/revisions\/181112"}],"up":[{"embeddable":true,"href":"https:\/\/us.edu.pl\/wydzial\/wnst\/wp-json\/wp\/v2\/pages\/470"}],"wp:attachment":[{"href":"https:\/\/us.edu.pl\/wydzial\/wnst\/wp-json\/wp\/v2\/media?parent=3294"}],"curies":[{"name":"wp","href":"https:\/\/api.w.org\/{rel}","templated":true}]}}