{"id":333,"date":"2019-10-23T10:35:11","date_gmt":"2019-10-23T08:35:11","guid":{"rendered":"https:\/\/us.edu.pl\/wydzial\/wnst\/?page_id=333"},"modified":"2025-11-21T13:01:53","modified_gmt":"2025-11-21T12:01:53","slug":"technologia-chemiczna","status":"publish","type":"page","link":"https:\/\/us.edu.pl\/wydzial\/wnst\/studia\/kandydat\/oferta-dydaktyczna\/technologia-chemiczna\/","title":{"rendered":"technologia chemiczna"},"content":{"rendered":"<p>[vc_row][vc_column]\r\n                <div class=\"text-modules reverse\">\r\n                    <div class=\"container\">\r\n                        <h3 class=\"section-title section-title_border-bottom\">Technologia chemiczna - studia stacjonarne I stopnia<\/h3> <h3 class=\"subtitle text-modules__subtitle\">j\u0119zyk wyk\u0142adowy - polski<\/h3>\r\n                        <div class=\"row m-0\">\r\n                            <div class=\"text-modules__content\">\r\n                                Marzysz o dynamicznej karierze w przemy\u015ble chemicznym? Chcesz zdoby\u0107 umiej\u0119tno\u015bci, kt\u00f3re pozwol\u0105 Ci wprowadza\u0107 innowacyjne i ekologiczne rozwi\u0105zania? Wybierz kierunek Technologia Chemiczna na Uniwersytecie \u015al\u0105skim \u2013 miejsce, gdzie nauka spotyka si\u0119 z praktyk\u0105, a Twoje ambicje mog\u0105 si\u0119gn\u0105\u0107 gwiazd!<\/p>\n<p><center><img class=\"size-full wp-image-176814 aligncenter\" src=\"https:\/\/us.edu.pl\/wydzial\/wnst\/wp-content\/uploads\/sites\/18\/Bez-kategorii\/tip.png\" alt=\"\" width=\"105\" height=\"90\" \/><br \/>\n<strong><em><span style=\"color: #002e5a;\">Wyniki matury to tylko liczby &#8211; prawdziwa pasja zaczyna si\u0119 tutaj! <\/span><\/em><\/strong><\/center><\/p>\n<h3 aria-level=\"2\"><span style=\"color: #002e5a;\">Co oferuje kierunek technologia chemiczna?<\/span><\/h3>\n<p>Na studiach k\u0142adziemy szczeg\u00f3lny nacisk na <strong>zr\u00f3wnowa\u017cony rozw\u00f3j<\/strong> oraz <strong>zielon\u0105 chemi\u0119<\/strong>. Przygotowujemy student\u00f3w do odpowiedzialnego podej\u015bcia do nauki i przemys\u0142u, kt\u00f3re <strong>minimalizuje negatywny wp\u0142yw na \u015brodowisko<\/strong>. Kszta\u0142cenie zapewnia solidne podstawy teoretyczne oraz praktyczne umiej\u0119tno\u015bci in\u017cynierskie. Dzi\u0119ki temu nasi studenci s\u0105 doskonale przygotowani do podj\u0119cia pracy w dynamicznie rozwijaj\u0105cym si\u0119 przemy\u015ble chemicznym, przyczyniaj\u0105c si\u0119 do tworzenia bardziej zr\u00f3wnowa\u017conej przysz\u0142o\u015bci. Nie straszne Ci b\u0119d\u0105 terminy <span style=\"font-size: 130%;\">ADR, BAT, HAZOP, FTA, ETA, PHA, LOPA<\/span> \u2013 to wiedza i kompetencje niezwykle poszukiwane obecne przez pracodawc\u00f3w, kt\u00f3re mo\u017cesz naby\u0107 studiuj\u0105c na naszym kierunku.<\/p>\n<p><strong>Obowi\u0105zkowe praktyki i p\u0142atne sta\u017ce<\/strong>:\u00a0w programie studi\u00f3w mamy zaplanowane praktyki u pracodawc\u00f3w. Ale to nie wszystko\u2013 w ramach <a href=\"https:\/\/us.edu.pl\/wydzial\/wnst\/wspolpraca\/szkoly\/kwantowanie\/staze-studenckie\/\">projekt\u00f3w zewn\u0119trznych<\/a> oferujemy r\u00f3wnie\u017c p\u0142atne, dwumiesi\u0119czne sta\u017ce<\/p>\n<p>Ju\u017c od pierwszego roku studi\u00f3w mo\u017cesz rozwija\u0107 swoje pasje w ramach prac w <a href=\"https:\/\/www.facebook.com\/knchusaquaregia\" target=\"_blank\" rel=\"noopener\">Kole Naukowym Chemik\u00f3w AquaRegia<\/a>. Do\u0142\u0105cz do grupy zapale\u0144c\u00f3w i wsp\u00f3lnie tw\u00f3rzcie niesamowite projekty!<\/p>\n<h3 aria-level=\"2\"><span style=\"color: #002e5a;\">Wybierz swoj\u0105 specjalno\u015b\u0107!<\/span><\/h3>\n<p><strong>Zielona chemia i czyste technologie:<\/strong><\/p>\n<ul>\n<li>skupisz si\u0119 na ochronie \u015brodowiska i zr\u00f3wnowa\u017conym rozwoju,<\/li>\n<li>nauczysz si\u0119 stosowa\u0107 bezpieczniejsze rozpuszczalniki, odnawialne surowce oraz minimalizowa\u0107 odpady,<\/li>\n<li>wprowadzisz innowacyjne, ekologiczne rozwi\u0105zania w przemy\u015ble chemicznym, tworz\u0105c bardziej przyjazne \u015brodowisku technologie.<\/li>\n<\/ul>\n<p><strong>Technologia nieorganiczna i organiczna:<\/strong><\/p>\n<ul>\n<li>przygotujesz si\u0119 do pracy w przemy\u015ble chemicznym oraz pokrewnych sektorach,<\/li>\n<li>zdob\u0119dziesz umiej\u0119tno\u015bci w zakresie projektowania i kontrolowania proces\u00f3w technologicznych,<\/li>\n<li>poznasz nowoczesne materia\u0142y in\u017cynierskie i metody ich wytwarzania, co pozwoli Ci sprosta\u0107 wymaganiom wsp\u00f3\u0142czesnej gospodarki.<\/li>\n<\/ul>\n<p>Dzi\u0119ki solidnemu przygotowaniu teoretycznemu i praktycznemu, b\u0119dziesz got\u00f3w do kontynuacji nauki na studiach II stopnia oraz podejmowania \u015bwiadomych decyzji zawodowych.<\/p>\n<p><a href=\"https:\/\/us.edu.pl\/wydzial\/wnst\/kandydat\/oferta-dydaktyczna\/chemia\/\"><span style=\"font-size: 130%;\">A mo\u017ce jeste\u015b zainteresowany\/zainteresowana studiami na kierunku licencjackim? &#8211; zobacz nasz\u0105 ofert\u0119 studi\u00f3w na kierunku chemia<\/span><\/a><\/p>\n<h3><span style=\"color: #002e5a;\">Studiuj na U\u015a i przekonaj si\u0119 sam!<\/span><\/h3>\n<p>Studia pozwol\u0105 Ci naby\u0107 wiedz\u0119 z zakresu chemii i technologii chemicznej oraz rozwija\u0107 w\u0142asne zainteresowania w ramach specjalistycznych zaj\u0119\u0107. Zdob\u0119dziesz umiej\u0119tno\u015bci in\u017cynierskie umo\u017cliwiaj\u0105ce efektywne projektowanie i kontrol\u0119 proces\u00f3w chemicznych w skali przemys\u0142owej. Wiedz\u0119 zdob\u0119dziesz podczas fascynuj\u0105cych wyk\u0142ad\u00f3w, a w naszych laboratoriach wypracujesz niezwyk\u0142e umiej\u0119tno\u015bci, kt\u00f3re wykorzystasz w przysz\u0142ej pracy zawodowej.\u00a0Do\u0142\u0105cz do nas i odkryj, jak fascynuj\u0105cy mo\u017ce by\u0107 \u015bwiat technologii chemicznej!<\/p>\n<hr \/>\n<p><center><img class=\"size-full wp-image-176814 aligncenter\" src=\"https:\/\/us.edu.pl\/wydzial\/wnst\/wp-content\/uploads\/sites\/18\/Bez-kategorii\/tip.png\" alt=\"\" width=\"105\" height=\"90\" \/><br \/>\n<em><span style=\"color: #002e5a;\"><strong>Zosta\u0144 in\u017cynierem<\/strong> na Uniwersytecie \u015al\u0105skim w Katowicach &#8211; Mie\u015bcie Nauki 2024!<\/span><\/em><\/center><\/p>\n<hr \/>\n<div class=\"mt-3\"><a href=\"https:\/\/informator.us.edu.pl\/programmes\/list\/all\/TC\/\" class=\"link-button mr-3 \">Karta kierunku - program studi\u00f3w <\/a><\/div>\r\n                            <\/div>\r\n                            \r\n                            <div class=\"text-modules__img\"><img src=\"https:\/\/us.edu.pl\/wydzial\/wnst\/wp-content\/uploads\/sites\/18\/zdjecia-kierunki\/rekrutacja-23-24\/technologia-chemiczna.png\" alt=\"img\"><\/div>\r\n                        <\/div>\r\n                    <\/div>\r\n                <\/div>[\/vc_column][\/vc_row][vc_row disable_element=&#8221;yes&#8221; css=&#8221;.vc_custom_1763726503261{padding-right: 20px !important;padding-left: 20px !important;background-color: #f2f2f2 !important;}&#8221;][vc_column]\r\n                <div class=\"text-modules\">\r\n                    <div class=\"container\">\r\n                        \r\n                        <div class=\"text-modules__content\"><\/p>\n<h3>Zapisz si\u0119 na studia<\/h3>\n<p><span style=\"color: #0095db;\"><strong>Tura 4 (22.09.2025 07:00 \u2013 26.09.2025 23:59)<\/strong><\/span><\/p>\n<\/div>\r\n                    <\/div>\r\n                <\/div>[vc_btn title=&#8221;przejd\u017a do internetowej rejestracji dla kandydat\u00f3w&#8221; style=&#8221;outline-custom&#8221; outline_custom_color=&#8221;#002a5e&#8221; outline_custom_hover_background=&#8221;#002a5e&#8221; outline_custom_hover_text=&#8221;#ffffff&#8221; size=&#8221;lg&#8221; i_icon_fontawesome=&#8221;fas fa-arrow-right&#8221; add_icon=&#8221;true&#8221; link=&#8221;url:https%3A%2F%2Firk.us.edu.pl%2Fpl%2Foffer%2FSW-2025-Z%2Ffield%2FTC%2F|target:_blank&#8221;][\/vc_column][\/vc_row]<\/p>","protected":false},"excerpt":{"rendered":"<p>[vc_row][vc_column][\/vc_column][\/vc_row][vc_row disable_element=&#8221;yes&#8221; css=&#8221;.vc_custom_1763726503261{padding-right: 20px !important;padding-left: 20px !important;background-color: #f2f2f2 !important;}&#8221;][vc_column][vc_btn title=&#8221;przejd\u017a do internetowej rejestracji dla kandydat\u00f3w&#8221; style=&#8221;outline-custom&#8221; outline_custom_color=&#8221;#002a5e&#8221; outline_custom_hover_background=&#8221;#002a5e&#8221; outline_custom_hover_text=&#8221;#ffffff&#8221; size=&#8221;lg&#8221; i_icon_fontawesome=&#8221;fas fa-arrow-right&#8221; add_icon=&#8221;true&#8221; link=&#8221;url:https%3A%2F%2Firk.us.edu.pl%2Fpl%2Foffer%2FSW-2025-Z%2Ffield%2FTC%2F|target:_blank&#8221;][\/vc_column][\/vc_row] [&#8230;]<\/p>\n<p><a class=\"btn btn-secondary understrap-read-more-link\" href=\"https:\/\/us.edu.pl\/wydzial\/wnst\/studia\/kandydat\/oferta-dydaktyczna\/technologia-chemiczna\/\">Read More&#8230;<\/a><\/p>\n","protected":false},"author":1,"featured_media":0,"parent":2272,"menu_order":13,"comment_status":"closed","ping_status":"closed","template":"page-templates\/page-with-sidebar-and-bookmarks.php","meta":{"_expiration-date-status":"","_expiration-date":0,"_expiration-date-type":"","_expiration-date-categories":[],"_expiration-date-options":[]},"acf":[],"_links":{"self":[{"href":"https:\/\/us.edu.pl\/wydzial\/wnst\/wp-json\/wp\/v2\/pages\/333"}],"collection":[{"href":"https:\/\/us.edu.pl\/wydzial\/wnst\/wp-json\/wp\/v2\/pages"}],"about":[{"href":"https:\/\/us.edu.pl\/wydzial\/wnst\/wp-json\/wp\/v2\/types\/page"}],"author":[{"embeddable":true,"href":"https:\/\/us.edu.pl\/wydzial\/wnst\/wp-json\/wp\/v2\/users\/1"}],"replies":[{"embeddable":true,"href":"https:\/\/us.edu.pl\/wydzial\/wnst\/wp-json\/wp\/v2\/comments?post=333"}],"version-history":[{"count":10,"href":"https:\/\/us.edu.pl\/wydzial\/wnst\/wp-json\/wp\/v2\/pages\/333\/revisions"}],"predecessor-version":[{"id":202754,"href":"https:\/\/us.edu.pl\/wydzial\/wnst\/wp-json\/wp\/v2\/pages\/333\/revisions\/202754"}],"up":[{"embeddable":true,"href":"https:\/\/us.edu.pl\/wydzial\/wnst\/wp-json\/wp\/v2\/pages\/2272"}],"wp:attachment":[{"href":"https:\/\/us.edu.pl\/wydzial\/wnst\/wp-json\/wp\/v2\/media?parent=333"}],"curies":[{"name":"wp","href":"https:\/\/api.w.org\/{rel}","templated":true}]}}