{"id":336,"date":"2019-10-23T10:36:59","date_gmt":"2019-10-23T08:36:59","guid":{"rendered":"https:\/\/us.edu.pl\/wydzial\/wnst\/?page_id=336"},"modified":"2025-12-01T12:33:16","modified_gmt":"2025-12-01T11:33:16","slug":"mikro-i-nanotechnologia","status":"publish","type":"page","link":"https:\/\/us.edu.pl\/wydzial\/wnst\/studia\/kandydat\/oferta-dydaktyczna\/mikro-i-nanotechnologia\/","title":{"rendered":"mikro i nanotechnologia"},"content":{"rendered":"<p>[vc_row][vc_column]\r\n                <div class=\"text-modules reverse\">\r\n                    <div class=\"container\">\r\n                        <h3 class=\"section-title section-title_border-bottom\">Mikro i nanotechnologia - studia stacjonarne II stopnia<\/h3> <h3 class=\"subtitle text-modules__subtitle\">j\u0119zyk wyk\u0142adowy - polski<\/h3>\r\n                        <div class=\"row m-0\">\r\n                            <div class=\"text-modules__content\">\r\n                                Fascynuj\u0105 Ci\u0119 obiekty niewidoczne go\u0142ym okiem? A mo\u017ce chcesz napisa\u0107 ksi\u0105\u017ck\u0119 science-fiction, kt\u00f3rej nikt nie m\u00f3g\u0142by zarzuci\u0107, \u017ce jest niezgodna z wiedz\u0105 naukow\u0105? Studia na kierunku mikro i nanotechnologia powinny Ci si\u0119 spodoba\u0107!<br \/>\nMikrotechnologia to potoczna nazwa technologii system\u00f3w mikro. Pozwala ona na zaprojektowanie i wykonanie uk\u0142ad\u00f3w w skali mikro, a tak\u017ce zastosowania technik komputerowych we wsp\u00f3\u0142czesnej mikrotechnologii. Natomiast nanotechnologia zajmuje si\u0119 obserwowalnymi obiektami, czyli materia\u0142ami i urz\u0105dzeniami o strukturze zaprojektowanej w nanoskali, a tak\u017ce procesami zdolnymi do manipulowania pojedynczymi atomami lub blokami w ultraprecyzyjnej skali.<\/p>\n<p>W trakcie studi\u00f3w b\u0119dziemy skupia\u0107 si\u0119 na zjawiskach, kt\u00f3re nie wyst\u0119puj\u0105 w makroskali, a kt\u00f3rych zrozumienie pozwala na masow\u0105 produkcj\u0119 nano i mikrourz\u0105dze\u0144 o u\u017cytecznych i unikalnych w\u0142a\u015bciwo\u015bciach (np. pow\u0142oki, mikrosensory, tranzystory). Ponadto przybli\u017cone zostan\u0105 zagadnienia zwi\u0105zane z mikroelektronik\u0105, technikami projektowania CAD, sterowaniem urz\u0105dze\u0144 CNC oraz innymi metodami modelowania mikrostruktur.<\/p>\n<p>Podczas studi\u00f3w II stopnia zdob\u0119dziesz okazj\u0119 do rozwoju umiej\u0119tno\u015bci rozwi\u0105zywania problem\u00f3w, wymagaj\u0105cych zastosowania odpowiedniego aparatu matematycznego, metody fizycznej i technologii. Te umiej\u0119tno\u015bci przydadz\u0105 Ci si\u0119 r\u00f3wnie\u017c w dziedzinach pokrewnych, jak informatyka czy in\u017cynieria materia\u0142owa. A do Twojej powie\u015bci sci-fi nikt si\u0119 nie przyczepi. \r\n                                <div class=\"mt-3\"><a href=\"https:\/\/informator.us.edu.pl\/programmes\/list\/all\/MN\/\" class=\"link-button mr-3 \">Karta kierunku - program studi\u00f3w <\/a><\/div>\r\n                            <\/div>\r\n                            \r\n                            <div class=\"text-modules__img\"><img src=\"https:\/\/us.edu.pl\/wydzial\/wnst\/wp-content\/uploads\/sites\/18\/zdjecia-kierunki\/rekrutacja-23-24\/mikro-i-nano.png\" alt=\"img\"><\/div>\r\n                        <\/div>\r\n                    <\/div>\r\n                <\/div>[\/vc_column][\/vc_row][vc_row css=&#8221;.vc_custom_1764588351471{padding-right: 20px !important;padding-left: 20px !important;background-color: #f2f2f2 !important;}&#8221;][vc_column]\r\n                <div class=\"text-modules\">\r\n                    <div class=\"container\">\r\n                        \r\n                        <div class=\"text-modules__content\"><\/p>\n<h3>Zapisz si\u0119 na studia II stopnia<\/h3>\n<p><span style=\"color: #0095db;\"><strong>Tura I (16.12.2025 12:00 \u2013 16.02.2026 23:59)<\/strong><\/span><\/p>\n<h3>Ostatni nab\u00f3r na studia I stopnia odby\u0142 si\u0119 w roku akademickim 2022\/2023.<\/h3>\n<p>\n<\/div>\r\n                    <\/div>\r\n                <\/div>[vc_btn title=&#8221;przejd\u017a do internetowej rejestracji dla kandydat\u00f3w&#8221; style=&#8221;outline-custom&#8221; outline_custom_color=&#8221;#002e5a&#8221; outline_custom_hover_background=&#8221;#002e5a&#8221; outline_custom_hover_text=&#8221;#ffffff&#8221; i_icon_fontawesome=&#8221;fas fa-arrow-right&#8221; add_icon=&#8221;true&#8221; link=&#8221;url:https%3A%2F%2Firk.us.edu.pl%2Fpl%2Foffer%2FSW-2025-L%2Fprogramme%2FW4-S2MN19%2F%3Ffrom%3Dfield%3AMN|target:_blank&#8221;][\/vc_column][\/vc_row]<\/p>","protected":false},"excerpt":{"rendered":"<p>[vc_row][vc_column][\/vc_column][\/vc_row][vc_row css=&#8221;.vc_custom_1764588351471{padding-right: 20px !important;padding-left: 20px !important;background-color: #f2f2f2 !important;}&#8221;][vc_column][vc_btn title=&#8221;przejd\u017a do internetowej rejestracji dla kandydat\u00f3w&#8221; style=&#8221;outline-custom&#8221; outline_custom_color=&#8221;#002e5a&#8221; outline_custom_hover_background=&#8221;#002e5a&#8221; outline_custom_hover_text=&#8221;#ffffff&#8221; i_icon_fontawesome=&#8221;fas fa-arrow-right&#8221; add_icon=&#8221;true&#8221; link=&#8221;url:https%3A%2F%2Firk.us.edu.pl%2Fpl%2Foffer%2FSW-2025-L%2Fprogramme%2FW4-S2MN19%2F%3Ffrom%3Dfield%3AMN|target:_blank&#8221;][\/vc_column][\/vc_row] [&#8230;]<\/p>\n<p><a class=\"btn btn-secondary understrap-read-more-link\" href=\"https:\/\/us.edu.pl\/wydzial\/wnst\/studia\/kandydat\/oferta-dydaktyczna\/mikro-i-nanotechnologia\/\">Read More&#8230;<\/a><\/p>\n","protected":false},"author":1,"featured_media":0,"parent":2272,"menu_order":12,"comment_status":"closed","ping_status":"closed","template":"page-templates\/page-with-sidebar-and-bookmarks.php","meta":{"_expiration-date-status":"","_expiration-date":0,"_expiration-date-type":"","_expiration-date-categories":[],"_expiration-date-options":[]},"acf":[],"_links":{"self":[{"href":"https:\/\/us.edu.pl\/wydzial\/wnst\/wp-json\/wp\/v2\/pages\/336"}],"collection":[{"href":"https:\/\/us.edu.pl\/wydzial\/wnst\/wp-json\/wp\/v2\/pages"}],"about":[{"href":"https:\/\/us.edu.pl\/wydzial\/wnst\/wp-json\/wp\/v2\/types\/page"}],"author":[{"embeddable":true,"href":"https:\/\/us.edu.pl\/wydzial\/wnst\/wp-json\/wp\/v2\/users\/1"}],"replies":[{"embeddable":true,"href":"https:\/\/us.edu.pl\/wydzial\/wnst\/wp-json\/wp\/v2\/comments?post=336"}],"version-history":[{"count":11,"href":"https:\/\/us.edu.pl\/wydzial\/wnst\/wp-json\/wp\/v2\/pages\/336\/revisions"}],"predecessor-version":[{"id":202948,"href":"https:\/\/us.edu.pl\/wydzial\/wnst\/wp-json\/wp\/v2\/pages\/336\/revisions\/202948"}],"up":[{"embeddable":true,"href":"https:\/\/us.edu.pl\/wydzial\/wnst\/wp-json\/wp\/v2\/pages\/2272"}],"wp:attachment":[{"href":"https:\/\/us.edu.pl\/wydzial\/wnst\/wp-json\/wp\/v2\/media?parent=336"}],"curies":[{"name":"wp","href":"https:\/\/api.w.org\/{rel}","templated":true}]}}