{"id":339,"date":"2019-10-23T10:45:32","date_gmt":"2019-10-23T08:45:32","guid":{"rendered":"https:\/\/us.edu.pl\/wydzial\/wnst\/?page_id=339"},"modified":"2025-12-01T12:31:04","modified_gmt":"2025-12-01T11:31:04","slug":"mechatronika","status":"publish","type":"page","link":"https:\/\/us.edu.pl\/wydzial\/wnst\/studia\/kandydat\/oferta-dydaktyczna\/mechatronika\/","title":{"rendered":"mechatronika"},"content":{"rendered":"<p>[vc_row][vc_column]\r\n                <div class=\"text-modules reverse\">\r\n                    <div class=\"container\">\r\n                        <h3 class=\"section-title section-title_border-bottom\">Mechatronika - studia stacjonarne I i II stopnia<\/h3> <h3 class=\"subtitle text-modules__subtitle\">j\u0119zyk wyk\u0142adowy - polski<\/h3>\r\n                        <div class=\"row m-0\">\r\n                            <div class=\"text-modules__content\">\r\n                                Je\u015bli zastanawiasz si\u0119 nad tym, czy to wykonalne, by Tw\u00f3j samoch\u00f3d mia\u0142 wbudowan\u0105 opcj\u0119 przemiany w robota, studiuj mechatronik\u0119!<\/p>\n<p>Ten interdyscyplinarny kierunek \u0142\u0105czy w sobie rozwi\u0105zania elektroniczne z technicznymi. Wiedza z dziedziny automatyki i robotyki w po\u0142\u0105czeniu z projektowaniem i Twoimi niezwyk\u0142ymi pomys\u0142ami, mo\u017ce przynie\u015b\u0107 niesamowite skutki!<\/p>\n<p>Podczas studi\u00f3w I stopnia zdob\u0119dziesz wiedz\u0119 i umiej\u0119tno\u015bci z zakresu grafiki in\u017cynierskiej, informatyki, mechaniki i budowy maszyn, elektrotechniki i elektroniki, grafiki komputerowej, automatyki i robotyki, metrologii technicznej i system\u00f3w pomiarowych, komputerowego wspomagania projektowania cz\u0119\u015bci maszyn, a tak\u017ce sterowania i mikrokontroler\u00f3w. W trakcie studi\u00f3w II stopnia pog\u0142\u0119bisz swoj\u0105 wiedz\u0119 w zakresie analiz numerycznych konstrukcji mechanicznych, programowania i obs\u0142ugi obrabiarek CNC, rozproszonych system\u00f3w pomiarowych oraz Internetu Rzeczy w automatyce i b\u0119dziesz mie\u0107 mo\u017cliwo\u015b\u0107 udzia\u0142u w przer\u00f3\u017cnych projektach.<\/p>\n<p>Wykorzystaj swoj\u0105 kreatywno\u015b\u0107 w praktyce i studiuj mechatronik\u0119! \r\n                                <div class=\"mt-3\"><a href=\"https:\/\/informator.us.edu.pl\/programmes\/list\/all\/MC\/\" class=\"link-button mr-3 \">Karta kierunku - program studi\u00f3w <\/a><\/div>\r\n                            <\/div>\r\n                            \r\n                            <div class=\"text-modules__img\"><img src=\"https:\/\/us.edu.pl\/wydzial\/wnst\/wp-content\/uploads\/sites\/18\/zdjecia-kierunki\/rekrutacja-23-24\/mechatronika.png\" alt=\"img\"><\/div>\r\n                        <\/div>\r\n                    <\/div>\r\n                <\/div>[\/vc_column][\/vc_row][vc_row css=&#8221;.vc_custom_1764588594449{padding-top: 20px !important;padding-right: 20px !important;padding-left: 20px !important;background-color: #f2f2f2 !important;}&#8221;][vc_column]\r\n                <div class=\"text-modules\">\r\n                    <div class=\"container\">\r\n                        \r\n                        <div class=\"text-modules__content\"><\/p>\n<h3>Zapisz si\u0119 na studia II stopnia<\/h3>\n<p><strong><span style=\"color: #0095db;\">Tura 1 (16.12.2025 12:00 \u2013 16.02.2026 23:59)<\/span><\/strong><\/p>\n<\/div>\r\n                    <\/div>\r\n                <\/div>[vc_btn title=&#8221;przejd\u017a do internetowej rejestracji dla kandydat\u00f3w&#8221; style=&#8221;outline-custom&#8221; outline_custom_color=&#8221;#002a5e&#8221; outline_custom_hover_background=&#8221;#002a5e&#8221; outline_custom_hover_text=&#8221;#ffffff&#8221; size=&#8221;lg&#8221; i_icon_fontawesome=&#8221;fas fa-arrow-right&#8221; add_icon=&#8221;true&#8221; link=&#8221;url:https%3A%2F%2Firk.us.edu.pl%2Fpl%2Foffer%2FSW-2025-L%2Fprogramme%2FW4-S2MC20%2F%3Ffrom%3Dfield%3AMC|target:_blank&#8221;][\/vc_column][\/vc_row]<\/p>","protected":false},"excerpt":{"rendered":"<p>[vc_row][vc_column][\/vc_column][\/vc_row][vc_row css=&#8221;.vc_custom_1764588594449{padding-top: 20px !important;padding-right: 20px !important;padding-left: 20px !important;background-color: #f2f2f2 !important;}&#8221;][vc_column][vc_btn title=&#8221;przejd\u017a do internetowej rejestracji dla kandydat\u00f3w&#8221; style=&#8221;outline-custom&#8221; outline_custom_color=&#8221;#002a5e&#8221; outline_custom_hover_background=&#8221;#002a5e&#8221; outline_custom_hover_text=&#8221;#ffffff&#8221; size=&#8221;lg&#8221; i_icon_fontawesome=&#8221;fas fa-arrow-right&#8221; add_icon=&#8221;true&#8221; link=&#8221;url:https%3A%2F%2Firk.us.edu.pl%2Fpl%2Foffer%2FSW-2025-L%2Fprogramme%2FW4-S2MC20%2F%3Ffrom%3Dfield%3AMC|target:_blank&#8221;][\/vc_column][\/vc_row] [&#8230;]<\/p>\n<p><a class=\"btn btn-secondary understrap-read-more-link\" href=\"https:\/\/us.edu.pl\/wydzial\/wnst\/studia\/kandydat\/oferta-dydaktyczna\/mechatronika\/\">Read More&#8230;<\/a><\/p>\n","protected":false},"author":1,"featured_media":0,"parent":2272,"menu_order":11,"comment_status":"closed","ping_status":"closed","template":"page-templates\/page-with-sidebar-and-bookmarks.php","meta":{"_expiration-date-status":"","_expiration-date":0,"_expiration-date-type":"","_expiration-date-categories":[],"_expiration-date-options":[]},"acf":[],"_links":{"self":[{"href":"https:\/\/us.edu.pl\/wydzial\/wnst\/wp-json\/wp\/v2\/pages\/339"}],"collection":[{"href":"https:\/\/us.edu.pl\/wydzial\/wnst\/wp-json\/wp\/v2\/pages"}],"about":[{"href":"https:\/\/us.edu.pl\/wydzial\/wnst\/wp-json\/wp\/v2\/types\/page"}],"author":[{"embeddable":true,"href":"https:\/\/us.edu.pl\/wydzial\/wnst\/wp-json\/wp\/v2\/users\/1"}],"replies":[{"embeddable":true,"href":"https:\/\/us.edu.pl\/wydzial\/wnst\/wp-json\/wp\/v2\/comments?post=339"}],"version-history":[{"count":10,"href":"https:\/\/us.edu.pl\/wydzial\/wnst\/wp-json\/wp\/v2\/pages\/339\/revisions"}],"predecessor-version":[{"id":202943,"href":"https:\/\/us.edu.pl\/wydzial\/wnst\/wp-json\/wp\/v2\/pages\/339\/revisions\/202943"}],"up":[{"embeddable":true,"href":"https:\/\/us.edu.pl\/wydzial\/wnst\/wp-json\/wp\/v2\/pages\/2272"}],"wp:attachment":[{"href":"https:\/\/us.edu.pl\/wydzial\/wnst\/wp-json\/wp\/v2\/media?parent=339"}],"curies":[{"name":"wp","href":"https:\/\/api.w.org\/{rel}","templated":true}]}}