{"id":343,"date":"2019-10-23T10:50:10","date_gmt":"2019-10-23T08:50:10","guid":{"rendered":"https:\/\/us.edu.pl\/wydzial\/wnst\/?page_id=343"},"modified":"2026-03-16T07:47:52","modified_gmt":"2026-03-16T06:47:52","slug":"inzynieria-materialowa","status":"publish","type":"page","link":"https:\/\/us.edu.pl\/wydzial\/wnst\/studia\/kandydat\/oferta-dydaktyczna\/inzynieria-materialowa\/","title":{"rendered":"in\u017cynieria materia\u0142owa"},"content":{"rendered":"<p><\/p>\n<p>[vc_row][vc_column]\r\n                <div class=\"text-modules reverse\">\r\n                    <div class=\"container\">\r\n                        <h3 class=\"section-title section-title_border-bottom\">In\u017cynieria materia\u0142owa - studia stacjonarne I i II stopnia<\/h3> <h3 class=\"subtitle text-modules__subtitle\">j\u0119zyk wyk\u0142adowy - polski<\/h3>\r\n                        <div class=\"row m-0\">\r\n                            <div class=\"text-modules__content\">\r\n                                W dzisiejszym \u015bwiecie post\u0119p cywilizacyjny nie by\u0142by mo\u017cliwy bez nowoczesnych materia\u0142\u00f3w. Nie by\u0142oby lot\u00f3w w kosmos, zaawansowanej elektroniki, miniaturyzacji, implant\u00f3w czy materia\u0142\u00f3w bardziej przyjaznych \u015brodowisku. Obecno\u015b\u0107 nowoczesnych materia\u0142\u00f3w i sta\u0142y ich rozw\u00f3j sprawiaj\u0105, \u017ce \u017cyje nam si\u0119 bardziej komfortowo, bezpieczniej i d\u0142u\u017cej.<\/p>\n<p>In\u017cynieria materia\u0142owa to interdyscyplinarna nauka o fascynuj\u0105cym \u015bwiecie materia\u0142\u00f3w, ich budowie, metodach ich kszta\u0142towania, badania oraz ich w\u0142a\u015bciwo\u015bciach i zastosowaniach. In\u017cynier materia\u0142owy mo\u017ce opracowywa\u0107 zupe\u0142nie nowe materia\u0142y lub rozwija\u0107 ju\u017c istniej\u0105ce, d\u0105\u017c\u0105c do ich ulepszenia, jak np. do zwi\u0119kszenia ich wytrzyma\u0142o\u015bci, odporno\u015bci cieplnej, przewodno\u015bci elektrycznej, biozgodno\u015bci, trwa\u0142o\u015bci. Mo\u017ce to uzyska\u0107 kontroluj\u0105c struktur\u0119 materia\u0142u, od poziomu atomowego do makroskopowego, tak aby dostosowywa\u0107 jego w\u0142a\u015bciwo\u015bci do wymog\u00f3w konkretnych zastosowa\u0144.<\/p>\n<p>Studia przygotowuj\u0105 absolwent\u00f3w do pracy w r\u00f3\u017cnych bran\u017cach przemys\u0142u, wykorzystuj\u0105cych nowoczesne technologie materia\u0142owe. Efekty Twojej pracy przys\u0142u\u017c\u0105 si\u0119 dziedzinom takim jak implantologia, lotnictwo czy przemys\u0142 motoryzacyjny. Studiuj\u0105c in\u017cynieri\u0119 materia\u0142ow\u0105, masz realny wp\u0142yw na \u015bwiat! \r\n                                <div class=\"mt-3\"><a href=\"https:\/\/informator.us.edu.pl\/programmes\/list\/all\/MA\/\" class=\"link-button mr-3 \">Karta kierunku - program studi\u00f3w <\/a><\/div>\r\n                            <\/div>\r\n                            \r\n                            <div class=\"text-modules__img\"><img src=\"https:\/\/us.edu.pl\/wydzial\/wnst\/wp-content\/uploads\/sites\/18\/zdjecia-kierunki\/rekrutacja-23-24\/inzynieria-materialowa.png\" alt=\"img\"><\/div>\r\n                        <\/div>\r\n                    <\/div>\r\n                <\/div>[\/vc_column][\/vc_row][vc_row css=&#8221;.vc_custom_1771933990218{padding-right: 20px !important;padding-left: 20px !important;background-color: #f2f2f2 !important;}&#8221;][vc_column]\r\n                <div class=\"text-modules\">\r\n                    <div class=\"container\">\r\n                        \r\n                        <div class=\"text-modules__content\"><\/p>\n<h3>Zapisz si\u0119 na studia stacjonarne II stopnia<\/h3>\n<p><strong><span style=\"color: #0095db;\">Tura 1 (16.12.2025 12:00 \u2013 16.02.2026 23:59)<\/span><\/strong><\/p>\n<\/div>\r\n                    <\/div>\r\n                <\/div>[vc_btn title=&#8221;przejd\u017a do internetowej rejestracji dla kandydat\u00f3w&#8221; style=&#8221;outline-custom&#8221; outline_custom_color=&#8221;#002a5e&#8221; outline_custom_hover_background=&#8221;#002a5e&#8221; outline_custom_hover_text=&#8221;#ffffff&#8221; size=&#8221;lg&#8221; i_icon_fontawesome=&#8221;fas fa-arrow-right&#8221; add_icon=&#8221;true&#8221; link=&#8221;url:https%3A%2F%2Firk.us.edu.pl%2Fpl%2Foffer%2FSW-2025-L%2Fprogramme%2FW4-S2MAI19%2F%3Ffrom%3Dfield%3AMA|target:_blank&#8221;][\/vc_column][\/vc_row]<\/p>\n<p><\/p>","protected":false},"excerpt":{"rendered":"<p>[vc_row][vc_column][\/vc_column][\/vc_row][vc_row css=&#8221;.vc_custom_1771933990218{padding-right: 20px !important;padding-left: 20px !important;background-color: #f2f2f2 !important;}&#8221;][vc_column][vc_btn title=&#8221;przejd\u017a do internetowej rejestracji dla kandydat\u00f3w&#8221; style=&#8221;outline-custom&#8221; outline_custom_color=&#8221;#002a5e&#8221; outline_custom_hover_background=&#8221;#002a5e&#8221; outline_custom_hover_text=&#8221;#ffffff&#8221; size=&#8221;lg&#8221; i_icon_fontawesome=&#8221;fas fa-arrow-right&#8221; add_icon=&#8221;true&#8221; link=&#8221;url:https%3A%2F%2Firk.us.edu.pl%2Fpl%2Foffer%2FSW-2025-L%2Fprogramme%2FW4-S2MAI19%2F%3Ffrom%3Dfield%3AMA|target:_blank&#8221;][\/vc_column][\/vc_row] [&#8230;]<\/p>\n<p><a class=\"btn btn-secondary understrap-read-more-link\" href=\"https:\/\/us.edu.pl\/wydzial\/wnst\/studia\/kandydat\/oferta-dydaktyczna\/inzynieria-materialowa\/\">Read More&#8230;<\/a><\/p>\n","protected":false},"author":1,"featured_media":0,"parent":2272,"menu_order":9,"comment_status":"closed","ping_status":"closed","template":"page-templates\/page-with-sidebar-and-bookmarks.php","meta":{"_expiration-date-status":"","_expiration-date":0,"_expiration-date-type":"","_expiration-date-categories":[],"_expiration-date-options":[]},"acf":[],"_links":{"self":[{"href":"https:\/\/us.edu.pl\/wydzial\/wnst\/wp-json\/wp\/v2\/pages\/343"}],"collection":[{"href":"https:\/\/us.edu.pl\/wydzial\/wnst\/wp-json\/wp\/v2\/pages"}],"about":[{"href":"https:\/\/us.edu.pl\/wydzial\/wnst\/wp-json\/wp\/v2\/types\/page"}],"author":[{"embeddable":true,"href":"https:\/\/us.edu.pl\/wydzial\/wnst\/wp-json\/wp\/v2\/users\/1"}],"replies":[{"embeddable":true,"href":"https:\/\/us.edu.pl\/wydzial\/wnst\/wp-json\/wp\/v2\/comments?post=343"}],"version-history":[{"count":10,"href":"https:\/\/us.edu.pl\/wydzial\/wnst\/wp-json\/wp\/v2\/pages\/343\/revisions"}],"predecessor-version":[{"id":204415,"href":"https:\/\/us.edu.pl\/wydzial\/wnst\/wp-json\/wp\/v2\/pages\/343\/revisions\/204415"}],"up":[{"embeddable":true,"href":"https:\/\/us.edu.pl\/wydzial\/wnst\/wp-json\/wp\/v2\/pages\/2272"}],"wp:attachment":[{"href":"https:\/\/us.edu.pl\/wydzial\/wnst\/wp-json\/wp\/v2\/media?parent=343"}],"curies":[{"name":"wp","href":"https:\/\/api.w.org\/{rel}","templated":true}]}}