{"id":345,"date":"2019-10-23T10:51:20","date_gmt":"2019-10-23T08:51:20","guid":{"rendered":"https:\/\/us.edu.pl\/wydzial\/wnst\/?page_id=345"},"modified":"2025-12-01T12:39:55","modified_gmt":"2025-12-01T11:39:55","slug":"inzynieria-biomedyczna","status":"publish","type":"page","link":"https:\/\/us.edu.pl\/wydzial\/wnst\/studia\/kandydat\/oferta-dydaktyczna\/inzynieria-biomedyczna\/","title":{"rendered":"in\u017cynieria biomedyczna"},"content":{"rendered":"<p>[vc_row][vc_column]\r\n                <div class=\"text-modules reverse\">\r\n                    <div class=\"container\">\r\n                        <h3 class=\"section-title section-title_border-bottom\">In\u017cynieria biomedyczna - studia stacjonarne I i II stopnia<\/h3> <h3 class=\"subtitle text-modules__subtitle\">j\u0119zyk wyk\u0142adowy - polski<\/h3>\r\n                        <div class=\"row m-0\">\r\n                            <div class=\"text-modules__content\">\r\n                                Lubisz onie\u015bmiela\u0107 znajomych sam\u0105 nazw\u0105 studiowanego kierunku? Wybierz in\u017cynieri\u0119 biomedyczn\u0105! Te interdyscyplinarne studia \u0142\u0105cz\u0105 w sobie wiedz\u0119 z nauk technicznych, medycznych i biologicznych, wi\u0119c dobra pami\u0119\u0107 i zami\u0142owanie do uczenia si\u0119 b\u0119d\u0105 u Ciebie du\u017cym atutem.<\/p>\n<p>Wed\u0142ug WHO (World Health Organization), in\u017cynierie biomedyczna i genetyczna maj\u0105 najwi\u0119kszy wp\u0142yw na post\u0119p wsp\u00f3\u0142czesnej medycyny. Studiuj\u0105c ten kierunek, mo\u017cesz realnie wp\u0142yn\u0105\u0107 na rozw\u00f3j tak istotnej dla ludzko\u015bci nauki!<\/p>\n<p>Na studiach I i II stopnia in\u017cynierii biomedycznej zdob\u0119dziesz wiedz\u0119 zwi\u0105zan\u0105 z informatyk\u0105 medyczn\u0105, bioinformatyk\u0105, obrazowaniem medycznym, przetwarzaniem obraz\u00f3w, telemedycyn\u0105, procesowaniem sygna\u0142\u00f3w fizjologicznych, biomechanik\u0105, biomateria\u0142ami, modelowaniem 3D i optyk\u0105 biomedyczn\u0105. Studiuj u nas, a \u017caden laboratoryjny sprz\u0119t nie b\u0119dzie Ci straszny! \r\n                                <div class=\"mt-3\"><a href=\"https:\/\/informator.us.edu.pl\/programmes\/list\/all\/IB\/\" class=\"link-button mr-3 \">Karta kierunku - program studi\u00f3w <\/a><\/div>\r\n                            <\/div>\r\n                            \r\n                            <div class=\"text-modules__img\"><img src=\"https:\/\/us.edu.pl\/wydzial\/wnst\/wp-content\/uploads\/sites\/18\/zdjecia-kierunki\/rekrutacja-23-24\/inzynieria-biomedyczna.png\" alt=\"img\"><\/div>\r\n                        <\/div>\r\n                    <\/div>\r\n                <\/div>[\/vc_column][\/vc_row][vc_row css=&#8221;.vc_custom_1764589184000{padding-right: 20px !important;padding-left: 20px !important;background-color: #f2f2f2 !important;}&#8221;][vc_column]\r\n                <div class=\"text-modules\">\r\n                    <div class=\"container\">\r\n                        \r\n                        <div class=\"text-modules__content\"><\/p>\n<h3>Zapisz si\u0119 na studia II stopnia<\/h3>\n<p><strong><span style=\"color: #0095db;\">Tura 1 (16.12.2025 12:00 \u2013 16.02.2026 23:59)<\/span><\/strong><\/p>\n<\/div>\r\n                    <\/div>\r\n                <\/div>[vc_btn title=&#8221;przejd\u017a do internetowej rejestracji dla kandydat\u00f3w&#8221; style=&#8221;outline-custom&#8221; outline_custom_color=&#8221;#002a5e&#8221; outline_custom_hover_background=&#8221;#002a5e&#8221; outline_custom_hover_text=&#8221;#ffffff&#8221; i_icon_fontawesome=&#8221;fas fa-arrow-right&#8221; add_icon=&#8221;true&#8221; link=&#8221;url:https%3A%2F%2Firk.us.edu.pl%2Fpl%2Foffer%2FSW-2025-L%2Fprogramme%2FW4-S2IB19%2F%3Ffrom%3Dfield%3AIB|target:_blank&#8221;][\/vc_column][\/vc_row]<\/p>","protected":false},"excerpt":{"rendered":"<p>[vc_row][vc_column][\/vc_column][\/vc_row][vc_row css=&#8221;.vc_custom_1764589184000{padding-right: 20px !important;padding-left: 20px !important;background-color: #f2f2f2 !important;}&#8221;][vc_column][vc_btn title=&#8221;przejd\u017a do internetowej rejestracji dla kandydat\u00f3w&#8221; style=&#8221;outline-custom&#8221; outline_custom_color=&#8221;#002a5e&#8221; outline_custom_hover_background=&#8221;#002a5e&#8221; outline_custom_hover_text=&#8221;#ffffff&#8221; i_icon_fontawesome=&#8221;fas fa-arrow-right&#8221; add_icon=&#8221;true&#8221; link=&#8221;url:https%3A%2F%2Firk.us.edu.pl%2Fpl%2Foffer%2FSW-2025-L%2Fprogramme%2FW4-S2IB19%2F%3Ffrom%3Dfield%3AIB|target:_blank&#8221;][\/vc_column][\/vc_row] [&#8230;]<\/p>\n<p><a class=\"btn btn-secondary understrap-read-more-link\" href=\"https:\/\/us.edu.pl\/wydzial\/wnst\/studia\/kandydat\/oferta-dydaktyczna\/inzynieria-biomedyczna\/\">Read More&#8230;<\/a><\/p>\n","protected":false},"author":1,"featured_media":0,"parent":2272,"menu_order":8,"comment_status":"closed","ping_status":"closed","template":"page-templates\/page-with-sidebar-and-bookmarks.php","meta":{"_expiration-date-status":"","_expiration-date":0,"_expiration-date-type":"","_expiration-date-categories":[],"_expiration-date-options":[]},"acf":[],"_links":{"self":[{"href":"https:\/\/us.edu.pl\/wydzial\/wnst\/wp-json\/wp\/v2\/pages\/345"}],"collection":[{"href":"https:\/\/us.edu.pl\/wydzial\/wnst\/wp-json\/wp\/v2\/pages"}],"about":[{"href":"https:\/\/us.edu.pl\/wydzial\/wnst\/wp-json\/wp\/v2\/types\/page"}],"author":[{"embeddable":true,"href":"https:\/\/us.edu.pl\/wydzial\/wnst\/wp-json\/wp\/v2\/users\/1"}],"replies":[{"embeddable":true,"href":"https:\/\/us.edu.pl\/wydzial\/wnst\/wp-json\/wp\/v2\/comments?post=345"}],"version-history":[{"count":12,"href":"https:\/\/us.edu.pl\/wydzial\/wnst\/wp-json\/wp\/v2\/pages\/345\/revisions"}],"predecessor-version":[{"id":202957,"href":"https:\/\/us.edu.pl\/wydzial\/wnst\/wp-json\/wp\/v2\/pages\/345\/revisions\/202957"}],"up":[{"embeddable":true,"href":"https:\/\/us.edu.pl\/wydzial\/wnst\/wp-json\/wp\/v2\/pages\/2272"}],"wp:attachment":[{"href":"https:\/\/us.edu.pl\/wydzial\/wnst\/wp-json\/wp\/v2\/media?parent=345"}],"curies":[{"name":"wp","href":"https:\/\/api.w.org\/{rel}","templated":true}]}}