{"id":347,"date":"2019-10-23T10:52:46","date_gmt":"2019-10-23T08:52:46","guid":{"rendered":"https:\/\/us.edu.pl\/wydzial\/wnst\/?page_id=347"},"modified":"2025-09-24T12:42:44","modified_gmt":"2025-09-24T10:42:44","slug":"informatyka-stosowana","status":"publish","type":"page","link":"https:\/\/us.edu.pl\/wydzial\/wnst\/studia\/kandydat\/oferta-dydaktyczna\/informatyka-stosowana\/","title":{"rendered":"informatyka stosowana"},"content":{"rendered":"<p>[vc_row][vc_column]\r\n                <div class=\"text-modules reverse\">\r\n                    <div class=\"container\">\r\n                        <h3 class=\"section-title section-title_border-bottom\">Informatyka stosowana - studia stacjonarne I stopnia<\/h3> <h3 class=\"subtitle text-modules__subtitle\">j\u0119zyk wyk\u0142adowy - polski<\/h3>\r\n                        <div class=\"row m-0\">\r\n                            <div class=\"text-modules__content\">\r\n                                Nauka informatyki poprzez praktyk\u0119, nowoczesna mikroelektronika, systemy wbudowane i programowanie robot\u00f3w, a to wszystko zwie\u0144czone zdobyciem tytu\u0142u in\u017cyniera\u2026 Czy to pi\u0119kny sen, czy Java? Przecie\u017c to informatyka stosowana na Uniwersytecie \u015al\u0105skim!<\/p>\n<p>Na naszych studiach I stopnia czeka ci\u0119 wszystko to, co wymienione powy\u017cej, ale tak\u017ce poznanie metod i warsztatu pracy naukowca, rozwijanie umiej\u0119tno\u015bci innowacyjnego podejmowania konkretnych problem\u00f3w, a nawet nauka j\u0119zyk\u00f3w obcych. Kwestie zwi\u0105zane z przetwarzaniem i analiz\u0105 danych, modelowaniem komputerowym, analiz\u0105 obrazu czy projektowaniem i tworzeniem system\u00f3w kontrolno-pomiarowych nie b\u0119d\u0105 dla Ciebie problemem. Mo\u017cesz te\u017c p\u00f3j\u015b\u0107 w stron\u0119 technologii sieciowych, baz danych, tworzenia oprogramowania dla nowoczesnych urz\u0105dze\u0144 mobilnych oraz aplikacji i serwis\u00f3w internetowych.<\/p>\n<p>Dzi\u0119ki programom edukacyjnym Oracle Academy oraz Cisco Academy b\u0119dziesz mie\u0107 mo\u017cliwo\u015b\u0107 stworzenia sieci kontakt\u00f3w zwi\u0105zanych z przysz\u0142ym zawodem. Nowoczesne zaplecze informatyczne w postaci pracowni komputerowych, laboratori\u00f3w elektroniki cyfrowej i analogowej oraz pracowni robotyki b\u0119dzie zawsze do Twojej dyspozycji.<\/p>\n<p>To co, widzimy si\u0119 w Chorzowie? \r\n                                <div class=\"mt-3\"><a href=\"https:\/\/informator.us.edu.pl\/programmes\/list\/all\/IS\/\" class=\"link-button mr-3 \">Karta kierunku - program studi\u00f3w <\/a><\/div>\r\n                            <\/div>\r\n                            \r\n                            <div class=\"text-modules__img\"><img src=\"https:\/\/us.edu.pl\/wydzial\/wnst\/wp-content\/uploads\/sites\/18\/Bez-kategorii\/informatyka-stosowana-1.png\" alt=\"img\"><\/div>\r\n                        <\/div>\r\n                    <\/div>\r\n                <\/div>[\/vc_column][\/vc_row][vc_row disable_element=&#8221;yes&#8221; css=&#8221;.vc_custom_1758710525875{padding-right: 20px !important;padding-left: 20px !important;background-color: #f2f2f2 !important;}&#8221;][vc_column]\r\n                <div class=\"text-modules\">\r\n                    <div class=\"container\">\r\n                        \r\n                        <div class=\"text-modules__content\"><\/p>\n<h3>Zapisz si\u0119 na studia<\/h3>\n<p><span style=\"color: #0095db;\"><strong>Tura 3 (29.07.2025 07:00 \u2013 11.09.2025 23:59)<br \/>\n<\/strong><\/span><\/p>\n<\/div>\r\n                    <\/div>\r\n                <\/div>[vc_btn title=&#8221;przejd\u017a do internetowej rejestracji dla kandydat\u00f3w&#8221; style=&#8221;outline-custom&#8221; outline_custom_color=&#8221;#002a5e&#8221; outline_custom_hover_background=&#8221;#002a5e&#8221; outline_custom_hover_text=&#8221;#ffffff&#8221; size=&#8221;lg&#8221; i_icon_fontawesome=&#8221;fas fa-arrow-right&#8221; add_icon=&#8221;true&#8221; link=&#8221;url:https%3A%2F%2Firk.us.edu.pl%2Fpl%2Foffer%2FSW-2025-Z%2Ffield%2FIS%2F|target:_blank&#8221;][\/vc_column][\/vc_row]<\/p>","protected":false},"excerpt":{"rendered":"<p>[vc_row][vc_column][\/vc_column][\/vc_row][vc_row disable_element=&#8221;yes&#8221; css=&#8221;.vc_custom_1758710525875{padding-right: 20px !important;padding-left: 20px !important;background-color: #f2f2f2 !important;}&#8221;][vc_column][vc_btn title=&#8221;przejd\u017a do internetowej rejestracji dla kandydat\u00f3w&#8221; style=&#8221;outline-custom&#8221; outline_custom_color=&#8221;#002a5e&#8221; outline_custom_hover_background=&#8221;#002a5e&#8221; outline_custom_hover_text=&#8221;#ffffff&#8221; size=&#8221;lg&#8221; i_icon_fontawesome=&#8221;fas fa-arrow-right&#8221; add_icon=&#8221;true&#8221; link=&#8221;url:https%3A%2F%2Firk.us.edu.pl%2Fpl%2Foffer%2FSW-2025-Z%2Ffield%2FIS%2F|target:_blank&#8221;][\/vc_column][\/vc_row] [&#8230;]<\/p>\n<p><a class=\"btn btn-secondary understrap-read-more-link\" href=\"https:\/\/us.edu.pl\/wydzial\/wnst\/studia\/kandydat\/oferta-dydaktyczna\/informatyka-stosowana\/\">Read More&#8230;<\/a><\/p>\n","protected":false},"author":1,"featured_media":0,"parent":2272,"menu_order":7,"comment_status":"closed","ping_status":"closed","template":"page-templates\/page-with-sidebar-and-bookmarks.php","meta":{"_expiration-date-status":"","_expiration-date":0,"_expiration-date-type":"","_expiration-date-categories":[],"_expiration-date-options":[]},"acf":[],"_links":{"self":[{"href":"https:\/\/us.edu.pl\/wydzial\/wnst\/wp-json\/wp\/v2\/pages\/347"}],"collection":[{"href":"https:\/\/us.edu.pl\/wydzial\/wnst\/wp-json\/wp\/v2\/pages"}],"about":[{"href":"https:\/\/us.edu.pl\/wydzial\/wnst\/wp-json\/wp\/v2\/types\/page"}],"author":[{"embeddable":true,"href":"https:\/\/us.edu.pl\/wydzial\/wnst\/wp-json\/wp\/v2\/users\/1"}],"replies":[{"embeddable":true,"href":"https:\/\/us.edu.pl\/wydzial\/wnst\/wp-json\/wp\/v2\/comments?post=347"}],"version-history":[{"count":10,"href":"https:\/\/us.edu.pl\/wydzial\/wnst\/wp-json\/wp\/v2\/pages\/347\/revisions"}],"predecessor-version":[{"id":201278,"href":"https:\/\/us.edu.pl\/wydzial\/wnst\/wp-json\/wp\/v2\/pages\/347\/revisions\/201278"}],"up":[{"embeddable":true,"href":"https:\/\/us.edu.pl\/wydzial\/wnst\/wp-json\/wp\/v2\/pages\/2272"}],"wp:attachment":[{"href":"https:\/\/us.edu.pl\/wydzial\/wnst\/wp-json\/wp\/v2\/media?parent=347"}],"curies":[{"name":"wp","href":"https:\/\/api.w.org\/{rel}","templated":true}]}}