{"id":349,"date":"2019-10-23T10:54:30","date_gmt":"2019-10-23T08:54:30","guid":{"rendered":"https:\/\/us.edu.pl\/wydzial\/wnst\/?page_id=349"},"modified":"2025-12-01T12:49:59","modified_gmt":"2025-12-01T11:49:59","slug":"informatyka","status":"publish","type":"page","link":"https:\/\/us.edu.pl\/wydzial\/wnst\/studia\/kandydat\/oferta-dydaktyczna\/informatyka\/","title":{"rendered":"informatyka"},"content":{"rendered":"<p>[vc_row][vc_column]\r\n                <div class=\"text-modules reverse\">\r\n                    <div class=\"container\">\r\n                        <h3 class=\"section-title section-title_border-bottom\">Informatyka - studia I i II stopnia, stacjonarne i niestacjonarne<\/h3> <h3 class=\"subtitle text-modules__subtitle\">j\u0119zyk wyk\u0142adowy: polski<\/h3>\r\n                        <div class=\"row m-0\">\r\n                            <div class=\"text-modules__content\">\r\n                                Marzy Ci si\u0119 dobrze p\u0142atna praca w bran\u017cy IT? Twoim pierwszym s\u0142owem by\u0142o nie \u201emama\u201d, a \u201ePython\u201d lub \u201eC++\u201d? A mo\u017ce zwyczajnie zastanawiasz si\u0119, czy to ca\u0142e programowanie jest tak trudne, jak si\u0119 wydaje? Nie zastanawiaj si\u0119, studiuj informatyk\u0119!<\/p>\n<p>Na oferowanych przez nas studiach I stopnia zdob\u0119dziesz wiedz\u0119 z zakresu rozwi\u0105zywania problem\u00f3w i obs\u0142ugi system\u00f3w komputerowych, architektury, algorytmiki i programowania. Zapoznaj\u0105c si\u0119 z kanonem informatyki oraz przedmiotami kierunkowymi, rozwiniesz r\u00f3wnie\u017c w\u0142asn\u0105 kreatywno\u015b\u0107 i nieszablonowe my\u015blenie \u2013 w ko\u0144cu informatyka nie jest zerojedynkowa. Uzyskan\u0105 wiedz\u0119, pog\u0142\u0119bisz na studiach II stopnia. A je\u017celi to jeszcze ma\u0142o, mo\u017cesz studiowa\u0107 <a href=\"https:\/\/us.edu.pl\/wydzial\/wnst\/en\/studia\/kandydat\/oferta-dydaktyczna\/computer-science\/\"><strong>computer science<\/strong><\/a> &#8211; studia prowadzone w 100% j\u0119zyku angielskim.<\/p>\n<p>Przez ca\u0142y okres studi\u00f3w b\u0119dziesz mie\u0107 mo\u017cliwo\u015b\u0107 uczestniczenia w licznych warsztatach, szkoleniach oraz dedykowanych zaj\u0119ciach specjalistycznych Akademii Oracle, Microsoftu i Cisco. Nic, tylko si\u0119 rejestrowa\u0107! \r\n                                <div class=\"mt-3\"><a href=\"https:\/\/informator.us.edu.pl\/programmes\/list\/all\/IN\/\" class=\"link-button mr-3 \">Karta kierunku - program studi\u00f3w <\/a><\/div>\r\n                            <\/div>\r\n                            \r\n                            <div class=\"text-modules__img\"><img src=\"https:\/\/us.edu.pl\/wydzial\/wnst\/wp-content\/uploads\/sites\/18\/zdjecia-kierunki\/rekrutacja-23-24\/informatyka-1.png\" alt=\"img\"><\/div>\r\n                        <\/div>\r\n                    <\/div>\r\n                <\/div>[\/vc_column][\/vc_row][vc_row css=&#8221;.vc_custom_1764589692921{padding-right: 20px !important;padding-left: 20px !important;background-color: #f2f2f2 !important;}&#8221;][vc_column]\r\n                <div class=\"text-modules\">\r\n                    <div class=\"container\">\r\n                        \r\n                        <div class=\"text-modules__content\"><\/p>\n<h3>Zapisz si\u0119 na studia<\/h3>\n<p>Studia stacjonarne II stopnia<\/p>\n<p><strong><span style=\"color: #0095db;\">Tura 1 (16.12.2025 12:00 \u2013 16.02.2026 23:59)<\/span><\/strong><\/p>\n<p>Studia niestacjonarne II stopnia<\/p>\n<p><strong><span style=\"color: #0095db;\">Tura 1 (16.12.2025 12:00 \u2013 16.02.2026 23:59)<\/span><\/strong><\/p>\n<\/div>\r\n                    <\/div>\r\n                <\/div>[vc_btn title=&#8221;przejd\u017a do internetowej rejestracji dla kandydat\u00f3w&#8221; style=&#8221;outline-custom&#8221; outline_custom_color=&#8221;#002a5e&#8221; outline_custom_hover_background=&#8221;#002a5e&#8221; outline_custom_hover_text=&#8221;#ffffff&#8221; size=&#8221;lg&#8221; i_icon_fontawesome=&#8221;fas fa-arrow-right&#8221; add_icon=&#8221;true&#8221; link=&#8221;url:https%3A%2F%2Firk.us.edu.pl%2Fpl%2Foffer%2FSW-2025-L%2Ffield%2FIN%2F|target:_blank&#8221;][\/vc_column][\/vc_row]<\/p>","protected":false},"excerpt":{"rendered":"<p>[vc_row][vc_column][\/vc_column][\/vc_row][vc_row css=&#8221;.vc_custom_1764589692921{padding-right: 20px !important;padding-left: 20px !important;background-color: #f2f2f2 !important;}&#8221;][vc_column][vc_btn title=&#8221;przejd\u017a do internetowej rejestracji dla kandydat\u00f3w&#8221; style=&#8221;outline-custom&#8221; outline_custom_color=&#8221;#002a5e&#8221; outline_custom_hover_background=&#8221;#002a5e&#8221; outline_custom_hover_text=&#8221;#ffffff&#8221; size=&#8221;lg&#8221; i_icon_fontawesome=&#8221;fas fa-arrow-right&#8221; add_icon=&#8221;true&#8221; link=&#8221;url:https%3A%2F%2Firk.us.edu.pl%2Fpl%2Foffer%2FSW-2025-L%2Ffield%2FIN%2F|target:_blank&#8221;][\/vc_column][\/vc_row] [&#8230;]<\/p>\n<p><a class=\"btn btn-secondary understrap-read-more-link\" href=\"https:\/\/us.edu.pl\/wydzial\/wnst\/studia\/kandydat\/oferta-dydaktyczna\/informatyka\/\">Read More&#8230;<\/a><\/p>\n","protected":false},"author":1,"featured_media":0,"parent":2272,"menu_order":6,"comment_status":"closed","ping_status":"closed","template":"page-templates\/page-with-sidebar-and-bookmarks.php","meta":{"_expiration-date-status":"","_expiration-date":0,"_expiration-date-type":"","_expiration-date-categories":[],"_expiration-date-options":[]},"acf":[],"_links":{"self":[{"href":"https:\/\/us.edu.pl\/wydzial\/wnst\/wp-json\/wp\/v2\/pages\/349"}],"collection":[{"href":"https:\/\/us.edu.pl\/wydzial\/wnst\/wp-json\/wp\/v2\/pages"}],"about":[{"href":"https:\/\/us.edu.pl\/wydzial\/wnst\/wp-json\/wp\/v2\/types\/page"}],"author":[{"embeddable":true,"href":"https:\/\/us.edu.pl\/wydzial\/wnst\/wp-json\/wp\/v2\/users\/1"}],"replies":[{"embeddable":true,"href":"https:\/\/us.edu.pl\/wydzial\/wnst\/wp-json\/wp\/v2\/comments?post=349"}],"version-history":[{"count":11,"href":"https:\/\/us.edu.pl\/wydzial\/wnst\/wp-json\/wp\/v2\/pages\/349\/revisions"}],"predecessor-version":[{"id":202975,"href":"https:\/\/us.edu.pl\/wydzial\/wnst\/wp-json\/wp\/v2\/pages\/349\/revisions\/202975"}],"up":[{"embeddable":true,"href":"https:\/\/us.edu.pl\/wydzial\/wnst\/wp-json\/wp\/v2\/pages\/2272"}],"wp:attachment":[{"href":"https:\/\/us.edu.pl\/wydzial\/wnst\/wp-json\/wp\/v2\/media?parent=349"}],"curies":[{"name":"wp","href":"https:\/\/api.w.org\/{rel}","templated":true}]}}