{"id":359,"date":"2019-10-23T11:00:19","date_gmt":"2019-10-23T09:00:19","guid":{"rendered":"https:\/\/us.edu.pl\/wydzial\/wnst\/?page_id=359"},"modified":"2025-11-03T13:53:03","modified_gmt":"2025-11-03T12:53:03","slug":"chemia","status":"publish","type":"page","link":"https:\/\/us.edu.pl\/wydzial\/wnst\/studia\/kandydat\/oferta-dydaktyczna\/chemia\/","title":{"rendered":"chemia"},"content":{"rendered":"<p>[vc_row][vc_column]\r\n                <div class=\"text-modules reverse\">\r\n                    <div class=\"container\">\r\n                        <h3 class=\"section-title section-title_border-bottom\">Chemia - studia stacjonarne I i II stopnia<\/h3> <h3 class=\"subtitle text-modules__subtitle\">j\u0119zyk wyk\u0142adowy - polski<\/h3>\r\n                        <div class=\"row m-0\">\r\n                            <div class=\"text-modules__content\">\r\n                                Jeste\u015b ambitny, pracowity, chcesz zmienia\u0107 \u015bwiat na lepsze, pragniesz pog\u0142\u0119bia\u0107 swoj\u0105 wiedz\u0119 &#8211; to wszystko co jest Ci potrzebne, \u017ceby zosta\u0107 dobrym chemikiem, a studnia na U\u015a s\u0105 w\u0142a\u015bnie dla Ciebie. Przygotuj si\u0119 na fascynuj\u0105c\u0105 podr\u00f3\u017c przez \u015bwiat nauki, gdzie chemia i nauki pokrewne b\u0119d\u0105 Twoimi codziennymi towarzyszami. Odkryj, jak chemia wp\u0142ywa na medycyn\u0119, kryminologi\u0119 czy te\u017c produkcj\u0119 i kontrol\u0119 \u017cywno\u015bci oraz wiele innych dziedzin, kt\u00f3re kszta\u0142tuj\u0105 nasze \u017cycie.<\/p>\n<p><center><img class=\"size-full wp-image-176814 aligncenter\" src=\"https:\/\/us.edu.pl\/wydzial\/wnst\/wp-content\/uploads\/sites\/18\/Bez-kategorii\/tip.png\" alt=\"\" width=\"105\" height=\"90\" \/><br \/>\n<em><span style=\"color: #002e5a;\">Wyniki matury to tylko liczby \u2013 prawdziwa pasja zaczyna si\u0119 tutaj!<\/span><\/em><\/center> \r\n                                <div class=\"mt-3\"><a href=\"https:\/\/informator.us.edu.pl\/programmes\/list\/all\/CH\/\" class=\"link-button mr-3 \">Karta kierunku - program studi\u00f3w<\/a><\/div>\r\n                            <\/div>\r\n                            \r\n                            <div class=\"text-modules__img\"><img src=\"https:\/\/us.edu.pl\/wydzial\/wnst\/wp-content\/uploads\/sites\/18\/Bez-kategorii\/chemia1.png\" alt=\"img\"><\/div>\r\n                        <\/div>\r\n                    <\/div>\r\n                <\/div>\r\n                <div class=\"text-modules\">\r\n                    <div class=\"container\">\r\n                        \r\n                        <div class=\"text-modules__content\"><\/p>\n<h3><span style=\"color: #002e5a;\">Co oferujemy na kierunku chemia?<\/span><\/h3>\n<p><strong>Praktyka Laboratoryjna<\/strong>: na 1 stopniu studi\u00f3w prawie 1000 godzin sp\u0119dzonych w laboratoriach chemicznych pozwoli Ci zdoby\u0107 niezb\u0119dn\u0105 wiedz\u0119 oraz umiej\u0119tno\u015bci specyficzne dla pracy w laboratorium. To idealna okazja, by poczu\u0107 si\u0119 jak prawdziwy naukowiec!<\/p>\n<p>Ju\u017c od pierwszego roku studi\u00f3w mo\u017cesz rozwija\u0107 swoje pasje w ramach prac w <a href=\"https:\/\/www.facebook.com\/knchusaquaregia\" target=\"_blank\" rel=\"noopener\">Kole Naukowym Chemik\u00f3w AquaRegia<\/a>. Do\u0142\u0105cz do grupy zapale\u0144c\u00f3w i wsp\u00f3lnie tw\u00f3rzcie niesamowite projekty!<\/p>\n<p><strong>Obowi\u0105zkowe praktyki i p\u0142atne sta\u017ce:<\/strong>\u00a0w programie studi\u00f3w pierwszego stopnia mamy zaplanowane praktyki u pracodawc\u00f3w. Ale to nie wszystko\u2013 w ramach <a href=\"https:\/\/us.edu.pl\/wydzial\/wnst\/wspolpraca\/szkoly\/kwantowanie\/staze-studenckie\/\" target=\"_blank\" rel=\"noopener\">projekt\u00f3w zewn\u0119trznych<\/a> oferujemy r\u00f3wnie\u017c p\u0142atne, dwumiesi\u0119czne sta\u017ce dla naszych student\u00f3w (zar\u00f3wno 1 jaki i 2 stopnia studi\u00f3w).<\/p>\n<p><strong>Indywidualny wyb\u00f3r modu\u0142\u00f3w<\/strong>: interesuje Ci\u0119 chemia lek\u00f3w, analityka chemiczna a mo\u017ce chemia zwi\u0105zk\u00f3w luminescencyjnych? Na trzecim roku studi\u00f3w sam wybierzesz modu\u0142y zaj\u0119\u0107 specjalistycznych, kt\u00f3re Ci\u0119 interesuj\u0105, rozwijaj\u0105c swoje pasje naukowe. Stw\u00f3rz sw\u00f3j unikalny plan studi\u00f3w!<\/p>\n<p>Tak\u017ce na trzecim roku, wybierzesz zesp\u00f3\u0142 naukowy, w kt\u00f3rym zrealizujesz swoj\u0105 <strong>pierwsz\u0105 prac\u0119 naukow\u0105 \u2013 prac\u0119 licencjack\u0105<\/strong>. Zacznij swoj\u0105 przygod\u0119 z badaniami ju\u017c teraz!<\/p>\n<p><center><img class=\"size-full wp-image-176814 aligncenter\" src=\"https:\/\/us.edu.pl\/wydzial\/wnst\/wp-content\/uploads\/sites\/18\/Bez-kategorii\/tip.png\" alt=\"\" width=\"105\" height=\"90\" \/><br \/>\n<em><span style=\"color: #002e5a;\">Odkryjesz <strong>pasj\u0119 do chemii<\/strong> na naszych studiach! <\/span><\/em><\/center><br \/>\nInteresujesz si\u0119 <strong>kryminologi\u0105, lekami, toksykologi\u0105<\/strong>, a mo\u017ce <strong>chemi\u0105 teoretyczn\u0105<\/strong>? Zapraszamy na studia 2 stopnia, gdzie oferujemy <a href=\"https:\/\/us.edu.pl\/wydzial\/wnst\/studia\/specjalizacje\/\" target=\"_blank\" rel=\"noopener\">7 specjalizacji<\/a>, w tym specjalizacj\u0119 \u201e<strong>chemia s\u0105dowa<\/strong>\u201d realizowan\u0105 z <a href=\"https:\/\/www.gov.pl\/web\/ies\" target=\"_blank\" rel=\"noopener\">Instytutem Ekspertyz S\u0105dowych w Krakowie<\/a>.<\/p>\n<p>Nasze studia k\u0142ad\u0105 szczeg\u00f3lny nacisk na zr\u00f3wnowa\u017cony rozw\u00f3j oraz zielon\u0105 chemi\u0119. Przygotowujemy student\u00f3w do odpowiedzialnego podej\u015bcia do nauki i przemys\u0142u, kt\u00f3re minimalizuje negatywny wp\u0142yw na \u015brodowisko. W ramach naszych program\u00f3w nauczysz si\u0119, jak stosowa\u0107 zasady zielonej chemii w praktyce, aby przyczyni\u0107 si\u0119 do tworzenia bardziej zr\u00f3wnowa\u017conej przysz\u0142o\u015bci.<\/p>\n<h3><span style=\"color: #002e5a;\">Dlaczego warto wybra\u0107 nasze studia chemiczne?<\/span><\/h3>\n<p>Nasze studia to nie tylko nauka teorii, ale przede wszystkim praktyka i rozwijanie indywidualnych zainteresowa\u0144. Jeste\u015bmy tutaj, aby wspiera\u0107 Twoj\u0105 ciekawo\u015b\u0107, rozwija\u0107 umiej\u0119tno\u015bci i przygotowa\u0107 Ci\u0119 do kariery w \u015bwiecie nauki, przemys\u0142u czy edukacji. Do\u0142\u0105cz do nas i odkryj, jak fascynuj\u0105cy mo\u017ce by\u0107 \u015bwiat chemii! Twoja przygoda zaczyna si\u0119 teraz.<\/p>\n<p>A mo\u017ce jeste\u015b zainteresowany\/zainteresowana studiami na kierunku in\u017cynierskim? &#8211; zobacz nasz\u0105 ofert\u0119 studi\u00f3w na <a href=\"https:\/\/us.edu.pl\/wydzial\/wnst\/studia\/kandydat\/oferta-dydaktyczna\/technologia-chemiczna\" target=\"_blank\" rel=\"noopener\">kierunku technologia chemiczna<\/a><\/p>\n<hr \/>\n<p><center><img class=\"size-full wp-image-176814 aligncenter\" src=\"https:\/\/us.edu.pl\/wydzial\/wnst\/wp-content\/uploads\/sites\/18\/Bez-kategorii\/tip.png\" alt=\"\" width=\"105\" height=\"90\" \/><br \/>\n<em><span style=\"color: #002e5a;\">Po studiach licencjackich? Rozwa\u017c studia 2 stopnia <strong>w Katowicach &#8211; Mie\u015bcie Nauki 2024!<\/strong><\/span><\/em><\/center><\/p>\n<hr \/>\n<p>\n<\/div>\r\n                    <\/div>\r\n                <\/div>[\/vc_column][\/vc_row][vc_row disable_element=&#8221;yes&#8221;][vc_column]\r\n                <div class=\"text-modules reverse\">\r\n                    <div class=\"container\">\r\n                        <h3 class=\"section-title section-title_border-bottom\">Chemia - studia stacjonarne I i II stopnia<\/h3> <h3 class=\"subtitle text-modules__subtitle\">j\u0119zyk wyk\u0142adowy - polski<\/h3>\r\n                        <div class=\"row m-0\">\r\n                            <div class=\"text-modules__content\">\r\n                                <\/p>\n<p style=\"text-align: center;\"><span style=\"color: #002e5a;\"><strong>Polecamy now\u0105 specjalno\u015b\u0107<br \/>\n<span style=\"text-decoration: underline;\"><span style=\"color: #fbb900; text-decoration: underline;\">CHEMIA \u017bYWNO\u015aCI<\/span><br \/>\n<\/span><\/strong><\/span><span style=\"color: #002e5a;\"><strong>od semestru letniego 2023\/2024,<br \/>\ndla kandydat\u00f3w, kt\u00f3rzy uko\u0144czyli studia in\u017cynierskie.<\/strong><\/span><\/p>\n<p>Zastanawia\u0142e\u015b si\u0119 kiedy\u015b, jak codzienne produkty spo\u017cywcze staj\u0105 si\u0119 bezpieczne, zdrowe i dost\u0119pne? Za t\u0105 magi\u0105 stoi chemia, kt\u00f3ra kszta\u0142tuje nasze ulubione smaki i zapewnia wysok\u0105 jako\u015b\u0107 \u017cywno\u015bci!<\/p>\n<p>Czy marzysz o karierze, kt\u00f3ra \u0142\u0105czy pasj\u0119 do chemii z fascynacj\u0105 przemys\u0142em spo\u017cywczym? Odkryj nasz\u0105 now\u0105 specjalno\u015b\u0107 na kierunku chemia \u2013 <span style=\"color: #ff0000;\"><strong><span style=\"color: #fbb900;\">chemia \u017cywno\u015bci!<\/span>\u00a0<\/strong><\/span>To trzysemestralne studia drugiego stopnia, kt\u00f3re nie tylko poszerz\u0105 Twoj\u0105 wiedz\u0119, ale r\u00f3wnie\u017c wyposa\u017c\u0105 Ci\u0119 w praktyczne umiej\u0119tno\u015bci niezb\u0119dne do odniesienia sukcesu w dynamicznym \u015bwiecie chemii \u017cywno\u015bci. \r\n                                <div class=\"mt-3\"><\/div>\r\n                            <\/div>\r\n                            \r\n                            <div class=\"text-modules__img\"><img src=\"https:\/\/us.edu.pl\/wydzial\/wnst\/wp-content\/uploads\/sites\/18\/zdjecia-kierunki\/rekrutacja-22-23\/2.png\" alt=\"img\"><\/div>\r\n                        <\/div>\r\n                    <\/div>\r\n                <\/div>[\/vc_column][\/vc_row][vc_row disable_element=&#8221;yes&#8221;][vc_column]\r\n                <div class=\"text-modules\">\r\n                    <div class=\"container\">\r\n                        \r\n                        <div class=\"text-modules__content\"><p>Chemia \u017cywno\u015bci &#8211; zobacz, jak unikaln\u0105 ofert\u0119 zaj\u0119\u0107 dla Ciebie przygotowali\u015bmy:<\/p>\n<ul>\n<li><strong>Kontrola jako\u015bci \u017cywno\u015bci, wykrywanie zafa\u0142szowa\u0144:<\/strong><\/li>\n<\/ul>\n<p>Zdob\u0105d\u017a umiej\u0119tno\u015bci przeprowadzania analiz chemicznych i fizycznych, potwierdzaj\u0105c zgodno\u015b\u0107 z normami jako\u015bci i identyfikuj\u0105c potencjalne zagro\u017cenia zdrowotne. Sta\u0144 si\u0119 ekspertem w ocenie jako\u015bci produkt\u00f3w spo\u017cywczych! Opanuj techniki i narz\u0119dzia wykrywania nieuczciwych praktyk na rynku spo\u017cywczym.<\/p>\n<ul>\n<li><strong>Prawo \u017cywno\u015bciowe<\/strong><\/li>\n<\/ul>\n<p><strong>Prawo \u017bywno\u015bciowe <\/strong>to wa\u017cny element naszego programu, kt\u00f3ry umo\u017cliwi Ci zg\u0142\u0119bienie regulacji dotycz\u0105cych produkcji, etykietowania i bezpiecze\u0144stwa \u017cywno\u015bci.<\/p>\n<ul>\n<li><strong>Techniki instrumentalne w analizie \u017cywno\u015bci<\/strong><\/li>\n<\/ul>\n<p>Zdob\u0105d\u017a wiedz\u0119 na temat najnowocze\u015bniejszych technik instrumentalnych u\u017cywanych do analizy sk\u0142adu chemicznego \u017cywno\u015bci. Od chromatografii po spektrometri\u0119 masow\u0105 &#8211; opanuj narz\u0119dzia, kt\u00f3re pomog\u0105 Ci zg\u0142\u0119bi\u0107 tajniki skomplikowanej struktury molekularnej produkt\u00f3w spo\u017cywczych.<\/p>\n<ul>\n<li><strong>Technologia produkcji i ocena jako\u015bci \u017cywno\u015bci<\/strong><\/li>\n<\/ul>\n<p>Przeanalizuj procesy produkcyjne oraz dowiedz si\u0119, jak ocenia\u0107 jako\u015b\u0107 \u017cywno\u015bci od etapu surowca do gotowego produktu. Osi\u0105gnij umiej\u0119tno\u015bci, kt\u00f3re s\u0105 kluczowe dla skutecznego zarz\u0105dzania produkcj\u0105 i utrzymania najwy\u017cszych standard\u00f3w jako\u015bci.<\/p>\n<ul>\n<li><strong>Technologie w produkcji napoj\u00f3w alkoholowych<\/strong><\/li>\n<\/ul>\n<p>Poznaj technologie fermentacji, destylacji i oceny sensorycznej napoj\u00f3w. Zdob\u0105d\u017a nie tylko teoretyczn\u0105 wiedz\u0119, ale r\u00f3wnie\u017c praktyczne umiej\u0119tno\u015bci potrzebne do stworzenia doskona\u0142ych smak\u00f3w i aromat\u00f3w. To m.in. te zaj\u0119cia b\u0119d\u0105 prowadzone w ramach wsp\u00f3\u0142pracy z przedsi\u0119biorstwem: Tyskie Browary Ksi\u0105\u017c\u0119ce.<\/p>\n<ul>\n<li><strong>Zasady zielonej chemii<\/strong><\/li>\n<\/ul>\n<p>Zdob\u0105d\u017a wiedz\u0119, jak zastosowanie zasad zielonej chemii mo\u017ce uczyni\u0107 produkcj\u0119 \u017cywno\u015bci bardziej ekologiczn\u0105, przyczyniaj\u0105c si\u0119 do zr\u00f3wnowa\u017conego rozwoju i ochrony \u015brodowiska.<br \/>\nRozpocznij fascynuj\u0105c\u0105 podr\u00f3\u017c w \u015bwiat <strong>chemii \u017cywno\u015bci!<\/strong> Je\u015bli zale\u017cy Ci na rozwoju w sektorze spo\u017cywczym, nasza specjalno\u015b\u0107 <strong>chemia \u017cywno\u015bci<\/strong> to klucz do otwarcia wielu drzwi zawodowych. Do\u0142\u0105cz do nas i zacznij kreowa\u0107 swoj\u0105 przysz\u0142o\u015b\u0107 ju\u017c dzi\u015b!<\/p>\n<\/div>\r\n                    <\/div>\r\n                <\/div>[\/vc_column][\/vc_row][vc_row disable_element=&#8221;yes&#8221; css=&#8221;.vc_custom_1762174371481{padding-right: 20px !important;padding-left: 20px !important;background-color: #f2f2f2 !important;}&#8221;][vc_column]\r\n                <div class=\"text-modules\">\r\n                    <div class=\"container\">\r\n                        \r\n                        <div class=\"text-modules__content\"><\/p>\n<h3>Zapisz si\u0119 na studia<\/h3>\n<p>Studia stacjonarne I stopnia<br \/>\n<span style=\"color: #0095db;\"><strong>Tura 4 (22.09.2025 07:00 \u2013 26.09.2025 23:59)<\/strong><\/span><\/p>\n<p>Studia stacjonarne II stopnia<br \/>\n<span style=\"color: #0095db;\"><strong>Tura 3 (22.09.2025 07:00 \u2013 09.10.2025 23:59)<\/strong><\/span><\/p>\n<\/div>\r\n                    <\/div>\r\n                <\/div>[vc_btn title=&#8221;przejd\u017a do internetowej rejestracji dla kandydat\u00f3w&#8221; style=&#8221;outline-custom&#8221; outline_custom_color=&#8221;#002e5a&#8221; outline_custom_hover_background=&#8221;#002e5a&#8221; outline_custom_hover_text=&#8221;#ffffff&#8221; size=&#8221;lg&#8221; i_icon_fontawesome=&#8221;fas fa-arrow-right&#8221; add_icon=&#8221;true&#8221; link=&#8221;url:https%3A%2F%2Firk.us.edu.pl%2Fpl%2Foffer%2FSW-2025-Z%2Ffield%2FCH%2F|target:_blank&#8221;][\/vc_column][\/vc_row]<\/p>","protected":false},"excerpt":{"rendered":"<p>[vc_row][vc_column][\/vc_column][\/vc_row][vc_row disable_element=&#8221;yes&#8221;][vc_column][\/vc_column][\/vc_row][vc_row disable_element=&#8221;yes&#8221;][vc_column][\/vc_column][\/vc_row][vc_row disable_element=&#8221;yes&#8221; css=&#8221;.vc_custom_1762174371481{padding-right: 20px !important;padding-left: 20px !important;background-color: #f2f2f2 !important;}&#8221;][vc_column][vc_btn title=&#8221;przejd\u017a do internetowej rejestracji dla kandydat\u00f3w&#8221; style=&#8221;outline-custom&#8221; outline_custom_color=&#8221;#002e5a&#8221; outline_custom_hover_background=&#8221;#002e5a&#8221; outline_custom_hover_text=&#8221;#ffffff&#8221; size=&#8221;lg&#8221; i_icon_fontawesome=&#8221;fas fa-arrow-right&#8221; add_icon=&#8221;true&#8221; link=&#8221;url:https%3A%2F%2Firk.us.edu.pl%2Fpl%2Foffer%2FSW-2025-Z%2Ffield%2FCH%2F|target:_blank&#8221;][\/vc_column][\/vc_row] [&#8230;]<\/p>\n<p><a class=\"btn btn-secondary understrap-read-more-link\" href=\"https:\/\/us.edu.pl\/wydzial\/wnst\/studia\/kandydat\/oferta-dydaktyczna\/chemia\/\">Read More&#8230;<\/a><\/p>\n","protected":false},"author":1,"featured_media":0,"parent":2272,"menu_order":2,"comment_status":"closed","ping_status":"closed","template":"page-templates\/page-with-sidebar-and-bookmarks.php","meta":{"_expiration-date-status":"","_expiration-date":0,"_expiration-date-type":"","_expiration-date-categories":[],"_expiration-date-options":[]},"acf":[],"_links":{"self":[{"href":"https:\/\/us.edu.pl\/wydzial\/wnst\/wp-json\/wp\/v2\/pages\/359"}],"collection":[{"href":"https:\/\/us.edu.pl\/wydzial\/wnst\/wp-json\/wp\/v2\/pages"}],"about":[{"href":"https:\/\/us.edu.pl\/wydzial\/wnst\/wp-json\/wp\/v2\/types\/page"}],"author":[{"embeddable":true,"href":"https:\/\/us.edu.pl\/wydzial\/wnst\/wp-json\/wp\/v2\/users\/1"}],"replies":[{"embeddable":true,"href":"https:\/\/us.edu.pl\/wydzial\/wnst\/wp-json\/wp\/v2\/comments?post=359"}],"version-history":[{"count":12,"href":"https:\/\/us.edu.pl\/wydzial\/wnst\/wp-json\/wp\/v2\/pages\/359\/revisions"}],"predecessor-version":[{"id":202352,"href":"https:\/\/us.edu.pl\/wydzial\/wnst\/wp-json\/wp\/v2\/pages\/359\/revisions\/202352"}],"up":[{"embeddable":true,"href":"https:\/\/us.edu.pl\/wydzial\/wnst\/wp-json\/wp\/v2\/pages\/2272"}],"wp:attachment":[{"href":"https:\/\/us.edu.pl\/wydzial\/wnst\/wp-json\/wp\/v2\/media?parent=359"}],"curies":[{"name":"wp","href":"https:\/\/api.w.org\/{rel}","templated":true}]}}