{"id":361,"date":"2019-10-23T11:01:18","date_gmt":"2019-10-23T09:01:18","guid":{"rendered":"https:\/\/us.edu.pl\/wydzial\/wnst\/?page_id=361"},"modified":"2025-10-10T15:34:34","modified_gmt":"2025-10-10T13:34:34","slug":"biofizyka","status":"publish","type":"page","link":"https:\/\/us.edu.pl\/wydzial\/wnst\/studia\/kandydat\/oferta-dydaktyczna\/biofizyka\/","title":{"rendered":"biofizyka"},"content":{"rendered":"<p>[vc_row][vc_column]\r\n                <div class=\"text-modules reverse\">\r\n                    <div class=\"container\">\r\n                        <h3 class=\"section-title section-title_border-bottom\">Biofizyka - studia stacjonarne I i II stopnia<\/h3> <h3 class=\"subtitle text-modules__subtitle\">j\u0119zyk wyk\u0142adowy: polski<\/h3>\r\n                        <div class=\"row m-0\">\r\n                            <div class=\"text-modules__content\">\r\n                                Je\u015bli fascynuj\u0105 Ci\u0119 nauki \u015bcis\u0142e i odkrywanie tajemnic \u017cycia na poziomie molekularnym, a mo\u017ce chcia\u0142by\u015b zdoby\u0107 umiej\u0119tno\u015bci zwi\u0105zane z popraw\u0105 stanu uk\u0142adu wzrokowego, to studia z biofizyki s\u0105 dla Ciebie. Ta interdyscyplinarna dziedzina, \u0142\u0105cz\u0105ca biologi\u0119, fizyk\u0119, chemi\u0119, matematyk\u0119 i medycyn\u0119, otwiera fascynuj\u0105ce mo\u017cliwo\u015bci rozwoju, pozwalaj\u0105c zrozumie\u0107 funkcjonowanie cia\u0142a, oddzia\u0142ywanie moleku\u0142 na procesy \u017cyciowe oraz rozwija\u0107 nowe leki i materia\u0142y wspieraj\u0105ce leczenie i korekcj\u0119 wad wzroku.<\/p>\n<p>Studia z biofizyki to niezwykle satysfakcjonuj\u0105ce wyzwanie, dzi\u0119ki kt\u00f3remu rozszerzysz swoj\u0105 wiedz\u0119, zdob\u0119dziesz cenne umiej\u0119tno\u015bci analityczne i naukowe my\u015blenie. Absolwenci biofizyki maj\u0105 mo\u017cliwo\u015b\u0107 pracy jako badacze, rozwijaj\u0105c nowe technologie medyczne i farmaceutyczne, jako optycy okularowi i optometry\u015bci (NO), a tak\u017ce jako specjali\u015bci w firmach zwi\u0105zanych z ochron\u0105 zdrowia, \u015brodowiska i innowacyjnymi technologiami.<\/p>\n<p>Wybierz kierunek biofizyka i otw\u00f3rz si\u0119 na fascynuj\u0105cy \u015bwiat interdyscyplinarnych odkry\u0107.<\/p>\n<p>Studia s\u0105 prowadzone w nowoczesnym obiekcie badawczo-dydaktycznym, w Kampusie w Chorzowie, znakomicie skomunikowanym z centrum Chorzowa i Katowic. \r\n                                <div class=\"mt-3\"><a href=\"https:\/\/informator.us.edu.pl\/programmes\/list\/all\/BF\/\" class=\"link-button mr-3 \">Karta kierunku - program studi\u00f3w<\/a><\/div>\r\n                            <\/div>\r\n                            \r\n                            <div class=\"text-modules__img\"><img src=\"https:\/\/us.edu.pl\/wydzial\/wnst\/wp-content\/uploads\/sites\/18\/zdjecia-kierunki\/rekrutacja-23-24\/biofizyka-1.png\" alt=\"img\"><\/div>\r\n                        <\/div>\r\n                    <\/div>\r\n                <\/div>[\/vc_column][\/vc_row][vc_row disable_element=&#8221;yes&#8221; css=&#8221;.vc_custom_1758703625146{padding-right: 20px !important;padding-left: 20px !important;background-color: #f2f2f2 !important;}&#8221;][vc_column]\r\n                <div class=\"text-modules\">\r\n                    <div class=\"container\">\r\n                        \r\n                        <div class=\"text-modules__content\"><\/p>\n<h3>Zapisz si\u0119 na studia<\/h3>\n<p><strong><span style=\"color: #0095db;\">Tura 3 (01.08.2025 07:00 \u2013 11.09.2025 23:59)<\/span><\/strong><\/p>\n<\/div>\r\n                    <\/div>\r\n                <\/div>[vc_btn title=&#8221;przejd\u017a do internetowej rejestracji dla kandydat\u00f3w&#8221; style=&#8221;outline-custom&#8221; outline_custom_color=&#8221;#002a5e&#8221; outline_custom_hover_background=&#8221;#002e5a&#8221; outline_custom_hover_text=&#8221;#ffffff&#8221; size=&#8221;lg&#8221; i_icon_fontawesome=&#8221;fas fa-arrow-right&#8221; add_icon=&#8221;true&#8221; link=&#8221;url:https%3A%2F%2Firk.us.edu.pl%2Fpl%2Foffer%2FSW-2025-Z%2Ffield%2FBF%2F|target:_blank&#8221;][\/vc_column][\/vc_row]<\/p>","protected":false},"excerpt":{"rendered":"<p>[vc_row][vc_column][\/vc_column][\/vc_row][vc_row disable_element=&#8221;yes&#8221; css=&#8221;.vc_custom_1758703625146{padding-right: 20px !important;padding-left: 20px !important;background-color: #f2f2f2 !important;}&#8221;][vc_column][vc_btn title=&#8221;przejd\u017a do internetowej rejestracji dla kandydat\u00f3w&#8221; style=&#8221;outline-custom&#8221; outline_custom_color=&#8221;#002a5e&#8221; outline_custom_hover_background=&#8221;#002e5a&#8221; outline_custom_hover_text=&#8221;#ffffff&#8221; size=&#8221;lg&#8221; i_icon_fontawesome=&#8221;fas fa-arrow-right&#8221; add_icon=&#8221;true&#8221; link=&#8221;url:https%3A%2F%2Firk.us.edu.pl%2Fpl%2Foffer%2FSW-2025-Z%2Ffield%2FBF%2F|target:_blank&#8221;][\/vc_column][\/vc_row] [&#8230;]<\/p>\n<p><a class=\"btn btn-secondary understrap-read-more-link\" href=\"https:\/\/us.edu.pl\/wydzial\/wnst\/studia\/kandydat\/oferta-dydaktyczna\/biofizyka\/\">Read More&#8230;<\/a><\/p>\n","protected":false},"author":1,"featured_media":0,"parent":2272,"menu_order":1,"comment_status":"closed","ping_status":"closed","template":"page-templates\/page-with-sidebar-and-bookmarks.php","meta":{"_expiration-date-status":"","_expiration-date":0,"_expiration-date-type":"","_expiration-date-categories":[],"_expiration-date-options":[]},"acf":[],"_links":{"self":[{"href":"https:\/\/us.edu.pl\/wydzial\/wnst\/wp-json\/wp\/v2\/pages\/361"}],"collection":[{"href":"https:\/\/us.edu.pl\/wydzial\/wnst\/wp-json\/wp\/v2\/pages"}],"about":[{"href":"https:\/\/us.edu.pl\/wydzial\/wnst\/wp-json\/wp\/v2\/types\/page"}],"author":[{"embeddable":true,"href":"https:\/\/us.edu.pl\/wydzial\/wnst\/wp-json\/wp\/v2\/users\/1"}],"replies":[{"embeddable":true,"href":"https:\/\/us.edu.pl\/wydzial\/wnst\/wp-json\/wp\/v2\/comments?post=361"}],"version-history":[{"count":10,"href":"https:\/\/us.edu.pl\/wydzial\/wnst\/wp-json\/wp\/v2\/pages\/361\/revisions"}],"predecessor-version":[{"id":201775,"href":"https:\/\/us.edu.pl\/wydzial\/wnst\/wp-json\/wp\/v2\/pages\/361\/revisions\/201775"}],"up":[{"embeddable":true,"href":"https:\/\/us.edu.pl\/wydzial\/wnst\/wp-json\/wp\/v2\/pages\/2272"}],"wp:attachment":[{"href":"https:\/\/us.edu.pl\/wydzial\/wnst\/wp-json\/wp\/v2\/media?parent=361"}],"curies":[{"name":"wp","href":"https:\/\/api.w.org\/{rel}","templated":true}]}}