{"id":3854,"date":"2020-03-16T15:43:04","date_gmt":"2020-03-16T14:43:04","guid":{"rendered":"https:\/\/us.edu.pl\/wydzial\/wnst\/?page_id=3854"},"modified":"2026-03-04T10:54:09","modified_gmt":"2026-03-04T09:54:09","slug":"dziekanat","status":"publish","type":"page","link":"https:\/\/us.edu.pl\/wydzial\/wnst\/strona-glowna\/struktura\/administracja\/dziekanat\/","title":{"rendered":"Dziekanat"},"content":{"rendered":"<p>[vc_row el_class=&#8221;container&#8221;][vc_column width=&#8221;1\/4&#8243;][vc_wp_text][\/vc_wp_text]\r\n                <div class=\"text-modules \">\r\n                    <div class=\"container\">\r\n                        <h3 class=\"section-title section-title_border-bottom\">Dziekanat<\/h3> \r\n                        <div class=\"row m-0\">\r\n                            <div class=\"text-modules__content\">\r\n                                <span style=\"color: #002e5a;\"><strong><a style=\"color: #002e5a;\" href=\"mailto:dziekanat.wnst@us.edu.pl\">dziekanat.wnst@us.edu.pl<\/a><\/strong><\/span> \r\n                                <div class=\"mt-3\"><\/div>\r\n                            <\/div>\r\n                            \r\n                            \r\n                        <\/div>\r\n                    <\/div>\r\n                <\/div>[\/vc_column][vc_column width=&#8221;3\/4&#8243;]\r\n                <div class=\"text-modules reverse\">\r\n                    <div class=\"container\">\r\n                         \r\n                        <div class=\"row m-0\">\r\n                            <div class=\"text-modules__content\">\r\n                                <strong>mgr in\u017c. Katarzyna Szczerba<\/strong><br \/>\nKierownik Dziekanatu<br \/>\nKatowice, ul. Bankowa 14\/220<br \/>\ntel. 32 359 19 70, <a href=\"mailto:katarzyna.szczerba@us.edu.pl\">katarzyna.szczerba@us.edu.pl<\/a> \r\n                                <div class=\"mt-3\"><\/div>\r\n                            <\/div>\r\n                            \r\n                            \r\n                        <\/div>\r\n                    <\/div>\r\n                <\/div>[\/vc_column][\/vc_row][vc_row el_class=&#8221;container&#8221;][vc_column width=&#8221;1\/4&#8243;][vc_column_text]<\/p>\n<h4><strong>Dziekanat spraw studenckich<\/strong><\/h4>\n<h4>obszar dzia\u0142ania:<\/h4>\n<p>&#8211; prowadzenie dokumentacji studenta,<br \/>\n&#8211; rozliczanie sesji egzaminacyjnych,<br \/>\n&#8211; bie\u017c\u0105ca obs\u0142uga studenta i absolwenta,<br \/>\n&#8211; przygotowywanie i wydawanie dyplom\u00f3w,<br \/>\n&#8211; sprawy socjalno-bytowe (stypendia, akademiki itp.).[\/vc_column_text][\/vc_column][vc_column width=&#8221;1\/4&#8243;][vc_wp_text title=&#8221;Sosnowiec&#8221;][\/vc_wp_text][vc_column_text]<\/p>\n<ul>\n<li><a href=\"https:\/\/ab.us.edu.pl\/emp?id=46381\">mgr Natasza Augustyn-Drz\u0105szcz<\/a><\/li>\n<li><a href=\"https:\/\/ab.us.edu.pl\/emp?id=51022\">mgr Kinga Bal<\/a><\/li>\n<li><a href=\"https:\/\/ab.us.edu.pl\/emp?id=17452\" target=\"_blank\" rel=\"noopener\">mgr Marta Brysz-Michalska<\/a><\/li>\n<li><a href=\"https:\/\/ab.us.edu.pl\/emp?id=23262\">Aleksandra Rogalska<\/a><\/li>\n<li><a href=\"https:\/\/ab.us.edu.pl\/emp?id=61243\">mgr Justyna \u015apiewakowska<\/a><\/li>\n<\/ul>\n<p>[\/vc_column_text][\/vc_column][vc_column width=&#8221;1\/4&#8243;][vc_wp_text title=&#8221;Katowice&#8221;][\/vc_wp_text][vc_column_text]<\/p>\n<ul>\n<li><a href=\"https:\/\/ab.us.edu.pl\/emp?id=PE246341\">Gra\u017cyna Dobrowolska<\/a><\/li>\n<li><a href=\"https:\/\/ab.us.edu.pl\/emp?id=61823\">mgr Micha\u0142 Gacki<\/a><\/li>\n<li><a href=\"https:\/\/ab.us.edu.pl\/emp?id=21612\">mgr Katarzyna Kulasa<\/a><\/li>\n<li><a href=\"https:\/\/ab.us.edu.pl\/emp?id=26792\">Anna Szarf<\/a><\/li>\n<\/ul>\n<p>[\/vc_column_text][\/vc_column][vc_column width=&#8221;1\/4&#8243;][vc_wp_text title=&#8221;Chorz\u00f3w&#8221;][\/vc_wp_text][vc_column_text]<\/p>\n<ul>\n<li><a href=\"https:\/\/ab.us.edu.pl\/emp?id=15572\">mgr Rafa\u0142 Lorenc<\/a><\/li>\n<li><a href=\"https:\/\/ab.us.edu.pl\/emp?id=65133\">mgr Anna Milejska<\/a><\/li>\n<\/ul>\n<p>[\/vc_column_text][\/vc_column][\/vc_row][vc_row][vc_column][\/vc_column][\/vc_row][vc_row el_class=&#8221;container&#8221;][vc_column width=&#8221;1\/4&#8243;][vc_column_text]<\/p>\n<h4 style=\"text-align: left;\"><strong>Dziekanat kierunkowy<\/strong><\/h4>\n<h4 style=\"text-align: left;\">obszar dzia\u0142ania:<\/h4>\n<p>&#8211; prowadzenie karty kierunku,<br \/>\n&#8211; aktualizacja katalogu kierunk\u00f3w,<br \/>\n&#8211; przygotowywanie harmonogramu zaj\u0119\u0107,<br \/>\n&#8211; uruchamianie zaj\u0119\u0107 i rejestracji w USOS.[\/vc_column_text][\/vc_column][vc_column width=&#8221;1\/4&#8243;][vc_wp_text title=&#8221;Sosnowiec&#8221;][\/vc_wp_text][vc_column_text]<\/p>\n<ul>\n<li><a href=\"https:\/\/ab.us.edu.pl\/emp?id=56363\">mgr Anna Kozie\u0142<\/a><\/li>\n<li><a href=\"https:\/\/ab.us.edu.pl\/emp?id=PE253056\" target=\"_blank\" rel=\"noopener\">mgr Agnieszka Sobczyk<\/a><\/li>\n<\/ul>\n<p>[\/vc_column_text][\/vc_column][vc_column width=&#8221;1\/4&#8243;][vc_wp_text title=&#8221;Katowice&#8221;][\/vc_wp_text][vc_column_text]<\/p>\n<ul>\n<li><a href=\"https:\/\/ab.us.edu.pl\/emp?id=10702\">mgr Aleksandra Hankus<\/a><\/li>\n<li><a href=\"https:\/\/ab.us.edu.pl\/emp?id=9712\">dr Krystyna Jarzembek<\/a><\/li>\n<li><a href=\"https:\/\/ab.us.edu.pl\/emp?id=28792\">dr in\u017c. Andrzej Turski<\/a><\/li>\n<\/ul>\n<p>[\/vc_column_text][\/vc_column][vc_column width=&#8221;1\/4&#8243;][vc_wp_text title=&#8221;Chorz\u00f3w&#8221;][\/vc_wp_text][vc_column_text]<\/p>\n<ul>\n<li><a href=\"https:\/\/ab.us.edu.pl\/emp?id=PE32820\">mgr Agnieszka Fija\u0142kowska<\/a><\/li>\n<li><a href=\"https:\/\/ab.us.edu.pl\/emp?id=PE251065\" target=\"_blank\" rel=\"noopener\">mgr Ma\u0142gorzata Kisiel<\/a><\/li>\n<li><a href=\"https:\/\/ab.us.edu.pl\/emp?id=15462\">dr Mariusz Lisowski<\/a><\/li>\n<\/ul>\n<p>[\/vc_column_text][\/vc_column][\/vc_row]<\/p>","protected":false},"excerpt":{"rendered":"<p>[vc_row el_class=&#8221;container&#8221;][vc_column width=&#8221;1\/4&#8243;][vc_wp_text][\/vc_wp_text][\/vc_column][vc_column width=&#8221;3\/4&#8243;][\/vc_column][\/vc_row][vc_row el_class=&#8221;container&#8221;][vc_column width=&#8221;1\/4&#8243;][vc_column_text] Dziekanat spraw studenckich obszar dzia\u0142ania: &#8211; prowadzenie dokumentacji studenta, &#8211; rozliczanie sesji egzaminacyjnych, &#8211; bie\u017c\u0105ca obs\u0142uga studenta i absolwenta, &#8211; przygotowywanie i wydawanie dyplom\u00f3w, &#8211; sprawy socjalno-bytowe (stypendia, akademiki itp.).[\/vc_column_text][\/vc_column][vc_column width=&#8221;1\/4&#8243;][vc_wp_text title=&#8221;Sosnowiec&#8221;][\/vc_wp_text][vc_column_text] mgr Natasza Augustyn-Drz\u0105szcz mgr Kinga Bal mgr Marta Brysz-Michalska Aleksandra Rogalska mgr Justyna \u015apiewakowska [\/vc_column_text][\/vc_column][vc_column width=&#8221;1\/4&#8243;][vc_wp_text title=&#8221;Katowice&#8221;][\/vc_wp_text][vc_column_text] [&#8230;]<\/p>\n<p><a class=\"btn btn-secondary understrap-read-more-link\" href=\"https:\/\/us.edu.pl\/wydzial\/wnst\/strona-glowna\/struktura\/administracja\/dziekanat\/\">Read More&#8230;<\/a><\/p>\n","protected":false},"author":92,"featured_media":0,"parent":987,"menu_order":0,"comment_status":"closed","ping_status":"closed","template":"","meta":{"_expiration-date-status":"","_expiration-date":0,"_expiration-date-type":"","_expiration-date-categories":[],"_expiration-date-options":[]},"acf":[],"_links":{"self":[{"href":"https:\/\/us.edu.pl\/wydzial\/wnst\/wp-json\/wp\/v2\/pages\/3854"}],"collection":[{"href":"https:\/\/us.edu.pl\/wydzial\/wnst\/wp-json\/wp\/v2\/pages"}],"about":[{"href":"https:\/\/us.edu.pl\/wydzial\/wnst\/wp-json\/wp\/v2\/types\/page"}],"author":[{"embeddable":true,"href":"https:\/\/us.edu.pl\/wydzial\/wnst\/wp-json\/wp\/v2\/users\/92"}],"replies":[{"embeddable":true,"href":"https:\/\/us.edu.pl\/wydzial\/wnst\/wp-json\/wp\/v2\/comments?post=3854"}],"version-history":[{"count":10,"href":"https:\/\/us.edu.pl\/wydzial\/wnst\/wp-json\/wp\/v2\/pages\/3854\/revisions"}],"predecessor-version":[{"id":204255,"href":"https:\/\/us.edu.pl\/wydzial\/wnst\/wp-json\/wp\/v2\/pages\/3854\/revisions\/204255"}],"up":[{"embeddable":true,"href":"https:\/\/us.edu.pl\/wydzial\/wnst\/wp-json\/wp\/v2\/pages\/987"}],"wp:attachment":[{"href":"https:\/\/us.edu.pl\/wydzial\/wnst\/wp-json\/wp\/v2\/media?parent=3854"}],"curies":[{"name":"wp","href":"https:\/\/api.w.org\/{rel}","templated":true}]}}