{"id":443,"date":"2019-10-31T09:42:59","date_gmt":"2019-10-31T08:42:59","guid":{"rendered":"https:\/\/us.edu.pl\/wydzial\/wnst\/?page_id=443"},"modified":"2026-04-24T13:37:39","modified_gmt":"2026-04-24T11:37:39","slug":"kontakt","status":"publish","type":"page","link":"https:\/\/us.edu.pl\/wydzial\/wnst\/kontakt\/","title":{"rendered":"Kontakt"},"content":{"rendered":"<p><\/p>\n<p>[vc_row el_class=&#8221;container&#8221;][vc_column width=&#8221;2\/3&#8243;]\r\n                <div class=\"text-modules\">\r\n                    <div class=\"container\">\r\n                        \r\n                        <div class=\"text-modules__content\"><\/p>\n<h3><strong><span style=\"color: #002a5e;\">Kontakt do Wydzia\u0142u Nauk \u015acis\u0142ych i Technicznyc<\/span>h<\/strong><\/h3>\n<p><strong>Biuro organizacyjne w Katowicach, ul. Bankowa 14, pok\u00f3j 223<br \/>\n<\/strong>tel. 32 3591712<br \/>\nemail: <a title=\"wy\u015blij wiadomo\u015b\u0107\" href=\"mailto:wnst@us.edu.pl\" target=\"_blank\" rel=\"noopener\">wnst@us.edu.pl<\/a><\/p>\n<p><strong>Biuro organizacyjne w Sosnowcu ul. \u017bytnia 12, pok\u00f3j 28<br \/>\n<\/strong>tel. 32 2691845<\/p>\n<p><strong>Biuro organizacyjne w Chorzowie, ul. 75 Pu\u0142ku Piechoty 1A, pok\u00f3j P\/0\/20<br \/>\n<\/strong>tel. 32 3497659<\/p>\n<p><strong>Dziekan<br \/>\n<\/strong>email: <a title=\"wy\u015blij wiadomo\u015b\u0107\" href=\"mailto:dziekan.wnst@us.edu.pl\" target=\"_blank\" rel=\"noopener\">dziekan.wnst@us.edu.pl<\/a><\/p>\n<p><strong>Dziekanat<br \/>\n<\/strong>email: <a title=\"wy\u015blij wiadomo\u015b\u0107\" href=\"mailto:dziekanat.wnst@us.edu.pl\" target=\"_blank\" rel=\"noopener\">dziekanat.wnst@us.edu.<\/a><a href=\"mailto:dziekanat.wnst@us.edu.pl\">pl<\/a><\/p>\n<p><strong>Promocja<\/strong><br \/>\ntel. 32 2691845<br \/>\nemail: <a title=\"wy\u015blij wiadomo\u015b\u0107\" href=\"mailto:promocja.wnst@us.edu.pl\" target=\"_blank\" rel=\"noopener\">promocja.wnst@us.edu.pl<\/a><\/p>\n<p><strong>Webmaster<br \/>\n<\/strong>32 2691869<br \/>\nemail: <a title=\"wy\u015blij wiadomo\u015b\u0107\" href=\"mailto:wiadomosci.wnst@us.edu.pl\" target=\"_blank\" rel=\"noopener\">wiadomosci.wnst@us.edu.pl<\/a><\/p>\n<\/div>\r\n                    <\/div>\r\n                <\/div><div class=\"container\"><div class=\"separator\" style=\"background-color: #002E5A\"><\/div><\/div>\r\n                <div class=\"text-modules\">\r\n                    <div class=\"container\">\r\n                        \r\n                        <div class=\"text-modules__content\"><p>Pobierz mapy kampus\u00f3w w formie plik\u00f3w pdf:<br \/>\n<a class=\"mtli_attachment mtli_pdf mtli_attachment mtli_pdf mtli_attachment mtli_pdf\" title=\"Katowice\" href=\"https:\/\/us.edu.pl\/wp-content\/uploads\/pliki\/mapa-A3-Katowice-Bankowa.pdf\" download=\"\" data-mtli=\"mtli_filesize403,78kB\">kampus Katowice<\/a>\u00a0|\u00a0<a class=\"mtli_attachment mtli_pdf mtli_attachment mtli_pdf mtli_attachment mtli_pdf\" title=\"Chorz\u00f3w\" href=\"https:\/\/us.edu.pl\/wp-content\/uploads\/pliki\/mapa-A3-Chorzow.pdf\" data-mtli=\"mtli_filesize443,63kB\">kampus Chorz\u00f3w<\/a> | <a class=\"mtli_attachment mtli_pdf mtli_attachment mtli_pdf mtli_attachment mtli_pdf\" title=\"Sosnowiec\" href=\"https:\/\/us.edu.pl\/wp-content\/uploads\/pliki\/mapa-A3-Sosnowiec.pdf\" data-mtli=\"mtli_filesize845,90kB\">kampus Sosnowiec<\/a><\/p>\n<\/div>\r\n                    <\/div>\r\n                <\/div>[\/vc_column][vc_column width=&#8221;1\/3&#8243;][\/vc_column][\/vc_row]<\/p>\n<p><\/p>","protected":false},"excerpt":{"rendered":"<p>[vc_row el_class=&#8221;container&#8221;][vc_column width=&#8221;2\/3&#8243;][\/vc_column][vc_column width=&#8221;1\/3&#8243;][\/vc_column][\/vc_row] [&#8230;]<\/p>\n<p><a class=\"btn btn-secondary understrap-read-more-link\" href=\"https:\/\/us.edu.pl\/wydzial\/wnst\/kontakt\/\">Read More&#8230;<\/a><\/p>\n","protected":false},"author":29,"featured_media":0,"parent":0,"menu_order":0,"comment_status":"closed","ping_status":"closed","template":"","meta":{"_expiration-date-status":"saved","_expiration-date":0,"_expiration-date-type":"","_expiration-date-categories":[],"_expiration-date-options":[]},"acf":[],"_links":{"self":[{"href":"https:\/\/us.edu.pl\/wydzial\/wnst\/wp-json\/wp\/v2\/pages\/443"}],"collection":[{"href":"https:\/\/us.edu.pl\/wydzial\/wnst\/wp-json\/wp\/v2\/pages"}],"about":[{"href":"https:\/\/us.edu.pl\/wydzial\/wnst\/wp-json\/wp\/v2\/types\/page"}],"author":[{"embeddable":true,"href":"https:\/\/us.edu.pl\/wydzial\/wnst\/wp-json\/wp\/v2\/users\/29"}],"replies":[{"embeddable":true,"href":"https:\/\/us.edu.pl\/wydzial\/wnst\/wp-json\/wp\/v2\/comments?post=443"}],"version-history":[{"count":10,"href":"https:\/\/us.edu.pl\/wydzial\/wnst\/wp-json\/wp\/v2\/pages\/443\/revisions"}],"predecessor-version":[{"id":205155,"href":"https:\/\/us.edu.pl\/wydzial\/wnst\/wp-json\/wp\/v2\/pages\/443\/revisions\/205155"}],"wp:attachment":[{"href":"https:\/\/us.edu.pl\/wydzial\/wnst\/wp-json\/wp\/v2\/media?parent=443"}],"curies":[{"name":"wp","href":"https:\/\/api.w.org\/{rel}","templated":true}]}}