{"id":470,"date":"2019-11-12T11:17:44","date_gmt":"2019-11-12T10:17:44","guid":{"rendered":"https:\/\/us.edu.pl\/wydzial\/wnst\/?page_id=470"},"modified":"2026-03-19T08:26:49","modified_gmt":"2026-03-19T07:26:49","slug":"wladze","status":"publish","type":"page","link":"https:\/\/us.edu.pl\/wydzial\/wnst\/strona-glowna\/wladze\/","title":{"rendered":"w\u0142adze"},"content":{"rendered":"<p>[vc_row el_class=&#8221;container&#8221;][vc_column width=&#8221;2\/3&#8243;]\r\n                <div class=\"text-modules\">\r\n                    <div class=\"container\">\r\n                        \r\n                        <div class=\"text-modules__content\"><\/p>\n<h1><strong><span style=\"color: #003366;\">Dziekan<\/span><\/strong><\/h1>\n<p>\n<\/div>\r\n                    <\/div>\r\n                <\/div>[\/vc_column][vc_column width=&#8221;1\/3&#8243;][\/vc_column][\/vc_row][vc_row content_placement=&#8221;middle&#8221; css=&#8221;.vc_custom_1600363611106{margin-top: 2px !important;margin-bottom: 10px !important;border-top-width: 2px !important;padding-top: 2px !important;border-top-color: #000000 !important;}&#8221; el_class=&#8221;container&#8221;][vc_column width=&#8221;4\/5&#8243; css=&#8221;.vc_custom_1725277654615{margin-top: 15px !important;margin-left: 15px !important;border-top-width: 30px !important;border-left-width: 15px !important;padding-top: 15px !important;padding-left: 15px !important;background-color: #dddddd !important;border-left-color: #dddddd !important;border-left-style: solid !important;border-top-color: #dddddd !important;border-top-style: solid !important;}&#8221;][vc_row_inner][vc_column_inner width=&#8221;1\/3&#8243;][vc_single_image image=&#8221;179728&#8243; img_size=&#8221;full&#8221; alignment=&#8221;center&#8221; style=&#8221;vc_box_rounded&#8221;][\/vc_column_inner][vc_column_inner width=&#8221;2\/3&#8243;]\r\n                <div class=\"text-modules\">\r\n                    <div class=\"container\">\r\n                        \r\n                        <div class=\"text-modules__content\"><\/p>\n<h3><span style=\"color: #003366;\">dr hab.<\/span><\/h3>\n<h3><strong><span style=\"color: #003366;\">Seweryn Kowalski<\/span><\/strong><\/h3>\n<h3><span style=\"color: #003366;\">prof. U\u015a<\/span><\/h3>\n<h3>Dziekan Wydzia\u0142u Nauk \u015acis\u0142ych i\u00a0Technicznych<\/h3>\n<p>&nbsp;<\/p>\n<hr \/>\n<p><a title=\"odno\u015bnik do innej strony www, link otwiera si\u0119 w innym oknie\" href=\"https:\/\/ab.us.edu.pl\/emp?id=12832\" target=\"_blank\" rel=\"noopener\">kontakt<\/a><\/p>\n<p><strong>Dy\u017cur<\/strong><\/p>\n<p><strong>Chorz\u00f3w<\/strong> ul. 75. Pu\u0142ku Piechoty 1A, pom. S\/1\/01: poniedzia\u0142ek 11.30-13.00<br \/>\n<strong>Katowice<\/strong> ul. Bankowa 14, Pawilon E pom. 223: pi\u0105tek 9.30-11.00<br \/>\n<strong>Sosnowiec<\/strong> ul. \u017bytnia 12 pom. 1: poniedzia\u0142ek 9.30-11.00<\/p>\n<\/div>\r\n                    <\/div>\r\n                <\/div>[\/vc_column_inner][\/vc_row_inner][\/vc_column][vc_column width=&#8221;1\/5&#8243;][\/vc_column][\/vc_row][vc_row el_class=&#8221;container&#8221;][vc_column width=&#8221;4\/5&#8243;][vc_empty_space height=&#8221;35&#8243;]\r\n                <div class=\"text-modules\">\r\n                    <div class=\"container\">\r\n                        \r\n                        <div class=\"text-modules__content\"><\/p>\n<h1><strong><span style=\"color: #003366;\">Prodziekani<\/span><\/strong><\/h1>\n<p>\n<\/div>\r\n                    <\/div>\r\n                <\/div>[\/vc_column][vc_column width=&#8221;1\/5&#8243;][\/vc_column][\/vc_row][vc_row el_class=&#8221;container&#8221;][vc_column width=&#8221;4\/5&#8243; css=&#8221;.vc_custom_1725277687717{margin-top: 15px !important;margin-left: 15px !important;border-top-width: 30px !important;border-left-width: 15px !important;padding-top: 15px !important;padding-left: 15px !important;background-color: #dddddd !important;border-left-color: #dddddd !important;border-left-style: solid !important;border-top-color: #dddddd !important;border-top-style: solid !important;}&#8221;][vc_row_inner][vc_column_inner width=&#8221;1\/3&#8243;][vc_single_image image=&#8221;1408&#8243; img_size=&#8221;full&#8221; alignment=&#8221;center&#8221; style=&#8221;vc_box_rounded&#8221;][\/vc_column_inner][vc_column_inner width=&#8221;2\/3&#8243;]\r\n                <div class=\"text-modules\">\r\n                    <div class=\"container\">\r\n                        \r\n                        <div class=\"text-modules__content\"><\/p>\n<h3><span style=\"color: #003366;\">prof. dr hab.\u00a0<\/span><\/h3>\n<h3><strong><span style=\"color: #002e5a;\">Miros\u0142aw Chor\u0105\u017cewski<\/span><\/strong><\/h3>\n<h3 style=\"color: #003366;\"><span style=\"color: #000000;\">Prodziekan ds. nauki i wsp\u00f3\u0142pracy z zagranic\u0105<\/span><\/h3>\n<p>&nbsp;<\/p>\n<hr \/>\n<p><a title=\"odno\u015bnik do innej strony www, link otwiera nowe okno\" href=\"https:\/\/ab.us.edu.pl\/emp?id=3102\" target=\"_blank\" rel=\"noopener\">kontakt<\/a><\/p>\n<p><strong>Dy\u017cur<\/strong><\/p>\n<p><strong>Katowice<\/strong> ul. Bankowa 14, Pawilon E pom. 223: czwartek 12.00-14.00<\/p>\n<\/div>\r\n                    <\/div>\r\n                <\/div>[\/vc_column_inner][\/vc_row_inner][\/vc_column][vc_column width=&#8221;1\/5&#8243;][\/vc_column][\/vc_row][vc_row el_class=&#8221;container&#8221;][vc_column width=&#8221;4\/5&#8243; css=&#8221;.vc_custom_1725277687717{margin-top: 15px !important;margin-left: 15px !important;border-top-width: 30px !important;border-left-width: 15px !important;padding-top: 15px !important;padding-left: 15px !important;background-color: #dddddd !important;border-left-color: #dddddd !important;border-left-style: solid !important;border-top-color: #dddddd !important;border-top-style: solid !important;}&#8221;][vc_row_inner][vc_column_inner width=&#8221;1\/3&#8243;][vc_single_image image=&#8221;177949&#8243; img_size=&#8221;full&#8221; alignment=&#8221;center&#8221; style=&#8221;vc_box_rounded&#8221;][\/vc_column_inner][vc_column_inner width=&#8221;2\/3&#8243;]\r\n                <div class=\"text-modules\">\r\n                    <div class=\"container\">\r\n                        \r\n                        <div class=\"text-modules__content\"><\/p>\n<h3><span style=\"color: #003366;\">dr<\/span><strong><span style=\"color: #003366;\">\u00a0<\/span><\/strong><\/h3>\n<h3><strong><span style=\"color: #003366;\">Joanna Maszybrocka<\/span><\/strong><\/h3>\n<h3><span style=\"color: #003366;\">prof. U\u015a<\/span><\/h3>\n<h3>Prodziekan ds. studenckich i kszta\u0142cenia<\/h3>\n<p>&nbsp;<\/p>\n<hr \/>\n<p><a title=\"odno\u015bnik do innej strony www, link otwiera nowe okno\" href=\"https:\/\/ab.us.edu.pl\/emp?id=16792\" target=\"_blank\" rel=\"noopener\">kontakt<\/a><\/p>\n<p><strong>Dy\u017cur<\/strong><\/p>\n<p><strong>Chorz\u00f3w<\/strong> ul. 75. Pu\u0142ku Piechoty 1A, pom. P\/0\/11: czwartek 13.00-13.45<br \/>\n<strong>Katowice<\/strong> ul. Bankowa 14, Pawilon E pom. 221: wtorek 13.00-13.45<br \/>\n<strong>Sosnowiec<\/strong> ul. \u017bytnia 12 pom. 1: poniedzia\u0142ek 13.15-14.00<\/p>\n<\/div>\r\n                    <\/div>\r\n                <\/div>[\/vc_column_inner][\/vc_row_inner][\/vc_column][vc_column width=&#8221;1\/5&#8243;][\/vc_column][\/vc_row][vc_row el_class=&#8221;container&#8221;][vc_column width=&#8221;4\/5&#8243; css=&#8221;.vc_custom_1725277687717{margin-top: 15px !important;margin-left: 15px !important;border-top-width: 30px !important;border-left-width: 15px !important;padding-top: 15px !important;padding-left: 15px !important;background-color: #dddddd !important;border-left-color: #dddddd !important;border-left-style: solid !important;border-top-color: #dddddd !important;border-top-style: solid !important;}&#8221;][vc_row_inner][vc_column_inner width=&#8221;1\/3&#8243;][vc_single_image image=&#8221;179742&#8243; img_size=&#8221;full&#8221; alignment=&#8221;center&#8221; style=&#8221;vc_box_rounded&#8221;][\/vc_column_inner][vc_column_inner width=&#8221;2\/3&#8243;]\r\n                <div class=\"text-modules\">\r\n                    <div class=\"container\">\r\n                        \r\n                        <div class=\"text-modules__content\"><\/p>\n<h3><span style=\"color: #003366;\">dr hab.<\/span><\/h3>\n<h3><span style=\"color: #002e5a;\"><strong>Agnieszka Nowak-Brzezi\u0144ska<\/strong><\/span><\/h3>\n<h3><span style=\"color: #003366;\">prof. U\u015a<\/span><\/h3>\n<h3>Prodziekan ds. promocji i rozwoju<\/h3>\n<p>&nbsp;<\/p>\n<hr \/>\n<p><a title=\"odno\u015bnik do innej strony www, link otwiera nowe okno\" href=\"https:\/\/ab.us.edu.pl\/emp?id=19302\" target=\"_blank\" rel=\"noopener\">kontakt<\/a><\/p>\n<p><strong>Dy\u017cur<\/strong><\/p>\n<p><strong>Katowice<\/strong> ul. Bankowa 14, Pawilon E pom. 223: wtorek 9.00-10.00<br \/>\n<strong>Sosnowiec<\/strong> ul. \u017bytnia 12 pom. 1: czwartek 10.00-11.00<\/p>\n<\/div>\r\n                    <\/div>\r\n                <\/div>[\/vc_column_inner][\/vc_row_inner][\/vc_column][vc_column width=&#8221;1\/5&#8243;][\/vc_column][\/vc_row][vc_row el_class=&#8221;container&#8221;][vc_column width=&#8221;3\/4&#8243;]\r\n\t\t\t\t<div class='container'>\r\n\t\t\t\t\t<div class='list-links list-links_'>\r\n\t\t\t\t\t\t  \r\n\t\t\t\t\t\t  <ul>\r\n\t\t\t\t\t\t\t\t<li><a href='https:\/\/us.edu.pl\/wydzial\/wnst\/strona-glowna\/wladze\/dyrektorzy-instytutow\/'><h4>Dyrektorzy Instytut\u00f3w<\/h4><\/a><\/li>\r\n\t\t\t\t\t\t\t\t<li><a href='https:\/\/us.edu.pl\/wydzial\/wnst\/strona-glowna\/wladze\/rady-dydaktyczne-kierunkow\/'><h4>Dyrektorzy kierunk\u00f3w studi\u00f3w<\/h4><\/a><\/li>\r\n\t\t\t\t\t\t\t\t<li><a href='https:\/\/us.edu.pl\/wydzial\/wnst\/strona-glowna\/wladze\/pelnomocnicy-dziekana\/'><h4>Pe\u0142nomocnicy Dziekana <\/h4><\/a><\/li>\r\n\t\t\t\t\t\t\t\t<li><a href='https:\/\/us.edu.pl\/wydzial\/wnst\/strona-glowna\/wladze\/kierownik-organizacyjny-wydzialu\/'><h4>Kierownik organizacyjny Wydzia\u0142u<\/h4><\/a><\/li>\r\n\t\t\t\t\t\t\t\t<li><a href='https:\/\/us.edu.pl\/wydzial\/wnst\/strona-glowna\/wladze\/wydzialowa-komisja-ds-ksztalcenia-i-studentow\/'><h4>Wydzia\u0142owa komisja ds. kszta\u0142cenia i student\u00f3w<\/h4><\/a><\/li>\r\n\t\t\t\t\t\t\t\t<li><a href='https:\/\/us.edu.pl\/wydzial\/wnst\/strona-glowna\/wladze\/rady-dydaktyczne-2\/'><h4>Rady dydaktyczne kierunk\u00f3w<\/h4><\/a><\/li><\/ul>\r\n\t\t\t\t\t<\/div>\r\n\t\t\t\t<\/div>   \r\n\t\t\t\t\t[\/vc_column][vc_column width=&#8221;1\/4&#8243;][\/vc_column][\/vc_row]<\/p>","protected":false},"excerpt":{"rendered":"<p>[vc_row el_class=&#8221;container&#8221;][vc_column width=&#8221;2\/3&#8243;][\/vc_column][vc_column width=&#8221;1\/3&#8243;][\/vc_column][\/vc_row][vc_row content_placement=&#8221;middle&#8221; css=&#8221;.vc_custom_1600363611106{margin-top: 2px !important;margin-bottom: 10px !important;border-top-width: 2px !important;padding-top: 2px !important;border-top-color: #000000 !important;}&#8221; el_class=&#8221;container&#8221;][vc_column width=&#8221;4\/5&#8243; css=&#8221;.vc_custom_1725277654615{margin-top: 15px !important;margin-left: 15px !important;border-top-width: 30px !important;border-left-width: 15px !important;padding-top: 15px !important;padding-left: 15px !important;background-color: #dddddd !important;border-left-color: #dddddd !important;border-left-style: solid !important;border-top-color: #dddddd !important;border-top-style: solid !important;}&#8221;][vc_row_inner][vc_column_inner width=&#8221;1\/3&#8243;][vc_single_image image=&#8221;179728&#8243; img_size=&#8221;full&#8221; alignment=&#8221;center&#8221; style=&#8221;vc_box_rounded&#8221;][\/vc_column_inner][vc_column_inner width=&#8221;2\/3&#8243;][\/vc_column_inner][\/vc_row_inner][\/vc_column][vc_column width=&#8221;1\/5&#8243;][\/vc_column][\/vc_row][vc_row el_class=&#8221;container&#8221;][vc_column width=&#8221;4\/5&#8243;][vc_empty_space height=&#8221;35&#8243;][\/vc_column][vc_column width=&#8221;1\/5&#8243;][\/vc_column][\/vc_row][vc_row el_class=&#8221;container&#8221;][vc_column width=&#8221;4\/5&#8243; css=&#8221;.vc_custom_1725277687717{margin-top: [&#8230;]<\/p>\n<p><a class=\"btn btn-secondary understrap-read-more-link\" href=\"https:\/\/us.edu.pl\/wydzial\/wnst\/strona-glowna\/wladze\/\">Read More&#8230;<\/a><\/p>\n","protected":false},"author":99,"featured_media":0,"parent":103,"menu_order":2,"comment_status":"closed","ping_status":"closed","template":"","meta":{"_expiration-date-status":"","_expiration-date":0,"_expiration-date-type":"","_expiration-date-categories":[],"_expiration-date-options":[]},"acf":[],"_links":{"self":[{"href":"https:\/\/us.edu.pl\/wydzial\/wnst\/wp-json\/wp\/v2\/pages\/470"}],"collection":[{"href":"https:\/\/us.edu.pl\/wydzial\/wnst\/wp-json\/wp\/v2\/pages"}],"about":[{"href":"https:\/\/us.edu.pl\/wydzial\/wnst\/wp-json\/wp\/v2\/types\/page"}],"author":[{"embeddable":true,"href":"https:\/\/us.edu.pl\/wydzial\/wnst\/wp-json\/wp\/v2\/users\/99"}],"replies":[{"embeddable":true,"href":"https:\/\/us.edu.pl\/wydzial\/wnst\/wp-json\/wp\/v2\/comments?post=470"}],"version-history":[{"count":11,"href":"https:\/\/us.edu.pl\/wydzial\/wnst\/wp-json\/wp\/v2\/pages\/470\/revisions"}],"predecessor-version":[{"id":204718,"href":"https:\/\/us.edu.pl\/wydzial\/wnst\/wp-json\/wp\/v2\/pages\/470\/revisions\/204718"}],"up":[{"embeddable":true,"href":"https:\/\/us.edu.pl\/wydzial\/wnst\/wp-json\/wp\/v2\/pages\/103"}],"wp:attachment":[{"href":"https:\/\/us.edu.pl\/wydzial\/wnst\/wp-json\/wp\/v2\/media?parent=470"}],"curies":[{"name":"wp","href":"https:\/\/api.w.org\/{rel}","templated":true}]}}