{"id":4916,"date":"2020-06-03T09:17:53","date_gmt":"2020-06-03T07:17:53","guid":{"rendered":"https:\/\/us.edu.pl\/wydzial\/wnst\/?page_id=4916"},"modified":"2020-06-24T10:17:36","modified_gmt":"2020-06-24T08:17:36","slug":"poznaj-wydzial-nauk-scislych-i-technicznych","status":"publish","type":"page","link":"https:\/\/us.edu.pl\/wydzial\/wnst\/studia\/kandydat\/dni-otwarte\/wdo\/poznaj-wydzial-nauk-scislych-i-technicznych\/","title":{"rendered":"Poznaj Wydzia\u0142 Nauk \u015acis\u0142ych i Technicznych"},"content":{"rendered":"<p><\/p>\n<p>[vc_row][vc_column]\r\n                <div class=\"text-modules\">\r\n                    <div class=\"container\">\r\n                        <h3 class=\"page-title text__title\">Wszystko o nas<\/h3>\r\n                        <div class=\"text-modules__content\"><\/div>\r\n                    <\/div>\r\n                <\/div>[\/vc_column][\/vc_row][vc_row el_class=&#8221;container&#8221;][vc_column width=&#8221;1\/2&#8243;]\r\n                <div class=\"text-modules\">\r\n                    <div class=\"container\">\r\n                        \r\n                        <div class=\"text-modules__content\"><p><span style=\"color: #002e5a;font-size: 14pt\"><strong>Spot<br \/>\n<\/strong><\/span><\/p>\n<\/div>\r\n                    <\/div>\r\n                <\/div>[vc_video link=&#8221;https:\/\/youtu.be\/PQ28bjpE1XU?list=PL74e9uLPtEwPY7BDr7YGBOdfJLEfSW0li&#8221; align=&#8221;center&#8221;][\/vc_column][vc_column width=&#8221;1\/2&#8243;]\r\n                <div class=\"text-modules\">\r\n                    <div class=\"container\">\r\n                        \r\n                        <div class=\"text-modules__content\"><p><span style=\"color: #002e5a;font-size: 14pt\"><strong>Wirtualna wycieczka<br \/>\n<\/strong><\/span><\/p>\n<\/div>\r\n                    <\/div>\r\n                <\/div>[vc_video link=&#8221;https:\/\/youtu.be\/BE8ZE5V8XJo?list=PL74e9uLPtEwPH-JGwWhv_zjaJMF2TyxlR&#8221; align=&#8221;center&#8221;][\/vc_column][\/vc_row][vc_row el_class=&#8221;container&#8221;][vc_column width=&#8221;1\/2&#8243;]\r\n                <div class=\"text-modules\">\r\n                    <div class=\"container\">\r\n                        \r\n                        <div class=\"text-modules__content\"><p><strong><span style=\"color: #002e5a;font-size: 14pt\">Prezentacja<br \/>\n<\/span><\/strong><\/p>\n<p><iframe loading=\"lazy\" title=\"Wirtualne Dni Otwarte U\u015a: Poznaj Wydzia\u0142 Nauk \u015acis\u0142ych i Technicznych\" width=\"640\" height=\"360\" src=\"https:\/\/www.youtube.com\/embed\/HRUcB4lQyZ0?feature=oembed\" frameborder=\"0\" allow=\"accelerometer; autoplay; encrypted-media; gyroscope; picture-in-picture\" allowfullscreen><\/iframe><\/p>\n<p>\n<\/div>\r\n                    <\/div>\r\n                <\/div>[\/vc_column][vc_column width=&#8221;1\/2&#8243;]\r\n                <div class=\"text-modules\">\r\n                    <div class=\"container\">\r\n                        \r\n                        <div class=\"text-modules__content\"><p><strong><span style=\"color: #002e5a;font-size: 14pt\">Studenci kierunku matematyka o nas<br \/>\n<\/span><\/strong><\/p>\n<\/div>\r\n                    <\/div>\r\n                <\/div>[vc_video link=&#8221;https:\/\/youtu.be\/dcqkjDgnpg0&#8243; align=&#8221;center&#8221;][\/vc_column][\/vc_row][vc_row el_class=&#8221;container&#8221;][vc_column]\r\n\t\t\t\t<div class='container'>\r\n\t\t\t\t\t<div class='list-links list-links_blue'>\r\n\t\t\t\t\t\t  \r\n\t\t\t\t\t\t  <ul>\r\n\t\t\t\t\t\t\t\t<li><a href='https:\/\/us.edu.pl\/wydzial\/wnst\/studia\/dziekanaty\/'><p>poznaj nasz Dziekanat<\/p><\/a><\/li>\r\n\t\t\t\t\t\t\t\t<li><a href='https:\/\/katalog.us.edu.pl\/catalog\/program\/index?year=2020&ProgramSearch%5Bname%5D=&ProgramSearch%5Blevel_id%5D%5B%5D=SL_BACHELOR&ProgramSearch%5Blevel_id%5D%5B%5D=SL_MASTER&ProgramSearch%5Blevel_id%5D%5B%5D=SL_MASTER_LONG&ProgramSearch%5Blevel_id%5D%5B%5D=SL_MASTER_ENG&ProgramSearch%5Bfaculty_id%5D%5B%5D=W4'><p>rekrutuj si\u0119 na sw\u00f3j kierunek studi\u00f3w <\/p><\/a><\/li>\r\n\t\t\t\t\t\t\t\t<li><a href='https:\/\/www.facebook.com\/wnsit\/'><p>polub naszego Facebooka<\/p><\/a><\/li><\/ul>\r\n\t\t\t\t\t<\/div>\r\n\t\t\t\t<\/div>   \r\n\t\t\t\t\t[\/vc_column][\/vc_row][vc_row el_class=&#8221;container&#8221;][vc_column width=&#8221;1\/4&#8243;][\/vc_column][vc_column width=&#8221;1\/4&#8243;]            \r\n            <div class=\"sidebar_moduls sidebar_moduls_facebok fb-page\"\r\n              data-href=\"https:\/\/www.facebook.com\/wnsit\/\" \r\n              data-width=\"330\"\r\n              data-hide-cover=\"false\"\r\n              data-show-facepile=\"true\"><\/div>\r\n             \r\n             <div id=\"fb-root\"><\/div>\r\n            <script async defer crossorigin=\"anonymous\" src=\" https:\/\/connect.facebook.net\/pl_PL\/sdk.js#xfbml=1&version=v4.0 \">                        \r\n            <\/script>\r\n            [\/vc_column][vc_column width=&#8221;1\/4&#8243;]            \r\n            <div class=\"sidebar_moduls sidebar_moduls_facebok fb-page\"\r\n              data-href=\"https:\/\/www.facebook.com\/DziekanatWNST\/\" \r\n              data-width=\"330\"\r\n              data-hide-cover=\"false\"\r\n              data-show-facepile=\"true\"><\/div>\r\n             \r\n             <div id=\"fb-root\"><\/div>\r\n            <script async defer crossorigin=\"anonymous\" src=\" https:\/\/connect.facebook.net\/pl_PL\/sdk.js#xfbml=1&version=v4.0 \">                        \r\n            <\/script>\r\n            [\/vc_column][vc_column width=&#8221;1\/4&#8243;][\/vc_column][\/vc_row]<\/p>\n<p><\/p>","protected":false},"excerpt":{"rendered":"<p>[vc_row][vc_column][\/vc_column][\/vc_row][vc_row el_class=&#8221;container&#8221;][vc_column width=&#8221;1\/2&#8243;][vc_video link=&#8221;https:\/\/youtu.be\/PQ28bjpE1XU?list=PL74e9uLPtEwPY7BDr7YGBOdfJLEfSW0li&#8221; align=&#8221;center&#8221;][\/vc_column][vc_column width=&#8221;1\/2&#8243;][vc_video link=&#8221;https:\/\/youtu.be\/BE8ZE5V8XJo?list=PL74e9uLPtEwPH-JGwWhv_zjaJMF2TyxlR&#8221; align=&#8221;center&#8221;][\/vc_column][\/vc_row][vc_row el_class=&#8221;container&#8221;][vc_column width=&#8221;1\/2&#8243;][\/vc_column][vc_column width=&#8221;1\/2&#8243;][vc_video link=&#8221;https:\/\/youtu.be\/dcqkjDgnpg0&#8243; align=&#8221;center&#8221;][\/vc_column][\/vc_row][vc_row el_class=&#8221;container&#8221;][vc_column][\/vc_column][\/vc_row][vc_row el_class=&#8221;container&#8221;][vc_column width=&#8221;1\/4&#8243;][\/vc_column][vc_column width=&#8221;1\/4&#8243;][\/vc_column][vc_column width=&#8221;1\/4&#8243;][\/vc_column][vc_column width=&#8221;1\/4&#8243;][\/vc_column][\/vc_row] [&#8230;]<\/p>\n<p><a class=\"btn btn-secondary understrap-read-more-link\" href=\"https:\/\/us.edu.pl\/wydzial\/wnst\/studia\/kandydat\/dni-otwarte\/wdo\/poznaj-wydzial-nauk-scislych-i-technicznych\/\">Read More&#8230;<\/a><\/p>\n","protected":false},"author":92,"featured_media":0,"parent":4905,"menu_order":0,"comment_status":"closed","ping_status":"closed","template":"","meta":{"_expiration-date-status":"saved","_expiration-date":0,"_expiration-date-type":"","_expiration-date-categories":[],"_expiration-date-options":[]},"acf":[],"_links":{"self":[{"href":"https:\/\/us.edu.pl\/wydzial\/wnst\/wp-json\/wp\/v2\/pages\/4916"}],"collection":[{"href":"https:\/\/us.edu.pl\/wydzial\/wnst\/wp-json\/wp\/v2\/pages"}],"about":[{"href":"https:\/\/us.edu.pl\/wydzial\/wnst\/wp-json\/wp\/v2\/types\/page"}],"author":[{"embeddable":true,"href":"https:\/\/us.edu.pl\/wydzial\/wnst\/wp-json\/wp\/v2\/users\/92"}],"replies":[{"embeddable":true,"href":"https:\/\/us.edu.pl\/wydzial\/wnst\/wp-json\/wp\/v2\/comments?post=4916"}],"version-history":[{"count":54,"href":"https:\/\/us.edu.pl\/wydzial\/wnst\/wp-json\/wp\/v2\/pages\/4916\/revisions"}],"predecessor-version":[{"id":5320,"href":"https:\/\/us.edu.pl\/wydzial\/wnst\/wp-json\/wp\/v2\/pages\/4916\/revisions\/5320"}],"up":[{"embeddable":true,"href":"https:\/\/us.edu.pl\/wydzial\/wnst\/wp-json\/wp\/v2\/pages\/4905"}],"wp:attachment":[{"href":"https:\/\/us.edu.pl\/wydzial\/wnst\/wp-json\/wp\/v2\/media?parent=4916"}],"curies":[{"name":"wp","href":"https:\/\/api.w.org\/{rel}","templated":true}]}}