{"id":4932,"date":"2020-06-03T10:00:02","date_gmt":"2020-06-03T08:00:02","guid":{"rendered":"https:\/\/us.edu.pl\/wydzial\/wnst\/?page_id=4932"},"modified":"2020-06-23T14:44:11","modified_gmt":"2020-06-23T12:44:11","slug":"poznaj-kierunki","status":"publish","type":"page","link":"https:\/\/us.edu.pl\/wydzial\/wnst\/studia\/kandydat\/dni-otwarte\/wdo\/poznaj-kierunki\/","title":{"rendered":"Poznaj kierunki"},"content":{"rendered":"<p>[vc_row el_class=&#8221;container&#8221;][vc_column]\r\n                <div class=\"text-modules\">\r\n                    <div class=\"container\">\r\n                        \r\n                        <div class=\"text-modules__content\"><p><span style=\"font-size: 14pt;color: #092a4d\"><strong>Zapraszamy na spotkania online \u00a0<\/strong><\/span><br \/>\nNa tej stronie dowiesz si\u0119, kiedy odb\u0119dzie si\u0119 spotkanie dotycz\u0105ce interesuj\u0105cego Ci\u0119 kierunku. <strong>Matematyka<\/strong>? <strong>Fizyka<\/strong>? <strong>Chemia<\/strong>? Czym r\u00f3\u017cni si\u0119 <strong>Informatyka<\/strong> od <strong>Informatyki stosowanej<\/strong>? A mo\u017ce interesuj\u0105 Ci\u0119 kierunki z pogranicza nauk \u015bcis\u0142ych i medycznych?\u00a0 <strong>Fizyka medyczna, Biofizyka, In\u017cynieria biomedyczna<\/strong>?<\/p>\n<p>O tych i innych naszych kierunkach dowiesz si\u0119 na naszych <strong>spotkaniach LIVE<\/strong>. Uzyskasz odpowiedzi na nurtuj\u0105ce Ci\u0119 pytania z zakresu studi\u00f3w.<\/p>\n<p>Harmonogram spotka\u0144 na \u017cywo przedstawiamy poni\u017cej.<br \/>\nKlik w grafik\u0119 przeniesie Ci\u0119 do <strong>wydarzenia na profilu Facebook<\/strong>, gdzie mo\u017cesz zada\u0107 nam pytania. Klik w link przeniesie Ci\u0119 do naszego <strong>ZOOM ROOMu<\/strong>.<\/p>\n<p>Je\u015bli z jakiego\u015b powodu nie uda Ci si\u0119 uczestniczy\u0107 w kt\u00f3rym\u015b ze spotka\u0144, nie przejmuj si\u0119 \u2013 zapis transmisji zostanie wkr\u00f3tce udost\u0119pniony.<\/p>\n<\/div>\r\n                    <\/div>\r\n                <\/div>[\/vc_column][\/vc_row][vc_row el_class=&#8221;container&#8221;][vc_column]\r\n                <div class=\"text-modules reverse\">\r\n                    <div class=\"container\">\r\n                         <h3 class=\"subtitle text-modules__subtitle\">Biofizyka, Fizyka medyczna<\/h3>\r\n                        <div class=\"row m-0\">\r\n                            <div class=\"text-modules__content\">\r\n                                <strong>data: 16 czerwca 2020, godz. 14:00 \u2013 15:30<\/strong><br \/>\nnazwa linku: spotkanie z przedstawicielami kierunku na platformie Zoom<br \/>\nlink: <a href=\"https:\/\/zoom.us\/j\/91173265077?pwd=MjgwaS91TlN1N2wrbzdrUmFNQWtoUT09\">https:\/\/zoom.us\/j\/91173265077?pwd=MjgwaS91TlN1N2wrbzdrUmFNQWtoUT09<\/a><br \/>\nhas\u0142o: 4dGvDz<\/p>\n<p><strong>data: 25 czerwca 2020, godz. 14:00 \u2013 15:30<\/strong><br \/>\nnazwa linku: spotkanie z przedstawicielami kierunku na platformie Zoom<br \/>\nlink: <a href=\"https:\/\/zoom.us\/j\/95289450985?pwd=VE5OODNzeVNsOEczbG4ybjBZZHVMZz09\">https:\/\/zoom.us\/j\/95289450985?pwd=VE5OODNzeVNsOEczbG4ybjBZZHVMZz09<\/a><br \/>\nhas\u0142o: 5xZA5m<br \/>\n14:00 \u2013 14:45 \u2013 Fizyka medyczna<br \/>\n14:45 \u2013 15:30 \u2013 Biofizyka<\/p>\n<div class=\"mt-3\"><\/div>\r\n                            <\/div>\r\n                            \r\n                            <div class=\"text-modules__img\"><a href=\"https:\/\/www.facebook.com\/events\/272472320793553\/\" target=\"_blank\"><img src=\"https:\/\/us.edu.pl\/wydzial\/wnst\/wp-content\/uploads\/sites\/18\/zdjecia-ogolne\/WDO\/BFizyk-1.jpg\" alt=\"img\"><\/a><\/div>\r\n                        <\/div>\r\n                    <\/div>\r\n                <\/div>\r\n                <div class=\"text-modules reverse\">\r\n                    <div class=\"container\">\r\n                         <h3 class=\"subtitle text-modules__subtitle\">Informatyka, Computer Science<\/h3>\r\n                        <div class=\"row m-0\">\r\n                            <div class=\"text-modules__content\">\r\n                                <strong>data: 16 czerwca 2020, godz. 11:00 \u2013 13:30<\/strong><br \/>\nnazwa linku: spotkanie z przedstawicielami kierunku na platformie Zoom<br \/>\nlink: <a href=\"https:\/\/zoom.us\/j\/94621510652?pwd=ZitZeDhjMFBIWjJXK3FTTXVlRndQUT09\">https:\/\/zoom.us\/j\/94621510652?pwd=ZitZeDhjMFBIWjJXK3FTTXVlRndQUT09<\/a><br \/>\nhas\u0142o: 6j06J4 \r\n                                <div class=\"mt-3\"><\/div>\r\n                            <\/div>\r\n                            \r\n                            <div class=\"text-modules__img\"><a href=\"https:\/\/www.facebook.com\/events\/1627888500719493\/\" target=\"_blank\"><img src=\"https:\/\/us.edu.pl\/wydzial\/wnst\/wp-content\/uploads\/sites\/18\/zdjecia-ogolne\/WDO\/INF-1.jpg\" alt=\"img\"><\/a><\/div>\r\n                        <\/div>\r\n                    <\/div>\r\n                <\/div>\r\n                <div class=\"text-modules reverse\">\r\n                    <div class=\"container\">\r\n                         <h3 class=\"subtitle text-modules__subtitle\">Informatyka stosowana<\/h3>\r\n                        <div class=\"row m-0\">\r\n                            <div class=\"text-modules__content\">\r\n                                <strong>data: 16 czerwca 2020, godz. 14:00 &#8211; 15:30<\/strong><br \/>\nnazwa linku: spotkanie z przedstawicielami kierunku na platformie Zoom<br \/>\nlink: <a class=\"moz-txt-link-freetext\" href=\"https:\/\/zoom.us\/j\/95003011334?pwd=c1NCOHRJdnNKL1hwZVR3TEhLNnlJUT09\">https:\/\/zoom.us\/j\/95003011334?pwd=c1NCOHRJdnNKL1hwZVR3TEhLNnlJUT09<\/a><br \/>\nhas\u0142o: 4et0CQ<\/p>\n<p><strong>data: 23 czerwca 2020, godz. 14:00 &#8211; 15:30<\/strong><br \/>\nnazwa linku: spotkanie z przedstawicielami kierunku na platformie Zoom<br \/>\nlink: <a class=\"moz-txt-link-freetext\" href=\"https:\/\/zoom.us\/j\/92714713025?pwd=QXJNVXhXQ09QSjNBb3pwRFltVFZXdz09\">https:\/\/zoom.us\/j\/92714713025?pwd=QXJNVXhXQ09QSjNBb3pwRFltVFZXdz09<\/a><br \/>\nhas\u0142o: 7JGECH<br \/>\n14:00 \u2013 14:45 \u2013 prezentacja kierunk\u00f3w<br \/>\n14:45 \u2013 15:30 \u2013 dyskusja moderowana przez student\u00f3w \r\n                                <div class=\"mt-3\"><\/div>\r\n                            <\/div>\r\n                            \r\n                            <div class=\"text-modules__img\"><a href=\"https:\/\/www.facebook.com\/events\/1627888500719493\/\" target=\"_blank\"><img src=\"https:\/\/us.edu.pl\/wydzial\/wnst\/wp-content\/uploads\/sites\/18\/zdjecia-ogolne\/WDO\/Infstos-1.jpg\" alt=\"img\"><\/a><\/div>\r\n                        <\/div>\r\n                    <\/div>\r\n                <\/div>\r\n                <div class=\"text-modules reverse\">\r\n                    <div class=\"container\">\r\n                         <h3 class=\"subtitle text-modules__subtitle\">In\u017cynieria biomedyczna<\/h3>\r\n                        <div class=\"row m-0\">\r\n                            <div class=\"text-modules__content\">\r\n                                <strong>data: 17 czerwca 2020, godz. 14:00 \u2013 15:30<\/strong><br \/>\nnazwa linku: spotkanie z przedstawicielami kierunku na platformie Zoom<br \/>\nlink: <a href=\"https:\/\/zoom.us\/j\/94362555233?pwd=MHo5VUhaR1lMRjJJc1RFYjlhNEN6Zz09\">https:\/\/zoom.us\/j\/94362555233?pwd=MHo5VUhaR1lMRjJJc1RFYjlhNEN6Zz09<\/a><br \/>\nhas\u0142o:7u3rxZ<\/p>\n<p><strong>data: 22 czerwca 2020, godz. 14:00 \u2013 15:30<\/strong><br \/>\nnazwa linku: spotkanie z przedstawicielami kierunku na platformie Zoom<br \/>\nlink: <a href=\"https:\/\/zoom.us\/j\/91042955872?pwd=aFVSSUZzMWlFWVBSNDBlVUVJTXJFQT09\">https:\/\/zoom.us\/j\/91042955872?pwd=aFVSSUZzMWlFWVBSNDBlVUVJTXJFQT09<\/a><br \/>\nhas\u0142o: 5sxVqb<\/p>\n<div class=\"mt-3\"><\/div>\r\n                            <\/div>\r\n                            \r\n                            <div class=\"text-modules__img\"><a href=\"https:\/\/www.facebook.com\/events\/1516803395147408\/\" target=\"_blank\"><img src=\"https:\/\/us.edu.pl\/wydzial\/wnst\/wp-content\/uploads\/sites\/18\/zdjecia-ogolne\/WDO\/IB-1.jpg\" alt=\"img\"><\/a><\/div>\r\n                        <\/div>\r\n                    <\/div>\r\n                <\/div>\r\n                <div class=\"text-modules reverse\">\r\n                    <div class=\"container\">\r\n                         <h3 class=\"subtitle text-modules__subtitle\">Matematyka<\/h3>\r\n                        <div class=\"row m-0\">\r\n                            <div class=\"text-modules__content\">\r\n                                <strong>data: 18 czerwca 2020, godz. 10:00 \u2013 11:30<\/strong><br \/>\nnazwa linku: spotkanie z przedstawicielami kierunku na platformie Zoom<br \/>\nlink: <a href=\"https:\/\/zoom.us\/j\/98852881378?pwd=bnNnZDVYL2s5QnlWenQrcGI0NUlPdz09\">https:\/\/zoom.us\/j\/98852881378?pwd=bnNnZDVYL2s5QnlWenQrcGI0NUlPdz09<\/a><br \/>\nhas\u0142o: 3egJig<\/p>\n<p><strong>data: 25 czerwca 2020, godz. 10:00 \u2013 11:30<\/strong><br \/>\nnazwa linku: spotkanie z przedstawicielami kierunku na platformie Zoom<br \/>\nlink: <a href=\"https:\/\/zoom.us\/j\/96741603129?pwd=ZUkxWVpjOFhFMEMwMkRUdjYyVWdVUT09\">https:\/\/zoom.us\/j\/96741603129?pwd=ZUkxWVpjOFhFMEMwMkRUdjYyVWdVUT09<\/a><br \/>\nhas\u0142o: 0Bdmuj<\/p>\n<div class=\"mt-3\"><\/div>\r\n                            <\/div>\r\n                            \r\n                            <div class=\"text-modules__img\"><a href=\"https:\/\/www.facebook.com\/events\/715256652557980\/\" target=\"_blank\"><img src=\"https:\/\/us.edu.pl\/wydzial\/wnst\/wp-content\/uploads\/sites\/18\/zdjecia-ogolne\/WDO\/mathematics-1235606_1920-1.jpg\" alt=\"img\"><\/a><\/div>\r\n                        <\/div>\r\n                    <\/div>\r\n                <\/div>\r\n                <div class=\"text-modules reverse\">\r\n                    <div class=\"container\">\r\n                         <h3 class=\"subtitle text-modules__subtitle\">Mechatronika<\/h3>\r\n                        <div class=\"row m-0\">\r\n                            <div class=\"text-modules__content\">\r\n                                <strong>data: 18 czerwca 2020, godz. 12:00 \u2013 13:30<\/strong><br \/>\nnazwa linku: spotkanie z przedstawicielami kierunku na platformie Zoom<br \/>\nlink: <a href=\"https:\/\/zoom.us\/j\/93993935370?pwd=MExRTi9iNjFWc0ZLUnd3ejg2VG0zQT09\">https:\/\/zoom.us\/j\/93993935370?pwd=MExRTi9iNjFWc0ZLUnd3ejg2VG0zQT09<\/a><br \/>\nhas\u0142o:3UqtQM<\/p>\n<p><strong>data: 25 czerwca 2020, godz. 12:00 \u2013 13:30<\/strong><br \/>\nnazwa linku: spotkanie z przedstawicielami kierunku na platformie Zoom<br \/>\nlink: <a href=\"https:\/\/zoom.us\/j\/92606652728?pwd=bTN0NkJ4ajFrQmdCcGZVVVZaVUc3UT09\">https:\/\/zoom.us\/j\/92606652728?pwd=bTN0NkJ4ajFrQmdCcGZVVVZaVUc3UT09<\/a><br \/>\nhas\u0142o:1WhvZJ \r\n                                <div class=\"mt-3\"><\/div>\r\n                            <\/div>\r\n                            \r\n                            <div class=\"text-modules__img\"><a href=\"https:\/\/www.facebook.com\/events\/579942232671862\/\" target=\"_blank\"><img src=\"https:\/\/us.edu.pl\/wydzial\/wnst\/wp-content\/uploads\/sites\/18\/zdjecia-ogolne\/WDO\/mechatr-1.jpg\" alt=\"img\"><\/a><\/div>\r\n                        <\/div>\r\n                    <\/div>\r\n                <\/div>\r\n                <div class=\"text-modules reverse\">\r\n                    <div class=\"container\">\r\n                         <h3 class=\"subtitle text-modules__subtitle\">Chemia, Technologia chemiczna<\/h3>\r\n                        <div class=\"row m-0\">\r\n                            <div class=\"text-modules__content\">\r\n                                <strong>data: 19 czerwca 2020, godz. 9:30 \u2013 11:00<\/strong><br \/>\nnazwa linku: spotkanie z przedstawicielami kierunku na platformie Zoom<br \/>\nlink: <a href=\"https:\/\/zoom.us\/j\/93001238666?pwd=SDBJOGRkYWtvSXIvSUhpVFBBSGJKdz09\">https:\/\/zoom.us\/j\/93001238666?pwd=SDBJOGRkYWtvSXIvSUhpVFBBSGJKdz09<\/a><br \/>\nhas\u0142o:3i4fz9<\/p>\n<p><strong>data: 26 czerwca 2020, godz. 12:00 \u2013 13:30<\/strong><br \/>\nnazwa linku: spotkanie ze studentami kierunku Chemia i Technologia chemiczna na platformie Zoom<br \/>\nlink: <a href=\"https:\/\/zoom.us\/j\/99647330328?pwd=WXhsemEyZnh0YmhFS295OWVVVE1Ydz09\">https:\/\/zoom.us\/j\/99647330328?pwd=WXhsemEyZnh0YmhFS295OWVVVE1Ydz09<\/a><br \/>\nhas\u0142o:0zLMHv<\/p>\n<div class=\"mt-3\"><\/div>\r\n                            <\/div>\r\n                            \r\n                            <div class=\"text-modules__img\"><a href=\"https:\/\/www.facebook.com\/events\/3098521386875237\/\" target=\"_blank\"><img src=\"https:\/\/us.edu.pl\/wydzial\/wnst\/wp-content\/uploads\/sites\/18\/zdjecia-ogolne\/WDO\/chemistry-2938901_1920-1.jpg\" alt=\"img\"><\/a><\/div>\r\n                        <\/div>\r\n                    <\/div>\r\n                <\/div>\r\n                <div class=\"text-modules reverse\">\r\n                    <div class=\"container\">\r\n                         <h3 class=\"subtitle text-modules__subtitle\">Fizyka, Mikro i nanotechnologia, Physics: Nanophysics and Mesoscopic Materials, Theoretical Physics<\/h3>\r\n                        <div class=\"row m-0\">\r\n                            <div class=\"text-modules__content\">\r\n                                <strong>data: 19 czerwca 2020, godz. 14:00 \u2013 15:30<\/strong><br \/>\n14:00 &#8211; 14:45 &#8211; prezentacja kierunk\u00f3w<br \/>\n14:45 &#8211; 15:30 &#8211; dyskusja moderowana przez student\u00f3w<br \/>\nnazwa linku: spotkanie z przedstawicielami kierunku na platformie Zoom<br \/>\nlink: <a href=\"https:\/\/zoom.us\/j\/94726373321?pwd=QjJ4SVhKODEwTFZpUkdDT3RoYThUZz09\">https:\/\/zoom.us\/j\/94726373321?pwd=QjJ4SVhKODEwTFZpUkdDT3RoYThUZz09<\/a><br \/>\nhas\u0142o: 6Xeitb<\/p>\n<p><strong>data: 26 czerwca 2020, godz. 14:00 \u2013 15:30<\/strong><br \/>\n14:00 &#8211; 14:45 &#8211; prezentacja kierunk\u00f3w<br \/>\n14:45 &#8211; 15:30 &#8211; dyskusja moderowana przez student\u00f3w<br \/>\nnazwa linku: spotkanie z przedstawicielami kierunku na platformie Zoom<br \/>\nlink: <a href=\"https:\/\/zoom.us\/j\/98693711120?pwd=Z1BvZU5KNjJUTnRCc2xtSFN3bHJYUT09\">https:\/\/zoom.us\/j\/98693711120?pwd=Z1BvZU5KNjJUTnRCc2xtSFN3bHJYUT09<\/a><br \/>\nhas\u0142o: 7Y2Tzi \r\n                                <div class=\"mt-3\"><a href=\"https:\/\/drive.google.com\/file\/d\/1pbtcbBi_DPidxcG020mDlSbSW8ml_0VC\/view?usp=sharing\" class=\"link-button mr-3 \">prezentacja o kierunku Nanophysics and Mesoscopic Materials<\/a><a href=\"https:\/\/us.edu.pl\/wydzial\/wnst\/wp-content\/uploads\/sites\/18\/2020\/06\/fizyka_eksp_teor.pdf\" class=\"mtli_attachment mtli_pdf\" data-mtli=\"mtli_filesize1,10MB\" class=\"link-button mr-3 \">prezentacja o kierunku Fizyka, specjalno\u015b\u0107 Theoretical Physics<\/a><\/div>\r\n                            <\/div>\r\n                            \r\n                            <div class=\"text-modules__img\"><a href=\"https:\/\/www.facebook.com\/events\/298832077941460\/\" target=\"_blank\"><img src=\"https:\/\/us.edu.pl\/wydzial\/wnst\/wp-content\/uploads\/sites\/18\/zdjecia-ogolne\/WDO\/fizyka-1.jpg\" alt=\"img\"><\/a><\/div>\r\n                        <\/div>\r\n                    <\/div>\r\n                <\/div>\r\n                <div class=\"text-modules reverse\">\r\n                    <div class=\"container\">\r\n                         <h3 class=\"subtitle text-modules__subtitle\">In\u017cynieria materia\u0142owa, Materials Science and Engineering<\/h3>\r\n                        <div class=\"row m-0\">\r\n                            <div class=\"text-modules__content\">\r\n                                <strong>data: 22 czerwca 2020, godz. 10:00 \u2013 11:30<\/strong><br \/>\nnazwa linku: spotkanie z przedstawicielami kierunku na platformie Zoom<br \/>\nlink: <a href=\"https:\/\/zoom.us\/j\/92801746293?pwd=eVl3bzYvL2RSQTRxbTNWTUR6clNFZz09\">https:\/\/zoom.us\/j\/92801746293?pwd=eVl3bzYvL2RSQTRxbTNWTUR6clNFZz09<\/a><br \/>\nhas\u0142o:5RpzJY<\/p>\n<p><strong>data: 30 czerwca 2020, godz. 10:00 \u2013 11:30<\/strong><br \/>\nnazwa linku: spotkanie z przedstawicielami kierunku na platformie Zoom<br \/>\nlink: <a href=\"https:\/\/zoom.us\/j\/98071876890?pwd=Zm5DbW8wRE5kUGt3dEMvZWlCL001UT09\">https:\/\/zoom.us\/j\/98071876890?pwd=Zm5DbW8wRE5kUGt3dEMvZWlCL001UT09<\/a><br \/>\nhas\u0142o:6ub5fV \r\n                                <div class=\"mt-3\"><\/div>\r\n                            <\/div>\r\n                            \r\n                            <div class=\"text-modules__img\"><a href=\"https:\/\/www.facebook.com\/events\/260602855024025\/\" target=\"_blank\"><img src=\"https:\/\/us.edu.pl\/wydzial\/wnst\/wp-content\/uploads\/sites\/18\/zdjecia-ogolne\/WDO\/IM-1.jpg\" alt=\"img\"><\/a><\/div>\r\n                        <\/div>\r\n                    <\/div>\r\n                <\/div>[\/vc_column][\/vc_row][vc_row el_class=&#8221;container&#8221;][vc_column][\/vc_column][\/vc_row]<\/p>\n<style type=\"text\/css\">a[data-mtli~=\"mtli_filesize1,10MB\"]:after {content:\" (1,10 MB)\"}<\/style>","protected":false},"excerpt":{"rendered":"<p>[vc_row el_class=&#8221;container&#8221;][vc_column][\/vc_column][\/vc_row][vc_row el_class=&#8221;container&#8221;][vc_column][\/vc_column][\/vc_row][vc_row el_class=&#8221;container&#8221;][vc_column][\/vc_column][\/vc_row] [&#8230;]<\/p>\n<p><a class=\"btn btn-secondary understrap-read-more-link\" href=\"https:\/\/us.edu.pl\/wydzial\/wnst\/studia\/kandydat\/dni-otwarte\/wdo\/poznaj-kierunki\/\">Read More&#8230;<\/a><\/p>\n","protected":false},"author":92,"featured_media":0,"parent":4905,"menu_order":0,"comment_status":"closed","ping_status":"closed","template":"","meta":{"_expiration-date-status":"saved","_expiration-date":0,"_expiration-date-type":"","_expiration-date-categories":[],"_expiration-date-options":[]},"acf":[],"_links":{"self":[{"href":"https:\/\/us.edu.pl\/wydzial\/wnst\/wp-json\/wp\/v2\/pages\/4932"}],"collection":[{"href":"https:\/\/us.edu.pl\/wydzial\/wnst\/wp-json\/wp\/v2\/pages"}],"about":[{"href":"https:\/\/us.edu.pl\/wydzial\/wnst\/wp-json\/wp\/v2\/types\/page"}],"author":[{"embeddable":true,"href":"https:\/\/us.edu.pl\/wydzial\/wnst\/wp-json\/wp\/v2\/users\/92"}],"replies":[{"embeddable":true,"href":"https:\/\/us.edu.pl\/wydzial\/wnst\/wp-json\/wp\/v2\/comments?post=4932"}],"version-history":[{"count":65,"href":"https:\/\/us.edu.pl\/wydzial\/wnst\/wp-json\/wp\/v2\/pages\/4932\/revisions"}],"predecessor-version":[{"id":5310,"href":"https:\/\/us.edu.pl\/wydzial\/wnst\/wp-json\/wp\/v2\/pages\/4932\/revisions\/5310"}],"up":[{"embeddable":true,"href":"https:\/\/us.edu.pl\/wydzial\/wnst\/wp-json\/wp\/v2\/pages\/4905"}],"wp:attachment":[{"href":"https:\/\/us.edu.pl\/wydzial\/wnst\/wp-json\/wp\/v2\/media?parent=4932"}],"curies":[{"name":"wp","href":"https:\/\/api.w.org\/{rel}","templated":true}]}}