{"id":5012,"date":"2020-06-03T13:31:49","date_gmt":"2020-06-03T11:31:49","guid":{"rendered":"https:\/\/us.edu.pl\/wydzial\/wnst\/?page_id=5012"},"modified":"2025-10-13T11:06:56","modified_gmt":"2025-10-13T09:06:56","slug":"poznaj-wykladowcow","status":"publish","type":"page","link":"https:\/\/us.edu.pl\/wydzial\/wnst\/studia\/kandydat\/dni-otwarte\/wdo\/poznaj-wykladowcow\/","title":{"rendered":"Poznaj wyk\u0142adowc\u00f3w"},"content":{"rendered":"<p>[vc_row][vc_column]\r\n                <div class=\"text-modules\">\r\n                    <div class=\"container\">\r\n                        \r\n                        <div class=\"text-modules__content\"><p>Mi\u0142o nam, \u017ce tu trafi\u0142e\u015b, bo to szansa, by ju\u017c dzi\u015b pozna\u0107 cz\u0119\u015b\u0107 z grona naszych nauczycieli akademickich. Proponujemy szereg wirtualnych wyk\u0142ad\u00f3w. Zapraszamy do obejrzenia, my ju\u017c to zrobili\u015bmy!<\/p>\n<\/div>\r\n                    <\/div>\r\n                <\/div>[\/vc_column][\/vc_row][vc_row el_class=&#8221;container&#8221;][vc_column]\r\n                <div class=\"text-modules reverse\">\r\n                    <div class=\"container\">\r\n                         <h3 class=\"subtitle text-modules__subtitle\">Dr Katarzyna Balin, prof. U\u015a<\/h3>\r\n                        <div class=\"row m-0\">\r\n                            <div class=\"text-modules__content\">\r\n                                <\/p>\n<h3><span style=\"color: #002e5a;\"><strong>Powierzchnia i uk\u0142ady niskowymiarowe \u2013 jak je bada\u0107?<\/strong><\/span><\/h3>\n<p>Dlaczego powierzchnia i uk\u0142ady niskowymiarowe s\u0105 wa\u017cne? Par\u0119 s\u0142\u00f3w o technikach badawczych, badaniach naukowych i zaj\u0119ciach ze studentami realizowanych w Laboratorium Fizyki Powierzchni i Laboratorium Spektroskopii Elektronowej Instytutu Fizyki Uniwersytetu \u015al\u0105skiego. \r\n                                <div class=\"mt-3\"><a href=\"https:\/\/www.youtube.com\/watch?v=6Co6rqzVXSU&feature=youtu.be\" class=\"link-button mr-3 \">link do wyk\u0142adu<\/a><\/div>\r\n                            <\/div>\r\n                            \r\n                            <div class=\"text-modules__img\"><img src=\"https:\/\/us.edu.pl\/wydzial\/wnst\/wp-content\/uploads\/sites\/18\/zdjecia-ogolne\/WDO\/BALIN_1.jpg\" alt=\"img\"><\/div>\r\n                        <\/div>\r\n                    <\/div>\r\n                <\/div>\r\n                <div class=\"text-modules reverse\">\r\n                    <div class=\"container\">\r\n                         <h3 class=\"subtitle text-modules__subtitle\">Dr hab. Arkadiusz Bubak, prof. U\u015a<\/h3>\r\n                        <div class=\"row m-0\">\r\n                            <div class=\"text-modules__content\">\r\n                                <\/p>\n<h3><span style=\"color: #002e5a;\"><strong>Neutrina &#8211; &#8222;najmniejsze cz\u0105stki rzeczywisto\u015bci jakie cz\u0142owiek m\u00f3g\u0142 sobie wyobrazi\u0107&#8221;<\/strong><\/span><\/h3>\n<p>Czym s\u0105 neutrina? Po co je badamy? Jak je rejestrujemy?<br \/>\nO magii neutrin oraz resztkach materii, a jednocze\u015bnie ca\u0142ym naszym Wszech\u015bwiecie. \r\n                                <div class=\"mt-3\"><a href=\"https:\/\/youtu.be\/5ADhq-TiG4o\" class=\"link-button mr-3 \">link do wyk\u0142adu<\/a><\/div>\r\n                            <\/div>\r\n                            \r\n                            <div class=\"text-modules__img\"><img src=\"https:\/\/us.edu.pl\/wydzial\/wnst\/wp-content\/uploads\/sites\/18\/zdjecia-ogolne\/WDO\/BUBAK_1.jpg\" alt=\"img\"><\/div>\r\n                        <\/div>\r\n                    <\/div>\r\n                <\/div>\r\n                <div class=\"text-modules reverse\">\r\n                    <div class=\"container\">\r\n                         <h3 class=\"subtitle text-modules__subtitle\">Prof. dr hab. Armand Cholewka<\/h3>\r\n                        <div class=\"row m-0\">\r\n                            <div class=\"text-modules__content\">\r\n                                <\/p>\n<h3><span style=\"color: #002e5a;\"><strong>Czy temperatura powierzchni naszego cia\u0142a pomaga w ocenie stanu naszego zdrowia?<\/strong><\/span><\/h3>\n<p>Co to jest temperatura? Jak j\u0105 mierzy\u0107? Czy temperatura cia\u0142a cz\u0142owieka jest wa\u017cnym wska\u017anikiem naszego zdrowia i dlaczego? Jak wygl\u0105da mapa termiczna naszego cia\u0142a? \r\n                                <div class=\"mt-3\"><a href=\"https:\/\/youtu.be\/e5SJmLj1jG4\" class=\"link-button mr-3 \">link do wyk\u0142adu<\/a><\/div>\r\n                            <\/div>\r\n                            \r\n                            <div class=\"text-modules__img\"><img src=\"https:\/\/us.edu.pl\/wydzial\/wnst\/wp-content\/uploads\/sites\/18\/zdjecia-ogolne\/WDO\/CHOLEWKA_1.jpg\" alt=\"img\"><\/div>\r\n                        <\/div>\r\n                    <\/div>\r\n                <\/div>\r\n                <div class=\"text-modules reverse\">\r\n                    <div class=\"container\">\r\n                         <h3 class=\"subtitle text-modules__subtitle\">Dr \u0141ukasz Dawidowski, prof. U\u015a<\/h3>\r\n                        <div class=\"row m-0\">\r\n                            <div class=\"text-modules__content\">\r\n                                <\/p>\n<h3><span style=\"color: #002e5a;\"><strong>Czy matematyka mo\u017ce pom\u00f3c w zwalczaniu epidemii?<\/strong><\/span><\/h3>\n<p>Co matematyka mo\u017ce powiedzie\u0107 na temat przebiegu epidemii? Przyk\u0142ady najprostszych matematycznych modeli epidemiologicznych. \r\n                                <div class=\"mt-3\"><a href=\"https:\/\/youtu.be\/IFGog-BCxgY\" class=\"link-button mr-3 \">link do wyk\u0142adu<\/a><\/div>\r\n                            <\/div>\r\n                            \r\n                            <div class=\"text-modules__img\"><img src=\"https:\/\/us.edu.pl\/wydzial\/wnst\/wp-content\/uploads\/sites\/18\/zdjecia-ogolne\/WDO\/DAWIDIWSKI_1.jpg\" alt=\"img\"><\/div>\r\n                        <\/div>\r\n                    <\/div>\r\n                <\/div>\r\n                <div class=\"text-modules reverse\">\r\n                    <div class=\"container\">\r\n                         <h3 class=\"subtitle text-modules__subtitle\">Dr in\u017c. Piotr Duda, prof. U\u015a<\/h3>\r\n                        <div class=\"row m-0\">\r\n                            <div class=\"text-modules__content\">\r\n                                <\/p>\n<h3><span style=\"color: #002e5a;\"><strong>Si\u0119gaj, gdzie wzrok nie si\u0119ga dzi\u0119ki skanerowi rentgenowskiemu<br \/>\n<\/strong><\/span><\/h3>\n<p>Na czym polegaj\u0105 badania rentgenowskie? W jaki spos\u00f3b uzyskuje si\u0119 dane? Jak je wykorzysta\u0107 w nauce i w przemy\u015ble? \r\n                                <div class=\"mt-3\"><a href=\"https:\/\/youtu.be\/1goLUwCrWy0\" class=\"link-button mr-3 \">link do wyk\u0142adu<\/a><\/div>\r\n                            <\/div>\r\n                            \r\n                            <div class=\"text-modules__img\"><a href=\"https:\/\/youtu.be\/1goLUwCrWy0\" target=\"_blank\"><img src=\"https:\/\/us.edu.pl\/wydzial\/wnst\/wp-content\/uploads\/sites\/18\/Nieprzypisane\/DUDA_1.jpg\" alt=\"img\"><\/a><\/div>\r\n                        <\/div>\r\n                    <\/div>\r\n                <\/div>\r\n                <div class=\"text-modules reverse\">\r\n                    <div class=\"container\">\r\n                         <h3 class=\"subtitle text-modules__subtitle\">Dr in\u017c. \u017baneta Garczyk-Munda\u0142a<\/h3>\r\n                        <div class=\"row m-0\">\r\n                            <div class=\"text-modules__content\">\r\n                                <\/p>\n<h3><span style=\"color: #002e5a;\"><strong>Implanty stosowane jako no\u015bniki lek\u00f3w, czyli kilka s\u0142\u00f3w o porowato\u015bci biomateria\u0142\u00f3w<br \/>\n<\/strong><\/span><\/h3>\n<p>Co to jest biomateria\u0142 oraz implant? Jakie znaczenie ma porowato\u015b\u0107 biomateria\u0142\u00f3w? Jak wp\u0142ywa na integracj\u0119 z tkankami organizmu cz\u0142owieka? Jakie ma zastosowanie w farmakologii? \r\n                                <div class=\"mt-3\"><a href=\"https:\/\/youtu.be\/grdDQjoQBo8\" class=\"link-button mr-3 \">link do wyk\u0142adu<\/a><\/div>\r\n                            <\/div>\r\n                            \r\n                            <div class=\"text-modules__img\"><img src=\"https:\/\/us.edu.pl\/wydzial\/wnst\/wp-content\/uploads\/sites\/18\/Nieprzypisane\/GARCZYK_1.jpg\" alt=\"img\"><\/div>\r\n                        <\/div>\r\n                    <\/div>\r\n                <\/div>\r\n                <div class=\"text-modules reverse\">\r\n                    <div class=\"container\">\r\n                         <h3 class=\"subtitle text-modules__subtitle\">Dr Pawe\u0142 Janik<\/h3>\r\n                        <div class=\"row m-0\">\r\n                            <div class=\"text-modules__content\">\r\n                                <\/p>\n<h3><span style=\"color: #002e5a;\"><strong>Wirtualna rzeczywisto\u015b\u0107 w praktyce<br \/>\n<\/strong><\/span><\/h3>\n<p>Projektowanie i wytwarzanie \u015brodowisk wirtualnych. Jak mo\u017cna je wykorzysta\u0107 w rehabilitacji? \r\n                                <div class=\"mt-3\"><a href=\"https:\/\/youtu.be\/l6CZSRrsNV8\" class=\"link-button mr-3 \">link do wyk\u0142adu<\/a><\/div>\r\n                            <\/div>\r\n                            \r\n                            <div class=\"text-modules__img\"><img src=\"https:\/\/us.edu.pl\/wydzial\/wnst\/wp-content\/uploads\/sites\/18\/zdjecia-ogolne\/WDO\/JANIK_1.jpg\" alt=\"img\"><\/div>\r\n                        <\/div>\r\n                    <\/div>\r\n                <\/div>\r\n                <div class=\"text-modules reverse\">\r\n                    <div class=\"container\">\r\n                         <h3 class=\"subtitle text-modules__subtitle\">Dr in\u017c. Teresa Kasprzyk-Kucewicz, prof. U\u015a<\/h3>\r\n                        <div class=\"row m-0\">\r\n                            <div class=\"text-modules__content\">\r\n                                <\/p>\n<h3><span style=\"color: #002e5a;\"><strong>Jak zwi\u0119kszy\u0107 wydolno\u015b\u0107 sportowca? Nowe kierunki bada\u0144 naukowych w dziedzinie wykorzystywania obrazowania termicznego<br \/>\n<\/strong><\/span><\/h3>\n<p>Jak wykorzystuje si\u0119 obrazowanie podczerwone w sporcie? Co to jest trening wytrzyma\u0142o\u015bciowy i jakie s\u0105 metody regeneracji sportowc\u00f3w? Co to jest krioterapia og\u00f3lnoustrojowa? \r\n                                <div class=\"mt-3\"><a href=\"https:\/\/youtu.be\/Kuncwhvd2nM\" class=\"link-button mr-3 \">link do wyk\u0142adu<\/a><\/div>\r\n                            <\/div>\r\n                            \r\n                            <div class=\"text-modules__img\"><img src=\"https:\/\/us.edu.pl\/wydzial\/wnst\/wp-content\/uploads\/sites\/18\/zdjecia-ogolne\/WDO\/KASPRZYK_KUCEWICZ_1.jpg\" alt=\"img\"><\/div>\r\n                        <\/div>\r\n                    <\/div>\r\n                <\/div>\r\n                <div class=\"text-modules reverse\">\r\n                    <div class=\"container\">\r\n                         <h3 class=\"subtitle text-modules__subtitle\">Dr in\u017c. Przemys\u0142aw Kud\u0142acik<\/h3>\r\n                        <div class=\"row m-0\">\r\n                            <div class=\"text-modules__content\">\r\n                                <\/p>\n<h3><span style=\"color: #002e5a;\"><strong>Aplikacje internetowe<\/strong><\/span><\/h3>\n<p>Aplikacje Internetowe jako przysz\u0142o\u015b\u0107 rozwoju informatyki. \r\n                                <div class=\"mt-3\"><a href=\"https:\/\/youtu.be\/9Ll4z_9pJhs\" class=\"link-button mr-3 \">link do wyk\u0142adu<\/a><\/div>\r\n                            <\/div>\r\n                            \r\n                            <div class=\"text-modules__img\"><img src=\"https:\/\/us.edu.pl\/wydzial\/wnst\/wp-content\/uploads\/sites\/18\/Nieprzypisane\/KUDLACIK_2.jpg\" alt=\"img\"><\/div>\r\n                        <\/div>\r\n                    <\/div>\r\n                <\/div>\r\n                <div class=\"text-modules reverse\">\r\n                    <div class=\"container\">\r\n                         <h3 class=\"subtitle text-modules__subtitle\">Dr Katarzyna Mi\u015b<\/h3>\r\n                        <div class=\"row m-0\">\r\n                            <div class=\"text-modules__content\">\r\n                                <\/p>\n<h3><span style=\"color: #002e5a;\"><strong>Logika rozmyta i jej zastosowania<\/strong><\/span><\/h3>\n<p>Co to jest logika rozmyta? Jak j\u0105 zastosowa\u0107 w codziennym \u017cyciu? \r\n                                <div class=\"mt-3\"><a href=\"https:\/\/youtu.be\/plP_ws2Rqn4\" class=\"link-button mr-3 \">link do wyk\u0142adu<\/a><\/div>\r\n                            <\/div>\r\n                            \r\n                            <div class=\"text-modules__img\"><img src=\"https:\/\/us.edu.pl\/wydzial\/wnst\/wp-content\/uploads\/sites\/18\/Nieprzypisane\/MIS_1.jpg\" alt=\"img\"><\/div>\r\n                        <\/div>\r\n                    <\/div>\r\n                <\/div>\r\n                <div class=\"text-modules reverse\">\r\n                    <div class=\"container\">\r\n                         <h3 class=\"subtitle text-modules__subtitle\">Dr hab. Anna Mrozek-Wilczkiewicz, prof. U\u015a<\/h3>\r\n                        <div class=\"row m-0\">\r\n                            <div class=\"text-modules__content\">\r\n                                <\/p>\n<h3><span style=\"color: #002e5a;\"><strong>Jak bada\u0107 potencjalne leki?<\/strong><\/span><\/h3>\n<p>Co to jest cytotoksyczno\u015b\u0107? Jak\u0105 drog\u0119 musi przeby\u0107 nowa substancja, by sta\u0107 si\u0119 lekiem?<\/p>\n<div class=\"mt-3\"><a href=\"https:\/\/youtu.be\/nk2WIR04cIY\" class=\"link-button mr-3 \">link do wyk\u0142adu<\/a><\/div>\r\n                            <\/div>\r\n                            \r\n                            <div class=\"text-modules__img\"><img src=\"https:\/\/us.edu.pl\/wydzial\/wnst\/wp-content\/uploads\/sites\/18\/Nieprzypisane\/MROZEK_WILKIEWICZ_1.jpg\" alt=\"img\"><\/div>\r\n                        <\/div>\r\n                    <\/div>\r\n                <\/div>\r\n                <div class=\"text-modules reverse\">\r\n                    <div class=\"container\">\r\n                         <h3 class=\"subtitle text-modules__subtitle\">Prof. dr hab. Robert Musio\u0142<\/h3>\r\n                        <div class=\"row m-0\">\r\n                            <div class=\"text-modules__content\">\r\n                                <\/p>\n<h3><span style=\"color: #002e5a;\"><strong>Sk\u0105d si\u0119 bior\u0105 leki?<\/strong><\/span><\/h3>\n<p>Jak to si\u0119 dzieje, \u017ce chemiczna cz\u0105steczka staje si\u0119 lekiem? Gdzie lek\u00f3w szuka\u0107 i jak nale\u017cy je bada\u0107? \r\n                                <div class=\"mt-3\"><a href=\"https:\/\/youtu.be\/QvLI-lX7JHg\" class=\"link-button mr-3 \">link do wyk\u0142adu<\/a><\/div>\r\n                            <\/div>\r\n                            \r\n                            <div class=\"text-modules__img\"><img src=\"https:\/\/us.edu.pl\/wydzial\/wnst\/wp-content\/uploads\/sites\/18\/zdjecia-ogolne\/WDO\/MUSIOL_1.jpg\" alt=\"img\"><\/div>\r\n                        <\/div>\r\n                    <\/div>\r\n                <\/div>\r\n                <div class=\"text-modules reverse\">\r\n                    <div class=\"container\">\r\n                         <h3 class=\"subtitle text-modules__subtitle\">Prof. dr hab. Maciej Sablik<\/h3>\r\n                        <div class=\"row m-0\">\r\n                            <div class=\"text-modules__content\">\r\n                                <\/p>\n<h3><span style=\"color: #002e5a;\"><strong>\u015awi\u0119to liczby Pi<\/strong><\/span><\/h3>\n<p>3,14 (w przybli\u017ceniu oczywi\u015bcie) to liczba Pi &#8211; liczba niezwyk\u0142a. Po\u015bwi\u0119cono jej ju\u017c wiele czasu i nadal nie zosta\u0142a poznana w ca\u0142o\u015bci. Dlatego zosta\u0142a patronk\u0105 wydarzenia, kt\u00f3re Wydzia\u0142 Nauk \u015acis\u0142ych i Technicznych organizuje w marcu (zwykle 14 dnia miesi\u0105ca). \u015awi\u0119to Liczby Pi &#8211; daj si\u0119 ponie\u015b\u0107 liczbom &#8211; s\u0105 wsz\u0119dzie! \r\n                                <div class=\"mt-3\"><a href=\"https:\/\/youtu.be\/XAPXoBZxehU\" class=\"link-button mr-3 \">link do wyk\u0142adu<\/a><\/div>\r\n                            <\/div>\r\n                            \r\n                            <div class=\"text-modules__img\"><img src=\"https:\/\/us.edu.pl\/wydzial\/wnst\/wp-content\/uploads\/sites\/18\/Nieprzypisane\/SABLIK_1.jpg\" alt=\"img\"><\/div>\r\n                        <\/div>\r\n                    <\/div>\r\n                <\/div>\r\n                <div class=\"text-modules reverse\">\r\n                    <div class=\"container\">\r\n                         <h3 class=\"subtitle text-modules__subtitle\">Dr in\u017c. Roman Simi\u0144ski, prof. U\u015a<\/h3>\r\n                        <div class=\"row m-0\">\r\n                            <div class=\"text-modules__content\">\r\n                                <\/p>\n<h3><span style=\"color: #002e5a;\"><strong>Od asemblera do SQL\u2019a<\/strong><\/span><\/h3>\n<p>Sk\u0105d si\u0119 bior\u0105 programy? Czego potrzebujemy by programowa\u0107? Czy programowanie to wiedza tajemna? Oprogramowanie jako serce przedmiot\u00f3w codziennego u\u017cytku. \r\n                                <div class=\"mt-3\"><a href=\"https:\/\/youtu.be\/dm_7dDVLdag\" class=\"link-button mr-3 \">link do wyk\u0142adu<\/a><\/div>\r\n                            <\/div>\r\n                            \r\n                            <div class=\"text-modules__img\"><img src=\"https:\/\/us.edu.pl\/wydzial\/wnst\/wp-content\/uploads\/sites\/18\/Nieprzypisane\/SIMINSKI_1.jpg\" alt=\"img\"><\/div>\r\n                        <\/div>\r\n                    <\/div>\r\n                <\/div>\r\n                <div class=\"text-modules reverse\">\r\n                    <div class=\"container\">\r\n                         <h3 class=\"subtitle text-modules__subtitle\">Dr Jolanta Sobera<\/h3>\r\n                        <div class=\"row m-0\">\r\n                            <div class=\"text-modules__content\">\r\n                                <\/p>\n<h3><span style=\"color: #002e5a;\"><strong>Z matematyk\u0105 na wakacje<\/strong><\/span><\/h3>\n<p>Teoria graf\u00f3w i jej zastosowanie w czasie wakacyjnych podr\u00f3\u017cy. \r\n                                <div class=\"mt-3\"><a href=\"https:\/\/youtu.be\/u9xBiVJPsT0\" class=\"link-button mr-3 \">link do wyk\u0142adu<\/a><\/div>\r\n                            <\/div>\r\n                            \r\n                            <div class=\"text-modules__img\"><img src=\"https:\/\/us.edu.pl\/wydzial\/wnst\/wp-content\/uploads\/sites\/18\/Nieprzypisane\/SOBERA_1.jpg\" alt=\"img\"><\/div>\r\n                        <\/div>\r\n                    <\/div>\r\n                <\/div>\r\n                <div class=\"text-modules reverse\">\r\n                    <div class=\"container\">\r\n                         <h3 class=\"subtitle text-modules__subtitle\">Dr hab. Andrzej Swinarew, prof. U\u015a<\/h3>\r\n                        <div class=\"row m-0\">\r\n                            <div class=\"text-modules__content\">\r\n                                <\/p>\n<h3><span style=\"color: #002e5a;\"><strong>Wykorzystanie metod molekularnych w diagnostyce zaka\u017ce\u0144 wirusowych<\/strong><\/span><\/h3>\n<p>Nowoczesne mo\u017cliwo\u015bci diagnostyczne w dobie pandemii. \r\n                                <div class=\"mt-3\"><a href=\"https:\/\/youtu.be\/1_Bn3gMcfA8\" class=\"link-button mr-3 \">link do wyk\u0142adu<\/a><\/div>\r\n                            <\/div>\r\n                            \r\n                            <div class=\"text-modules__img\"><img src=\"https:\/\/us.edu.pl\/wydzial\/wnst\/wp-content\/uploads\/sites\/18\/zdjecia-ogolne\/WDO\/SWINAREW_1.jpg\" alt=\"img\"><\/div>\r\n                        <\/div>\r\n                    <\/div>\r\n                <\/div>\r\n                <div class=\"text-modules reverse\">\r\n                    <div class=\"container\">\r\n                         <h3 class=\"subtitle text-modules__subtitle\">Dr Rados\u0142aw Wieczorek<\/h3>\r\n                        <div class=\"row m-0\">\r\n                            <div class=\"text-modules__content\">\r\n                                <\/p>\n<h3><span style=\"color: #002e5a;\"><strong>Matematyka w biologii, biologia w matematyce<\/strong><\/span><\/h3>\n<p>Czy matematyka mo\u017ce odpowiada\u0107 na biologiczne pytania? Czy mo\u017ce by\u0107 dla biologii przydatna? I odwrotnie, czy biologia mo\u017ce wnie\u015b\u0107 co\u015b do matematyki? O modelach biologii matematycznej. \r\n                                <div class=\"mt-3\"><a href=\"https:\/\/youtu.be\/qRcYV8eAInY\" class=\"link-button mr-3 \">link do wyk\u0142adu<\/a><\/div>\r\n                            <\/div>\r\n                            \r\n                            <div class=\"text-modules__img\"><img src=\"https:\/\/us.edu.pl\/wydzial\/wnst\/wp-content\/uploads\/sites\/18\/Nieprzypisane\/WIECZOREK_1.jpg\" alt=\"img\"><\/div>\r\n                        <\/div>\r\n                    <\/div>\r\n                <\/div>\r\n                <div class=\"text-modules reverse\">\r\n                    <div class=\"container\">\r\n                         <h3 class=\"subtitle text-modules__subtitle\">Dr Maciej Zubko, prof. U\u015a<\/h3>\r\n                        <div class=\"row m-0\">\r\n                            <div class=\"text-modules__content\">\r\n                                <\/p>\n<h3><span style=\"color: #002e5a;\"><strong>Nowoczesne materia\u0142y okiem mikroskopu elektronowego<\/strong><\/span><\/h3>\n<p>Wyk\u0142ad ma na celu zapoznanie s\u0142uchaczy z tematyk\u0105 in\u017cynierii materia\u0142owej oraz metodami transmisyjnej mikroskopii elektronowej, kt\u00f3re s\u0105 stosowane do charakterystyki najnowszych materia\u0142\u00f3w &#8211; materia\u0142\u00f3w przysz\u0142o\u015bci. \r\n                                <div class=\"mt-3\"><a href=\"https:\/\/youtu.be\/IK9k09GlanQ\" class=\"link-button mr-3 \">link do wyk\u0142adu<\/a><\/div>\r\n                            <\/div>\r\n                            \r\n                            <div class=\"text-modules__img\"><img src=\"https:\/\/us.edu.pl\/wydzial\/wnst\/wp-content\/uploads\/sites\/18\/Nieprzypisane\/ZUBKO_1.jpg\" alt=\"img\"><\/div>\r\n                        <\/div>\r\n                    <\/div>\r\n                <\/div>[\/vc_column][\/vc_row]<\/p>","protected":false},"excerpt":{"rendered":"<p>[vc_row][vc_column][\/vc_column][\/vc_row][vc_row el_class=&#8221;container&#8221;][vc_column][\/vc_column][\/vc_row] [&#8230;]<\/p>\n<p><a class=\"btn btn-secondary understrap-read-more-link\" href=\"https:\/\/us.edu.pl\/wydzial\/wnst\/studia\/kandydat\/dni-otwarte\/wdo\/poznaj-wykladowcow\/\">Read More&#8230;<\/a><\/p>\n","protected":false},"author":92,"featured_media":0,"parent":4905,"menu_order":0,"comment_status":"closed","ping_status":"closed","template":"","meta":{"_expiration-date-status":"","_expiration-date":0,"_expiration-date-type":"","_expiration-date-categories":[],"_expiration-date-options":[]},"acf":[],"_links":{"self":[{"href":"https:\/\/us.edu.pl\/wydzial\/wnst\/wp-json\/wp\/v2\/pages\/5012"}],"collection":[{"href":"https:\/\/us.edu.pl\/wydzial\/wnst\/wp-json\/wp\/v2\/pages"}],"about":[{"href":"https:\/\/us.edu.pl\/wydzial\/wnst\/wp-json\/wp\/v2\/types\/page"}],"author":[{"embeddable":true,"href":"https:\/\/us.edu.pl\/wydzial\/wnst\/wp-json\/wp\/v2\/users\/92"}],"replies":[{"embeddable":true,"href":"https:\/\/us.edu.pl\/wydzial\/wnst\/wp-json\/wp\/v2\/comments?post=5012"}],"version-history":[{"count":10,"href":"https:\/\/us.edu.pl\/wydzial\/wnst\/wp-json\/wp\/v2\/pages\/5012\/revisions"}],"predecessor-version":[{"id":201889,"href":"https:\/\/us.edu.pl\/wydzial\/wnst\/wp-json\/wp\/v2\/pages\/5012\/revisions\/201889"}],"up":[{"embeddable":true,"href":"https:\/\/us.edu.pl\/wydzial\/wnst\/wp-json\/wp\/v2\/pages\/4905"}],"wp:attachment":[{"href":"https:\/\/us.edu.pl\/wydzial\/wnst\/wp-json\/wp\/v2\/media?parent=5012"}],"curies":[{"name":"wp","href":"https:\/\/api.w.org\/{rel}","templated":true}]}}