{"id":5660,"date":"2020-09-01T14:01:35","date_gmt":"2020-09-01T12:01:35","guid":{"rendered":"https:\/\/us.edu.pl\/wydzial\/wnst\/?page_id=5660"},"modified":"2024-06-26T14:07:28","modified_gmt":"2024-06-26T12:07:28","slug":"konkursy","status":"publish","type":"page","link":"https:\/\/us.edu.pl\/wydzial\/wnst\/strona-glowna\/konkursy\/","title":{"rendered":"konkursy"},"content":{"rendered":"<p>[vc_row el_class=&#8221;container&#8221;][vc_column]\r\n                <div class=\"text-modules\">\r\n                    <div class=\"container\">\r\n                        \r\n                        <div class=\"text-modules__content\"><\/p>\n<h3><span style=\"color: #002e5a;\">Komunikaty o otwartych konkursach na Wydziale Nauk \u015acis\u0142ych i Technicznych<\/span><\/h3>\n<p>\n<\/div>\r\n                    <\/div>\r\n                <\/div>  <div class=\"announcements-wrap\"> \r\n\t\t\t\t\t\t\t\t\t<div class=\"announcements announcements_1\" style=\"background-color:\">\r\n                                <div class=\"section-title\">Komunikaty<\/div>\r\n                                \r\n                                <style>.wjivuv.angle-list > li::before{color:  !important}<\/style><div class=\"d-flex flex-wrap\"><ul class=\"angle-list wjivuv\" ><li > <a href = \"https:\/\/us.edu.pl\/wydzial\/wnst\/komunikaty\/konkurs-na-stanowisko-stypendysty-studenta-w-projekcie-badawczym-ncn-sonata-20\/\" style=\"color:\"> Konkurs na stanowisko stypendysty \u2013 studenta w projekcie badawczym NCN Sonata 20 | 14.04.2026 <\/a > <\/li > <li > <a href = \"https:\/\/us.edu.pl\/wydzial\/wnst\/komunikaty\/konkurs-na-stanowisko-doktoranta-stypendysty-w-dyscyplinie-nauk-fizycznych-opus-27-29-09-2025\/\" style=\"color:\"> Konkurs na stanowisko doktoranta \u2013 stypendysty w dyscyplinie nauk fizycznych OPUS 27 | 29.09.2025 <\/a > <\/li > <li > <a href = \"https:\/\/us.edu.pl\/wydzial\/wnst\/komunikaty\/konkurs-na-stanowisko-doktoranta-stypendysty-w-dyscyplinie-nauk-fizycznych-2\/\" style=\"color:\"> Konkurs na stanowisko doktoranta &#8211; stypendysty w dyscyplinie nauk fizycznych MAESTRO | 31.07.2025 <\/a > <\/li > <li > <a href = \"https:\/\/us.edu.pl\/wydzial\/wnst\/komunikaty\/offer-for-ph-d-student-internship\/\" style=\"color:\"> Offer for Ph.D. Student Internship <\/a > <\/li > <li > <a href = \"https:\/\/us.edu.pl\/wydzial\/wnst\/komunikaty\/konkurs-na-stypendium-naukowe-dla-studenta-studentki-i-lub-ii-stopnia-studiow-studiow-w-ramach-projektu-badawczego-sonata-16-18-10-2024\/\" style=\"color:\"> Konkurs na stypendium naukowe dla studenta\/studentki I lub II stopnia studi\u00f3w studi\u00f3w w ramach projektu badawczego SONATA 16 | 18.10.2024 <\/a > <\/li > <li > <a href = \"https:\/\/us.edu.pl\/wydzial\/wnst\/komunikaty\/konkurs-na-stypendium-naukowe-dla-studenta-studentki-i-lub-ii-stopnia-studiow\/\" style=\"color:\"> Konkurs na stypendium naukowe dla studenta\/studentki I lub II stopnia studi\u00f3w studi\u00f3w w ramach projektu badawczego SONATA 16 | 23.10.2024 <\/a > <\/li > <li > <a href = \"https:\/\/us.edu.pl\/wydzial\/wnst\/komunikaty\/konkurs-na-stanowisko-doktoranta-stypendysty-w-dyscyplinie-nauk-fizycznych\/\" style=\"color:\"> Konkurs na stanowisko doktoranta &#8211; stypendysty w dyscyplinie nauk fizycznych <\/a > <\/li > <li > <a href = \"https:\/\/us.edu.pl\/wydzial\/wnst\/komunikaty\/konkurs-na-stypendium-naukowe-dla-studenta-studentki-i-lub-ii-stopnia-studiow-w-ramach-projektu-badawczego-sonata-16-23-10-2023-r\/\" style=\"color:\"> Konkurs na stypendium naukowe dla studenta\/studentki I lub II stopnia studi\u00f3w w ramach projektu badawczego SONATA 16  | 23.10.2023 r. <\/a > <\/li > <li > <a href = \"https:\/\/us.edu.pl\/wydzial\/wnst\/komunikaty\/160117\/\" style=\"color:\"> Konkursy o stypendia dla doktorant\u00f3w w ramach projektu OPUS 21 <\/a > <\/li > <li > <a href = \"https:\/\/us.edu.pl\/wydzial\/wnst\/komunikaty\/zgloszenia-do-nagrody-im-witolda-lipskiego-dla-utalentowanych-informatykow\/\" style=\"color:\"> Zg\u0142oszenia do Nagrody im. Witolda Lipskiego dla utalentowanych m\u0142odych naukowc\u00f3w w dyscyplinie informatyka <\/a > <\/li > <li > <a href = \"https:\/\/us.edu.pl\/wydzial\/wnst\/komunikaty\/english-rozstrzygniecie-konkursu-na-stanowisko-studenta-stypendysty-w-ramach-konkursu-sonata\/\" style=\"color:\"> Rozstrzygni\u0119cie konkursu na stanowisko studenta-stypendysty w ramach konkursu SONATA <\/a > <\/li > <li > <a href = \"https:\/\/us.edu.pl\/wydzial\/wnst\/komunikaty\/konkurs-na-stanowisko-studenta-stypendysty-w-ramach-konkursu-sonata\/\" style=\"color:\"> Przed\u0142u\u017cony termin rozstrzygni\u0119cia konkursu na stanowisko studenta-stypendysty w ramach konkursu SONATA <\/a > <\/li > <li > <a href = \"https:\/\/us.edu.pl\/wydzial\/wnst\/komunikaty\/konkurs-na-stanowisko-doktoranta-w-projekcie-ncn-opus-termin-1-10-2021\/\" style=\"color:\"> Konkurs na stanowisko doktoranta w projekcie NCN OPUS (termin &#8211; 1.10.2021) <\/a > <\/li > <li > <a href = \"https:\/\/us.edu.pl\/wydzial\/wnst\/komunikaty\/konkurs-na-stanowisko-doktoranta-w-projekcie-ncn-opus-2\/\" style=\"color:\"> Konkurs na stanowisko doktoranta w projekcie NCN OPUS <\/a > <\/li > <li > <a href = \"https:\/\/us.edu.pl\/wydzial\/wnst\/komunikaty\/konkurs-na-stanowisko-studenta-w-projekcie-ncn-opus\/\" style=\"color:\"> Konkurs na stanowisko studenta w projekcie NCN OPUS <\/a > <\/li > <li > <a href = \"https:\/\/us.edu.pl\/wydzial\/wnst\/komunikaty\/zgloszenia-do-konkursu-o-nagrode-im-witolda-lipskiego\/\" style=\"color:\"> Zg\u0142oszenia do konkursu o Nagrod\u0119 im. Witolda Lipskiego <\/a > <\/li > <li > <a href = \"https:\/\/us.edu.pl\/wydzial\/wnst\/komunikaty\/konkurs-stypendium-naukowe-opus-18\/\" style=\"color:\"> Konkurs na stypendium naukowe w ramach projektu badawczego OPUS 18 <\/a > <\/li > <li > <a href = \"https:\/\/us.edu.pl\/wydzial\/wnst\/komunikaty\/konkursy-na-stanowisko-stypendysty-doktoranta\/\" style=\"color:\"> Konkursy na stanowisko stypendysty doktoranta <\/a > <\/li > <li > <a href = \"https:\/\/us.edu.pl\/wydzial\/wnst\/komunikaty\/konkurs-na-stanowisko-doktoranta-w-projekcie-ncn-opus\/\" style=\"color:\"> Konkurs na stanowisko doktoranta w projekcie NCN OPUS <\/a > <\/li > <\/ul><\/div>\r\n\t\t\t\t\t\t\t\t\t<\/div>\r\n\t\t\t\t\t\t\t\t<\/div>[\/vc_column][\/vc_row]<\/p>","protected":false},"excerpt":{"rendered":"<p>[vc_row el_class=&#8221;container&#8221;][vc_column][\/vc_column][\/vc_row] [&#8230;]<\/p>\n<p><a class=\"btn btn-secondary understrap-read-more-link\" href=\"https:\/\/us.edu.pl\/wydzial\/wnst\/strona-glowna\/konkursy\/\">Read More&#8230;<\/a><\/p>\n","protected":false},"author":99,"featured_media":0,"parent":103,"menu_order":5,"comment_status":"closed","ping_status":"closed","template":"","meta":{"_expiration-date-status":"saved","_expiration-date":0,"_expiration-date-type":"","_expiration-date-categories":[],"_expiration-date-options":[]},"acf":[],"_links":{"self":[{"href":"https:\/\/us.edu.pl\/wydzial\/wnst\/wp-json\/wp\/v2\/pages\/5660"}],"collection":[{"href":"https:\/\/us.edu.pl\/wydzial\/wnst\/wp-json\/wp\/v2\/pages"}],"about":[{"href":"https:\/\/us.edu.pl\/wydzial\/wnst\/wp-json\/wp\/v2\/types\/page"}],"author":[{"embeddable":true,"href":"https:\/\/us.edu.pl\/wydzial\/wnst\/wp-json\/wp\/v2\/users\/99"}],"replies":[{"embeddable":true,"href":"https:\/\/us.edu.pl\/wydzial\/wnst\/wp-json\/wp\/v2\/comments?post=5660"}],"version-history":[{"count":6,"href":"https:\/\/us.edu.pl\/wydzial\/wnst\/wp-json\/wp\/v2\/pages\/5660\/revisions"}],"predecessor-version":[{"id":170421,"href":"https:\/\/us.edu.pl\/wydzial\/wnst\/wp-json\/wp\/v2\/pages\/5660\/revisions\/170421"}],"up":[{"embeddable":true,"href":"https:\/\/us.edu.pl\/wydzial\/wnst\/wp-json\/wp\/v2\/pages\/103"}],"wp:attachment":[{"href":"https:\/\/us.edu.pl\/wydzial\/wnst\/wp-json\/wp\/v2\/media?parent=5660"}],"curies":[{"name":"wp","href":"https:\/\/api.w.org\/{rel}","templated":true}]}}