{"id":6022,"date":"2020-10-01T08:30:59","date_gmt":"2020-10-01T06:30:59","guid":{"rendered":"https:\/\/us.edu.pl\/wydzial\/wnst\/?page_id=6022"},"modified":"2026-03-25T14:42:49","modified_gmt":"2026-03-25T13:42:49","slug":"pelnomocnicy-dziekana","status":"publish","type":"page","link":"https:\/\/us.edu.pl\/wydzial\/wnst\/strona-glowna\/wladze\/pelnomocnicy-dziekana\/","title":{"rendered":"pe\u0142nomocnicy Dziekana"},"content":{"rendered":"<p>[vc_row][vc_column]\r\n                <div class=\"text-modules\">\r\n                    <div class=\"container\">\r\n                        \r\n                        <div class=\"text-modules__content\"><\/p>\n<h3><span style=\"color: #002e5a;\">Pe\u0142nomocnicy Dziekana Wydzia\u0142u Nauk \u015acis\u0142ych i Technicznych<\/span><\/h3>\n<p>\n<\/div>\r\n                    <\/div>\r\n                <\/div>[vc_column_text][\/vc_column_text][\/vc_column][\/vc_row][vc_row content_placement=&#8221;middle&#8221; css=&#8221;.vc_custom_1752138418249{border-radius: 10px !important;}&#8221; el_class=&#8221;container&#8221;][vc_column css=&#8221;.vc_custom_1752138018882{margin-left: 10px !important;border-left-width: 10px !important;border-left-color: #002e5a !important;border-left-style: solid !important;border-radius: 10px !important;}&#8221;][vc_empty_space height=&#8221;20&#8243;]\r\n                <div class=\"text-modules\">\r\n                    <div class=\"container\">\r\n                        \r\n                        <div class=\"text-modules__content\"><p><strong>Pe\u0142nomocnicy ds. studenckich<\/strong><\/p>\n<p><a href=\"https:\/\/ab.us.edu.pl\/emp?id=14952\">dr Aleksandr Lam\u017ca<\/a><\/p>\n<p><a href=\"https:\/\/ab.us.edu.pl\/emp?id=17642\">dr hab. in\u017c. Micha\u0142 Mierzwa, prof. U\u015a\u00a0<\/a><\/p>\n<p><a href=\"https:\/\/ab.us.edu.pl\/emp?id=25412\">dr Dariusz Soko\u0142owski<\/a><\/p>\n<\/div>\r\n                    <\/div>\r\n                <\/div>[\/vc_column][\/vc_row][vc_row][vc_column][vc_empty_space height=&#8221;10&#8243;][\/vc_column][\/vc_row][vc_row content_placement=&#8221;middle&#8221; css=&#8221;.vc_custom_1752138418249{border-radius: 10px !important;}&#8221; el_class=&#8221;container&#8221;][vc_column css=&#8221;.vc_custom_1752138018882{margin-left: 10px !important;border-left-width: 10px !important;border-left-color: #002e5a !important;border-left-style: solid !important;border-radius: 10px !important;}&#8221;][vc_empty_space height=&#8221;20&#8243;]\r\n                <div class=\"text-modules\">\r\n                    <div class=\"container\">\r\n                        \r\n                        <div class=\"text-modules__content\"><p><strong>Pe\u0142nomocnik ds. jako\u015bci kszta\u0142cenia i akredytacji<\/strong><\/p>\n<p><a href=\"https:\/\/ab.us.edu.pl\/emp?id=40172\">dr Agnieszka Kulawik, prof. U\u015a<\/a><\/p>\n<\/div>\r\n                    <\/div>\r\n                <\/div>[\/vc_column][\/vc_row][vc_row][vc_column][vc_empty_space height=&#8221;10&#8243;][\/vc_column][\/vc_row][vc_row content_placement=&#8221;middle&#8221; css=&#8221;.vc_custom_1752138408205{border-radius: 10px !important;}&#8221; el_class=&#8221;container&#8221;][vc_column css=&#8221;.vc_custom_1752138018882{margin-left: 10px !important;border-left-width: 10px !important;border-left-color: #002e5a !important;border-left-style: solid !important;border-radius: 10px !important;}&#8221;][vc_empty_space height=&#8221;20&#8243;]\r\n                <div class=\"text-modules\">\r\n                    <div class=\"container\">\r\n                        \r\n                        <div class=\"text-modules__content\"><p><strong>Pe\u0142nomocnik ds. kszta\u0142cenia na odleg\u0142o\u015b\u0107<\/strong><\/p>\n<p><a href=\"https:\/\/ab.us.edu.pl\/emp?id=24662\">dr in\u017c. Roman Simi\u0144ski, prof. U\u015a<\/a><\/p>\n<\/div>\r\n                    <\/div>\r\n                <\/div>[\/vc_column][\/vc_row][vc_row][vc_column][vc_empty_space height=&#8221;10&#8243;][\/vc_column][\/vc_row][vc_row content_placement=&#8221;middle&#8221; css=&#8221;.vc_custom_1752138388857{border-radius: 10px !important;}&#8221; el_class=&#8221;container&#8221;][vc_column css=&#8221;.vc_custom_1752138018882{margin-left: 10px !important;border-left-width: 10px !important;border-left-color: #002e5a !important;border-left-style: solid !important;border-radius: 10px !important;}&#8221;][vc_empty_space height=&#8221;20&#8243;]\r\n                <div class=\"text-modules\">\r\n                    <div class=\"container\">\r\n                        \r\n                        <div class=\"text-modules__content\"><p><strong>Pe\u0142nomocnik ds. wsp\u00f3\u0142pracy mi\u0119dzynarodowej<\/strong><\/p>\n<p><a href=\"https:\/\/ab.us.edu.pl\/emp?id=31922\">dr hab. Pawe\u0142 Zajdel, prof. U\u015a<\/a><\/p>\n<\/div>\r\n                    <\/div>\r\n                <\/div>[\/vc_column][\/vc_row][vc_row][vc_column][vc_empty_space height=&#8221;10&#8243;][\/vc_column][\/vc_row][vc_row content_placement=&#8221;middle&#8221; css=&#8221;.vc_custom_1752138377613{border-radius: 10px !important;}&#8221; el_class=&#8221;container&#8221;][vc_column css=&#8221;.vc_custom_1752138018882{margin-left: 10px !important;border-left-width: 10px !important;border-left-color: #002e5a !important;border-left-style: solid !important;border-radius: 10px !important;}&#8221;][vc_empty_space height=&#8221;20&#8243;]\r\n                <div class=\"text-modules\">\r\n                    <div class=\"container\">\r\n                        \r\n                        <div class=\"text-modules__content\"><p><strong>Wydzia\u0142owy koordynator ds. dostosowania studi\u00f3w<\/strong><\/p>\n<p><a href=\"https:\/\/ab.us.edu.pl\/emp?id=6272\">dr Ma\u0142gorzata Gajos-Gr\u017eeti\u0107, prof. U\u015a<\/a><\/p>\n<\/div>\r\n                    <\/div>\r\n                <\/div>[\/vc_column][\/vc_row][vc_row][vc_column][vc_empty_space height=&#8221;10&#8243;][\/vc_column][\/vc_row][vc_row content_placement=&#8221;middle&#8221; css=&#8221;.vc_custom_1752138357389{border-radius: 10px !important;}&#8221; el_class=&#8221;container&#8221;][vc_column css=&#8221;.vc_custom_1752138119702{margin-left: 10px !important;border-left-width: 10px !important;border-left-color: #002e5a !important;border-left-style: solid !important;border-radius: 10px !important;}&#8221;][vc_empty_space height=&#8221;20&#8243;]\r\n                <div class=\"text-modules\">\r\n                    <div class=\"container\">\r\n                        \r\n                        <div class=\"text-modules__content\"><p><strong>Wydzia\u0142owy koordynator programu Erasmus<\/strong><\/p>\n<p><span style=\"color: #003366;\"><a style=\"color: #003366;\" href=\"https:\/\/ab.us.edu.pl\/emp?id=22402\">dr hab. Ma\u0142gorzata Przybyla-Kasperek, prof. U\u015a<\/a><\/span><\/p>\n<\/div>\r\n                    <\/div>\r\n                <\/div>[\/vc_column][\/vc_row]<\/p>","protected":false},"excerpt":{"rendered":"<p>[vc_row][vc_column][vc_column_text][\/vc_column_text][\/vc_column][\/vc_row][vc_row content_placement=&#8221;middle&#8221; css=&#8221;.vc_custom_1752138418249{border-radius: 10px !important;}&#8221; el_class=&#8221;container&#8221;][vc_column css=&#8221;.vc_custom_1752138018882{margin-left: 10px !important;border-left-width: 10px !important;border-left-color: #002e5a !important;border-left-style: solid !important;border-radius: 10px !important;}&#8221;][vc_empty_space height=&#8221;20&#8243;][\/vc_column][\/vc_row][vc_row][vc_column][vc_empty_space height=&#8221;10&#8243;][\/vc_column][\/vc_row][vc_row content_placement=&#8221;middle&#8221; css=&#8221;.vc_custom_1752138418249{border-radius: 10px !important;}&#8221; el_class=&#8221;container&#8221;][vc_column css=&#8221;.vc_custom_1752138018882{margin-left: 10px !important;border-left-width: 10px !important;border-left-color: #002e5a !important;border-left-style: solid !important;border-radius: 10px !important;}&#8221;][vc_empty_space height=&#8221;20&#8243;][\/vc_column][\/vc_row][vc_row][vc_column][vc_empty_space height=&#8221;10&#8243;][\/vc_column][\/vc_row][vc_row content_placement=&#8221;middle&#8221; css=&#8221;.vc_custom_1752138408205{border-radius: 10px !important;}&#8221; el_class=&#8221;container&#8221;][vc_column css=&#8221;.vc_custom_1752138018882{margin-left: 10px !important;border-left-width: 10px !important;border-left-color: #002e5a !important;border-left-style: solid !important;border-radius: 10px !important;}&#8221;][vc_empty_space height=&#8221;20&#8243;][\/vc_column][\/vc_row][vc_row][vc_column][vc_empty_space height=&#8221;10&#8243;][\/vc_column][\/vc_row][vc_row [&#8230;]<\/p>\n<p><a class=\"btn btn-secondary understrap-read-more-link\" href=\"https:\/\/us.edu.pl\/wydzial\/wnst\/strona-glowna\/wladze\/pelnomocnicy-dziekana\/\">Read More&#8230;<\/a><\/p>\n","protected":false},"author":92,"featured_media":0,"parent":470,"menu_order":3,"comment_status":"closed","ping_status":"closed","template":"","meta":{"_expiration-date-status":"saved","_expiration-date":0,"_expiration-date-type":"","_expiration-date-categories":[],"_expiration-date-options":[]},"acf":[],"_links":{"self":[{"href":"https:\/\/us.edu.pl\/wydzial\/wnst\/wp-json\/wp\/v2\/pages\/6022"}],"collection":[{"href":"https:\/\/us.edu.pl\/wydzial\/wnst\/wp-json\/wp\/v2\/pages"}],"about":[{"href":"https:\/\/us.edu.pl\/wydzial\/wnst\/wp-json\/wp\/v2\/types\/page"}],"author":[{"embeddable":true,"href":"https:\/\/us.edu.pl\/wydzial\/wnst\/wp-json\/wp\/v2\/users\/92"}],"replies":[{"embeddable":true,"href":"https:\/\/us.edu.pl\/wydzial\/wnst\/wp-json\/wp\/v2\/comments?post=6022"}],"version-history":[{"count":10,"href":"https:\/\/us.edu.pl\/wydzial\/wnst\/wp-json\/wp\/v2\/pages\/6022\/revisions"}],"predecessor-version":[{"id":204816,"href":"https:\/\/us.edu.pl\/wydzial\/wnst\/wp-json\/wp\/v2\/pages\/6022\/revisions\/204816"}],"up":[{"embeddable":true,"href":"https:\/\/us.edu.pl\/wydzial\/wnst\/wp-json\/wp\/v2\/pages\/470"}],"wp:attachment":[{"href":"https:\/\/us.edu.pl\/wydzial\/wnst\/wp-json\/wp\/v2\/media?parent=6022"}],"curies":[{"name":"wp","href":"https:\/\/api.w.org\/{rel}","templated":true}]}}