{"id":627,"date":"2019-11-14T12:55:29","date_gmt":"2019-11-14T11:55:29","guid":{"rendered":"https:\/\/us.edu.pl\/wydzial\/wnst\/?page_id=627"},"modified":"2025-02-12T15:25:18","modified_gmt":"2025-02-12T14:25:18","slug":"regulaminy","status":"publish","type":"page","link":"https:\/\/us.edu.pl\/wydzial\/wnst\/studia\/regulaminy\/","title":{"rendered":"Podania studenckie"},"content":{"rendered":"<p>[vc_row][vc_column]\r\n                <div class=\"text-modules\">\r\n                    <div class=\"container\">\r\n                        <h3 class=\"page-title text__title\">Podania studenckie<\/h3>\r\n                        <div class=\"text-modules__content\"><\/div>\r\n                    <\/div>\r\n                <\/div>[\/vc_column][\/vc_row][vc_row][vc_column][vc_tta_tabs active_section=&#8221;1&#8243; el_class=&#8221;container&#8221;][vc_tta_section title=&#8221;Tok studi\u00f3w &#8211; druki&#8221; tab_id=&#8221;1586958451355-38c9cff5-0303&#8243;]\r\n                <div class=\"text-modules\">\r\n                    <div class=\"container\">\r\n                        \r\n                        <div class=\"text-modules__content\"><\/p>\n<ol>\n<li>Podanie o powt\u00f3rk\u0119 modu\u0142u\/\u00f3w sk\u0142ada si\u0119 przez stron\u0119 <a class=\"moz-txt-link-freetext\" href=\"https:\/\/usosweb.us.edu.pl\/\" target=\"_blank\" rel=\"noopener noreferrer\">https:\/\/usosweb.us.edu.pl\/<\/a><\/li>\n<li>Podanie o powt\u00f3rk\u0119 semestru sk\u0142ada si\u0119 przez stron\u0119\u00a0 <a class=\"moz-txt-link-freetext\" href=\"https:\/\/usosweb.us.edu.pl\/\" target=\"_blank\" rel=\"noopener noreferrer\">https:\/\/usosweb.us.edu.pl\/<\/a><\/li>\n<li>Podanie o przed\u0142u\u017cenie sesji egzaminacyjnej sk\u0142ada si\u0119 przez stron\u0119 <a href=\"https:\/\/usosweb.us.edu.pl\/\">https:\/\/usosweb.us.edu.pl\/<\/a><\/li>\n<li><a href=\"https:\/\/us.edu.pl\/wydzial\/wnst\/wp-content\/uploads\/sites\/18\/dziekanat-druki\/UD_Urlop-dzieka\u0144ski.pdf\" class=\"mtli_attachment mtli_pdf\" data-mtli=\"mtli_filesize399,10kB\" class=\"mtli_attachment mtli_pdf\" data-mtli=\"mtli_filesize399,10kB\">Podanie o urlop dzieka\u0144ski<\/a> <em>aktualizacja 11.10.21<\/em><\/li>\n<li><a href=\"https:\/\/us.edu.pl\/wydzial\/wnst\/wp-content\/uploads\/sites\/18\/Dokumenty-zalaczniki\/dziekanat\/Podanie-o-urlop-zdrowotny.pdf\" class=\"mtli_attachment mtli_pdf\" data-mtli=\"mtli_filesize445,62kB\" class=\"mtli_attachment mtli_pdf\" data-mtli=\"mtli_filesize445,62kB\">Podanie o urlop zdrowotny<\/a><br \/>\n<a href=\"https:\/\/us.edu.pl\/wydzial\/wnst\/wp-content\/uploads\/sites\/18\/Dokumenty-zalaczniki\/dziekanat\/Klauzula-RODO-do-urlopu-zdrowotnego.pdf\" class=\"mtli_attachment mtli_pdf\" data-mtli=\"mtli_filesize280,80kB\" class=\"mtli_attachment mtli_pdf\" data-mtli=\"mtli_filesize280,80kB\"><span dir=\"ltr\" role=\"presentation\">Klauzula informacyjna<\/span> <span dir=\"ltr\" role=\"presentation\">RODO dla student\u00f3w<\/span> <span dir=\"ltr\" role=\"presentation\">ubiegaj\u0105cych si\u0119 o udzielenie urlopu zdrowotnego<\/span><\/a><\/li>\n<li><a href=\"https:\/\/us.edu.pl\/wydzial\/wnst\/wp-content\/uploads\/sites\/18\/dziekanat-druki\/EK_Egzamin-komisyjny.pdf\" class=\"mtli_attachment mtli_pdf\" data-mtli=\"mtli_filesize404,97kB\" class=\"mtli_attachment mtli_pdf\" data-mtli=\"mtli_filesize404,97kB\">Podanie o zaliczenie\/ egzamin komisyjny<\/a> <em>aktualizacja 11.10.21<\/em><\/li>\n<li><a href=\"https:\/\/us.edu.pl\/wydzial\/wnst\/wp-content\/uploads\/sites\/18\/Dokumenty-za\u0142\u0105czniki\/dziekanat\/ITS.pdf\" class=\"mtli_attachment mtli_pdf\" data-mtli=\"mtli_filesize425,90kB\" class=\"mtli_attachment mtli_pdf\" data-mtli=\"mtli_filesize425,90kB\">Podanie o ITS &#8211; indywidualny tok studi\u00f3w<\/a> <em>aktualizacja 02.02.2022<\/em><\/li>\n<li><a href=\"https:\/\/us.edu.pl\/wydzial\/wnst\/wp-content\/uploads\/sites\/18\/dziekanat-druki\/IOS.pdf\" class=\"mtli_attachment mtli_pdf\" data-mtli=\"mtli_filesize533,62kB\" class=\"mtli_attachment mtli_pdf\" data-mtli=\"mtli_filesize533,62kB\">Podanie o IOS &#8211; indywidualna organizacja studi\u00f3w<\/a> <em>dodane 28.10.21<\/em><\/li>\n<li><a href=\"https:\/\/us.edu.pl\/student\/studia\/tok-studiow-2\/wsparcie-i-fundusze-dostosowanie-do-specjalnych-potrzeb-indywidualne-dostosowanie-studiow\/\">Podanie o IDS &#8211; indywidualne dostosowanie studi\u00f3w<\/a><\/li>\n<li><a href=\"https:\/\/us.edu.pl\/wydzial\/wnst\/wp-content\/uploads\/sites\/18\/dziekanat-druki\/podanie-o-rejestracje-na-zajecia_2020.doc\" class=\"mtli_attachment mtli_doc\" data-mtli=\"mtli_filesize42,50kB\" class=\"mtli_attachment mtli_doc\" data-mtli=\"mtli_filesize42,50kB\">Podanie o rejestracj\u0119 dla os\u00f3b, kt\u00f3re nie zarejestrowa\u0142y si\u0119 na zaj\u0119cia<\/a><\/li>\n<li><a href=\"https:\/\/us.edu.pl\/wydzial\/wnst\/wp-content\/uploads\/sites\/18\/Dokumenty-zalaczniki\/dziekanat\/zmiana-grupy-cwiczeniowej_2024.pdf\" class=\"mtli_attachment mtli_pdf\" data-mtli=\"mtli_filesize117,59kB\" class=\"mtli_attachment mtli_pdf\" data-mtli=\"mtli_filesize117,59kB\">Podanie o zmian\u0119 grupy \u0107wiczeniowej<\/a>\u00a0<em>aktualizacja 11.10.2024<\/em><\/li>\n<li><a href=\"https:\/\/us.edu.pl\/wydzial\/wnst\/wp-content\/uploads\/sites\/18\/dziekanat-druki\/WS_Wznowienie-studi\u00f3w.pdf\" class=\"mtli_attachment mtli_pdf\" data-mtli=\"mtli_filesize402,15kB\" class=\"mtli_attachment mtli_pdf\" data-mtli=\"mtli_filesize402,15kB\">WS &#8211; wznowienie studi\u00f3w<\/a>\u00a0<em>dodane 11.10.21<\/em><\/li>\n<li><a href=\"https:\/\/us.edu.pl\/wydzial\/wnst\/wp-content\/uploads\/sites\/18\/Dokumenty-zalaczniki\/dziekanat\/WS2-ponowne-wznowienie-studiow.pdf\" class=\"mtli_attachment mtli_pdf\" data-mtli=\"mtli_filesize453,20kB\" class=\"mtli_attachment mtli_pdf\" data-mtli=\"mtli_filesize453,20kB\">WS 2 &#8211; ponowne wznowienie studi\u00f3w<\/a>\u00a0<em>aktualizacja 11.10.24<\/em><\/li>\n<li><a href=\"https:\/\/us.edu.pl\/wydzial\/wnst\/wp-content\/uploads\/sites\/18\/dziekanat-druki\/Podanie-og\u00f3lne.pdf\" class=\"mtli_attachment mtli_pdf\" data-mtli=\"mtli_filesize390,68kB\" class=\"mtli_attachment mtli_pdf\" data-mtli=\"mtli_filesize390,68kB\">Podanie &#8211; sprawy og\u00f3lne<\/a> <em>dodane 11.10.21<\/em><\/li>\n<li><a href=\"https:\/\/us.edu.pl\/wydzial\/wnst\/wp-content\/uploads\/sites\/18\/Dokumenty-zalaczniki\/dziekanat\/PTE-przywrocenie-terminu-egzaminu-2024.pdf\" class=\"mtli_attachment mtli_pdf\" data-mtli=\"mtli_filesize500,79kB\" class=\"mtli_attachment mtli_pdf\" data-mtli=\"mtli_filesize500,79kB\">PTE &#8211; przywr\u00f3cenie terminu egzaminu<\/a> <em>aktualizacja 11.10.24<\/em><\/li>\n<li><a href=\"https:\/\/us.edu.pl\/wydzial\/wnst\/wp-content\/uploads\/sites\/18\/Dokumenty-zalaczniki\/dziekanat\/przeniesienie-na-stacjonarne-lub-niestacjonarne-2024.pdf\" class=\"mtli_attachment mtli_pdf\" data-mtli=\"mtli_filesize401,16kB\" class=\"mtli_attachment mtli_pdf\" data-mtli=\"mtli_filesize401,16kB\">Przeniesienie (studia stacjonarne i niestacjonarne)<\/a> <em>aktualizacja 11.10.24<\/em><\/li>\n<li><a href=\"https:\/\/us.edu.pl\/wydzial\/wnst\/wp-content\/uploads\/sites\/18\/dziekanat-druki\/przeniesienie-na-inny-kierunek.pdf\" class=\"mtli_attachment mtli_pdf\" data-mtli=\"mtli_filesize397,34kB\" class=\"mtli_attachment mtli_pdf\" data-mtli=\"mtli_filesize397,34kB\">Przeniesienie na inny kierunek<\/a> <em>dodane 11.10.21<\/em><\/li>\n<li><a href=\"https:\/\/us.edu.pl\/wydzial\/wnst\/wp-content\/uploads\/sites\/18\/dziekanat-druki\/Rezygnacja-ze-studi\u00f3w.pdf\" class=\"mtli_attachment mtli_pdf\" data-mtli=\"mtli_filesize399,35kB\" class=\"mtli_attachment mtli_pdf\" data-mtli=\"mtli_filesize399,35kB\">Rezygnacja ze studi\u00f3w<\/a> <em>dodane 11.10.21<\/em><\/li>\n<li><a href=\"https:\/\/us.edu.pl\/wydzial\/wnst\/wp-content\/uploads\/sites\/18\/dziekanat-druki\/Zmiana-danych-osobowych.pdf\" class=\"mtli_attachment mtli_pdf\" data-mtli=\"mtli_filesize401,00kB\" class=\"mtli_attachment mtli_pdf\" data-mtli=\"mtli_filesize401,00kB\">Zmiana danych osobowych<\/a> <em>dodane 11.10.21<\/em><\/li>\n<li><a href=\"https:\/\/us.edu.pl\/wydzial\/wnst\/wp-content\/uploads\/sites\/18\/dziekanat-druki\/Zgoda-na-uznanie-ocen-zdobytych-na-innej-uczelni.pdf\" class=\"mtli_attachment mtli_pdf\" data-mtli=\"mtli_filesize414,14kB\" class=\"mtli_attachment mtli_pdf\" data-mtli=\"mtli_filesize414,14kB\">Zgoda na uznanie ocen zdobytych na innej uczelni<\/a> <em>dodane 11.10.21<\/em><\/li>\n<\/ol>\n<p>\n<style type=\"text\/css\">a[data-mtli~=\"mtli_filesize399,10kB\"]:after {content:\" (399,10 kB)\"}a[data-mtli~=\"mtli_filesize445,62kB\"]:after {content:\" (445,62 kB)\"}a[data-mtli~=\"mtli_filesize280,80kB\"]:after {content:\" (280,80 kB)\"}a[data-mtli~=\"mtli_filesize404,97kB\"]:after {content:\" (404,97 kB)\"}a[data-mtli~=\"mtli_filesize425,90kB\"]:after {content:\" (425,90 kB)\"}a[data-mtli~=\"mtli_filesize533,62kB\"]:after {content:\" (533,62 kB)\"}a[data-mtli~=\"mtli_filesize42,50kB\"]:after {content:\" (42,50 kB)\"}a[data-mtli~=\"mtli_filesize117,59kB\"]:after {content:\" (117,59 kB)\"}a[data-mtli~=\"mtli_filesize402,15kB\"]:after {content:\" (402,15 kB)\"}a[data-mtli~=\"mtli_filesize453,20kB\"]:after {content:\" (453,20 kB)\"}a[data-mtli~=\"mtli_filesize390,68kB\"]:after {content:\" (390,68 kB)\"}a[data-mtli~=\"mtli_filesize500,79kB\"]:after {content:\" (500,79 kB)\"}a[data-mtli~=\"mtli_filesize401,16kB\"]:after {content:\" (401,16 kB)\"}a[data-mtli~=\"mtli_filesize397,34kB\"]:after {content:\" (397,34 kB)\"}a[data-mtli~=\"mtli_filesize399,35kB\"]:after {content:\" (399,35 kB)\"}a[data-mtli~=\"mtli_filesize401,00kB\"]:after {content:\" (401,00 kB)\"}a[data-mtli~=\"mtli_filesize414,14kB\"]:after {content:\" (414,14 kB)\"}<\/style><\/div>\r\n                    <\/div>\r\n                <\/div>[\/vc_tta_section][vc_tta_section title=&#8221;Obrony prac &#8211; druki&#8221; tab_id=&#8221;1586957744192-c3e762f5-2d9c&#8221;]\r\n                <div class=\"text-modules\">\r\n                    <div class=\"container\">\r\n                        \r\n                        <div class=\"text-modules__content\"><p><strong>Egzamin<\/strong><\/p>\n<ol>\n<li><strong><a href=\"https:\/\/us.edu.pl\/wydzial\/wnst\/wp-content\/uploads\/sites\/18\/Dokumenty-za\u0142\u0105czniki\/dziekanat\/pierwsza-strona-pracy-dyplomowej25-01-22.pdf\" class=\"mtli_attachment mtli_pdf\" data-mtli=\"mtli_filesize288,40kB\" class=\"mtli_attachment mtli_pdf\" data-mtli=\"mtli_filesize288,40kB\">praca dyplomowa &#8211; strona tytu\u0142owa<\/a><\/strong> <em>[aktualizacja 25.01.2022]<\/em><\/li>\n<li><strong><a href=\"https:\/\/us.edu.pl\/wydzial\/wnst\/wp-content\/uploads\/sites\/18\/Dokumenty-za\u0142\u0105czniki\/dziekanat\/wz\u00f3r-pierwszej-strony-pracy-dyplomowej-26-01-22.docx\" class=\"mtli_attachment mtli_docx\" data-mtli=\"mtli_filesize102,52kB\" class=\"mtli_attachment mtli_docx\" data-mtli=\"mtli_filesize102,52kB\">praca dyplomowa &#8211; strona tytu\u0142owa<\/a><\/strong> <em>[aktualizacja 25.01.2022]<\/em><\/li>\n<li>Podanie o przeprowadzenie egzaminu dyplomowego sk\u0142ada si\u0119 przez stron\u0119 <a class=\"moz-txt-link-freetext\" href=\"https:\/\/usosweb.us.edu.pl\/\">https:\/\/usosweb.us.edu.pl\/<\/a><\/li>\n<li>Podanie o wydanie dyplomu uko\u0144czenia studi\u00f3w sk\u0142ada si\u0119 przez stron\u0119 <a href=\"https:\/\/usosweb.us.edu.pl\/\">https:\/\/usosweb.us.edu.pl\/<\/a><\/li>\n<li>deklaracja przyst\u0105pienia do Bazy Absolwent\u00f3w sk\u0142adana przez stron\u0119 <a class=\"moz-txt-link-freetext\" href=\"https:\/\/usosweb.us.edu.pl\/\">https:\/\/usosweb.us.edu.pl<\/a>\u00a0<em>[aktualizacja 06.06.2022]<\/em><\/li>\n<\/ol>\n<p>\n<style type=\"text\/css\">a[data-mtli~=\"mtli_filesize288,40kB\"]:after {content:\" (288,40 kB)\"}a[data-mtli~=\"mtli_filesize102,52kB\"]:after {content:\" (102,52 kB)\"}<\/style><\/div>\r\n                    <\/div>\r\n                <\/div>[\/vc_tta_section][\/vc_tta_tabs][\/vc_column][\/vc_row]<\/p>\n<style type=\"text\/css\">a[data-mtli~=\"mtli_filesize399,10kB\"]:after {content:\" (399,10 kB)\"}a[data-mtli~=\"mtli_filesize445,62kB\"]:after {content:\" (445,62 kB)\"}a[data-mtli~=\"mtli_filesize280,80kB\"]:after {content:\" (280,80 kB)\"}a[data-mtli~=\"mtli_filesize404,97kB\"]:after {content:\" (404,97 kB)\"}a[data-mtli~=\"mtli_filesize425,90kB\"]:after {content:\" (425,90 kB)\"}a[data-mtli~=\"mtli_filesize533,62kB\"]:after {content:\" (533,62 kB)\"}a[data-mtli~=\"mtli_filesize42,50kB\"]:after {content:\" (42,50 kB)\"}a[data-mtli~=\"mtli_filesize117,59kB\"]:after {content:\" (117,59 kB)\"}a[data-mtli~=\"mtli_filesize402,15kB\"]:after {content:\" (402,15 kB)\"}a[data-mtli~=\"mtli_filesize453,20kB\"]:after {content:\" (453,20 kB)\"}a[data-mtli~=\"mtli_filesize390,68kB\"]:after {content:\" (390,68 kB)\"}a[data-mtli~=\"mtli_filesize500,79kB\"]:after {content:\" (500,79 kB)\"}a[data-mtli~=\"mtli_filesize401,16kB\"]:after {content:\" (401,16 kB)\"}a[data-mtli~=\"mtli_filesize397,34kB\"]:after {content:\" (397,34 kB)\"}a[data-mtli~=\"mtli_filesize399,35kB\"]:after {content:\" (399,35 kB)\"}a[data-mtli~=\"mtli_filesize401,00kB\"]:after {content:\" (401,00 kB)\"}a[data-mtli~=\"mtli_filesize414,14kB\"]:after {content:\" (414,14 kB)\"}a[data-mtli~=\"mtli_filesize288,40kB\"]:after {content:\" (288,40 kB)\"}a[data-mtli~=\"mtli_filesize102,52kB\"]:after {content:\" (102,52 kB)\"}<\/style>","protected":false},"excerpt":{"rendered":"<p>[vc_row][vc_column][\/vc_column][\/vc_row][vc_row][vc_column][vc_tta_tabs active_section=&#8221;1&#8243; el_class=&#8221;container&#8221;][vc_tta_section title=&#8221;Tok studi\u00f3w &#8211; druki&#8221; tab_id=&#8221;1586958451355-38c9cff5-0303&#8243;][\/vc_tta_section][vc_tta_section title=&#8221;Obrony prac &#8211; druki&#8221; tab_id=&#8221;1586957744192-c3e762f5-2d9c&#8221;][\/vc_tta_section][\/vc_tta_tabs][\/vc_column][\/vc_row] [&#8230;]<\/p>\n<p><a class=\"btn btn-secondary understrap-read-more-link\" href=\"https:\/\/us.edu.pl\/wydzial\/wnst\/studia\/regulaminy\/\">Read More&#8230;<\/a><\/p>\n","protected":false},"author":99,"featured_media":0,"parent":538,"menu_order":2,"comment_status":"closed","ping_status":"closed","template":"","meta":{"_expiration-date-status":"saved","_expiration-date":0,"_expiration-date-type":"","_expiration-date-categories":[],"_expiration-date-options":[]},"acf":[],"_links":{"self":[{"href":"https:\/\/us.edu.pl\/wydzial\/wnst\/wp-json\/wp\/v2\/pages\/627"}],"collection":[{"href":"https:\/\/us.edu.pl\/wydzial\/wnst\/wp-json\/wp\/v2\/pages"}],"about":[{"href":"https:\/\/us.edu.pl\/wydzial\/wnst\/wp-json\/wp\/v2\/types\/page"}],"author":[{"embeddable":true,"href":"https:\/\/us.edu.pl\/wydzial\/wnst\/wp-json\/wp\/v2\/users\/99"}],"replies":[{"embeddable":true,"href":"https:\/\/us.edu.pl\/wydzial\/wnst\/wp-json\/wp\/v2\/comments?post=627"}],"version-history":[{"count":10,"href":"https:\/\/us.edu.pl\/wydzial\/wnst\/wp-json\/wp\/v2\/pages\/627\/revisions"}],"predecessor-version":[{"id":187147,"href":"https:\/\/us.edu.pl\/wydzial\/wnst\/wp-json\/wp\/v2\/pages\/627\/revisions\/187147"}],"up":[{"embeddable":true,"href":"https:\/\/us.edu.pl\/wydzial\/wnst\/wp-json\/wp\/v2\/pages\/538"}],"wp:attachment":[{"href":"https:\/\/us.edu.pl\/wydzial\/wnst\/wp-json\/wp\/v2\/media?parent=627"}],"curies":[{"name":"wp","href":"https:\/\/api.w.org\/{rel}","templated":true}]}}