{"id":6300,"date":"2020-10-15T12:39:56","date_gmt":"2020-10-15T10:39:56","guid":{"rendered":"https:\/\/us.edu.pl\/wydzial\/wnst\/?page_id=6300"},"modified":"2026-03-25T14:45:14","modified_gmt":"2026-03-25T13:45:14","slug":"wydzialowa-komisja-ds-ksztalcenia-i-studentow","status":"publish","type":"page","link":"https:\/\/us.edu.pl\/wydzial\/wnst\/en\/strona-glowna\/wladze\/wydzialowa-komisja-ds-ksztalcenia-i-studentow\/","title":{"rendered":"(Polski) wydzia\u0142owa komisja ds. kszta\u0142cenia i student\u00f3w"},"content":{"rendered":"<p class=\"qtranxs-available-languages-message qtranxs-available-languages-message-en\">Sorry, this entry is only available in <a href=\"https:\/\/us.edu.pl\/wydzial\/wnst\/pl\/wp-json\/wp\/v2\/pages\/6300\" class=\"qtranxs-available-language-link qtranxs-available-language-link-pl\" title=\"Polski\">Polish<\/a>.<\/p>","protected":false},"excerpt":{"rendered":"<p>Sorry, this entry is only available in Polish. [&#8230;]<\/p>\n<p><a class=\"btn btn-secondary understrap-read-more-link\" href=\"https:\/\/us.edu.pl\/wydzial\/wnst\/en\/strona-glowna\/wladze\/wydzialowa-komisja-ds-ksztalcenia-i-studentow\/\">Read More&#8230;<\/a><\/p>\n","protected":false},"author":92,"featured_media":0,"parent":470,"menu_order":5,"comment_status":"closed","ping_status":"closed","template":"","meta":{"_expiration-date-status":"saved","_expiration-date":0,"_expiration-date-type":"","_expiration-date-categories":[],"_expiration-date-options":[]},"acf":[],"_links":{"self":[{"href":"https:\/\/us.edu.pl\/wydzial\/wnst\/en\/wp-json\/wp\/v2\/pages\/6300"}],"collection":[{"href":"https:\/\/us.edu.pl\/wydzial\/wnst\/en\/wp-json\/wp\/v2\/pages"}],"about":[{"href":"https:\/\/us.edu.pl\/wydzial\/wnst\/en\/wp-json\/wp\/v2\/types\/page"}],"author":[{"embeddable":true,"href":"https:\/\/us.edu.pl\/wydzial\/wnst\/en\/wp-json\/wp\/v2\/users\/92"}],"replies":[{"embeddable":true,"href":"https:\/\/us.edu.pl\/wydzial\/wnst\/en\/wp-json\/wp\/v2\/comments?post=6300"}],"version-history":[{"count":0,"href":"https:\/\/us.edu.pl\/wydzial\/wnst\/en\/wp-json\/wp\/v2\/pages\/6300\/revisions"}],"up":[{"embeddable":true,"href":"https:\/\/us.edu.pl\/wydzial\/wnst\/en\/wp-json\/wp\/v2\/pages\/470"}],"wp:attachment":[{"href":"https:\/\/us.edu.pl\/wydzial\/wnst\/en\/wp-json\/wp\/v2\/media?parent=6300"}],"curies":[{"name":"wp","href":"https:\/\/api.w.org\/{rel}","templated":true}]}}