{"id":647,"date":"2019-11-14T13:09:51","date_gmt":"2019-11-14T12:09:51","guid":{"rendered":"https:\/\/us.edu.pl\/wydzial\/wnst\/?page_id=647"},"modified":"2026-01-29T10:43:12","modified_gmt":"2026-01-29T09:43:12","slug":"erasmus","status":"publish","type":"page","link":"https:\/\/us.edu.pl\/wydzial\/wnst\/strona-glowna\/mobilnosc\/mobilnosc-student\/erasmus\/","title":{"rendered":"Program Erasmus+"},"content":{"rendered":"<p>[vc_row el_class=&#8221;container&#8221;][vc_column][vc_wp_text title=&#8221;Program Erasmus+&#8221;]Program Erasmus+ umo\u017cliwia studentom uczestnictwo w wymianach mi\u0119dzynarodowych, finansowanych przez Uni\u0119 Europejsk\u0105 obejmuj\u0105cych wyjazdy na studia jak i praktyki.<\/p>\n<p>W ramach wyjazdu na studia, studenci mog\u0105 skorzysta\u0107 z bogatej oferty wyjazdowej uczelni partnerskich. Kierunk\u00f3w wyjazdu jest wiele m.in.: Chorwacja, Czechy, Francja, Grecja, Hiszpania, Litwa, Niemcy, Portugalia, Rumunia, S\u0142owacja, Turcja, W\u0119gry, W\u0142ochy.<\/p>\n<p>Przyk\u0142adowe uczelnie na kt\u00f3rych studenci Wydzia\u0142u Nauk \u015acis\u0142ych i Technicznych mog\u0105\u00a0 realizowa\u0107 cz\u0119\u015b\u0107 programu studi\u00f3w:<\/p>\n<ul>\n<li>Hiszpania UNIVERSITAT POLITECNICA DE VALENCIA, link do strony uczelni: <a href=\"http:\/\/www.upv.es\/en\">http:\/\/www.upv.es\/en<\/a><\/li>\n<li>Hiszpania UNIVERSIDAD DE ALICANTE, link do strony uczelni: <a href=\"https:\/\/web.ua.es\/en\/mobility-programmes.html\">https:\/\/web.ua.es\/en\/mobility-programmes.html<\/a><\/li>\n<li>Portugalia UNIVERSIDADE DE AVEIRO, link do strony uczelni:\u00a0\u00a0<a href=\"https:\/\/www.ua.pt\/\">https:\/\/www.ua.pt\/<\/a><\/li>\n<li>Francja UNIVERSITE SAVOIE MONT BLANC, link do strony uczelni:\u00a0<a href=\"https:\/\/www.univ-smb.fr\/en\/\">https:\/\/www.univ-smb.fr\/en\/<\/a><\/li>\n<li>W\u0142ochy UNIVERSITA DEGLI STUDI DELL&#8217;AQUILA, link do strony uczelni: <a href=\"https:\/\/www.univaq.it\/en\/index.php?&amp;lang_s=en\">https:\/\/www.univaq.it\/en<\/a><\/li>\n<\/ul>\n<p>Na wyjazd w ramach programu Erasmus+ student otrzymuje stypendium, kt\u00f3rego wysoko\u015b\u0107 zale\u017cy od kraju pobytu i rodzaju wyjazdu oraz sytuacji finansowej wyje\u017cd\u017caj\u0105cego studenta. Miesi\u0119czna wysoko\u015b\u0107 dofinansowania w przypadku wyjazdu w celu realizacji cz\u0119\u015bci studi\u00f3w w zagranicznej uczelni partnerskiej w roku akademickim 2025\/2026 wynosi::<\/p>\n<p><strong>GRUPA 1:<\/strong> <strong>670 euro<\/strong> miesi\u0119cznie \/ praktyki: <strong>820 euro<\/strong> miesi\u0119cznie<\/p>\n<p>Austria, Belgia, Cypr, Czechy, Dania, Estonia, Finlandia, Francja, Grecja, Hiszpania, Irlandia, Islandia, Liechtenstein, Luksemburg, \u0141otwa, Malta, Niderlandy, Niemcy, Norwegia, Portugalia, S\u0142owacja, S\u0142owenia, Szwecja, W\u0142ochy.<\/p>\n<p><strong>GRUPA 2:<\/strong> <strong>600 euro<\/strong> miesi\u0119cznie \/ praktyki: <strong>750 euro<\/strong> miesi\u0119cznie<\/p>\n<p>Bu\u0142garia, Chorwacja, Litwa, Macedonia P\u00f3\u0142nocna, Rumunia, Serbia, Turcja, W\u0119gry.<\/p>\n<p>Uczestnicy z mniejszymi szansami otrzymuj\u0105 dofinansowanie powi\u0119kszone o kwot\u0119 <strong>250 euro<\/strong> miesi\u0119cznie. Dotyczy to uczestnik\u00f3w z orzeczonym stopniem niepe\u0142nosprawno\u015bci oraz uczestnik\u00f3w, kt\u00f3rzy w semestrze poprzedzaj\u0105cym semestr, w kt\u00f3rym realizowana jest mobilno\u015b\u0107 otrzymuj\u0105 stupendium socjalne.<\/p>\n<p>Na ka\u017cdym z trzech poziom\u00f3w studi\u00f3w student mo\u017ce skorzysta\u0107 z wyjazdu lub wyjazd\u00f3w trwaj\u0105cych \u0142\u0105cznie do 12 miesi\u0119cy.<br \/>\nMinimalny czas pobytu na studiach za granic\u0105 wynosi 2 miesi\u0105ce, podobnie na praktyce \u2013 2 miesi\u0105ce.<\/p>\n<p>Studia w ramach Programu Erasmus+ to niepowtarzalna mo\u017cliwo\u015b\u0107 zdobycia do\u015bwiadczenia, podniesienia kwalifikacji zawodowych i j\u0119zykowych, nawi\u0105zania\u00a0 mi\u0119dzynarodowych kontakt\u00f3w oraz poznania kultury innego kraju.<\/p>\n<p><strong>Informacja o aktualnej rekrutacji do programu Erasmus+ znajduje si\u0119 na stronie:<\/strong>: <a href=\"https:\/\/us.edu.pl\/wydzial\/wnst\/2022\/03\/31\/rekrutacja-do-programu-erasmus\">https:\/\/us.edu.pl\/wydzial\/wnst&#8230;.<\/a>\u00a0 lub na stronie <a href=\"http:\/\/erasmus.us.edu.pl\/\"><strong>http:\/\/erasmus.us.edu.pl<\/strong><\/a>, a tak\u017ce u Koordynator\u00f3w[\/vc_wp_text][\/vc_column][\/vc_row]<\/p>","protected":false},"excerpt":{"rendered":"<p>[vc_row el_class=&#8221;container&#8221;][vc_column][vc_wp_text title=&#8221;Program Erasmus+&#8221;]Program Erasmus+ umo\u017cliwia studentom uczestnictwo w wymianach mi\u0119dzynarodowych, finansowanych przez Uni\u0119 Europejsk\u0105 obejmuj\u0105cych wyjazdy na studia jak i praktyki. W ramach wyjazdu na studia, studenci mog\u0105 skorzysta\u0107 z bogatej oferty wyjazdowej uczelni partnerskich. Kierunk\u00f3w wyjazdu jest wiele m.in.: Chorwacja, Czechy, Francja, Grecja, Hiszpania, Litwa, Niemcy, Portugalia, Rumunia, S\u0142owacja, Turcja, W\u0119gry, W\u0142ochy. Przyk\u0142adowe [&#8230;]<\/p>\n<p><a class=\"btn btn-secondary understrap-read-more-link\" href=\"https:\/\/us.edu.pl\/wydzial\/wnst\/strona-glowna\/mobilnosc\/mobilnosc-student\/erasmus\/\">Read More&#8230;<\/a><\/p>\n","protected":false},"author":99,"featured_media":0,"parent":17826,"menu_order":0,"comment_status":"closed","ping_status":"closed","template":"page-templates\/page-with-sidebar-and-bookmarks.php","meta":{"_expiration-date-status":"","_expiration-date":0,"_expiration-date-type":"","_expiration-date-categories":[],"_expiration-date-options":[]},"acf":[],"_links":{"self":[{"href":"https:\/\/us.edu.pl\/wydzial\/wnst\/wp-json\/wp\/v2\/pages\/647"}],"collection":[{"href":"https:\/\/us.edu.pl\/wydzial\/wnst\/wp-json\/wp\/v2\/pages"}],"about":[{"href":"https:\/\/us.edu.pl\/wydzial\/wnst\/wp-json\/wp\/v2\/types\/page"}],"author":[{"embeddable":true,"href":"https:\/\/us.edu.pl\/wydzial\/wnst\/wp-json\/wp\/v2\/users\/99"}],"replies":[{"embeddable":true,"href":"https:\/\/us.edu.pl\/wydzial\/wnst\/wp-json\/wp\/v2\/comments?post=647"}],"version-history":[{"count":10,"href":"https:\/\/us.edu.pl\/wydzial\/wnst\/wp-json\/wp\/v2\/pages\/647\/revisions"}],"predecessor-version":[{"id":203624,"href":"https:\/\/us.edu.pl\/wydzial\/wnst\/wp-json\/wp\/v2\/pages\/647\/revisions\/203624"}],"up":[{"embeddable":true,"href":"https:\/\/us.edu.pl\/wydzial\/wnst\/wp-json\/wp\/v2\/pages\/17826"}],"wp:attachment":[{"href":"https:\/\/us.edu.pl\/wydzial\/wnst\/wp-json\/wp\/v2\/media?parent=647"}],"curies":[{"name":"wp","href":"https:\/\/api.w.org\/{rel}","templated":true}]}}