{"id":6496,"date":"2020-10-27T09:39:48","date_gmt":"2020-10-27T08:39:48","guid":{"rendered":"https:\/\/us.edu.pl\/wydzial\/wnst\/?page_id=6496"},"modified":"2025-04-14T10:56:47","modified_gmt":"2025-04-14T08:56:47","slug":"wrss-wladze","status":"publish","type":"page","link":"https:\/\/us.edu.pl\/wydzial\/wnst\/studia\/dzialalnosc-studencka\/wydzialowa-rada-samorzadu-studenckiego\/wrss-wladze\/","title":{"rendered":"wrss &#8211; w\u0142adze"},"content":{"rendered":"<p>[vc_row][vc_column][vc_column_text][\/vc_column_text][\/vc_column][\/vc_row][vc_row][vc_column]\r\n                <div class=\"text-modules\">\r\n                    <div class=\"container\">\r\n                        \r\n                        <div class=\"text-modules__content\"><\/p>\n<h4 style=\"text-align: center;\"><strong><span style=\"color: #003366;\">Zarz\u0105d<\/span><\/strong><\/h4>\n<p class=\"gmail_default\" style=\"text-align: center;\"><span style=\"color: #003366;\"><strong>Anna Waleczek<\/strong> &#8211; <\/span>przewodnicz\u0105ca<br \/>\nemail: <a href=\"mailto:a.waleczek@gsuite.us.edu.pl\" target=\"_blank\" rel=\"noopener\">a.waleczek@gsuite.us.edu.pl<\/a><\/p>\n<p style=\"text-align: center;\"><span style=\"color: #002e5a;\"><strong>Krzysztof Sosi\u0144ski<\/strong><\/span> &#8211; wiceprzewodnicz\u0105cy<br \/>\nemail: <a href=\"mailto:sosinskik@o2.pl\" target=\"_blank\" rel=\"noopener\">sosinskik@o2.pl<\/a>l<\/p>\n<p style=\"text-align: center;\"><span style=\"color: #002a5e;\"><strong>Jakub Kraus <\/strong><\/span>&#8211; cz\u0142onek<br \/>\nemail: <a href=\"mailto:jkraus@gsuite.us.edu.pl\"><span dir=\"ltr\" role=\"presentation\">jkraus@gsuite.us.edu.pl<\/span><\/a><\/p>\n<p>\n<\/div>\r\n                    <\/div>\r\n                <\/div><div class=\"container\"><div class=\"separator\" style=\"background-color: #002E5A\"><\/div><\/div>[\/vc_column][\/vc_row][vc_row][vc_column width=&#8221;1\/2&#8243;]\r\n                <div class=\"text-modules\">\r\n                    <div class=\"container\">\r\n                        \r\n                        <div class=\"text-modules__content\"><\/p>\n<h4 style=\"text-align: left;\"><strong><span style=\"color: #003366;\">Koordynatorzy<\/span><\/strong><\/h4>\n<ol>\n<li><span style=\"color: #002e5a;\"><strong>Jakub Kraus, Artur Skwirowski<\/strong><\/span> \u2013 koordynatorzy ds. informatycznych<\/li>\n<li><span style=\"color: #002e5a;\"><strong>Maksym Franchuk<\/strong> <\/span>&#8211; koordynator ds. jako\u015bci kszta\u0142cenia<\/li>\n<li><span style=\"color: #002e5a;\"><strong>Tomasz Prochota<\/strong><\/span> &#8211; koordynator ds. k\u00f3\u0142 naukowych<\/li>\n<li><span style=\"color: #002e5a;\"><strong>Aleksandra Kawka, Kamil Malisz<\/strong><\/span> &#8211; koordynatorzy ds. promocji<\/li>\n<\/ol>\n<p>\n<\/div>\r\n                    <\/div>\r\n                <\/div>[\/vc_column][vc_column width=&#8221;1\/2&#8243;]\r\n                <div class=\"text-modules\">\r\n                    <div class=\"container\">\r\n                        \r\n                        <div class=\"text-modules__content\"><\/p>\n<h4 style=\"text-align: left;\"><span style=\"color: #003366;\"><strong>Cz\u0142onkowie<\/strong><\/span><\/h4>\n<p><span style=\"color: #002e5a;\">Anna Waleczek<\/span><\/p>\n<p><span style=\"color: #002e5a;\">Krzysztof Sosi\u0144ski<\/span><\/p>\n<p><span style=\"color: #002e5a;\">Jakub Kraus<\/span><\/p>\n<p><span style=\"color: #002e5a;\">Maksym Franchuk<\/span><\/p>\n<p><span style=\"color: #002e5a;\">Patrycja Gw\u00f3\u017ad\u017a<\/span><\/p>\n<p><span style=\"color: #002e5a;\">Aleksandra Kawka<\/span><\/p>\n<p><span style=\"color: #002e5a;\">Karol Kazir\u00f3d<\/span><\/p>\n<p><span style=\"color: #002e5a;\">Michael Koloch<\/span><\/p>\n<p><span style=\"color: #002e5a;\">Kamil Malisz<\/span><\/p>\n<p><span style=\"color: #002e5a;\">Tomasz Prochota<\/span><\/p>\n<p><span style=\"color: #002e5a;\">Artur Skwirowski<\/span><\/p>\n<p><span style=\"color: #002e5a;\">Dawid Trybus<\/span><\/p>\n<p><span style=\"color: #002e5a;\">Jakub Witkowski<\/span><\/p>\n<\/div>\r\n                    <\/div>\r\n                <\/div>[\/vc_column][\/vc_row][vc_row][vc_column][vc_column_text][\/vc_column_text][\/vc_column][\/vc_row]<\/p>","protected":false},"excerpt":{"rendered":"<p>[vc_row][vc_column][vc_column_text][\/vc_column_text][\/vc_column][\/vc_row][vc_row][vc_column][\/vc_column][\/vc_row][vc_row][vc_column width=&#8221;1\/2&#8243;][\/vc_column][vc_column width=&#8221;1\/2&#8243;][\/vc_column][\/vc_row][vc_row][vc_column][vc_column_text][\/vc_column_text][\/vc_column][\/vc_row] [&#8230;]<\/p>\n<p><a class=\"btn btn-secondary understrap-read-more-link\" href=\"https:\/\/us.edu.pl\/wydzial\/wnst\/studia\/dzialalnosc-studencka\/wydzialowa-rada-samorzadu-studenckiego\/wrss-wladze\/\">Read More&#8230;<\/a><\/p>\n","protected":false},"author":92,"featured_media":0,"parent":653,"menu_order":0,"comment_status":"closed","ping_status":"closed","template":"page-templates\/page-with-sidebar.php","meta":{"_expiration-date-status":"saved","_expiration-date":0,"_expiration-date-type":"","_expiration-date-categories":[],"_expiration-date-options":[]},"acf":[],"_links":{"self":[{"href":"https:\/\/us.edu.pl\/wydzial\/wnst\/wp-json\/wp\/v2\/pages\/6496"}],"collection":[{"href":"https:\/\/us.edu.pl\/wydzial\/wnst\/wp-json\/wp\/v2\/pages"}],"about":[{"href":"https:\/\/us.edu.pl\/wydzial\/wnst\/wp-json\/wp\/v2\/types\/page"}],"author":[{"embeddable":true,"href":"https:\/\/us.edu.pl\/wydzial\/wnst\/wp-json\/wp\/v2\/users\/92"}],"replies":[{"embeddable":true,"href":"https:\/\/us.edu.pl\/wydzial\/wnst\/wp-json\/wp\/v2\/comments?post=6496"}],"version-history":[{"count":10,"href":"https:\/\/us.edu.pl\/wydzial\/wnst\/wp-json\/wp\/v2\/pages\/6496\/revisions"}],"predecessor-version":[{"id":190144,"href":"https:\/\/us.edu.pl\/wydzial\/wnst\/wp-json\/wp\/v2\/pages\/6496\/revisions\/190144"}],"up":[{"embeddable":true,"href":"https:\/\/us.edu.pl\/wydzial\/wnst\/wp-json\/wp\/v2\/pages\/653"}],"wp:attachment":[{"href":"https:\/\/us.edu.pl\/wydzial\/wnst\/wp-json\/wp\/v2\/media?parent=6496"}],"curies":[{"name":"wp","href":"https:\/\/api.w.org\/{rel}","templated":true}]}}