{"id":653,"date":"2019-11-14T13:12:56","date_gmt":"2019-11-14T12:12:56","guid":{"rendered":"https:\/\/us.edu.pl\/wydzial\/wnst\/?page_id=653"},"modified":"2024-08-30T12:22:36","modified_gmt":"2024-08-30T10:22:36","slug":"wydzialowa-rada-samorzadu-studenckiego","status":"publish","type":"page","link":"https:\/\/us.edu.pl\/wydzial\/wnst\/studia\/dzialalnosc-studencka\/wydzialowa-rada-samorzadu-studenckiego\/","title":{"rendered":"Wydzia\u0142owa Rada Samorz\u0105du Studenckiego"},"content":{"rendered":"<p>[vc_row][vc_column]\r\n                <div class=\"text-modules\">\r\n                    <div class=\"container\">\r\n                        \r\n                        <div class=\"text-modules__content\"><\/p>\n<h2><span style=\"color: #003366;\">Par\u0119 s\u0142\u00f3w o nas<\/span><\/h2>\n<p>Jeste\u015bmy Wydzia\u0142ow\u0105 Rad\u0105 Samorz\u0105du Studenckiego Wydzia\u0142u Nauk \u015acis\u0142ych i Technicznych. Naszym zadaniem jest \u0142\u0105czenie Was &#8211; student\u00f3w z w\u0142adzami wydzia\u0142u.<\/p>\n<ol>\n<li>Pomagamy Wam w sprawach dydaktycznych, formalnych, ale te\u017c dzia\u0142amy w wielu innych aspektach. Naszym celem jest to, aby\u015bcie jak najlepiej poznali \u017cycie studenckie oraz zapami\u0119tali ten okres do ko\u0144ca \u017cycia.<\/li>\n<li>Chcemy tworzy\u0107 wspomnienia!<br \/>\nOrganizujemy wydarzenia, na kt\u00f3rych mo\u017cecie jeszcze lepiej si\u0119 pozna\u0107 i zintegrowa\u0107 z innymi osobami. W latach ubieg\u0142ych by\u0142y to noce filmowe, piknik przed \u015al\u0105skim Mi\u0119dzyuczelnianym Centrum Edukacji i Bada\u0144 Interdyscyplinarnych, wsp\u00f3\u0142organizacja nocy plansz\u00f3wek, wsp\u00f3\u0142organizacja \u015awi\u0119ta Liczby Pi etc.<\/li>\n<li>Mamy r\u00f3wnie\u017c wiele plan\u00f3w na przysz\u0142o\u015b\u0107, naszym celem jest m.in. organizacja Balu Wydzia\u0142u.<\/li>\n<\/ol>\n<p style=\"text-align: center;\"><strong>Ogranicza nas tylko nasza wyobra\u017ania!<\/strong><\/p>\n<p>\n<\/div>\r\n                    <\/div>\r\n                <\/div>[\/vc_column][\/vc_row][vc_row][vc_column][\/vc_column][\/vc_row][vc_row][vc_column]\r\n                <div class=\"text-modules\">\r\n                    <div class=\"container\">\r\n                        \r\n                        <div class=\"text-modules__content\"><\/p>\n<p style=\"text-align: center;\">Je\u015bli macie do nas jakie\u015b pytania, chcecie po prostu porozmawia\u0107 lub podda\u0107 jaki\u015b pomys\u0142 &#8211; piszcie \u015bmia\u0142o!<br \/>\nJeste\u015bmy otwarci na wszystko, co Was dotyczy. Dzia\u0142amy z Wami i dla Was!<br \/>\n<span class=\"gmail_default\">Poznajmy si\u0119 bli\u017cej.<\/span><br \/>\n<span class=\"gmail_default\">Nie zapominajcie o nas, my o Was pami\u0119tamy!<\/span><\/p>\n<p>\n<\/div>\r\n                    <\/div>\r\n                <\/div>[\/vc_column][\/vc_row]<\/p>","protected":false},"excerpt":{"rendered":"<p>[vc_row][vc_column][\/vc_column][\/vc_row][vc_row][vc_column][\/vc_column][\/vc_row][vc_row][vc_column][\/vc_column][\/vc_row] [&#8230;]<\/p>\n<p><a class=\"btn btn-secondary understrap-read-more-link\" href=\"https:\/\/us.edu.pl\/wydzial\/wnst\/studia\/dzialalnosc-studencka\/wydzialowa-rada-samorzadu-studenckiego\/\">Read More&#8230;<\/a><\/p>\n","protected":false},"author":99,"featured_media":0,"parent":6401,"menu_order":0,"comment_status":"closed","ping_status":"closed","template":"page-templates\/page-with-sidebar.php","meta":{"_expiration-date-status":"saved","_expiration-date":0,"_expiration-date-type":"","_expiration-date-categories":[],"_expiration-date-options":[]},"acf":[],"_links":{"self":[{"href":"https:\/\/us.edu.pl\/wydzial\/wnst\/wp-json\/wp\/v2\/pages\/653"}],"collection":[{"href":"https:\/\/us.edu.pl\/wydzial\/wnst\/wp-json\/wp\/v2\/pages"}],"about":[{"href":"https:\/\/us.edu.pl\/wydzial\/wnst\/wp-json\/wp\/v2\/types\/page"}],"author":[{"embeddable":true,"href":"https:\/\/us.edu.pl\/wydzial\/wnst\/wp-json\/wp\/v2\/users\/99"}],"replies":[{"embeddable":true,"href":"https:\/\/us.edu.pl\/wydzial\/wnst\/wp-json\/wp\/v2\/comments?post=653"}],"version-history":[{"count":10,"href":"https:\/\/us.edu.pl\/wydzial\/wnst\/wp-json\/wp\/v2\/pages\/653\/revisions"}],"predecessor-version":[{"id":175420,"href":"https:\/\/us.edu.pl\/wydzial\/wnst\/wp-json\/wp\/v2\/pages\/653\/revisions\/175420"}],"up":[{"embeddable":true,"href":"https:\/\/us.edu.pl\/wydzial\/wnst\/wp-json\/wp\/v2\/pages\/6401"}],"wp:attachment":[{"href":"https:\/\/us.edu.pl\/wydzial\/wnst\/wp-json\/wp\/v2\/media?parent=653"}],"curies":[{"name":"wp","href":"https:\/\/api.w.org\/{rel}","templated":true}]}}