{"id":6686,"date":"2020-11-02T19:16:08","date_gmt":"2020-11-02T18:16:08","guid":{"rendered":"https:\/\/us.edu.pl\/wydzial\/wnst\/?page_id=6686"},"modified":"2021-01-21T10:17:16","modified_gmt":"2021-01-21T09:17:16","slug":"swieto-liczby-pi-zapisy","status":"publish","type":"page","link":"https:\/\/us.edu.pl\/wydzial\/wnst\/wspolpraca\/szkoly\/swieto-liczby-pi\/xiv-edycja\/swieto-liczby-pi-zapisy\/","title":{"rendered":"\u015awi\u0119to Liczby Pi &#8211; zapisy"},"content":{"rendered":"<p>[vc_row el_class=&#8221;container&#8221;][vc_column]\r\n                <div class=\"text-modules\">\r\n                    <div class=\"container\">\r\n                        <h3 class=\"page-title text__title\">Zapisy na wydarzenia podczas \u015awi\u0119ta Liczby Pi<\/h3>\r\n                        <div class=\"text-modules__content\"><p>Zapisy na wydarzenia:<\/p>\n<ul>\n<li>odbywaj\u0105ce si\u0119 poprzez platform\u0119 Zoom (wyk\u0142ady i warsztaty),<\/li>\n<li>quiz &#8222;Jest pytanie, jest odpowied\u017a&#8221;<\/li>\n<li>Pilionerzy<\/li>\n<\/ul>\n<p>rozpoczn\u0105 si\u0119 w <strong>pi\u0105tek 27 listopada 2020 o godzinie 13:00<\/strong>.<\/p>\n<p>Przypominamy, \u017ce cz\u0119\u015b\u0107 wyk\u0142ad\u00f3w (w tym wyk\u0142ad inauguracyjny) b\u0119d\u0105 tak\u017ce transmitowane przez YouTube.<\/p>\n<\/div>\r\n                    <\/div>\r\n                <\/div>\r\n                <div class=\"title-with-link color-white\" style=\"background: #002E5A\">\r\n                    <div class=\"container\">\r\n                        <div class=\"title-with-link-container links-align-left\">\r\n                            <div class=\"title-with-link__title\"><span><\/span><\/div>\r\n                            <a href=\"https:\/\/formularze.us.edu.pl\/swietopi\" class=\"title-with-link__link\">Link do formularza z zapisami<\/a>\r\n                        <\/div>\r\n                    <\/div>\r\n                <\/div>\r\n            [\/vc_column][\/vc_row][vc_row el_class=&#8221;container&#8221;][vc_column][vc_empty_space height=&#8221;50px&#8221;][vc_separator border_width=&#8221;5&#8243; el_class=&#8221;container&#8221;]\r\n                <div class=\"text-modules\">\r\n                    <div class=\"container\">\r\n                        \r\n                        <div class=\"text-modules__content\"><p>Regulamin \u015awi\u0119ta Liczby Pi<\/p>\n<ol>\n<li>\u015awi\u0119to Liczby Pi jest wydarzeniem odbywaj\u0105cym si\u0119 cyklicznie i maj\u0105cym na celu popularyzowanie nauk \u015bcis\u0142ych i technicznych. W jego trakcie odbywaj\u0105 si\u0119 liczne wyk\u0142ady, warsztaty i pokazy.<\/li>\n<li>Celem \u015awi\u0119ta jest przede wszystkim popularyzacja nauk \u015bcis\u0142ych i technicznych, pobudzanie m\u0142odzie\u017cy i nie tylko do zainteresowania nauk\u0105 poprzez inspirowanie ciekawo\u015bci poznawczej, ale tak\u017ce przedstawienie uczestnikom mo\u017cliwo\u015bci studiowania na r\u00f3\u017cnych kierunkach oferowanych przez Wydzia\u0142 Nauk \u015acis\u0142ych i Technicznych Uniwersytetu \u015al\u0105skiego.<\/li>\n<li>XIV \u015awi\u0119to Liczby Pi odb\u0119dzie si\u0119 8 grudnia 2020 roku z wykorzystaniem narz\u0119dzi do komunikacji poprzez Internet (platformy Zoom, MS Teams, Google Meet, YouTube, Facebook, strony internetowej swietopi.us.edu.pl).<\/li>\n<li>Wszystkie wyk\u0142ady, warsztaty pokazy realizowane on-line, poza zabawami \u201ePilionerzy\u201d i \u201eJest pytanie, jest odpowied\u017a\u201d b\u0119d\u0105 realizowane poprzez platform\u0119 Zoom. \u201ePilionerzy\u201d odb\u0119d\u0105 si\u0119 z wykorzystaniem platformy Google Meet, a \u201eJest pytanie, jest odpowied\u017a\u201d za pomoc\u0105 MS Teams.<\/li>\n<li>Poza wydarzeniami realizowanymi on-line w trakcie trwania \u015awi\u0119ta w mediach spo\u0142eczno\u015bciowych (m.in. na stronie internetowej swietopi.us.edu.pl oraz na Facebook\u2019u) zostan\u0105 umieszczone filmy i inne materia\u0142y zwi\u0105zane z \u015awi\u0119tem.<\/li>\n<li>Zaj\u0119cia, kt\u00f3re odb\u0119d\u0105 si\u0119 poprzez platform\u0119 Zoom b\u0119d\u0105 transmitowane za po\u015brednictwem kana\u0142u na YouTube (poprzez strony: https:\/\/www.youtube.com\/telewizjaus oraz https:\/\/www.youtube.com\/UniwersytetSlaski).<\/li>\n<li>Udzia\u0142 w wydarzeniach (w tym wyk\u0142adach i warsztatach), kt\u00f3re b\u0119d\u0105 si\u0119 odbywa\u0142y za po\u015brednictwem platform Zoom, MS Teams i Google Meet wymagaj\u0105 wcze\u015bniejszych zapis\u00f3w, w tym zaakceptowania zgody na przetwarzanie danych osobowych. Podanie danych osobowych jest dobrowolne, ale niezb\u0119dne do przebiegu procesu rejestracji i udzia\u0142u w wydarzeniach.<\/li>\n<li>Wydarzenia transmitowane za pomoc\u0105 kana\u0142\u00f3w YouTube, Facebook\u2019a i stron\u0119 internetow\u0105 swietopi.us.edu.pl oraz filmy i inne materia\u0142y umieszczone w tych mediach b\u0119d\u0105 og\u00f3lnodost\u0119pne i nie wymagaj\u0105 rejestracji (w tym podawania danych osobowych).<\/li>\n<li>Bior\u0105c udzia\u0142 w wydarzeniach poprzez platform\u0119 Zoom uczestnicy powinni mie\u0107 wy\u0142\u0105czone kamery. Uczestnicy tych wydarze\u0144 zarejestrowani przez szko\u0142y loguj\u0105 si\u0119 wpisuj\u0105c nazw\u0119 szko\u0142y, za\u015b osoby rejestruj\u0105ce si\u0119 indywidualnie loguj\u0105 si\u0119 z wykorzystaniem otrzymanego wcze\u015bniej od organizator\u00f3w indywidualnego nick\u2019a (nie za pomoc\u0105 pe\u0142nego imienia i nazwiska).<\/li>\n<li>Organizatorzy nie pokrywaj\u0105 koszt\u00f3w po\u0142\u0105cze\u0144 internetowych ani korzystania z \u0142\u0105cz internetowych niezb\u0119dnych do uczestnictwa w wydzarzeniach.<\/li>\n<li>Organizatorzy zastrzegaj\u0105 sobie prawo do odwo\u0142ania wydarzenia lub jego cz\u0119\u015bci z przyczyn niezale\u017cnych od siebie.<\/li>\n<\/ol>\n<p>\n<\/div>\r\n                    <\/div>\r\n                <\/div>[\/vc_column][\/vc_row]<\/p>","protected":false},"excerpt":{"rendered":"<p>[vc_row el_class=&#8221;container&#8221;][vc_column][\/vc_column][\/vc_row][vc_row el_class=&#8221;container&#8221;][vc_column][vc_empty_space height=&#8221;50px&#8221;][vc_separator border_width=&#8221;5&#8243; el_class=&#8221;container&#8221;][\/vc_column][\/vc_row] [&#8230;]<\/p>\n<p><a class=\"btn btn-secondary understrap-read-more-link\" href=\"https:\/\/us.edu.pl\/wydzial\/wnst\/wspolpraca\/szkoly\/swieto-liczby-pi\/xiv-edycja\/swieto-liczby-pi-zapisy\/\">Read More&#8230;<\/a><\/p>\n","protected":false},"author":1210,"featured_media":0,"parent":7862,"menu_order":0,"comment_status":"closed","ping_status":"closed","template":"","meta":{"_expiration-date-status":"saved","_expiration-date":0,"_expiration-date-type":"","_expiration-date-categories":[],"_expiration-date-options":[]},"acf":[],"_links":{"self":[{"href":"https:\/\/us.edu.pl\/wydzial\/wnst\/wp-json\/wp\/v2\/pages\/6686"}],"collection":[{"href":"https:\/\/us.edu.pl\/wydzial\/wnst\/wp-json\/wp\/v2\/pages"}],"about":[{"href":"https:\/\/us.edu.pl\/wydzial\/wnst\/wp-json\/wp\/v2\/types\/page"}],"author":[{"embeddable":true,"href":"https:\/\/us.edu.pl\/wydzial\/wnst\/wp-json\/wp\/v2\/users\/1210"}],"replies":[{"embeddable":true,"href":"https:\/\/us.edu.pl\/wydzial\/wnst\/wp-json\/wp\/v2\/comments?post=6686"}],"version-history":[{"count":6,"href":"https:\/\/us.edu.pl\/wydzial\/wnst\/wp-json\/wp\/v2\/pages\/6686\/revisions"}],"predecessor-version":[{"id":7172,"href":"https:\/\/us.edu.pl\/wydzial\/wnst\/wp-json\/wp\/v2\/pages\/6686\/revisions\/7172"}],"up":[{"embeddable":true,"href":"https:\/\/us.edu.pl\/wydzial\/wnst\/wp-json\/wp\/v2\/pages\/7862"}],"wp:attachment":[{"href":"https:\/\/us.edu.pl\/wydzial\/wnst\/wp-json\/wp\/v2\/media?parent=6686"}],"curies":[{"name":"wp","href":"https:\/\/api.w.org\/{rel}","templated":true}]}}