{"id":6770,"date":"2020-11-07T14:07:05","date_gmt":"2020-11-07T13:07:05","guid":{"rendered":"https:\/\/us.edu.pl\/wydzial\/wnst\/?page_id=6770"},"modified":"2024-02-08T13:30:12","modified_gmt":"2024-02-08T12:30:12","slug":"projekty-pozostale","status":"publish","type":"page","link":"https:\/\/us.edu.pl\/wydzial\/wnst\/strona-glowna\/realizowane-projekty\/projekty-pozostale\/","title":{"rendered":"projekty pozosta\u0142e"},"content":{"rendered":"<p>[vc_row el_class=&#8221;container&#8221;][vc_column][vc_tta_accordion style=&#8221;modern&#8221; autoplay=&#8221;10&#8243; active_section=&#8221;0&#8243; no_fill=&#8221;true&#8221; collapsible_all=&#8221;true&#8221; el_class=&#8221;container&#8221; title=&#8221;Projekty inne &#8211; zako\u0144czone&#8221;][vc_tta_section i_icon_fontawesome=&#8221;fa fa-hand-o-right&#8221; add_icon=&#8221;true&#8221; title=&#8221;PHERECLOS &#8211; Partnerships for pathways to Higher Education and science engagement in Regional Clusters of Open Schooling&#8221; tab_id=&#8221;1604753596213-e65e7b14-6ec2d92e-847c&#8221;]\r\n                <div class=\"text-modules\">\r\n                    <div class=\"container\">\r\n                        <h3 class=\"section-title text-modules__title\">PHERECLOS - Partnerships for pathways to Higher Education and science engagement in Regional Clusters of Open Schooling<\/h3> <h3 class=\"subtitle text-modules__subtitle\">Projekt skierowany do instytucji edukacyjnych<\/h3>\r\n                        <div class=\"row m-0\">\r\n                            <div class=\"text-modules__content\">Celem projektu jest wykorzystanie do\u015bwiadcze\u0144 zdobytych przez Uniwersytety Dzieci zrzeszone w stowarzyszeniu EUCU.NET w realizacji trzeciej misji uniwersytet\u00f3w oraz w edukacji spo\u0142ecze\u0144stwa, wspieraj\u0105c Lokalne Klastry Edukacyjne zwi\u0119kszaj\u0105ce efektywno\u015b\u0107 edukacji, dost\u0119p do STEM i szkolnictwa wy\u017cszego.<\/p>\n<p>Projekt \u0142\u0105czy w sobie dzia\u0142ania o charakterze naukowym, spo\u0142ecznym oraz artystycznym i jest ukierunkowany jest na wsp\u00f3\u0142prac\u0119 uniwersytet\u00f3w, uniwersytet\u00f3w dzieci, szk\u00f3\u0142, plac\u00f3wek o\u015bwiatowych i samorz\u0105d\u00f3w.<\/p>\n<p style=\"text-align: center;\"><a href=\"https:\/\/aktyprawne.us.edu.pl\/423-lista\/d\/150\/5\/?reporef=%2F%3Fsearch-global%3DPHERECLOS)\">wi\u0119cej o projekcie<\/a><\/p>\n<p><\/div>\r\n                            <div class=\"text-modules__numerical\"><div><span class=\"text-modules__num\">dr Jerzy Jarosz<br><\/span> Kierownik projektu<\/div><div><span class=\"text-modules__num\">Komisja Europejska<br><\/span> \u0179r\u00f3d\u0142o finansowania<\/div><div><span class=\"text-modules__num\">01.10.2019 - 30.09.2022<br><\/span> Okres trwania projektu<\/div><div><span class=\"text-modules__num\">791 065<br><\/span> Wysoko\u015b\u0107 dofinansowania<\/div><\/div>\r\n                        <\/div>\r\n                    <\/div>\r\n                <\/div>[\/vc_tta_section][vc_tta_section i_icon_fontawesome=&#8221;fa fa-hand-o-right&#8221; add_icon=&#8221;true&#8221; title=&#8221;PHERECLOS Granty na Granty&#8221; tab_id=&#8221;1604753698813-9d7d794f-6170d92e-847c&#8221;]\r\n                <div class=\"text-modules\">\r\n                    <div class=\"container\">\r\n                        <h3 class=\"section-title text-modules__title\">PHERECLOS Granty na Granty<\/h3> <h3 class=\"subtitle text-modules__subtitle\">Projekt na \u015brodki na przygotowanie projektu PHERECLOS (H2020)<\/h3>\r\n                        <div class=\"row m-0\">\r\n                            <div class=\"text-modules__content\">Celem przedsi\u0119wzi\u0119cia \u201eGranty na granty \u2013 promocja jako\u015bci III\u201d jest wsparcie podmiot\u00f3w systemu szkolnictwa wy\u017cszego i nauki w celu zwi\u0119kszenia efektywno\u015bci ubiegania si\u0119 o granty finansowane ze \u015brodk\u00f3w pochodz\u0105cych z bud\u017cetu Unii Europejskiej na realizacj\u0119 projekt\u00f3w w ramach program\u00f3w badawczych Unii Europejskiej i zaanga\u017cowania pracownik\u00f3w tych podmiot\u00f3w w opracowywanie wysokiej jako\u015bci wniosk\u00f3w o przyznanie tych grant\u00f3w, zwanych dalej \u201ewnioskami projektowymi\u201d.<\/p>\n<p>Przedmiotem projektu jest refundacja koszt\u00f3w poniesionych na przygotowanie projektu PHERECLOS, kt\u00f3ry otrzyma\u0142 finansowanie KE w ramach programu Horyzont 2020, a tak\u017ce wynagrodzenie os\u00f3b bior\u0105cych udzia\u0142 w jego opracowywaniu.<\/p>\n<p style=\"text-align: center;\"><a href=\"https:\/\/aktyprawne.us.edu.pl\/423-lista\/d\/150\/5\/?reporef=%2F%3Fsearch-global%3DPHERECLOS)\" target=\"_blank\" rel=\"noopener\">wi\u0119cej o projekcie<\/a><\/p>\n<p><\/div>\r\n                            <div class=\"text-modules__numerical\"><div><span class=\"text-modules__num\">dr Jerzy Jarosz<br><\/span> Kierownik projektu<\/div><div><span class=\"text-modules__num\">MNiSW<br><\/span> \u0179r\u00f3d\u0142o finansowania<\/div><div><span class=\"text-modules__num\">05.12.2019 - 05.03.2020<br><\/span> Okres trwania projektu<\/div><div><span class=\"text-modules__num\">9 433<br><\/span> Wysoko\u015b\u0107 dofinansowania<\/div><\/div>\r\n                        <\/div>\r\n                    <\/div>\r\n                <\/div>[\/vc_tta_section][vc_tta_section i_icon_fontawesome=&#8221;fa fa-hand-o-right&#8221; add_icon=&#8221;true&#8221; title=&#8221;PHERECLOS Premia na Horyzoncie&#8221; tab_id=&#8221;1604753738837-300abd8e-9aead92e-847c&#8221;]\r\n                <div class=\"text-modules\">\r\n                    <div class=\"container\">\r\n                        <h3 class=\"section-title text-modules__title\">PHERECLOS Premia na Horyzoncie<\/h3> <h3 class=\"subtitle text-modules__subtitle\">Projekt na \u015brodki na wynagrodzenia dla realizator\u00f3w projektu (H2020)<\/h3>\r\n                        <div class=\"row m-0\">\r\n                            <div class=\"text-modules__content\">Celem projektu jest wykorzystanie do\u015bwiadcze\u0144 zdobytych przez Uniwersytety Dzieci zrzeszone w stowarzyszeniu EUCU.NET w realizacji trzeciej misji uniwersytet\u00f3w oraz w edukacji spo\u0142ecze\u0144stwa, wspieraj\u0105c Lokalne Klastry Edukacyjne zwi\u0119kszaj\u0105ce efektywno\u015b\u0107 edukacji, dost\u0119p do STEM i szkolnictwa wy\u017cszego.<\/p>\n<p>Projekt \u0142\u0105czy w sobie dzia\u0142ania o charakterze naukowym, spo\u0142ecznym oraz artystycznym i jest ukierunkowany jest na wsp\u00f3\u0142prac\u0119 uniwersytet\u00f3w, uniwersytet\u00f3w dzieci, szk\u00f3\u0142, plac\u00f3wek o\u015bwiatowych i samorz\u0105d\u00f3w.<\/p>\n<p style=\"text-align: center;\"><a href=\"https:\/\/aktyprawne.us.edu.pl\/423-lista\/d\/150\/5\/?reporef=%2F%3Fsearch-global%3DPHERECLOS)\" target=\"_blank\" rel=\"noopener\">wi\u0119cej o projekcie<\/a><\/p>\n<p><\/div>\r\n                            <div class=\"text-modules__numerical\"><div><span class=\"text-modules__num\">dr Jerzy Jarosz<br><\/span> Kierownik projektu<\/div><div><span class=\"text-modules__num\">MNiSW<br><\/span> \u0179r\u00f3d\u0142o finansowania<\/div><div><span class=\"text-modules__num\">01.10.2019 - 30.09.2022<br><\/span> Okres trwania projektu<\/div><div><span class=\"text-modules__num\">160 642<br><\/span> Wysoko\u015b\u0107 dofinansowania<\/div><\/div>\r\n                        <\/div>\r\n                    <\/div>\r\n                <\/div>[\/vc_tta_section][\/vc_tta_accordion][\/vc_column][\/vc_row]<\/p>","protected":false},"excerpt":{"rendered":"<p>[vc_row el_class=&#8221;container&#8221;][vc_column][vc_tta_accordion style=&#8221;modern&#8221; autoplay=&#8221;10&#8243; active_section=&#8221;0&#8243; no_fill=&#8221;true&#8221; collapsible_all=&#8221;true&#8221; el_class=&#8221;container&#8221; title=&#8221;Projekty inne &#8211; zako\u0144czone&#8221;][vc_tta_section i_icon_fontawesome=&#8221;fa fa-hand-o-right&#8221; add_icon=&#8221;true&#8221; title=&#8221;PHERECLOS &#8211; Partnerships for pathways to Higher Education and science engagement in Regional Clusters of Open Schooling&#8221; tab_id=&#8221;1604753596213-e65e7b14-6ec2d92e-847c&#8221;][\/vc_tta_section][vc_tta_section i_icon_fontawesome=&#8221;fa fa-hand-o-right&#8221; add_icon=&#8221;true&#8221; title=&#8221;PHERECLOS Granty na Granty&#8221; tab_id=&#8221;1604753698813-9d7d794f-6170d92e-847c&#8221;][\/vc_tta_section][vc_tta_section i_icon_fontawesome=&#8221;fa fa-hand-o-right&#8221; add_icon=&#8221;true&#8221; title=&#8221;PHERECLOS Premia na Horyzoncie&#8221; tab_id=&#8221;1604753738837-300abd8e-9aead92e-847c&#8221;][\/vc_tta_section][\/vc_tta_accordion][\/vc_column][\/vc_row] [&#8230;]<\/p>\n<p><a class=\"btn btn-secondary understrap-read-more-link\" href=\"https:\/\/us.edu.pl\/wydzial\/wnst\/strona-glowna\/realizowane-projekty\/projekty-pozostale\/\">Read More&#8230;<\/a><\/p>\n","protected":false},"author":92,"featured_media":0,"parent":670,"menu_order":0,"comment_status":"closed","ping_status":"closed","template":"","meta":{"_expiration-date-status":"saved","_expiration-date":0,"_expiration-date-type":"","_expiration-date-categories":[],"_expiration-date-options":[]},"acf":[],"_links":{"self":[{"href":"https:\/\/us.edu.pl\/wydzial\/wnst\/wp-json\/wp\/v2\/pages\/6770"}],"collection":[{"href":"https:\/\/us.edu.pl\/wydzial\/wnst\/wp-json\/wp\/v2\/pages"}],"about":[{"href":"https:\/\/us.edu.pl\/wydzial\/wnst\/wp-json\/wp\/v2\/types\/page"}],"author":[{"embeddable":true,"href":"https:\/\/us.edu.pl\/wydzial\/wnst\/wp-json\/wp\/v2\/users\/92"}],"replies":[{"embeddable":true,"href":"https:\/\/us.edu.pl\/wydzial\/wnst\/wp-json\/wp\/v2\/comments?post=6770"}],"version-history":[{"count":5,"href":"https:\/\/us.edu.pl\/wydzial\/wnst\/wp-json\/wp\/v2\/pages\/6770\/revisions"}],"predecessor-version":[{"id":172841,"href":"https:\/\/us.edu.pl\/wydzial\/wnst\/wp-json\/wp\/v2\/pages\/6770\/revisions\/172841"}],"up":[{"embeddable":true,"href":"https:\/\/us.edu.pl\/wydzial\/wnst\/wp-json\/wp\/v2\/pages\/670"}],"wp:attachment":[{"href":"https:\/\/us.edu.pl\/wydzial\/wnst\/wp-json\/wp\/v2\/media?parent=6770"}],"curies":[{"name":"wp","href":"https:\/\/api.w.org\/{rel}","templated":true}]}}