{"id":7330,"date":"2020-12-08T08:48:53","date_gmt":"2020-12-08T07:48:53","guid":{"rendered":"https:\/\/us.edu.pl\/wydzial\/wnst\/?page_id=7330"},"modified":"2021-01-21T10:23:14","modified_gmt":"2021-01-21T09:23:14","slug":"escape-room","status":"publish","type":"page","link":"https:\/\/us.edu.pl\/wydzial\/wnst\/wspolpraca\/szkoly\/swieto-liczby-pi\/xiv-edycja\/escape-room\/","title":{"rendered":"\u015awi\u0119to Liczby Pi &#8211; Escape Room"},"content":{"rendered":"<p>[vc_row el_class=&#8221;container&#8221;][vc_column width=&#8221;2\/3&#8243;]\r\n                <div class=\"text-modules\">\r\n                    <div class=\"container\">\r\n                        \r\n                        <div class=\"text-modules__content\"><p>W tym roku nie mo\u017cemy spotka\u0107 si\u0119 w tradycyjny spos\u00f3b na zagadkach logicznych, dlatego nasi studenci przygotowali alternatyw\u0119 \u2013 escape roomy matematyczne, w kt\u00f3re mo\u017cna zagra\u0107 online. Tak jak w prawdziwych pokojach zagadek, musimy u\u017cy\u0107 swojej spostrzegawczo\u015bci i logicznego my\u015blenia, aby rozwik\u0142a\u0107 tajemnice ka\u017cdej z historii, kt\u00f3re dla Was przygotowali\u015bmy. Dodatkowo, nasze pomog\u0105 powt\u00f3rzy\u0107 wiadomo\u015bci zdobyte na lekcjach matematyki.<br \/>\nPostarali\u015bmy si\u0119 o to, by ka\u017cdy m\u00f3g\u0142 znale\u017a\u0107 co\u015b dla siebie i dlatego scenariusze przygotowane s\u0105 dla r\u00f3\u017cnych grup wiekowych \u2014 od m\u0142odszych uczni\u00f3w szko\u0142y podstawowych, a\u017c po maturzyst\u00f3w.<\/p>\n<ul>\n<li><strong>Klasa 4:\u00a0<\/strong><a class=\"\" href=\"https:\/\/view.genial.ly\/5fb8248b0525e10d26a93e31\/interactive-content-klasa-4-escape-room?fbclid=IwAR0REbCqYBWfZb83y0R9rjlSDbroqT-1oaalQ72245LdrwbvP62jjFPwPCU\">https:\/\/view.genial.ly\/5fb8248b0525e10d26a93e31\/interactive-content-klasa-4-escape-room?fbclid=IwAR0REbCqYBWfZb83y0R9rjlSDbroqT-1oaalQ72245LdrwbvP62jjFPwPCU<\/a><\/li>\n<li><strong>Klasa 5\/6:<\/strong>\u00a0<a class=\"\" href=\"https:\/\/view.genial.ly\/5fb6f7bc0525e10d26a923e6\/interactive-content-escape-room-klasa-56?fbclid=IwAR0W7m5XinUYL0F08-PJ7KDQAJWsemH63uKzSkiiLfFUNaVIgQMK5D1iN4o\">https:\/\/view.genial.ly\/5fb6f7bc0525e10d26a923e6\/interactive-content-escape-room-klasa-56?fbclid=IwAR0W7m5XinUYL0F08-PJ7KDQAJWsemH63uKzSkiiLfFUNaVIgQMK5D1iN4o<\/a><\/li>\n<li><strong>Klasa 7\/8<\/strong>:\u00a0<a class=\"\" href=\"https:\/\/view.genial.ly\/5fc158a4d342a20d8b8df914\/presentation-klasa-7-8-escape-room?fbclid=IwAR1JvyKyr2XUaoFwfrKbfqPEqYP3GOzVvM3hto9dRke5OXxTmxOnqaP1VZc\">https:\/\/view.genial.ly\/5fc158a4d342a20d8b8df914\/presentation-klasa-7-8-escape-room?fbclid=IwAR1JvyKyr2XUaoFwfrKbfqPEqYP3GOzVvM3hto9dRke5OXxTmxOnqaP1VZc<\/a><\/li>\n<li><strong>Klasa 1\/2 ponadpodstawowa:<\/strong> <a class=\"\" href=\"https:\/\/view.genial.ly\/5fc147f749b00f0d8476b97c\/interactive-content-escape-room-1-liceum?fbclid=IwAR1Qk-CKJy2dvxGhN1iel-W79qttsWoefxDfx2XRNfYOrDQJa6sHFlv2yVI\">https:\/\/view.genial.ly\/5fc147f749b00f0d8476b97c\/interactive-content-escape-room-1-liceum?fbclid=IwAR1Qk-CKJy2dvxGhN1iel-W79qttsWoefxDfx2XRNfYOrDQJa6sHFlv2yVI<\/a><\/li>\n<li><strong>Klasa maturalna<\/strong>:\u00a0<a class=\"\" href=\"https:\/\/view.genial.ly\/5fb4ea53f8a0ef13943d5db1\/interactive-content-tajemnicza-biblioteka\">https:\/\/view.genial.ly\/5fb4ea53f8a0ef13943d5db1\/interactive-content-tajemnicza-biblioteka<\/a><\/li>\n<\/ul>\n<p>Zapraszamy do wsp\u00f3lnej zabawy i rozwi\u0105zywania zagadek!<\/p>\n<\/div>\r\n                    <\/div>\r\n                <\/div>[\/vc_column][vc_column width=&#8221;1\/3&#8243;][vc_single_image image=&#8221;7104&#8243; img_size=&#8221;large&#8221; alignment=&#8221;center&#8221; style=&#8221;vc_box_rounded&#8221;][\/vc_column][\/vc_row]<\/p>","protected":false},"excerpt":{"rendered":"<p>[vc_row el_class=&#8221;container&#8221;][vc_column width=&#8221;2\/3&#8243;][\/vc_column][vc_column width=&#8221;1\/3&#8243;][vc_single_image image=&#8221;7104&#8243; img_size=&#8221;large&#8221; alignment=&#8221;center&#8221; style=&#8221;vc_box_rounded&#8221;][\/vc_column][\/vc_row] [&#8230;]<\/p>\n<p><a class=\"btn btn-secondary understrap-read-more-link\" href=\"https:\/\/us.edu.pl\/wydzial\/wnst\/wspolpraca\/szkoly\/swieto-liczby-pi\/xiv-edycja\/escape-room\/\">Read More&#8230;<\/a><\/p>\n","protected":false},"author":1210,"featured_media":0,"parent":7862,"menu_order":0,"comment_status":"closed","ping_status":"closed","template":"","meta":{"_expiration-date-status":"saved","_expiration-date":0,"_expiration-date-type":"","_expiration-date-categories":[],"_expiration-date-options":[]},"acf":[],"_links":{"self":[{"href":"https:\/\/us.edu.pl\/wydzial\/wnst\/wp-json\/wp\/v2\/pages\/7330"}],"collection":[{"href":"https:\/\/us.edu.pl\/wydzial\/wnst\/wp-json\/wp\/v2\/pages"}],"about":[{"href":"https:\/\/us.edu.pl\/wydzial\/wnst\/wp-json\/wp\/v2\/types\/page"}],"author":[{"embeddable":true,"href":"https:\/\/us.edu.pl\/wydzial\/wnst\/wp-json\/wp\/v2\/users\/1210"}],"replies":[{"embeddable":true,"href":"https:\/\/us.edu.pl\/wydzial\/wnst\/wp-json\/wp\/v2\/comments?post=7330"}],"version-history":[{"count":13,"href":"https:\/\/us.edu.pl\/wydzial\/wnst\/wp-json\/wp\/v2\/pages\/7330\/revisions"}],"predecessor-version":[{"id":7344,"href":"https:\/\/us.edu.pl\/wydzial\/wnst\/wp-json\/wp\/v2\/pages\/7330\/revisions\/7344"}],"up":[{"embeddable":true,"href":"https:\/\/us.edu.pl\/wydzial\/wnst\/wp-json\/wp\/v2\/pages\/7862"}],"wp:attachment":[{"href":"https:\/\/us.edu.pl\/wydzial\/wnst\/wp-json\/wp\/v2\/media?parent=7330"}],"curies":[{"name":"wp","href":"https:\/\/api.w.org\/{rel}","templated":true}]}}