{"id":742,"date":"2019-11-14T15:00:08","date_gmt":"2019-11-14T14:00:08","guid":{"rendered":"https:\/\/us.edu.pl\/wydzial\/wnst\/?page_id=742"},"modified":"2026-03-24T13:46:19","modified_gmt":"2026-03-24T12:46:19","slug":"swieto-liczby-pi","status":"publish","type":"page","link":"https:\/\/us.edu.pl\/wydzial\/wnst\/wspolpraca\/szkoly\/swieto-liczby-pi\/","title":{"rendered":"\u015awi\u0119to Liczby Pi"},"content":{"rendered":"<p>[vc_row el_class=&#8221;container&#8221;][vc_column width=&#8221;2\/5&#8243; el_class=&#8221;container&#8221;][vc_row_inner][vc_column_inner]            \r\n            <div class=\"sidebar_moduls sidebar_moduls_facebok fb-page\"\r\n              data-href=\"https:\/\/www.facebook.com\/swietoliczbypi\/\" \r\n              data-width=\"330\"\r\n              data-hide-cover=\"false\"\r\n              data-show-facepile=\"true\"><\/div>\r\n             \r\n             <div id=\"fb-root\"><\/div>\r\n            <script async defer crossorigin=\"anonymous\" src=\" https:\/\/connect.facebook.net\/pl_PL\/sdk.js#xfbml=1&version=v4.0 \">                        \r\n            <\/script>\r\n            [\/vc_column_inner][\/vc_row_inner]\r\n                <div class=\"text-modules\">\r\n                    <div class=\"container\">\r\n                        \r\n                        <div class=\"text-modules__content\"><p><img class=\"alignnone wp-image-203636 size-full\" src=\"https:\/\/us.edu.pl\/wydzial\/wnst\/wp-content\/uploads\/sites\/18\/Bez-kategorii\/plakat-XX-SLPi.png\" alt=\"\" width=\"100%\" height=\"auto\" srcset=\"https:\/\/us.edu.pl\/wydzial\/wnst\/wp-content\/uploads\/sites\/18\/Bez-kategorii\/plakat-XX-SLPi.png 470w, https:\/\/us.edu.pl\/wydzial\/wnst\/wp-content\/uploads\/sites\/18\/Bez-kategorii\/plakat-XX-SLPi-239x300.png 239w, https:\/\/us.edu.pl\/wydzial\/wnst\/wp-content\/uploads\/sites\/18\/Bez-kategorii\/plakat-XX-SLPi-458x575.png 458w\" sizes=\"(max-width: 470px) 100vw, 470px\" \/><\/p>\n<\/div>\r\n                    <\/div>\r\n                <\/div>[\/vc_column][vc_column width=&#8221;3\/5&#8243;]\r\n                <div class=\"text-modules\">\r\n                    <div class=\"container\">\r\n                        \r\n                        <div class=\"text-modules__content\"><\/p>\n<p style=\"text-align: center;\"><span style=\"font-size: 130%; color: #003366;\"><strong>XX \u015awi\u0119to Liczby Pi<br \/>\npi\u0105tek 13 marca 2026 r.<br \/>\n<\/strong><\/span><\/p>\n<p style=\"text-align: center;\"><span style=\"color: #000000;\">Tegoroczny pi\u0105tek 13-ego odby\u0142 si\u0119 bez problem\u00f3w &#8211; oczywi\u015bcie pr\u00f3cz tych matematycznych. Dlaczego? Dzi\u0119ki jubileuszowemu <span style=\"color: #003366;\"><strong>XX \u015awi\u0119tu Liczby Pi<\/strong><\/span>!<\/span><\/p>\n<p style=\"text-align: center;\"><span style=\"color: #000000;\">Niesamowite wra\u017cenia w Katowicach, Chorzowie i Sosnowcu. Jak co roku zainaugurowali\u015bmy wydarzenie o <span style=\"color: #003366;\"><strong>9:42<\/strong><\/span> wyk\u0142adem inauguracyjnym pt. &#8222;Czego nauczy\u0142o mnie patrzenie w gwiazdy&#8221;, kt\u00f3ry wyg\u0142osi\u0142 Jaros\u0142aw Juszkiewicz.<\/span><\/p>\n<p style=\"text-align: center;\">Zapraszamy do obejrzenia galerii z wydarzenia:<\/p>\n<p style=\"text-align: center;\"><strong><a href=\"https:\/\/us.edu.pl\/wydzial\/wnst\/multimedia\/kieruj-sie-na-pi-xx-swieto-liczby-pi-w-kampusie-katowice\/\">Kampus Katowice<\/a><\/strong><\/p>\n<p style=\"text-align: center;\"><strong><a href=\"https:\/\/us.edu.pl\/wydzial\/wnst\/multimedia\/kieruj-sie-na-pi-xx-swieto-liczby-pi-w-kampusie-chorzow\/\">Kampus Chorz\u00f3w<\/a><\/strong><\/p>\n<p style=\"text-align: center;\"><strong><a href=\"https:\/\/us.edu.pl\/wydzial\/wnst\/multimedia\/kieruj-sie-na-pi-xx-swieto-liczby-pi-w-kampusie-sosnowiec\/\">Kampus Sosnowiec<\/a><\/strong><\/p>\n<p style=\"text-align: center;\"><span style=\"color: #000000;\">Jubileusz jest okazj\u0105 do szczeg\u00f3lnego \u015bwi\u0119towania, dlatego w tym roku przed\u0142u\u017cyli\u015bmy \u015awi\u0119to Liczby Pi do soboty 14 marca 2026 r.<\/span><\/p>\n<p style=\"text-align: center;\"><span style=\"color: #000000;\">Wydarzenia towarzysz\u0105ce:<\/span><\/p>\n<p style=\"text-align: center;\"><a href=\"https:\/\/us.edu.pl\/wydzial\/wnst\/wspolpraca\/szkoly\/swieto-liczby-pi\/wydarzenia-towarzyszace-xx-swieto-liczby-pi\/#1771589925629-724579a4-f8d6\"><span style=\"color: #003366;\">parkrun Katowice &#8211; edycja z liczb\u0105 Pi<\/span><\/a><\/p>\n<p style=\"text-align: center;\"><a href=\"https:\/\/us.edu.pl\/wydzial\/wnst\/wspolpraca\/szkoly\/swieto-liczby-pi\/wydarzenia-towarzyszace-xx-swieto-liczby-pi\/#1771589925643-cd175b79-4992\"><span style=\"color: #003366;\">koncert <em>Liczba Pi w muzyce<\/em><\/span><\/a><\/p>\n<hr \/>\n<p><span style=\"color: #000000;\">\u015awi\u0119to Liczby Pi to wydarzenie popularyzatorskie, kt\u00f3rego data dyktowana jest przez 3 pierwsze cyfry liczby \u03c0: 3,14\u2026 Przypomnijmy, \u017ce jest to ameryka\u0144ski zapis daty 14 marca.<\/span><\/p>\n<p><span style=\"color: #000000;\">Podczas \u015awi\u0119ta uczniowie szk\u00f3\u0142 podstawowych i ponadpodstawowych bior\u0105 udzia\u0142 w wyk\u0142adach, warsztatach, pokazach organizowanych przez pracownik\u00f3w i student\u00f3w Wydzia\u0142u Nauk \u015acis\u0142ych i Technicznych. Trudne zagadnienia przedstawiamy w uproszczonej formie.<\/span><\/p>\n<\/div>\r\n                    <\/div>\r\n                <\/div>[\/vc_column][\/vc_row]<\/p>","protected":false},"excerpt":{"rendered":"<p>[vc_row el_class=&#8221;container&#8221;][vc_column width=&#8221;2\/5&#8243; el_class=&#8221;container&#8221;][vc_row_inner][vc_column_inner][\/vc_column_inner][\/vc_row_inner][\/vc_column][vc_column width=&#8221;3\/5&#8243;][\/vc_column][\/vc_row] [&#8230;]<\/p>\n<p><a class=\"btn btn-secondary understrap-read-more-link\" href=\"https:\/\/us.edu.pl\/wydzial\/wnst\/wspolpraca\/szkoly\/swieto-liczby-pi\/\">Read More&#8230;<\/a><\/p>\n","protected":false},"author":99,"featured_media":0,"parent":680,"menu_order":0,"comment_status":"closed","ping_status":"closed","template":"page-templates\/page-with-sidebar.php","meta":{"_expiration-date-status":"","_expiration-date":0,"_expiration-date-type":"","_expiration-date-categories":[],"_expiration-date-options":[]},"acf":[],"_links":{"self":[{"href":"https:\/\/us.edu.pl\/wydzial\/wnst\/wp-json\/wp\/v2\/pages\/742"}],"collection":[{"href":"https:\/\/us.edu.pl\/wydzial\/wnst\/wp-json\/wp\/v2\/pages"}],"about":[{"href":"https:\/\/us.edu.pl\/wydzial\/wnst\/wp-json\/wp\/v2\/types\/page"}],"author":[{"embeddable":true,"href":"https:\/\/us.edu.pl\/wydzial\/wnst\/wp-json\/wp\/v2\/users\/99"}],"replies":[{"embeddable":true,"href":"https:\/\/us.edu.pl\/wydzial\/wnst\/wp-json\/wp\/v2\/comments?post=742"}],"version-history":[{"count":13,"href":"https:\/\/us.edu.pl\/wydzial\/wnst\/wp-json\/wp\/v2\/pages\/742\/revisions"}],"predecessor-version":[{"id":204712,"href":"https:\/\/us.edu.pl\/wydzial\/wnst\/wp-json\/wp\/v2\/pages\/742\/revisions\/204712"}],"up":[{"embeddable":true,"href":"https:\/\/us.edu.pl\/wydzial\/wnst\/wp-json\/wp\/v2\/pages\/680"}],"wp:attachment":[{"href":"https:\/\/us.edu.pl\/wydzial\/wnst\/wp-json\/wp\/v2\/media?parent=742"}],"curies":[{"name":"wp","href":"https:\/\/api.w.org\/{rel}","templated":true}]}}