{"id":7504,"date":"2020-12-28T12:14:14","date_gmt":"2020-12-28T11:14:14","guid":{"rendered":"https:\/\/us.edu.pl\/wydzial\/wnst\/?page_id=7504"},"modified":"2022-01-24T13:47:55","modified_gmt":"2022-01-24T12:47:55","slug":"chemia","status":"publish","type":"page","link":"https:\/\/us.edu.pl\/wydzial\/wnst\/studia\/niezbednik\/kierunki\/chemia\/","title":{"rendered":"chemia"},"content":{"rendered":"<p>[vc_row el_class=&#8221;container&#8221;][vc_column width=&#8221;1\/5&#8243; el_class=&#8221;foto&#8221;]\r\n                <div class=\"text-modules\">\r\n                    <div class=\"container\">\r\n                        \r\n                        <div class=\"text-modules__content\"><p><img class=\"alignnone wp-image-18548 size-large\" src=\"https:\/\/us.edu.pl\/wydzial\/wnst\/wp-content\/uploads\/sites\/18\/Nieprzypisane\/us_R_04_05_WNST-25-1024x1024.png\" alt=\"\" width=\"100%\" height=\"auto\" srcset=\"https:\/\/us.edu.pl\/wydzial\/wnst\/wp-content\/uploads\/sites\/18\/Nieprzypisane\/us_R_04_05_WNST-25-1024x1024.png 1024w, https:\/\/us.edu.pl\/wydzial\/wnst\/wp-content\/uploads\/sites\/18\/Nieprzypisane\/us_R_04_05_WNST-25-150x150.png 150w, https:\/\/us.edu.pl\/wydzial\/wnst\/wp-content\/uploads\/sites\/18\/Nieprzypisane\/us_R_04_05_WNST-25-300x300.png 300w, https:\/\/us.edu.pl\/wydzial\/wnst\/wp-content\/uploads\/sites\/18\/Nieprzypisane\/us_R_04_05_WNST-25-768x768.png 768w, https:\/\/us.edu.pl\/wydzial\/wnst\/wp-content\/uploads\/sites\/18\/Nieprzypisane\/us_R_04_05_WNST-25-575x575.png 575w, https:\/\/us.edu.pl\/wydzial\/wnst\/wp-content\/uploads\/sites\/18\/Nieprzypisane\/us_R_04_05_WNST-25.png 1200w\" sizes=\"(max-width: 1024px) 100vw, 1024px\" \/><\/p>\n<\/div>\r\n                    <\/div>\r\n                <\/div>[\/vc_column][vc_column width=&#8221;4\/5&#8243;]\r\n                <div class=\"text-modules\">\r\n                    <div class=\"container\">\r\n                        \r\n                        <div class=\"text-modules__content\"><p><span style=\"color: #002e5a; font-size: 200%; font-family: PT Sans Narrow;\">Informacje dla student\u00f3w kierunku chemia<\/span><\/p>\n<\/div>\r\n                    <\/div>\r\n                <\/div>[\/vc_column][\/vc_row][vc_row][vc_column]<div class=\"container\"><div class=\"separator\" style=\"background-color: #002E5A\"><\/div><\/div>[\/vc_column][\/vc_row][vc_row el_class=&#8221;container&#8221;][vc_column width=&#8221;1\/6&#8243;][vc_btn title=&#8221;Dziekanat&#8221; style=&#8221;custom&#8221; custom_background=&#8221;#002043&#8243; custom_text=&#8221;#ffffff&#8221; size=&#8221;lg&#8221; align=&#8221;center&#8221; button_block=&#8221;true&#8221; link=&#8221;url:https%3A%2F%2Fus.edu.pl%2Fwydzial%2Fwnst%2Fstudia%2Fstudent%2Fdziekanaty%2F|||&#8221;][vc_btn title=&#8221;Dy\u017cury Dziekan\u00f3wi, Pe\u0142nomocnik\u00f3w i in.&#8221; style=&#8221;custom&#8221; custom_background=&#8221;#002043&#8243; custom_text=&#8221;#fcfcfc&#8221; size=&#8221;lg&#8221; align=&#8221;center&#8221; button_block=&#8221;true&#8221; link=&#8221;url:https%3A%2F%2Fus.edu.pl%2Fwydzial%2Fwnst%2Fstudia%2Fstudent%2Fdyzury%2F|||&#8221;][vc_btn title=&#8221;Opiekunowie<br \/>\nroku i praktyk&#8221; style=&#8221;custom&#8221; custom_background=&#8221;#002043&#8243; custom_text=&#8221;#ffffff&#8221; size=&#8221;lg&#8221; align=&#8221;center&#8221; button_block=&#8221;true&#8221; link=&#8221;url:https%3A%2F%2Fus.edu.pl%2Fwydzial%2Fwnst%2Fstudia%2Fstudent%2Fopiekunowie-lat%2F%231601457472182-45ada948-de90|||&#8221;][\/vc_column][vc_column width=&#8221;1\/6&#8243;][vc_btn title=&#8221;Harmonogram zaj\u0119\u0107&#8221; style=&#8221;custom&#8221; custom_background=&#8221;#002043&#8243; custom_text=&#8221;#ffffff&#8221; size=&#8221;lg&#8221; align=&#8221;center&#8221; button_block=&#8221;true&#8221; link=&#8221;url:http%3A%2F%2Fplan.ii.us.edu.pl%2F|||&#8221;][vc_btn title=&#8221;Rejestracje<br \/>\nna zaj\u0119cia&#8221; style=&#8221;custom&#8221; custom_background=&#8221;#002043&#8243; custom_text=&#8221;#ffffff&#8221; size=&#8221;lg&#8221; align=&#8221;center&#8221; button_block=&#8221;true&#8221; link=&#8221;url:https%3A%2F%2Fus.edu.pl%2Fwydzial%2Fwnst%2Fstudia%2Fstudent%2Frejestracje-na-zajecia%2F|||&#8221;][vc_btn title=&#8221;Projekty&#8221; style=&#8221;custom&#8221; custom_background=&#8221;#002043&#8243; custom_text=&#8221;#ffffff&#8221; size=&#8221;lg&#8221; align=&#8221;center&#8221; button_block=&#8221;true&#8221; link=&#8221;|||&#8221;][\/vc_column][vc_column width=&#8221;1\/6&#8243;][vc_btn title=&#8221;Specjalizacje&#8221; style=&#8221;custom&#8221; custom_background=&#8221;#002043&#8243; custom_text=&#8221;#ffffff&#8221; size=&#8221;lg&#8221; align=&#8221;center&#8221; button_block=&#8221;true&#8221; link=&#8221;url:https%3A%2F%2Fus.edu.pl%2Fwydzial%2Fwnst%2Fstudia%2Fstudent%2Fspecjalizacje%2F|||&#8221;][vc_btn title=&#8221;Tematy<br \/>\nprac dyplomowych&#8221; style=&#8221;custom&#8221; custom_background=&#8221;#002043&#8243; custom_text=&#8221;#ffffff&#8221; size=&#8221;lg&#8221; align=&#8221;center&#8221; button_block=&#8221;true&#8221; link=&#8221;url:https%3A%2F%2Fus.edu.pl%2Fwydzial%2Fwnst%2Ftematy-prac-dyplomowych%2F|||&#8221;][\/vc_column][vc_column width=&#8221;3\/6&#8243;]  <div class=\"announcements-wrap\"> \r\n\t\t\t\t\t\t\t\t\t<div class=\"announcements announcements_1\" style=\"background-color:\">\r\n                                <div class=\"section-title\">Komunikaty<\/div>\r\n                                \r\n                                <style>.jjycuv.angle-list > li::before{color:  !important}<\/style><div class=\"d-flex flex-wrap\"><ul class=\"angle-list jjycuv\" ><li > <a href = \"https:\/\/us.edu.pl\/wydzial\/wnst\/komunikaty\/szkolenie-bk-bezplatny-webinar-pt-pewnosc-siebie-i-asertywnosc\/\" style=\"color:\"> Szkolenie BK: bezp\u0142atny webinar pt. \u201ePewno\u015b\u0107 siebie i asertywno\u015b\u0107\u201d | 23.04.2026 <\/a > <\/li > <li > <a href = \"https:\/\/us.edu.pl\/wydzial\/wnst\/komunikaty\/godziny-dziekanskie-w-dniu-13-marca-2026-r-xx-swieto-liczby-pi\/\" style=\"color:\"> Godziny dzieka\u0144skie w dniu 13 marca 2026 r. | XX \u015awi\u0119to Liczby Pi <\/a > <\/li > <li > <a href = \"https:\/\/us.edu.pl\/wydzial\/wnst\/komunikaty\/wydarzenie-bk-program-szkoleniowy-testnauci-edycja-2026\/\" style=\"color:\"> Wydarzenie BK: Program szkoleniowy TESTNAUCI \u2013 edycja 2026 <\/a > <\/li > <li > <a href = \"https:\/\/us.edu.pl\/wydzial\/wnst\/komunikaty\/szkolenie-bk-szkolenie-stacjonarne-oko-w-oko-z-rekruterem-jak-wyroznic-sie-na-rynku-pracy\/\" style=\"color:\"> Szkolenie BK: Szkolenie stacjonarne \u201eOko w oko z rekruterem \u2013 jak wyr\u00f3\u017cni\u0107 si\u0119 na rynku pracy\u201d <\/a > <\/li > <li > <a href = \"https:\/\/us.edu.pl\/wydzial\/wnst\/komunikaty\/wydarzenie-bk-webinar-global-metodi-trening-odpornosci-psychicznej\/\" style=\"color:\"> Wydarzenie BK: webinar Global Metodi \u201eTrening odporno\u015bci psychicznej\u201d <\/a > <\/li > <li > <a href = \"https:\/\/us.edu.pl\/wydzial\/wnst\/komunikaty\/rejestracja-inzynieria-biomedyczna-i-mechatronika-i-i-ii-stopnia-sem-lato-2025-2026\/\" style=\"color:\"> In\u017cynieria biomedyczna i mechatronika | Rejestracja na przedmioty sem. LATO <\/a > <\/li > <li > <a href = \"https:\/\/us.edu.pl\/wydzial\/wnst\/komunikaty\/inzynieria-materialowa-i-kontrola-jakosci-materialow-i-wyrobow-rejestracja-na-przedmioty\/\" style=\"color:\"> In\u017cynieria materia\u0142owa i kontrola jako\u015bci materia\u0142\u00f3w i wyrob\u00f3w | Rejestracja na przedmioty sem.LATO <\/a > <\/li > <\/ul><\/div><a href = \"https:\/\/us.edu.pl\/wydzial\/wnst\/komunikaty\/\" class=\"link-button\">Wszystko<\/a>\r\n\t\t\t\t\t\t\t\t\t<\/div>\r\n\t\t\t\t\t\t\t\t<\/div>[\/vc_column][\/vc_row][vc_row el_class=&#8221;container&#8221;][vc_column width=&#8221;1\/6&#8243;][\/vc_column][vc_column width=&#8221;1\/6&#8243;][\/vc_column][vc_column width=&#8221;1\/6&#8243;][\/vc_column][vc_column width=&#8221;3\/6&#8243;][\/vc_column][\/vc_row]<\/p>","protected":false},"excerpt":{"rendered":"<p>[vc_row el_class=&#8221;container&#8221;][vc_column width=&#8221;1\/5&#8243; el_class=&#8221;foto&#8221;][\/vc_column][vc_column width=&#8221;4\/5&#8243;][\/vc_column][\/vc_row][vc_row][vc_column][\/vc_column][\/vc_row][vc_row el_class=&#8221;container&#8221;][vc_column width=&#8221;1\/6&#8243;][vc_btn title=&#8221;Dziekanat&#8221; style=&#8221;custom&#8221; custom_background=&#8221;#002043&#8243; custom_text=&#8221;#ffffff&#8221; size=&#8221;lg&#8221; align=&#8221;center&#8221; button_block=&#8221;true&#8221; link=&#8221;url:https%3A%2F%2Fus.edu.pl%2Fwydzial%2Fwnst%2Fstudia%2Fstudent%2Fdziekanaty%2F|||&#8221;][vc_btn title=&#8221;Dy\u017cury Dziekan\u00f3wi, Pe\u0142nomocnik\u00f3w i in.&#8221; style=&#8221;custom&#8221; custom_background=&#8221;#002043&#8243; custom_text=&#8221;#fcfcfc&#8221; size=&#8221;lg&#8221; align=&#8221;center&#8221; button_block=&#8221;true&#8221; link=&#8221;url:https%3A%2F%2Fus.edu.pl%2Fwydzial%2Fwnst%2Fstudia%2Fstudent%2Fdyzury%2F|||&#8221;][vc_btn title=&#8221;Opiekunowie roku i praktyk&#8221; style=&#8221;custom&#8221; custom_background=&#8221;#002043&#8243; custom_text=&#8221;#ffffff&#8221; size=&#8221;lg&#8221; align=&#8221;center&#8221; button_block=&#8221;true&#8221; link=&#8221;url:https%3A%2F%2Fus.edu.pl%2Fwydzial%2Fwnst%2Fstudia%2Fstudent%2Fopiekunowie-lat%2F%231601457472182-45ada948-de90|||&#8221;][\/vc_column][vc_column width=&#8221;1\/6&#8243;][vc_btn title=&#8221;Harmonogram zaj\u0119\u0107&#8221; style=&#8221;custom&#8221; custom_background=&#8221;#002043&#8243; custom_text=&#8221;#ffffff&#8221; size=&#8221;lg&#8221; align=&#8221;center&#8221; button_block=&#8221;true&#8221; link=&#8221;url:http%3A%2F%2Fplan.ii.us.edu.pl%2F|||&#8221;][vc_btn title=&#8221;Rejestracje na zaj\u0119cia&#8221; style=&#8221;custom&#8221; custom_background=&#8221;#002043&#8243; custom_text=&#8221;#ffffff&#8221; size=&#8221;lg&#8221; [&#8230;]<\/p>\n<p><a class=\"btn btn-secondary understrap-read-more-link\" href=\"https:\/\/us.edu.pl\/wydzial\/wnst\/studia\/niezbednik\/kierunki\/chemia\/\">Read More&#8230;<\/a><\/p>\n","protected":false},"author":92,"featured_media":0,"parent":17881,"menu_order":0,"comment_status":"closed","ping_status":"closed","template":"","meta":{"_expiration-date-status":"saved","_expiration-date":0,"_expiration-date-type":"","_expiration-date-categories":[],"_expiration-date-options":[]},"acf":[],"_links":{"self":[{"href":"https:\/\/us.edu.pl\/wydzial\/wnst\/wp-json\/wp\/v2\/pages\/7504"}],"collection":[{"href":"https:\/\/us.edu.pl\/wydzial\/wnst\/wp-json\/wp\/v2\/pages"}],"about":[{"href":"https:\/\/us.edu.pl\/wydzial\/wnst\/wp-json\/wp\/v2\/types\/page"}],"author":[{"embeddable":true,"href":"https:\/\/us.edu.pl\/wydzial\/wnst\/wp-json\/wp\/v2\/users\/92"}],"replies":[{"embeddable":true,"href":"https:\/\/us.edu.pl\/wydzial\/wnst\/wp-json\/wp\/v2\/comments?post=7504"}],"version-history":[{"count":10,"href":"https:\/\/us.edu.pl\/wydzial\/wnst\/wp-json\/wp\/v2\/pages\/7504\/revisions"}],"predecessor-version":[{"id":22295,"href":"https:\/\/us.edu.pl\/wydzial\/wnst\/wp-json\/wp\/v2\/pages\/7504\/revisions\/22295"}],"up":[{"embeddable":true,"href":"https:\/\/us.edu.pl\/wydzial\/wnst\/wp-json\/wp\/v2\/pages\/17881"}],"wp:attachment":[{"href":"https:\/\/us.edu.pl\/wydzial\/wnst\/wp-json\/wp\/v2\/media?parent=7504"}],"curies":[{"name":"wp","href":"https:\/\/api.w.org\/{rel}","templated":true}]}}