{"id":756,"date":"2019-11-14T15:06:05","date_gmt":"2019-11-14T14:06:05","guid":{"rendered":"https:\/\/us.edu.pl\/wydzial\/wnst\/?page_id=756"},"modified":"2025-08-26T15:13:32","modified_gmt":"2025-08-26T13:13:32","slug":"klub-mlodego-odkrywcy","status":"publish","type":"page","link":"https:\/\/us.edu.pl\/wydzial\/wnst\/wspolpraca\/szkoly\/klub-mlodego-odkrywcy\/","title":{"rendered":"Klub M\u0142odego Odkrywcy"},"content":{"rendered":"<p>[vc_row el_class=&#8221;container&#8221;][vc_column][vc_column_text]<\/p>\n<h1><span style=\"color: #002e5a;\">Uniwersytet \u015al\u0105ski &#8211; Partner regionalny Klub\u00f3w M\u0142odego Odkrywcy w wojew\u00f3dztwie \u015al\u0105skim<\/span><\/h1>\n<p>[\/vc_column_text][\/vc_column][\/vc_row][vc_row el_class=&#8221;container&#8221;][vc_column width=&#8221;2\/3&#8243;][vc_column_text css=&#8221;.vc_custom_1756213931042{border-left-width: 6px !important;padding-left: 10px !important;border-left-color: #ff9e1b !important;border-left-style: solid !important;}&#8221;]Klub M\u0142odego Odkrywcy (KMO) to mi\u0119dzynarodowy program edukacyjny, kt\u00f3ry ma na celu rozwijanie umiej\u0119tno\u015bci takich jak komunikacja, wsp\u00f3\u0142praca, krytyczne my\u015blenie i rozwi\u0105zywanie problem\u00f3w, poprzez uczenie si\u0119 w dzia\u0142aniu.\u00a0Program jest interdyscyplinarny i obejmuje wszystkie etapy edukacyjne.<\/p>\n<p>Uniwersytet \u015al\u0105ski w Katowicach jest partnerem regionalnym KMO na wojew\u00f3dztwo \u015al\u0105skie. Partnerstwo realizowane jest na Wydziale Nauk \u015acis\u0142ych i Technicznych. Wydzia\u0142 jest zlokalizowany w Katowicach, Chorzowie i w Sosnowcu. W obr\u0119bie jego struktury funkcjonuje 6 instytut\u00f3w naukowych. Oferta dydaktyczna Wydzia\u0142u obejmuje 12 kierunk\u00f3w studi\u00f3w w j\u0119zyku polskim oraz 4 w j\u0119zyku angielskim, a tak\u017ce studia podyplomowe. Studenci korzystaj\u0105 z ponad 1200 stanowisk do pracy. Wydzia\u0142 dysponuje 59 laboratoriami i pracowniami oraz 3 laboratoriami akredytowanymi.[\/vc_column_text][vc_row_inner][vc_column_inner width=&#8221;1\/4&#8243;][\/vc_column_inner][vc_column_inner width=&#8221;1\/2&#8243;][vc_single_image image=&#8221;199924&#8243; img_size=&#8221;large&#8221; alignment=&#8221;center&#8221; style=&#8221;vc_box_rounded&#8221; onclick=&#8221;custom_link&#8221; link=&#8221;https:\/\/kmo.org.pl\/siec-kmo\/informacje-ogolne\/&#8221; title=&#8221;Strona internetowa projektu&#8221;][\/vc_column_inner][vc_column_inner width=&#8221;1\/4&#8243;][\/vc_column_inner][\/vc_row_inner][vc_separator color=&#8221;custom&#8221; border_width=&#8221;3&#8243; el_width=&#8221;70&#8243; accent_color=&#8221;#41b6e5&#8243; el_class=&#8221;container&#8221;][vc_separator color=&#8221;custom&#8221; border_width=&#8221;3&#8243; el_width=&#8221;60&#8243; accent_color=&#8221;#ff9e1b&#8221; el_class=&#8221;container&#8221;][vc_separator color=&#8221;custom&#8221; border_width=&#8221;3&#8243; el_width=&#8221;50&#8243; accent_color=&#8221;#fc4c02&#8243; el_class=&#8221;container&#8221;][vc_column_text css=&#8221;.vc_custom_1756213905364{border-left-width: 6px !important;padding-left: 10px !important;border-left-color: #ff9e1b !important;border-left-style: solid !important;}&#8221;]<span data-huuid=\"1354960437306761135\">Klub M\u0142odego Odkrywcy (KMO) to mi\u0119dzynarodowy program edukacyjny, kt\u00f3ry ma na celu rozwijanie umiej\u0119tno\u015bci takich jak komunikacja, wsp\u00f3\u0142praca, krytyczne my\u015blenie i rozwi\u0105zywanie problem\u00f3w, poprzez uczenie si\u0119 w dzia\u0142aniu. <\/span><span data-huuid=\"1354960437306758754\">Program jest interdyscyplinarny i obejmuje wszystkie etapy edukacyjne.\u00a0<\/span><\/p>\n<p><strong>Organizatorzy:<\/strong><\/p>\n<ul>\n<li><a href=\"http:\/\/www.kopernik.org.pl\/\" target=\"_blank\" rel=\"noreferrer noopener\">Centrum Nauki Kopernik <\/a>\u00a0\u2013 koordynator programu<\/li>\n<li><a href=\"https:\/\/pafw.pl\/\" target=\"_blank\" rel=\"noreferrer noopener\">Polsko-Ameryka\u0144skiej Fundacji Wolno\u015bci<\/a> &#8211; partner regionalny<\/li>\n<li><a href=\"https:\/\/us.edu.pl\/wydzial\/wnst\/\">Wydzia\u0142 Nauk \u015acis\u0142ych i Technicznych Uniwersytetu \u015al\u0105skiego w Katowicach<\/a> &#8211; partner wspieraj\u0105cy<\/li>\n<\/ul>\n<p>[\/vc_column_text][\/vc_column][vc_column width=&#8221;1\/3&#8243;][vc_single_image image=&#8221;27809&#8243; img_size=&#8221;large&#8221; add_caption=&#8221;yes&#8221; alignment=&#8221;center&#8221; style=&#8221;vc_box_rounded&#8221; title=&#8221;Koordynator KMO&#8221;][\/vc_column][\/vc_row][vc_row][vc_column width=&#8221;2\/3&#8243;][\/vc_column][vc_column width=&#8221;1\/3&#8243;][\/vc_column][\/vc_row]<\/p>","protected":false},"excerpt":{"rendered":"<p>[vc_row el_class=&#8221;container&#8221;][vc_column][vc_column_text] Uniwersytet \u015al\u0105ski &#8211; Partner regionalny Klub\u00f3w M\u0142odego Odkrywcy w wojew\u00f3dztwie \u015al\u0105skim [\/vc_column_text][\/vc_column][\/vc_row][vc_row el_class=&#8221;container&#8221;][vc_column width=&#8221;2\/3&#8243;][vc_column_text css=&#8221;.vc_custom_1756213931042{border-left-width: 6px !important;padding-left: 10px !important;border-left-color: #ff9e1b !important;border-left-style: solid !important;}&#8221;]Klub M\u0142odego Odkrywcy (KMO) to mi\u0119dzynarodowy program edukacyjny, kt\u00f3ry ma na celu rozwijanie umiej\u0119tno\u015bci takich jak komunikacja, wsp\u00f3\u0142praca, krytyczne my\u015blenie i rozwi\u0105zywanie problem\u00f3w, poprzez uczenie si\u0119 w dzia\u0142aniu.\u00a0Program jest interdyscyplinarny i [&#8230;]<\/p>\n<p><a class=\"btn btn-secondary understrap-read-more-link\" href=\"https:\/\/us.edu.pl\/wydzial\/wnst\/wspolpraca\/szkoly\/klub-mlodego-odkrywcy\/\">Read More&#8230;<\/a><\/p>\n","protected":false},"author":99,"featured_media":0,"parent":680,"menu_order":0,"comment_status":"closed","ping_status":"closed","template":"","meta":{"_expiration-date-status":"saved","_expiration-date":0,"_expiration-date-type":"","_expiration-date-categories":[],"_expiration-date-options":[]},"acf":[],"_links":{"self":[{"href":"https:\/\/us.edu.pl\/wydzial\/wnst\/wp-json\/wp\/v2\/pages\/756"}],"collection":[{"href":"https:\/\/us.edu.pl\/wydzial\/wnst\/wp-json\/wp\/v2\/pages"}],"about":[{"href":"https:\/\/us.edu.pl\/wydzial\/wnst\/wp-json\/wp\/v2\/types\/page"}],"author":[{"embeddable":true,"href":"https:\/\/us.edu.pl\/wydzial\/wnst\/wp-json\/wp\/v2\/users\/99"}],"replies":[{"embeddable":true,"href":"https:\/\/us.edu.pl\/wydzial\/wnst\/wp-json\/wp\/v2\/comments?post=756"}],"version-history":[{"count":10,"href":"https:\/\/us.edu.pl\/wydzial\/wnst\/wp-json\/wp\/v2\/pages\/756\/revisions"}],"predecessor-version":[{"id":199974,"href":"https:\/\/us.edu.pl\/wydzial\/wnst\/wp-json\/wp\/v2\/pages\/756\/revisions\/199974"}],"up":[{"embeddable":true,"href":"https:\/\/us.edu.pl\/wydzial\/wnst\/wp-json\/wp\/v2\/pages\/680"}],"wp:attachment":[{"href":"https:\/\/us.edu.pl\/wydzial\/wnst\/wp-json\/wp\/v2\/media?parent=756"}],"curies":[{"name":"wp","href":"https:\/\/api.w.org\/{rel}","templated":true}]}}