{"id":7712,"date":"2021-01-12T08:52:58","date_gmt":"2021-01-12T07:52:58","guid":{"rendered":"https:\/\/us.edu.pl\/wydzial\/wnst\/?page_id=7712"},"modified":"2022-02-25T08:22:51","modified_gmt":"2022-02-25T07:22:51","slug":"projekty-badawcze","status":"publish","type":"page","link":"https:\/\/us.edu.pl\/wydzial\/wnst\/strona-glowna\/realizowane-projekty\/projekty-badawcze\/","title":{"rendered":"projekty badawcze"},"content":{"rendered":"<p>[vc_row content_placement=&#8221;middle&#8221;][vc_column]\r\n                <div class=\"text-modules\">\r\n                    <div class=\"container\">\r\n                        <h3 class=\"page-title text__title\">Projekty badawcze<\/h3>\r\n                        <div class=\"text-modules__content\"><p>Pracownicy, studenci i m\u0142odzi naukowcy zwi\u0105zani z Wydzia\u0142em Nauk \u015acis\u0142ych i Technicznych, prowadz\u0105 wszechstronn\u0105 dzia\u0142alno\u015b\u0107 naukow\u0105 poszukuj\u0105c rozwi\u0105za\u0144 problem\u00f3w w obszarach priorytetowych dla rozwoju spo\u0142ecze\u0144stwa.<\/p>\n<p>Projekty naukowe realizowane w ramach subwencji badawczej uczelni, a tak\u017ce w ramach finansowania pozyskanego z zewn\u0119trznych instytucji: grant\u00f3w agencji rz\u0105dowych \u2013 Narodowego Centrum Nauki oraz Narodowego Centrum Bada\u0144 i Rozwoju, program\u00f3w Ministerstwa Nauki i Szkolnictwa Wy\u017cszego, innych program\u00f3w krajowych ( Fundacji na rzecz Nauki Polskiej, Narodowej Agencji Wymiany Akademickiej), program\u00f3w ramowych Unii Europejskiej i innych program\u00f3w mi\u0119dzynarodowych.<\/p>\n<p>Pe\u0142en katalog dost\u0119pny jest na stronach realizowanych projekt\u00f3w <a href=\"https:\/\/us.edu.pl\/instytut\/ich\/realizowane-projekty\/\">Instytutu Chemii<\/a>, <a href=\"https:\/\/us.edu.pl\/instytut\/ifiz\/nauka\/granty-i-projekty\/\">Instytutu Fizyki im. A. Che\u0142kowskiego<\/a>, <a href=\"https:\/\/us.edu.pl\/instytut\/ii\/badania-i-nauka\/projekty\/\">Instytutu Informatyki<\/a>, <a href=\"https:\/\/us.edu.pl\/instytut\/iib\/badaniainauka\/projekty\/\">Instytutu In\u017cynierii Biomedycznej<\/a>, <a href=\"https:\/\/us.edu.pl\/instytut\/iim\/nauka\/realizowane-projekty\/\">Instytutu In\u017cynierii Materia\u0142owej<\/a>, <a href=\"https:\/\/us.edu.pl\/instytut\/im\/badanie-naukowe\/granty\/\">Instytutu Matematyki<\/a>.<\/p>\n<\/div>\r\n                    <\/div>\r\n                <\/div>[\/vc_column][\/vc_row][vc_row el_class=&#8221;container&#8221;][vc_column width=&#8221;1\/6&#8243;][vc_single_image image=&#8221;4958&#8243; alignment=&#8221;center&#8221; style=&#8221;vc_box_rounded&#8221; onclick=&#8221;custom_link&#8221; img_link_target=&#8221;_blank&#8221; link=&#8221;https:\/\/us.edu.pl\/instytut\/ich\/realizowane-projekty\/&#8221;][vc_wp_text]<\/p>\n<p style=\"text-align: center;\"><span style=\"color: #002043;\">Instytut Chemii<\/span><\/p>\n<p>[\/vc_wp_text][\/vc_column][vc_column width=&#8221;1\/6&#8243;][vc_single_image image=&#8221;4959&#8243; alignment=&#8221;center&#8221; style=&#8221;vc_box_rounded&#8221; onclick=&#8221;custom_link&#8221; img_link_target=&#8221;_blank&#8221; link=&#8221;https:\/\/us.edu.pl\/instytut\/ifiz\/nauka\/granty-i-projekty\/&#8221;][vc_wp_text]<\/p>\n<p style=\"text-align: center;\"><span style=\"color: #002043;\">Instytut Fizyki im. Augusta Che\u0142kowskiego<\/span><\/p>\n<p>[\/vc_wp_text][\/vc_column][vc_column width=&#8221;1\/6&#8243;][vc_single_image image=&#8221;4962&#8243; alignment=&#8221;center&#8221; style=&#8221;vc_box_rounded&#8221; onclick=&#8221;custom_link&#8221; link=&#8221;https:\/\/us.edu.pl\/instytut\/ii\/badania-i-nauka\/projekty\/&#8221;][vc_wp_text]<\/p>\n<p style=\"text-align: center;\"><span style=\"color: #002043;\">Instytut Informatyki<\/span><\/p>\n<p>[\/vc_wp_text][\/vc_column][vc_column width=&#8221;1\/6&#8243;][vc_single_image image=&#8221;4957&#8243; alignment=&#8221;center&#8221; style=&#8221;vc_box_rounded&#8221; onclick=&#8221;custom_link&#8221; img_link_target=&#8221;_blank&#8221; link=&#8221;https:\/\/us.edu.pl\/instytut\/iib\/badaniainauka\/projekty\/&#8221;][vc_wp_text]<\/p>\n<p style=\"text-align: center;\"><span style=\"color: #002043;\">Instytut In\u017cynierii Biomedycznej<\/span><\/p>\n<p>[\/vc_wp_text][\/vc_column][vc_column width=&#8221;1\/6&#8243;][vc_single_image image=&#8221;4965&#8243; alignment=&#8221;center&#8221; style=&#8221;vc_box_rounded&#8221; onclick=&#8221;custom_link&#8221; img_link_target=&#8221;_blank&#8221; link=&#8221;https:\/\/us.edu.pl\/instytut\/iim\/nauka\/realizowane-projekty\/&#8221;][vc_wp_text]<\/p>\n<p style=\"text-align: center;\"><span style=\"color: #002043;\">Instytut In\u017cynierii Materia\u0142owej<\/span><\/p>\n<p>[\/vc_wp_text][\/vc_column][vc_column width=&#8221;1\/6&#8243;][vc_single_image image=&#8221;4964&#8243; alignment=&#8221;center&#8221; style=&#8221;vc_box_rounded&#8221; onclick=&#8221;custom_link&#8221; img_link_target=&#8221;_blank&#8221; link=&#8221;https:\/\/us.edu.pl\/instytut\/im\/badanie-naukowe\/granty\/&#8221;][vc_wp_text]<\/p>\n<p style=\"text-align: center;\"><span style=\"color: #002043;\">Instytut Matematyki<\/span><\/p>\n<p>[\/vc_wp_text][\/vc_column][\/vc_row]<\/p>","protected":false},"excerpt":{"rendered":"<p>[vc_row content_placement=&#8221;middle&#8221;][vc_column][\/vc_column][\/vc_row][vc_row el_class=&#8221;container&#8221;][vc_column width=&#8221;1\/6&#8243;][vc_single_image image=&#8221;4958&#8243; alignment=&#8221;center&#8221; style=&#8221;vc_box_rounded&#8221; onclick=&#8221;custom_link&#8221; img_link_target=&#8221;_blank&#8221; link=&#8221;https:\/\/us.edu.pl\/instytut\/ich\/realizowane-projekty\/&#8221;][vc_wp_text] Instytut Chemii [\/vc_wp_text][\/vc_column][vc_column width=&#8221;1\/6&#8243;][vc_single_image image=&#8221;4959&#8243; alignment=&#8221;center&#8221; style=&#8221;vc_box_rounded&#8221; onclick=&#8221;custom_link&#8221; img_link_target=&#8221;_blank&#8221; link=&#8221;https:\/\/us.edu.pl\/instytut\/ifiz\/nauka\/granty-i-projekty\/&#8221;][vc_wp_text] Instytut Fizyki im. Augusta Che\u0142kowskiego [\/vc_wp_text][\/vc_column][vc_column width=&#8221;1\/6&#8243;][vc_single_image image=&#8221;4962&#8243; alignment=&#8221;center&#8221; style=&#8221;vc_box_rounded&#8221; onclick=&#8221;custom_link&#8221; link=&#8221;https:\/\/us.edu.pl\/instytut\/ii\/badania-i-nauka\/projekty\/&#8221;][vc_wp_text] Instytut Informatyki [\/vc_wp_text][\/vc_column][vc_column width=&#8221;1\/6&#8243;][vc_single_image image=&#8221;4957&#8243; alignment=&#8221;center&#8221; style=&#8221;vc_box_rounded&#8221; onclick=&#8221;custom_link&#8221; img_link_target=&#8221;_blank&#8221; link=&#8221;https:\/\/us.edu.pl\/instytut\/iib\/badaniainauka\/projekty\/&#8221;][vc_wp_text] Instytut In\u017cynierii Biomedycznej [\/vc_wp_text][\/vc_column][vc_column width=&#8221;1\/6&#8243;][vc_single_image image=&#8221;4965&#8243; alignment=&#8221;center&#8221; style=&#8221;vc_box_rounded&#8221; onclick=&#8221;custom_link&#8221; img_link_target=&#8221;_blank&#8221; link=&#8221;https:\/\/us.edu.pl\/instytut\/iim\/nauka\/realizowane-projekty\/&#8221;][vc_wp_text] Instytut In\u017cynierii [&#8230;]<\/p>\n<p><a class=\"btn btn-secondary understrap-read-more-link\" href=\"https:\/\/us.edu.pl\/wydzial\/wnst\/strona-glowna\/realizowane-projekty\/projekty-badawcze\/\">Read More&#8230;<\/a><\/p>\n","protected":false},"author":92,"featured_media":0,"parent":670,"menu_order":0,"comment_status":"closed","ping_status":"closed","template":"","meta":{"_expiration-date-status":"saved","_expiration-date":0,"_expiration-date-type":"","_expiration-date-categories":[],"_expiration-date-options":[]},"acf":[],"_links":{"self":[{"href":"https:\/\/us.edu.pl\/wydzial\/wnst\/wp-json\/wp\/v2\/pages\/7712"}],"collection":[{"href":"https:\/\/us.edu.pl\/wydzial\/wnst\/wp-json\/wp\/v2\/pages"}],"about":[{"href":"https:\/\/us.edu.pl\/wydzial\/wnst\/wp-json\/wp\/v2\/types\/page"}],"author":[{"embeddable":true,"href":"https:\/\/us.edu.pl\/wydzial\/wnst\/wp-json\/wp\/v2\/users\/92"}],"replies":[{"embeddable":true,"href":"https:\/\/us.edu.pl\/wydzial\/wnst\/wp-json\/wp\/v2\/comments?post=7712"}],"version-history":[{"count":10,"href":"https:\/\/us.edu.pl\/wydzial\/wnst\/wp-json\/wp\/v2\/pages\/7712\/revisions"}],"predecessor-version":[{"id":24716,"href":"https:\/\/us.edu.pl\/wydzial\/wnst\/wp-json\/wp\/v2\/pages\/7712\/revisions\/24716"}],"up":[{"embeddable":true,"href":"https:\/\/us.edu.pl\/wydzial\/wnst\/wp-json\/wp\/v2\/pages\/670"}],"wp:attachment":[{"href":"https:\/\/us.edu.pl\/wydzial\/wnst\/wp-json\/wp\/v2\/media?parent=7712"}],"curies":[{"name":"wp","href":"https:\/\/api.w.org\/{rel}","templated":true}]}}