{"id":7862,"date":"2021-01-21T10:14:07","date_gmt":"2021-01-21T09:14:07","guid":{"rendered":"https:\/\/us.edu.pl\/wydzial\/wnst\/?page_id=7862"},"modified":"2022-02-20T11:29:16","modified_gmt":"2022-02-20T10:29:16","slug":"xiv-edycja","status":"publish","type":"page","link":"https:\/\/us.edu.pl\/wydzial\/wnst\/wspolpraca\/szkoly\/swieto-liczby-pi\/xiv-edycja\/","title":{"rendered":"XIV \u015awi\u0119to Liczby Pi"},"content":{"rendered":"<p>[vc_row el_class=&#8221;container&#8221;][vc_column width=&#8221;1\/2&#8243; el_class=&#8221;container&#8221;]\r\n                <div class=\"text-modules\">\r\n                    <div class=\"container\">\r\n                        <h3 class=\"page-title text__title\">\u015awi\u0119to Liczby Pi<br \/>\n8 grudnia 2020 (wtorek)<\/h3>\r\n                        <div class=\"text-modules__content\"><\/div>\r\n                    <\/div>\r\n                <\/div>[\/vc_column][vc_column width=&#8221;1\/2&#8243; el_class=&#8221;container&#8221;][\/vc_column][\/vc_row][vc_row el_class=&#8221;container&#8221;][vc_column width=&#8221;1\/2&#8243; el_class=&#8221;container&#8221;][vc_empty_space height=&#8221;50px&#8221; el_class=&#8221;container&#8221;]\r\n                <div class=\"title-with-link color-white\" style=\"background: #002E5A\">\r\n                    <div class=\"container\">\r\n                        <div class=\"title-with-link-container links-align-left\">\r\n                            <div class=\"title-with-link__title\"><span><\/span><\/div>\r\n                            <a href=\"https:\/\/us.edu.pl\/wydzial\/wnst\/wspolpraca\/szkoly\/swieto-liczby-pi\/swieto-liczby-pi-plan-wydarzen\/\" class=\"title-with-link__link\">Plan wydarze\u0144<\/a>\r\n                        <\/div>\r\n                    <\/div>\r\n                <\/div>\r\n            \r\n                <div class=\"title-with-link color-white\" style=\"background: #002E5A\">\r\n                    <div class=\"container\">\r\n                        <div class=\"title-with-link-container links-align-left\">\r\n                            <div class=\"title-with-link__title\"><span><\/span><\/div>\r\n                            <a href=\"https:\/\/us.edu.pl\/wydzial\/wnst\/wspolpraca\/szkoly\/swieto-liczby-pi\/7325-2\/\" class=\"title-with-link__link\">Plan transmisji<\/a>\r\n                        <\/div>\r\n                    <\/div>\r\n                <\/div>\r\n            [\/vc_column][vc_column width=&#8221;1\/2&#8243;][vc_video link=&#8221;https:\/\/www.youtube.com\/watch?v=pGgMSaYEhyM&amp;feature=youtu.be&#8221; title=&#8221;Transmisja wydarze\u0144 \u015awi\u0119ta Liczby Pi&#8221; el_class=&#8221;container&#8221;][\/vc_column][\/vc_row][vc_row el_class=&#8221;container&#8221;][vc_column width=&#8221;1\/2&#8243;][vc_video link=&#8221;https:\/\/www.youtube.com\/watch?v=tXHljEL2J8w&amp;feature=youtu.be&#8221; el_class=&#8221;container&#8221;][\/vc_column][vc_column width=&#8221;1\/2&#8243;]\r\n                <div class=\"title-with-link color-white\" style=\"background: #002E5A\">\r\n                    <div class=\"container\">\r\n                        <div class=\"title-with-link-container links-align-left\">\r\n                            <div class=\"title-with-link__title\"><span><\/span><\/div>\r\n                            <a href=\"https:\/\/youtu.be\/IRiyv7tCpyA\" class=\"title-with-link__link\">\u201eCo okr\u0105g\u0142e, to \u0142adne`` - wyk\u0142ad prof. dr. hab. Micha\u0142a Szurka<\/a>\r\n                        <\/div>\r\n                    <\/div>\r\n                <\/div>\r\n            \r\n                <div class=\"title-with-link color-white\" style=\"background: #002E5A\">\r\n                    <div class=\"container\">\r\n                        <div class=\"title-with-link-container links-align-left\">\r\n                            <div class=\"title-with-link__title\"><span><\/span><\/div>\r\n                            <a href=\"https:\/\/us.edu.pl\/wydzial\/wnst\/wspolpraca\/szkoly\/swieto-liczby-pi\/swieto-liczby-pi-plan-wydarzen\/escape-room\/\" class=\"title-with-link__link\">Escape Room<\/a>\r\n                        <\/div>\r\n                    <\/div>\r\n                <\/div>\r\n            [\/vc_column][\/vc_row][vc_row el_class=&#8221;container&#8221;][vc_column]\r\n                <div class=\"text-modules \">\r\n                    <div class=\"container\">\r\n                        <h3 class=\"section-title section-title_border-bottom\">XIV \u015awi\u0119to Liczby Pi<\/h3> \r\n                        <div class=\"row m-0\">\r\n                            <div class=\"text-modules__content\">\r\n                                Czemu jest r\u00f3wne Pi? Cho\u0107 Wis\u0142awa Szymborska twierdzi, \u017ce <em>nigdy si\u0119 nie ko\u0144czy<\/em>, to jednak wszyscy wiedz\u0105, \u017ce Pi=3,14. Czyli \u201etrzy z hakiem\u201d. To z powodu tego haka stukaj\u0105 ko\u0142a poci\u0105gu (jak wiadomo, obw\u00f3d okr\u0119gu ma zwi\u0105zek z Pi; jest iloczynem \u015brednicy przez t\u0119 tajemnicz\u0105 liczb\u0119). I to chyba ten hak spowodowa\u0142, \u017ce w tym roku zamiast g\u0142adko celebrowa\u0107 \u015awi\u0119to w marcu (14 marca, bo ta data po \u201eameryka\u0144sku\u201d jest zapisywana 3\/14), zmuszeni jeste\u015bmy przenie\u015b\u0107 obchody na grudzie\u0144 i urz\u0105dzi\u0107 je w internecie. Je\u015bli Pa\u0144stwo widzieli podobizn\u0119 koronawirusa, to wiedz\u0105 o czym my\u015bl\u0119, m\u00f3wi\u0105c o haku\u2026<\/p>\n<p>W tym roku to ju\u017c 14. \u015awi\u0119to Liczby Pi; jak \u0142atwo policzy\u0107 na naszym Uniwersytecie pierwsze \u015bwi\u0119towanie mia\u0142o miejsce w 2007 r. Ma to by\u0107 dzie\u0144, w kt\u00f3rym najwi\u0119ksze nawet antytalenty zostan\u0105 przyci\u0105gni\u0119te przez urok nauk \u015bcis\u0142ych i technicznych \u2013 taka jest bowiem g\u0142\u00f3wna idea, kt\u00f3r\u0105 symbolicznie \u201eukrywamy\u201d pod czytelnym przekazem dotycz\u0105cym liczby Pi. Jednak Pi to tylko pretekst; poszukiwanie dziedzin, w kt\u00f3rych matematyka ma zastosowanie, prowadzi do zdumiewaj\u0105cych odkry\u0107. Liczba Pi pojawia si\u0119 nie tylko w naukach \u015bcis\u0142ych, ale r\u00f3wnie\u017c tzw. humanistycznych, ekonomii, okulistyce czy filozofii \u2013 mieli\u015bmy wyk\u0142ady inauguracyjne g\u0142oszone przez mistrz\u00f3w ze wspomnianych dziedzin.<\/p>\n<p>14 marca urodzili si\u0119 Albert Einstein i Wac\u0142aw Sierpi\u0144ski, wybitny polski matematyk. 14 marca od bie\u017c\u0105cego roku sta\u0142 si\u0119 Mi\u0119dzynarodowym Dniem Matematyki, organizowanym przez Mi\u0119dzynarodow\u0105 Uni\u0119 Matematyczn\u0105 \u2013 mo\u017cna by powiedzie\u0107, \u017ce start nie by\u0142 imponuj\u0105cy, ale ta nowa tradycja b\u0119dzie si\u0119 na pewno rozwija\u0107, tak jak liczba Pi, kt\u00f3ra <em>nie zatrzymuje si\u0119 na brzegu kartki,<\/em><em>\/<\/em><em> potrafi ci\u0105gn\u0105\u0107 si\u0119 po stole, przez powietrze,<\/em><em>\/<\/em><em> przez mur, li\u015b\u0107, gniazdo ptasie, chmury, prosto w niebo,<\/em><em>\/<\/em><em> przez ca\u0142\u0105 nieba wzd\u0119to\u015b\u0107 i bezdenno\u015b\u0107<\/em>, jak napisa\u0142a Poetka. \r\n                                <div class=\"mt-3\"><\/div>\r\n                            <\/div>\r\n                            \r\n                            <div class=\"text-modules__img\"><img src=\"https:\/\/us.edu.pl\/wydzial\/wnst\/wp-content\/uploads\/sites\/18\/Nieprzypisane\/A4_plak_PI20_81220-1.png\" alt=\"img\"><\/div>\r\n                        <\/div>\r\n                    <\/div>\r\n                <\/div>[\/vc_column][\/vc_row][vc_row el_class=&#8221;container&#8221;][vc_column width=&#8221;1\/2&#8243;][vc_video link=&#8221;https:\/\/www.youtube.com\/watch?v=pJtjJ6gubGQ&amp;feature=youtu.be&#8221; el_class=&#8221;container&#8221;][\/vc_column][vc_column width=&#8221;1\/2&#8243; el_class=&#8221;container&#8221;]\r\n                <div class=\"text-modules\">\r\n                    <div class=\"container\">\r\n                        \r\n                        <div class=\"text-modules__content\"><p>Zach\u0119camy do pos\u0142uchania prof. dr. hab. Macieja Sablika, pomys\u0142odawcy \u015awi\u0119ta Liczby Pi.<\/p>\n<\/div>\r\n                    <\/div>\r\n                <\/div>[\/vc_column][\/vc_row][vc_row][vc_column]\r\n                <div class=\"tiles-section\" style=\"background: \">\r\n                    <div class=\"container\">\r\n                        <h3 class=\"page-title\"><\/h3>\r\n                        <div class=\"tiles tiles-3\">\r\n                            <a href=\"https:\/\/us.edu.pl\/wydzial\/wnst\/wspolpraca\/szkoly\/swieto-liczby-pi\/swieto-liczby-pi-plan-wydarzen\/\" class=\"tile tile_ justify-content-center\" style=\"background-color: #002E5A; font-weight: bold; color: #ffffff;  \">\r\n                                \r\n                                   \r\n                               \r\n                                <div class=\"tile__name\">Harmonogram<\/div>\r\n                            <\/a>\r\n                            <a href=\"https:\/\/us.edu.pl\/wydzial\/wnst\/wspolpraca\/szkoly\/swieto-liczby-pi\/swieto-liczby-pi-zapisy\/\" class=\"tile tile_ justify-content-center\" style=\"background-color: #002E5A; font-weight: bold; color: #ffffff;  \">\r\n                                \r\n                                   \r\n                               \r\n                                <div class=\"tile__name\">Zapisy na wydarzenia<\/div>\r\n                            <\/a>\r\n                            <a href=\"https:\/\/us.edu.pl\/wydzial\/wnst\/wspolpraca\/szkoly\/swieto-liczby-pi\/swieto-liczby-pi-kontakt\/\" class=\"tile tile_ justify-content-center\" style=\"background-color: #002E5A; font-weight: bold; color: #ffffff;  \">\r\n                                \r\n                                   \r\n                               \r\n                                <div class=\"tile__name\">Kontakt<\/div>\r\n                            <\/a><\/div>\r\n                    <\/div>\r\n                <\/div>[\/vc_column][\/vc_row][vc_row][vc_column]\r\n                <div class=\"tiles-section\" style=\"background: \">\r\n                    <div class=\"container\">\r\n                        <h3 class=\"page-title\">Organizatorzy<\/h3>\r\n                        <div class=\"tiles tiles-2\">\r\n                            <a href=\"https:\/\/us.edu.pl\/\" class=\"tile tile_ \" style=\"background-color: #ffffff; font-weight: ; color: #002E5A;  \">\r\n                                \r\n                                   <div class=\"tile__img\"><img src=\"https:\/\/us.edu.pl\/wydzial\/wnst\/wp-content\/uploads\/sites\/18\/Nieprzypisane\/uniwersytet-slaski_logo_poziome_rgb-2-575x97.png\" alt=\"Uniwersytet \u015al\u0105ski w Katowicach\"> <\/div>\r\n                               \r\n                                <div class=\"tile__name\">Uniwersytet \u015al\u0105ski w Katowicach<\/div>\r\n                            <\/a>\r\n                            <a href=\"https:\/\/www.ptm.org.pl\/\" class=\"tile tile_ \" style=\"background-color: #ffffff; font-weight: ; color: #002E5A;  \">\r\n                                \r\n                                   <div class=\"tile__img\"><img src=\"https:\/\/us.edu.pl\/wydzial\/wnst\/wp-content\/uploads\/sites\/18\/Nieprzypisane\/ptm-logo-2.png\" alt=\"Polskie Towarzystwo Matematyczne\"> <\/div>\r\n                               \r\n                                <div class=\"tile__name\">Polskie Towarzystwo Matematyczne<\/div>\r\n                            <\/a><\/div>\r\n                    <\/div>\r\n                <\/div>[\/vc_column][\/vc_row][vc_row][vc_column]\r\n                <div class=\"tiles-section\" style=\"background: \">\r\n                    <div class=\"container\">\r\n                        <h3 class=\"page-title\">Partnerzy<\/h3>\r\n                        <div class=\"tiles tiles-3\">\r\n                            <a href=\"https:\/\/www.ptf.net.pl\/\" class=\"tile tile_ \" style=\"background-color: #ffffff; font-weight: ; color: #002E5A;  \">\r\n                                \r\n                                   <div class=\"tile__img\"><img src=\"https:\/\/us.edu.pl\/wydzial\/wnst\/wp-content\/uploads\/sites\/18\/\u015awi\u0119to-Liczby-Pi\/logo-PTF-575x575.png\" alt=\"Polskie Towarzystwo Fizyczne\"> <\/div>\r\n                               \r\n                                <div class=\"tile__name\">Polskie Towarzystwo Fizyczne<\/div>\r\n                            <\/a>\r\n                            <a href=\"https:\/\/ptchem.pl\/pl\" class=\"tile tile_ \" style=\"background-color: #ffffff; font-weight: ; color: #002E5A;  \">\r\n                                \r\n                                   <div class=\"tile__img\"><img src=\"https:\/\/us.edu.pl\/wydzial\/wnst\/wp-content\/uploads\/sites\/18\/Nieprzypisane\/Logo-PTChem-Kolor.png\" alt=\"Polskie Towarzystwo Chemiczne\"> <\/div>\r\n                               \r\n                                <div class=\"tile__name\">Polskie Towarzystwo Chemiczne<\/div>\r\n                            <\/a>\r\n                            <a href=\"https:\/\/portal.pti.org.pl\/\" class=\"tile tile_ \" style=\"background-color: #ffffff; font-weight: ; color: #002E5A;  \">\r\n                                \r\n                                   <div class=\"tile__img\"><img src=\"https:\/\/us.edu.pl\/wydzial\/wnst\/wp-content\/uploads\/sites\/18\/Nieprzypisane\/pti-575x222.png\" alt=\"Polskie Towarzystwo Informatyczne\"> <\/div>\r\n                               \r\n                                <div class=\"tile__name\">Polskie Towarzystwo Informatyczne<\/div>\r\n                            <\/a><\/div>\r\n                    <\/div>\r\n                <\/div>[\/vc_column][\/vc_row][vc_row][vc_column]\r\n                <div class=\"tiles-section\" style=\"background: \">\r\n                    <div class=\"container\">\r\n                        <h3 class=\"page-title\">Sponsorzy<\/h3>\r\n                        <div class=\"tiles tiles-2\">\r\n                            <a href=\"https:\/\/www.mbank.pl\/mfundacja\/strona-glowna\/\" class=\"tile tile_ \" style=\"background-color: #ffffff; font-weight: ; color: #002E5A;  \">\r\n                                \r\n                                   <div class=\"tile__img\"><img src=\"https:\/\/us.edu.pl\/wydzial\/wnst\/wp-content\/uploads\/sites\/18\/Nieprzypisane\/mFundacja-mass-logotyp-ikona-sowa_rgb1.png\" alt=\"Fundacja mBanku\"> <\/div>\r\n                               \r\n                                <div class=\"tile__name\">Fundacja mBanku<\/div>\r\n                            <\/a>\r\n                            <a href=\"https:\/\/www.bpsc.com.pl\/\" class=\"tile tile_ \" style=\"background-color: #ffffff; font-weight: ; color: #002E5A;  \">\r\n                                \r\n                                   <div class=\"tile__img\"><img src=\"https:\/\/us.edu.pl\/wydzial\/wnst\/wp-content\/uploads\/sites\/18\/\u015awi\u0119to-Liczby-Pi\/BPSC-color.svg\" alt=\"BPSC\"> <\/div>\r\n                               \r\n                                <div class=\"tile__name\">BPSC<\/div>\r\n                            <\/a><\/div>\r\n                    <\/div>\r\n                <\/div>[\/vc_column][\/vc_row][vc_row el_class=&#8221;container&#8221;][vc_column width=&#8221;1\/2&#8243;]\r\n                <div class=\"text-modules\">\r\n                    <div class=\"container\">\r\n                        \r\n                        <div class=\"text-modules__content\"><\/p>\n<p style=\"text-align: center;\">XIV \u015awi\u0119to Liczby Pi uzyska\u0142o dofinansowanie Fundacji mBanku na rzecz PTM<\/p>\n<p style=\"text-align: center;\"><img class=\"alignnone wp-image-3084\" src=\"https:\/\/us.edu.pl\/wydzial\/wnst\/wp-content\/uploads\/sites\/18\/Nieprzypisane\/mFundacja-mass-logotyp-ikona-sowa_rgb-7-300x230.jpg\" alt=\"Fundacja mBanku\" width=\"140\" height=\"107\" srcset=\"https:\/\/us.edu.pl\/wydzial\/wnst\/wp-content\/uploads\/sites\/18\/Nieprzypisane\/mFundacja-mass-logotyp-ikona-sowa_rgb-7-300x230.jpg 300w, https:\/\/us.edu.pl\/wydzial\/wnst\/wp-content\/uploads\/sites\/18\/Nieprzypisane\/mFundacja-mass-logotyp-ikona-sowa_rgb-7.jpg 369w\" sizes=\"(max-width: 140px) 100vw, 140px\" \/><\/p>\n<p>\n<\/div>\r\n                    <\/div>\r\n                <\/div>[\/vc_column][vc_column width=&#8221;1\/2&#8243;][\/vc_column][\/vc_row]<\/p>","protected":false},"excerpt":{"rendered":"<p>[vc_row el_class=&#8221;container&#8221;][vc_column width=&#8221;1\/2&#8243; el_class=&#8221;container&#8221;][\/vc_column][vc_column width=&#8221;1\/2&#8243; el_class=&#8221;container&#8221;][\/vc_column][\/vc_row][vc_row el_class=&#8221;container&#8221;][vc_column width=&#8221;1\/2&#8243; el_class=&#8221;container&#8221;][vc_empty_space height=&#8221;50px&#8221; el_class=&#8221;container&#8221;][\/vc_column][vc_column width=&#8221;1\/2&#8243;][vc_video link=&#8221;https:\/\/www.youtube.com\/watch?v=pGgMSaYEhyM&amp;feature=youtu.be&#8221; title=&#8221;Transmisja wydarze\u0144 \u015awi\u0119ta Liczby Pi&#8221; el_class=&#8221;container&#8221;][\/vc_column][\/vc_row][vc_row el_class=&#8221;container&#8221;][vc_column width=&#8221;1\/2&#8243;][vc_video link=&#8221;https:\/\/www.youtube.com\/watch?v=tXHljEL2J8w&amp;feature=youtu.be&#8221; el_class=&#8221;container&#8221;][\/vc_column][vc_column width=&#8221;1\/2&#8243;][\/vc_column][\/vc_row][vc_row el_class=&#8221;container&#8221;][vc_column][\/vc_column][\/vc_row][vc_row el_class=&#8221;container&#8221;][vc_column width=&#8221;1\/2&#8243;][vc_video link=&#8221;https:\/\/www.youtube.com\/watch?v=pJtjJ6gubGQ&amp;feature=youtu.be&#8221; el_class=&#8221;container&#8221;][\/vc_column][vc_column width=&#8221;1\/2&#8243; el_class=&#8221;container&#8221;][\/vc_column][\/vc_row][vc_row][vc_column][\/vc_column][\/vc_row][vc_row][vc_column][\/vc_column][\/vc_row][vc_row][vc_column][\/vc_column][\/vc_row][vc_row][vc_column][\/vc_column][\/vc_row][vc_row el_class=&#8221;container&#8221;][vc_column width=&#8221;1\/2&#8243;][\/vc_column][vc_column width=&#8221;1\/2&#8243;][\/vc_column][\/vc_row] [&#8230;]<\/p>\n<p><a class=\"btn btn-secondary understrap-read-more-link\" href=\"https:\/\/us.edu.pl\/wydzial\/wnst\/wspolpraca\/szkoly\/swieto-liczby-pi\/xiv-edycja\/\">Read More&#8230;<\/a><\/p>\n","protected":false},"author":92,"featured_media":0,"parent":742,"menu_order":0,"comment_status":"closed","ping_status":"closed","template":"","meta":{"_expiration-date-status":"saved","_expiration-date":0,"_expiration-date-type":"","_expiration-date-categories":[],"_expiration-date-options":[]},"acf":[],"_links":{"self":[{"href":"https:\/\/us.edu.pl\/wydzial\/wnst\/wp-json\/wp\/v2\/pages\/7862"}],"collection":[{"href":"https:\/\/us.edu.pl\/wydzial\/wnst\/wp-json\/wp\/v2\/pages"}],"about":[{"href":"https:\/\/us.edu.pl\/wydzial\/wnst\/wp-json\/wp\/v2\/types\/page"}],"author":[{"embeddable":true,"href":"https:\/\/us.edu.pl\/wydzial\/wnst\/wp-json\/wp\/v2\/users\/92"}],"replies":[{"embeddable":true,"href":"https:\/\/us.edu.pl\/wydzial\/wnst\/wp-json\/wp\/v2\/comments?post=7862"}],"version-history":[{"count":10,"href":"https:\/\/us.edu.pl\/wydzial\/wnst\/wp-json\/wp\/v2\/pages\/7862\/revisions"}],"predecessor-version":[{"id":24490,"href":"https:\/\/us.edu.pl\/wydzial\/wnst\/wp-json\/wp\/v2\/pages\/7862\/revisions\/24490"}],"up":[{"embeddable":true,"href":"https:\/\/us.edu.pl\/wydzial\/wnst\/wp-json\/wp\/v2\/pages\/742"}],"wp:attachment":[{"href":"https:\/\/us.edu.pl\/wydzial\/wnst\/wp-json\/wp\/v2\/media?parent=7862"}],"curies":[{"name":"wp","href":"https:\/\/api.w.org\/{rel}","templated":true}]}}