{"id":7933,"date":"2021-01-25T14:06:05","date_gmt":"2021-01-25T13:06:05","guid":{"rendered":"https:\/\/us.edu.pl\/wydzial\/wnst\/?page_id=7933"},"modified":"2021-02-24T23:47:04","modified_gmt":"2021-02-24T22:47:04","slug":"aktualnosci","status":"publish","type":"page","link":"https:\/\/us.edu.pl\/wydzial\/wnst\/wspolpraca\/szkoly\/swieto-liczby-pi\/aktualnosci\/","title":{"rendered":"aktualno\u015bci"},"content":{"rendered":"<p>[vc_row el_class=&#8221;container&#8221;][vc_column]\r\n                            \r\n            <div class=\"announcement-loop loop-section color-blue\" style=\"background-color: \">\r\n                <div class=\"container\">\r\n\r\n                    <div class=\"announcement-loop-top loop-section-top\">\r\n                        <h2 class=\"section-title\">Aktualno\u015bci XV \u015awi\u0119ta Liczby Pi<\/h2>\r\n                         \r\n                    <\/div>\r\n\r\n                    <div class=\"announcement-loop-main\">\r\n            \r\n                <article class=\"announcement-loop-post carousel-slide\">\r\n                    \r\n                    <a href=\"https:\/\/us.edu.pl\/wydzial\/wnst\/komunikaty\/godziny-dziekanskie-zwiazane-z-xix-swietem-liczby-pi-14-03-2025-r\/\">    <h3 class=\"article-title announcement-loop-post__title\">Godziny dzieka\u0144skie zwi\u0105zane z XIX \u015awi\u0119tem Liczby Pi 14.03.2025 r.<\/h3> <\/a>\r\n                        \r\n                    <a href=\"https:\/\/us.edu.pl\/wydzial\/wnst\/komunikaty\/godziny-dziekanskie-zwiazane-z-xix-swietem-liczby-pi-14-03-2025-r\/\">     <div class=\"announcement-loop-post__text\">[vc_row][vc_column width=&#8221;2\/3&#8243;][\/vc_column][vc_column width=&#8221;1\/3&#8243;][\/vc_column][\/vc_row] [...]<p><a class=\"btn btn-secondary understrap-read-more-link\" href=\"https:\/\/us.edu.pl\/wydzial\/wnst\/wspolpraca\/szkoly\/swieto-liczby-...<\/div> <\/a>\r\n                    \r\n                     <a href=\"https:\/\/us.edu.pl\/wydzial\/wnst\/komunikaty\/godziny-dziekanskie-zwiazane-z-xix-swietem-liczby-pi-14-03-2025-r\/\">   <div class=\"announcement-loop-post__more\">wi\u0119cej...<\/div> <\/a>\r\n                    \r\n                <\/article>\r\n            \r\n                <article class=\"announcement-loop-post carousel-slide\">\r\n                    \r\n                    <a href=\"https:\/\/us.edu.pl\/wydzial\/wnst\/komunikaty\/prezentacja-plakatu-xv-edycji-swieta-liczby-pi\/\">    <h3 class=\"article-title announcement-loop-post__title\">Prezentacja plakatu XV edycji \u015awi\u0119ta Liczby Pi<\/h3> <\/a>\r\n                        \r\n                    <a href=\"https:\/\/us.edu.pl\/wydzial\/wnst\/komunikaty\/prezentacja-plakatu-xv-edycji-swieta-liczby-pi\/\">     <div class=\"announcement-loop-post__text\">[vc_row][vc_column][vc_single_image image=&#8221;9545&#8243; img_size=&#8221;large&#8221; add_caption=&#8221;yes&#8221; alignment=&#8221;center&#8221; style=&#8221;vc_box_rounded&#8221; onclick=&#8221;img_link_large&#8221; img_link_target=&#822...<\/div> <\/a>\r\n                    \r\n                     <a href=\"https:\/\/us.edu.pl\/wydzial\/wnst\/komunikaty\/prezentacja-plakatu-xv-edycji-swieta-liczby-pi\/\">   <div class=\"announcement-loop-post__more\">wi\u0119cej...<\/div> <\/a>\r\n                    \r\n                <\/article>\r\n            \r\n                <article class=\"announcement-loop-post carousel-slide\">\r\n                    \r\n                    <a href=\"https:\/\/us.edu.pl\/wydzial\/wnst\/komunikaty\/zapraszamy-na-wyklad-odwieczne-marzenie-ludzkosci-rzecz-o-lataniu-dr-jerzy-jarosz-prof-us\/\">    <h3 class=\"article-title announcement-loop-post__title\">Zapraszamy na wyk\u0142ad \u201eOdwieczne marzenie ludzko\u015bci \u2013 rzecz o lataniu&#8221; \u2013 dr Jerzy Jarosz, prof. U\u015a<\/h3> <\/a>\r\n                        \r\n                    <a href=\"https:\/\/us.edu.pl\/wydzial\/wnst\/komunikaty\/zapraszamy-na-wyklad-odwieczne-marzenie-ludzkosci-rzecz-o-lataniu-dr-jerzy-jarosz-prof-us\/\">     <div class=\"announcement-loop-post__text\">[vc_row][vc_column][\/vc_column][\/vc_row][vc_row][vc_column width=&#8221;1\/6&#8243;][\/vc_column][vc_column width=&#8221;2\/3&#8243;][\/vc_column][vc_column width=&#8221;1\/6&#8243;][\/vc_column][\/vc_row] [...]<p><a class=\"btn btn-secondary understra...<\/div> <\/a>\r\n                    \r\n                     <a href=\"https:\/\/us.edu.pl\/wydzial\/wnst\/komunikaty\/zapraszamy-na-wyklad-odwieczne-marzenie-ludzkosci-rzecz-o-lataniu-dr-jerzy-jarosz-prof-us\/\">   <div class=\"announcement-loop-post__more\">wi\u0119cej...<\/div> <\/a>\r\n                    \r\n                <\/article>\r\n            \r\n                <article class=\"announcement-loop-post carousel-slide\">\r\n                    \r\n                    <a href=\"https:\/\/us.edu.pl\/wydzial\/wnst\/komunikaty\/xv-edycja-swieta-liczby-pi\/\">    <h3 class=\"article-title announcement-loop-post__title\">XV edycja \u015awi\u0119ta liczby Pi &#8211; zapowied\u017a<\/h3> <\/a>\r\n                        \r\n                    <a href=\"https:\/\/us.edu.pl\/wydzial\/wnst\/komunikaty\/xv-edycja-swieta-liczby-pi\/\">     <div class=\"announcement-loop-post__text\">[vc_row][vc_column width=&#8221;2\/3&#8243;][\/vc_column][vc_column width=&#8221;1\/3&#8243;][\/vc_column][\/vc_row] [...]<p><a class=\"btn btn-secondary understrap-read-more-link\" href=\"https:\/\/us.edu.pl\/wydzial\/wnst\/wspolpraca\/szkoly\/swieto-liczby-...<\/div> <\/a>\r\n                    \r\n                     <a href=\"https:\/\/us.edu.pl\/wydzial\/wnst\/komunikaty\/xv-edycja-swieta-liczby-pi\/\">   <div class=\"announcement-loop-post__more\">wi\u0119cej...<\/div> <\/a>\r\n                    \r\n                <\/article><\/div>\r\n                    \r\n                    <div class=\"announcement-loop-main announcement-loop-main_responsive carousel\">\r\n                    \r\n                        <a href = \"#\" data-slide = \"prev\" class=\"arrow\" >\r\n                            <em class=\"ci ci-angle-left\" ><\/em >\r\n                            <span class=\"d-none\" > arrow<\/span >\r\n                        <\/a>\r\n    \r\n                        <a href = \"#\" data-slide = \"next\" class=\"arrow\" >\r\n                            <em class=\"ci ci-angle-right\" ><\/em >\r\n                            <span class=\"d-none\" > arrow<\/span >\r\n                        <\/a>\r\n                    \r\n                        <div class=\"row items\">\r\n            \r\n                <article class=\"announcement-loop-post carousel-slide\">\r\n                    \r\n                    <a href=\"https:\/\/us.edu.pl\/wydzial\/wnst\/komunikaty\/godziny-dziekanskie-zwiazane-z-xix-swietem-liczby-pi-14-03-2025-r\/\">    <h3 class=\"article-title announcement-loop-post__title\">Godziny dzieka\u0144skie zwi\u0105zane z XIX \u015awi\u0119tem Liczby Pi 14.03.2025 r.<\/h3> <\/a>\r\n                        \r\n                    <a href=\"https:\/\/us.edu.pl\/wydzial\/wnst\/komunikaty\/godziny-dziekanskie-zwiazane-z-xix-swietem-liczby-pi-14-03-2025-r\/\">     <div class=\"announcement-loop-post__text\">[vc_row][vc_column width=&#8221;2\/3&#8243;][\/vc_column][vc_column width=&#8221;1\/3&#8243;][\/vc_column][\/vc_row] [...]<p><a class=\"btn btn-secondary understrap-read-more-link\" href=\"https:\/\/us.edu.pl\/wydzial\/wnst\/wspolpraca\/szkoly\/swieto-liczby-...<\/div> <\/a>\r\n                    \r\n                     <a href=\"https:\/\/us.edu.pl\/wydzial\/wnst\/komunikaty\/godziny-dziekanskie-zwiazane-z-xix-swietem-liczby-pi-14-03-2025-r\/\">   <div class=\"announcement-loop-post__more\">wi\u0119cej...<\/div> <\/a>\r\n                    \r\n                <\/article>\r\n            \r\n                <article class=\"announcement-loop-post carousel-slide\">\r\n                    \r\n                    <a href=\"https:\/\/us.edu.pl\/wydzial\/wnst\/komunikaty\/prezentacja-plakatu-xv-edycji-swieta-liczby-pi\/\">    <h3 class=\"article-title announcement-loop-post__title\">Prezentacja plakatu XV edycji \u015awi\u0119ta Liczby Pi<\/h3> <\/a>\r\n                        \r\n                    <a href=\"https:\/\/us.edu.pl\/wydzial\/wnst\/komunikaty\/prezentacja-plakatu-xv-edycji-swieta-liczby-pi\/\">     <div class=\"announcement-loop-post__text\">[vc_row][vc_column][vc_single_image image=&#8221;9545&#8243; img_size=&#8221;large&#8221; add_caption=&#8221;yes&#8221; alignment=&#8221;center&#8221; style=&#8221;vc_box_rounded&#8221; onclick=&#8221;img_link_large&#8221; img_link_target=&#822...<\/div> <\/a>\r\n                    \r\n                     <a href=\"https:\/\/us.edu.pl\/wydzial\/wnst\/komunikaty\/prezentacja-plakatu-xv-edycji-swieta-liczby-pi\/\">   <div class=\"announcement-loop-post__more\">wi\u0119cej...<\/div> <\/a>\r\n                    \r\n                <\/article>\r\n            \r\n                <article class=\"announcement-loop-post carousel-slide\">\r\n                    \r\n                    <a href=\"https:\/\/us.edu.pl\/wydzial\/wnst\/komunikaty\/zapraszamy-na-wyklad-odwieczne-marzenie-ludzkosci-rzecz-o-lataniu-dr-jerzy-jarosz-prof-us\/\">    <h3 class=\"article-title announcement-loop-post__title\">Zapraszamy na wyk\u0142ad \u201eOdwieczne marzenie ludzko\u015bci \u2013 rzecz o lataniu&#8221; \u2013 dr Jerzy Jarosz, prof. U\u015a<\/h3> <\/a>\r\n                        \r\n                    <a href=\"https:\/\/us.edu.pl\/wydzial\/wnst\/komunikaty\/zapraszamy-na-wyklad-odwieczne-marzenie-ludzkosci-rzecz-o-lataniu-dr-jerzy-jarosz-prof-us\/\">     <div class=\"announcement-loop-post__text\">[vc_row][vc_column][\/vc_column][\/vc_row][vc_row][vc_column width=&#8221;1\/6&#8243;][\/vc_column][vc_column width=&#8221;2\/3&#8243;][\/vc_column][vc_column width=&#8221;1\/6&#8243;][\/vc_column][\/vc_row] [...]<p><a class=\"btn btn-secondary understra...<\/div> <\/a>\r\n                    \r\n                     <a href=\"https:\/\/us.edu.pl\/wydzial\/wnst\/komunikaty\/zapraszamy-na-wyklad-odwieczne-marzenie-ludzkosci-rzecz-o-lataniu-dr-jerzy-jarosz-prof-us\/\">   <div class=\"announcement-loop-post__more\">wi\u0119cej...<\/div> <\/a>\r\n                    \r\n                <\/article>\r\n            \r\n                <article class=\"announcement-loop-post carousel-slide\">\r\n                    \r\n                    <a href=\"https:\/\/us.edu.pl\/wydzial\/wnst\/komunikaty\/xv-edycja-swieta-liczby-pi\/\">    <h3 class=\"article-title announcement-loop-post__title\">XV edycja \u015awi\u0119ta liczby Pi &#8211; zapowied\u017a<\/h3> <\/a>\r\n                        \r\n                    <a href=\"https:\/\/us.edu.pl\/wydzial\/wnst\/komunikaty\/xv-edycja-swieta-liczby-pi\/\">     <div class=\"announcement-loop-post__text\">[vc_row][vc_column width=&#8221;2\/3&#8243;][\/vc_column][vc_column width=&#8221;1\/3&#8243;][\/vc_column][\/vc_row] [...]<p><a class=\"btn btn-secondary understrap-read-more-link\" href=\"https:\/\/us.edu.pl\/wydzial\/wnst\/wspolpraca\/szkoly\/swieto-liczby-...<\/div> <\/a>\r\n                    \r\n                     <a href=\"https:\/\/us.edu.pl\/wydzial\/wnst\/komunikaty\/xv-edycja-swieta-liczby-pi\/\">   <div class=\"announcement-loop-post__more\">wi\u0119cej...<\/div> <\/a>\r\n                    \r\n                <\/article><\/div>\r\n                    <\/div>\r\n                <\/div>\r\n            <\/div>\r\n            [\/vc_column][\/vc_row]<\/p>","protected":false},"excerpt":{"rendered":"<p>[vc_row el_class=&#8221;container&#8221;][vc_column][\/vc_column][\/vc_row] [&#8230;]<\/p>\n<p><a class=\"btn btn-secondary understrap-read-more-link\" href=\"https:\/\/us.edu.pl\/wydzial\/wnst\/wspolpraca\/szkoly\/swieto-liczby-pi\/aktualnosci\/\">Read More&#8230;<\/a><\/p>\n","protected":false},"author":92,"featured_media":0,"parent":742,"menu_order":0,"comment_status":"closed","ping_status":"closed","template":"","meta":{"_expiration-date-status":"saved","_expiration-date":0,"_expiration-date-type":"","_expiration-date-categories":[],"_expiration-date-options":[]},"acf":[],"_links":{"self":[{"href":"https:\/\/us.edu.pl\/wydzial\/wnst\/wp-json\/wp\/v2\/pages\/7933"}],"collection":[{"href":"https:\/\/us.edu.pl\/wydzial\/wnst\/wp-json\/wp\/v2\/pages"}],"about":[{"href":"https:\/\/us.edu.pl\/wydzial\/wnst\/wp-json\/wp\/v2\/types\/page"}],"author":[{"embeddable":true,"href":"https:\/\/us.edu.pl\/wydzial\/wnst\/wp-json\/wp\/v2\/users\/92"}],"replies":[{"embeddable":true,"href":"https:\/\/us.edu.pl\/wydzial\/wnst\/wp-json\/wp\/v2\/comments?post=7933"}],"version-history":[{"count":5,"href":"https:\/\/us.edu.pl\/wydzial\/wnst\/wp-json\/wp\/v2\/pages\/7933\/revisions"}],"predecessor-version":[{"id":9504,"href":"https:\/\/us.edu.pl\/wydzial\/wnst\/wp-json\/wp\/v2\/pages\/7933\/revisions\/9504"}],"up":[{"embeddable":true,"href":"https:\/\/us.edu.pl\/wydzial\/wnst\/wp-json\/wp\/v2\/pages\/742"}],"wp:attachment":[{"href":"https:\/\/us.edu.pl\/wydzial\/wnst\/wp-json\/wp\/v2\/media?parent=7933"}],"curies":[{"name":"wp","href":"https:\/\/api.w.org\/{rel}","templated":true}]}}