{"id":7937,"date":"2021-01-25T18:45:02","date_gmt":"2021-01-25T17:45:02","guid":{"rendered":"https:\/\/us.edu.pl\/wydzial\/wnst\/?page_id=7937"},"modified":"2025-10-22T13:07:41","modified_gmt":"2025-10-22T11:07:41","slug":"historia","status":"publish","type":"page","link":"https:\/\/us.edu.pl\/wydzial\/wnst\/wspolpraca\/szkoly\/swieto-liczby-pi\/historia\/","title":{"rendered":"historia"},"content":{"rendered":"<p><\/p>\n<p>[vc_row][vc_column]\r\n                <div class=\"text-modules\">\r\n                    <div class=\"container\">\r\n                        <h3 class=\"page-title text__title\">Historia \u015awi\u0119ta<\/h3>\r\n                        <div class=\"text-modules__content\"><p>Data 14 marca nie wydaje si\u0119 niczym wyr\u00f3\u017cnia\u0107 w kalendarzu, ale je\u015bli j\u0105 zapiszemy po ameryka\u0144sku jako 3\/14, to matematycy z pewno\u015bci\u0105 zauwa\u017c\u0105, \u017ce mamy do czynienia z liczb\u0105 \u00a0\u03c0. 3,14 to pierwsze trzy cyfry liczby \u03c0, kt\u00f3ra corocznie 14 marca obchodzi swoje \u015bwi\u0119to na ca\u0142ym \u015bwiecie.<\/p>\n<\/div>\r\n                    <\/div>\r\n                <\/div>[\/vc_column][\/vc_row][vc_row el_class=&#8221;container&#8221;][vc_column]\r\n                <div class=\"text-modules reverse\">\r\n                    <div class=\"container\">\r\n                         \r\n                        <div class=\"row m-0\">\r\n                            <div class=\"text-modules__content\">\r\n                                Wr\u00f3\u0107my jednak do Polski. Wr\u00f3\u0107my do Katowic. Tutaj w styczniu 2006 r. dosz\u0142o do pami\u0119tnej katastrofy w hali wystawowej, w kt\u00f3rej prezentowano go\u0142\u0119bie. Jaki\u015b czas potem do \u00f3wczesnego dziekana Wydzia\u0142u Matematyki, Fizyki i Chemii, dr. hab. Macieja Sablika (obecnie profesora), zwr\u00f3ci\u0142 si\u0119 dr Marcin Baron z Akademii Ekonomicznej (obecnie Uniwersytetu Ekonomicznego w Katowicach) zaniepokojony niskim poziomem wiedzy \u015bcis\u0142ej w polskim spo\u0142ecze\u0144stwie. Apelowa\u0142 o akcj\u0119 maj\u0105c\u0105 spopularyzowa\u0107 nauki \u015bcis\u0142e i techniczne. Dziekan podj\u0105\u0142 ten temat, zw\u0142aszcza, \u017ce wielk\u0105 zwolenniczk\u0105 okaza\u0142a si\u0119 jego szkolna kole\u017canka, z w\u00f3wczas wicemarsza\u0142ek Senatu RP, Krystyna Bochenek (kt\u00f3ra nawiasem m\u00f3wi\u0105c by\u0142a autork\u0105 drugiego komunikatu prasowego zapowiadaj\u0105cego \u015awi\u0119to Liczby Pi: Cho..n bez forte..anu, talia bez ..k\u00f3w, ..p.. bez warkocza, ka..talista bez ..eni\u0119dzy, Toru\u0144 bez ..ernika, prowincja bez &#8230;.d\u00f3wki, telewizor bez ..lota, matma bez ..tagorasa, \u015bw. ..otr bez kluczy\u00a0 \u2013 nie ma co m\u00f3wi\u0107, nasze \u017cycie bez ,,pi\u201d by\u0142oby o wiele ubo\u017csze. Dlatego wraz z Cho<strong>pi<\/strong>nem, <strong>Pi<\/strong>tagorasem i <strong>Pi<\/strong>p<strong>pi<\/strong>, mieszka\u0144cami <strong>Pi<\/strong>zy, <strong>Pi<\/strong>etropaw\u0142owska i <strong>Pipi<\/strong>d\u00f3wki obchodzimy \u00a0<strong><em>Drugie uniwersyteckie\u00a0 imieniny liczby Pi<\/em><\/strong>, <em>kt\u00f3re przypadaj\u0105 <strong>14 marca 2008 r. (2008\/3\/14).<\/strong><\/em>) Nie by\u0142o opcji: dziekan musia\u0142 co\u015b zorganizowa\u0107. I zacz\u0105\u0142 my\u015ble\u0107. A poniewa\u017c s\u0142ysza\u0142 o ameryka\u0144skiej tradycji, postanowi\u0142 nie tworzy\u0107 nowych byt\u00f3w, lecz ,,podpi\u0105\u0142\u201d si\u0119 pod \u015bwiatowe trendy i \u2013 tym bardziej, \u017ce marzec jest jedynym w roku akademickim miesi\u0105cem, w kt\u00f3rym nie ma \u017cadnego \u015bwi\u0119ta albo innej okazji do godzin rektorskich \u2013 zorganizowa\u0107 \u015awi\u0119to Liczby Pi.<\/p>\n<p>Zacz\u0119\u0142o si\u0119 w 2007 roku, a p\u00f3\u017aniej&#8230;..<\/p>\n<div class=\"mt-3\"><a href=\"https:\/\/us.edu.pl\/wydzial\/wnst\/wp-content\/uploads\/sites\/18\/\u015awi\u0119to-Liczby-Pi\/historia\/historia-swieta-pi.pdf\" class=\"mtli_attachment mtli_pdf\" data-mtli=\"mtli_filesize674,96kB\" class=\"link-button mr-3 \">przeczytaj ca\u0142y artyku\u0142 o historii powstania \u015awi\u0119ta<\/a><\/div>\r\n                            <\/div>\r\n                            \r\n                            <div class=\"text-modules__img\"><img src=\"https:\/\/us.edu.pl\/wydzial\/wnst\/wp-content\/uploads\/sites\/18\/Nieprzypisane\/maciej-sablik.jpg\" alt=\"img\"><\/div>\r\n                        <\/div>\r\n                    <\/div>\r\n                <\/div>[\/vc_column][\/vc_row][vc_row el_class=&#8221;container&#8221;][vc_column width=&#8221;1\/6&#8243;][\/vc_column][vc_column width=&#8221;2\/3&#8243;]\r\n                <div class=\"text-modules\">\r\n                    <div class=\"container\">\r\n                        \r\n                        <div class=\"text-modules__content\"><\/p>\n<p><iframe loading=\"lazy\" title=\"XIV \u015awi\u0119to Liczby Pi: idea wydarzenia (prof. dr hab. Maciej Sablik)\" width=\"640\" height=\"360\" src=\"https:\/\/www.youtube.com\/embed\/pJtjJ6gubGQ?feature=oembed\" frameborder=\"0\" allow=\"accelerometer; autoplay; clipboard-write; encrypted-media; gyroscope; picture-in-picture; web-share\" referrerpolicy=\"strict-origin-when-cross-origin\" allowfullscreen><\/iframe><\/p>\n<p>\n<\/div>\r\n                    <\/div>\r\n                <\/div>[\/vc_column][vc_column width=&#8221;1\/6&#8243;][\/vc_column][\/vc_row][vc_row el_class=&#8221;container&#8221;][vc_column]\r\n                <div class=\"text-modules\">\r\n                    <div class=\"container\">\r\n                        \r\n                        <div class=\"text-modules__content\"><\/p>\n<h3><span style=\"color: #003c73;\"><strong>Historia \u015awi\u0119ta na plakatach<\/strong><\/span><\/h3>\n<p>\n<\/div>\r\n                    <\/div>\r\n                <\/div>[\/vc_column][\/vc_row][vc_row el_class=&#8221;container&#8221;][vc_column width=&#8221;1\/6&#8243;][vc_single_image image=&#8221;187460&#8243; img_size=&#8221;medium&#8221; add_caption=&#8221;yes&#8221; style=&#8221;vc_box_rounded&#8221; onclick=&#8221;img_link_large&#8221; img_link_target=&#8221;_blank&#8221;][\/vc_column][vc_column width=&#8221;1\/6&#8243;][vc_single_image image=&#8221;173573&#8243; img_size=&#8221;medium&#8221; add_caption=&#8221;yes&#8221; style=&#8221;vc_box_rounded&#8221; onclick=&#8221;img_link_large&#8221; img_link_target=&#8221;_blank&#8221;][\/vc_column][vc_column width=&#8221;1\/6&#8243;][vc_single_image image=&#8221;164448&#8243; img_size=&#8221;medium&#8221; add_caption=&#8221;yes&#8221; style=&#8221;vc_box_rounded&#8221; onclick=&#8221;img_link_large&#8221; img_link_target=&#8221;_blank&#8221;][\/vc_column][vc_column width=&#8221;1\/6&#8243;][vc_single_image image=&#8221;23911&#8243; img_size=&#8221;medium&#8221; add_caption=&#8221;yes&#8221; style=&#8221;vc_box_rounded&#8221; onclick=&#8221;img_link_large&#8221; img_link_target=&#8221;_blank&#8221;][\/vc_column][vc_column width=&#8221;1\/6&#8243;][vc_single_image image=&#8221;10173&#8243; img_size=&#8221;medium&#8221; add_caption=&#8221;yes&#8221; style=&#8221;vc_box_rounded&#8221; onclick=&#8221;img_link_large&#8221; img_link_target=&#8221;_blank&#8221;][\/vc_column][vc_column width=&#8221;1\/6&#8243;][vc_single_image image=&#8221;9217&#8243; img_size=&#8221;medium&#8221; add_caption=&#8221;yes&#8221; style=&#8221;vc_box_rounded&#8221; onclick=&#8221;img_link_large&#8221; img_link_target=&#8221;_blank&#8221;][\/vc_column][\/vc_row][vc_row el_class=&#8221;container&#8221;][vc_column width=&#8221;1\/6&#8243;][vc_single_image image=&#8221;9354&#8243; img_size=&#8221;medium&#8221; add_caption=&#8221;yes&#8221; style=&#8221;vc_box_rounded&#8221; onclick=&#8221;img_link_large&#8221; img_link_target=&#8221;_blank&#8221;][\/vc_column][vc_column width=&#8221;1\/6&#8243;][vc_single_image image=&#8221;9357&#8243; img_size=&#8221;medium&#8221; add_caption=&#8221;yes&#8221; style=&#8221;vc_box_rounded&#8221; onclick=&#8221;img_link_large&#8221; img_link_target=&#8221;_blank&#8221;][\/vc_column][vc_column width=&#8221;1\/6&#8243;][vc_single_image image=&#8221;9355&#8243; img_size=&#8221;medium&#8221; add_caption=&#8221;yes&#8221; style=&#8221;vc_box_rounded&#8221; onclick=&#8221;img_link_large&#8221; img_link_target=&#8221;_blank&#8221;][\/vc_column][vc_column width=&#8221;1\/6&#8243;][vc_single_image image=&#8221;9356&#8243; img_size=&#8221;medium&#8221; add_caption=&#8221;yes&#8221; style=&#8221;vc_box_rounded&#8221; onclick=&#8221;img_link_large&#8221; img_link_target=&#8221;_blank&#8221;][\/vc_column][vc_column width=&#8221;1\/6&#8243;][vc_single_image image=&#8221;9216&#8243; img_size=&#8221;medium&#8221; add_caption=&#8221;yes&#8221; style=&#8221;vc_box_rounded&#8221; onclick=&#8221;img_link_large&#8221; img_link_target=&#8221;_blank&#8221;][\/vc_column][vc_column width=&#8221;1\/6&#8243;][vc_single_image image=&#8221;9215&#8243; img_size=&#8221;medium&#8221; add_caption=&#8221;yes&#8221; style=&#8221;vc_box_rounded&#8221; onclick=&#8221;img_link_large&#8221; img_link_target=&#8221;_blank&#8221;][\/vc_column][\/vc_row][vc_row el_class=&#8221;container&#8221;][vc_column width=&#8221;1\/6&#8243;][vc_single_image image=&#8221;9312&#8243; img_size=&#8221;medium&#8221; add_caption=&#8221;yes&#8221; style=&#8221;vc_box_rounded&#8221; onclick=&#8221;img_link_large&#8221; img_link_target=&#8221;_blank&#8221;][\/vc_column][vc_column width=&#8221;1\/6&#8243;][vc_single_image image=&#8221;9214&#8243; img_size=&#8221;medium&#8221; add_caption=&#8221;yes&#8221; style=&#8221;vc_box_rounded&#8221; onclick=&#8221;img_link_large&#8221; img_link_target=&#8221;_blank&#8221;][\/vc_column][vc_column width=&#8221;1\/6&#8243;][vc_single_image image=&#8221;9213&#8243; img_size=&#8221;medium&#8221; add_caption=&#8221;yes&#8221; style=&#8221;vc_box_rounded&#8221; onclick=&#8221;img_link_large&#8221; img_link_target=&#8221;_blank&#8221;][\/vc_column][vc_column width=&#8221;1\/6&#8243;][\/vc_column][vc_column width=&#8221;1\/6&#8243;][\/vc_column][vc_column width=&#8221;1\/6&#8243;][\/vc_column][\/vc_row][vc_row el_class=&#8221;container&#8221;][vc_column]            \r\n                    <div class=\"container\">\r\n                        <div class=\"gallery gallery_4\" data-images-in-row=\"4\">\r\n                            <div class=\"section-title section-title_border-bottom\">Historia \u015awi\u0119ta na fotografiach<\/div>\r\n                            <div class=\"row m-0\">\r\n                                <a data-fancybox-group=\"button\" title=\"I \u015awi\u0119to Liczby Pi - 2007 r. | fot. archiwum Wydzia\u0142u\" data-fancybox=\"1409\" href=\"https:\/\/us.edu.pl\/wydzial\/wnst\/wp-content\/uploads\/sites\/18\/\u015awi\u0119to-Liczby-Pi\/historia\/0005-e1613511611338.jpg\" class=\"gallery__item thumbnail\"\r\n                                    style=\"background-image: url(https:\/\/us.edu.pl\/wydzial\/wnst\/wp-content\/uploads\/sites\/18\/\u015awi\u0119to-Liczby-Pi\/historia\/0005-1024x683.jpg)\"> <span class=\"d-none\">https:\/\/us.edu.pl\/wydzial\/wnst\/wp-content\/uploads\/sites\/18\/\u015awi\u0119to-Liczby-Pi\/historia\/0005-e1613511611338.jpg<\/span> <\/a><a data-fancybox-group=\"button\" title=\"I \u015awi\u0119to Liczby Pi - 2007 r. | fot. archiwum Wydzia\u0142u\" data-fancybox=\"1409\" href=\"https:\/\/us.edu.pl\/wydzial\/wnst\/wp-content\/uploads\/sites\/18\/\u015awi\u0119to-Liczby-Pi\/historia\/0007-e1613511667999.jpg\" class=\"gallery__item thumbnail\"\r\n                                    style=\"background-image: url(https:\/\/us.edu.pl\/wydzial\/wnst\/wp-content\/uploads\/sites\/18\/\u015awi\u0119to-Liczby-Pi\/historia\/0007-1024x683.jpg)\"> <span class=\"d-none\">https:\/\/us.edu.pl\/wydzial\/wnst\/wp-content\/uploads\/sites\/18\/\u015awi\u0119to-Liczby-Pi\/historia\/0007-e1613511667999.jpg<\/span> <\/a><a data-fancybox-group=\"button\" title=\"I \u015awi\u0119to Liczby Pi - 2007 r. | fot. archiwum Wydzia\u0142u\" data-fancybox=\"1409\" href=\"https:\/\/us.edu.pl\/wydzial\/wnst\/wp-content\/uploads\/sites\/18\/\u015awi\u0119to-Liczby-Pi\/historia\/0008-e1613511692686.jpg\" class=\"gallery__item thumbnail\"\r\n                                    style=\"background-image: url(https:\/\/us.edu.pl\/wydzial\/wnst\/wp-content\/uploads\/sites\/18\/\u015awi\u0119to-Liczby-Pi\/historia\/0008-1024x683.jpg)\"> <span class=\"d-none\">https:\/\/us.edu.pl\/wydzial\/wnst\/wp-content\/uploads\/sites\/18\/\u015awi\u0119to-Liczby-Pi\/historia\/0008-e1613511692686.jpg<\/span> <\/a><a data-fancybox-group=\"button\" title=\"I \u015awi\u0119to Liczby Pi - 2007 r. | fot. archiwum Wydzia\u0142u\" data-fancybox=\"1409\" href=\"https:\/\/us.edu.pl\/wydzial\/wnst\/wp-content\/uploads\/sites\/18\/\u015awi\u0119to-Liczby-Pi\/historia\/0009-e1613511720512.jpg\" class=\"gallery__item thumbnail\"\r\n                                    style=\"background-image: url(https:\/\/us.edu.pl\/wydzial\/wnst\/wp-content\/uploads\/sites\/18\/\u015awi\u0119to-Liczby-Pi\/historia\/0009-1024x683.jpg)\"> <span class=\"d-none\">https:\/\/us.edu.pl\/wydzial\/wnst\/wp-content\/uploads\/sites\/18\/\u015awi\u0119to-Liczby-Pi\/historia\/0009-e1613511720512.jpg<\/span> <\/a><a data-fancybox-group=\"button\" title=\"II \u015awi\u0119to Liczby Pi - 2008 r. | fot. archiwum Wydzia\u0142u\" data-fancybox=\"1409\" href=\"https:\/\/us.edu.pl\/wydzial\/wnst\/wp-content\/uploads\/sites\/18\/\u015awi\u0119to-Liczby-Pi\/historia\/0007-1-e1613511749963.jpg\" class=\"gallery__item thumbnail\"\r\n                                    style=\"background-image: url(https:\/\/us.edu.pl\/wydzial\/wnst\/wp-content\/uploads\/sites\/18\/\u015awi\u0119to-Liczby-Pi\/historia\/0007-1-1024x683.jpg)\"> <span class=\"d-none\">https:\/\/us.edu.pl\/wydzial\/wnst\/wp-content\/uploads\/sites\/18\/\u015awi\u0119to-Liczby-Pi\/historia\/0007-1-e1613511749963.jpg<\/span> <\/a><a data-fancybox-group=\"button\" title=\"II \u015awi\u0119to Liczby Pi - 2008 r. | fot. archiwum Wydzia\u0142u\" data-fancybox=\"1409\" href=\"https:\/\/us.edu.pl\/wydzial\/wnst\/wp-content\/uploads\/sites\/18\/\u015awi\u0119to-Liczby-Pi\/historia\/0029-e1613511769604.jpg\" class=\"gallery__item thumbnail\"\r\n                                    style=\"background-image: url(https:\/\/us.edu.pl\/wydzial\/wnst\/wp-content\/uploads\/sites\/18\/\u015awi\u0119to-Liczby-Pi\/historia\/0029-1024x683.jpg)\"> <span class=\"d-none\">https:\/\/us.edu.pl\/wydzial\/wnst\/wp-content\/uploads\/sites\/18\/\u015awi\u0119to-Liczby-Pi\/historia\/0029-e1613511769604.jpg<\/span> <\/a><a data-fancybox-group=\"button\" title=\"II \u015awi\u0119to Liczby Pi - 2008 r. | fot. archiwum Wydzia\u0142u\" data-fancybox=\"1409\" href=\"https:\/\/us.edu.pl\/wydzial\/wnst\/wp-content\/uploads\/sites\/18\/\u015awi\u0119to-Liczby-Pi\/historia\/0033-e1613511790860.jpg\" class=\"gallery__item thumbnail\"\r\n                                    style=\"background-image: url(https:\/\/us.edu.pl\/wydzial\/wnst\/wp-content\/uploads\/sites\/18\/\u015awi\u0119to-Liczby-Pi\/historia\/0033-1024x683.jpg)\"> <span class=\"d-none\">https:\/\/us.edu.pl\/wydzial\/wnst\/wp-content\/uploads\/sites\/18\/\u015awi\u0119to-Liczby-Pi\/historia\/0033-e1613511790860.jpg<\/span> <\/a><a data-fancybox-group=\"button\" title=\"II \u015awi\u0119to Liczby Pi - 2008 r. | fot. archiwum Wydzia\u0142u\" data-fancybox=\"1409\" href=\"https:\/\/us.edu.pl\/wydzial\/wnst\/wp-content\/uploads\/sites\/18\/\u015awi\u0119to-Liczby-Pi\/historia\/0038-e1613511815953.jpg\" class=\"gallery__item thumbnail\"\r\n                                    style=\"background-image: url(https:\/\/us.edu.pl\/wydzial\/wnst\/wp-content\/uploads\/sites\/18\/\u015awi\u0119to-Liczby-Pi\/historia\/0038-683x1024.jpg)\"> <span class=\"d-none\">https:\/\/us.edu.pl\/wydzial\/wnst\/wp-content\/uploads\/sites\/18\/\u015awi\u0119to-Liczby-Pi\/historia\/0038-e1613511815953.jpg<\/span> <\/a><a data-fancybox-group=\"button\" title=\"II \u015awi\u0119to Liczby Pi - 2008 r. | fot. archiwum Wydzia\u0142u\" data-fancybox=\"1409\" href=\"https:\/\/us.edu.pl\/wydzial\/wnst\/wp-content\/uploads\/sites\/18\/\u015awi\u0119to-Liczby-Pi\/historia\/0096.jpg\" class=\"gallery__item thumbnail\"\r\n                                    style=\"background-image: url(https:\/\/us.edu.pl\/wydzial\/wnst\/wp-content\/uploads\/sites\/18\/\u015awi\u0119to-Liczby-Pi\/historia\/0096-683x1024.jpg)\"> <span class=\"d-none\">https:\/\/us.edu.pl\/wydzial\/wnst\/wp-content\/uploads\/sites\/18\/\u015awi\u0119to-Liczby-Pi\/historia\/0096.jpg<\/span> <\/a><a data-fancybox-group=\"button\" title=\"II \u015awi\u0119to Liczby Pi - 2008 r. | fot. archiwum Wydzia\u0142u\" data-fancybox=\"1409\" href=\"https:\/\/us.edu.pl\/wydzial\/wnst\/wp-content\/uploads\/sites\/18\/\u015awi\u0119to-Liczby-Pi\/historia\/0027-e1613511855448.jpg\" class=\"gallery__item thumbnail\"\r\n                                    style=\"background-image: url(https:\/\/us.edu.pl\/wydzial\/wnst\/wp-content\/uploads\/sites\/18\/\u015awi\u0119to-Liczby-Pi\/historia\/0027-1024x683.jpg)\"> <span class=\"d-none\">https:\/\/us.edu.pl\/wydzial\/wnst\/wp-content\/uploads\/sites\/18\/\u015awi\u0119to-Liczby-Pi\/historia\/0027-e1613511855448.jpg<\/span> <\/a><a data-fancybox-group=\"button\" title=\"IV \u015awi\u0119to Liczby Pi - 2010 r. | fot. archiwum Wydzia\u0142u\" data-fancybox=\"1409\" href=\"https:\/\/us.edu.pl\/wydzial\/wnst\/wp-content\/uploads\/sites\/18\/\u015awi\u0119to-Liczby-Pi\/historia\/MG_3020-e1613557100278.jpg\" class=\"gallery__item thumbnail\"\r\n                                    style=\"background-image: url(https:\/\/us.edu.pl\/wydzial\/wnst\/wp-content\/uploads\/sites\/18\/\u015awi\u0119to-Liczby-Pi\/historia\/MG_3020-1024x683.jpg)\"> <span class=\"d-none\">https:\/\/us.edu.pl\/wydzial\/wnst\/wp-content\/uploads\/sites\/18\/\u015awi\u0119to-Liczby-Pi\/historia\/MG_3020-e1613557100278.jpg<\/span> <\/a><a data-fancybox-group=\"button\" title=\"IV \u015awi\u0119to Liczby Pi - 2010 r. | fot. archiwum Wydzia\u0142u\" data-fancybox=\"1409\" href=\"https:\/\/us.edu.pl\/wydzial\/wnst\/wp-content\/uploads\/sites\/18\/\u015awi\u0119to-Liczby-Pi\/historia\/0014-e1613557278737.jpg\" class=\"gallery__item thumbnail\"\r\n                                    style=\"background-image: url(https:\/\/us.edu.pl\/wydzial\/wnst\/wp-content\/uploads\/sites\/18\/\u015awi\u0119to-Liczby-Pi\/historia\/0014-1024x683.jpg)\"> <span class=\"d-none\">https:\/\/us.edu.pl\/wydzial\/wnst\/wp-content\/uploads\/sites\/18\/\u015awi\u0119to-Liczby-Pi\/historia\/0014-e1613557278737.jpg<\/span> <\/a>\r\n                            <\/div>\r\n                    <\/div>\r\n                <\/div>[\/vc_column][\/vc_row][vc_row el_class=&#8221;container&#8221;][vc_column width=&#8221;1\/4&#8243;][vc_btn title=&#8221;Wi\u0119cej zdj\u0119\u0107 w fotogalerii&#8221; style=&#8221;custom&#8221; custom_background=&#8221;#002043&#8243; custom_text=&#8221;#ffffff&#8221; link=&#8221;url:https%3A%2F%2Fus.edu.pl%2Fwydzial%2Fwnst%2Fmultimedia%2Fhistoria-swieta-liczby-pi-w-fotografiach%2F||target:%20_blank|&#8221;][\/vc_column][vc_column width=&#8221;3\/4&#8243;][\/vc_column][\/vc_row]<\/p>\n<p><\/p>\n<style type=\"text\/css\">a[data-mtli~=\"mtli_filesize674,96kB\"]:after {content:\" (674,96 kB)\"}<\/style>","protected":false},"excerpt":{"rendered":"<p>[vc_row][vc_column][\/vc_column][\/vc_row][vc_row el_class=&#8221;container&#8221;][vc_column][\/vc_column][\/vc_row][vc_row el_class=&#8221;container&#8221;][vc_column width=&#8221;1\/6&#8243;][\/vc_column][vc_column width=&#8221;2\/3&#8243;][\/vc_column][vc_column width=&#8221;1\/6&#8243;][\/vc_column][\/vc_row][vc_row el_class=&#8221;container&#8221;][vc_column][\/vc_column][\/vc_row][vc_row el_class=&#8221;container&#8221;][vc_column width=&#8221;1\/6&#8243;][vc_single_image image=&#8221;187460&#8243; img_size=&#8221;medium&#8221; add_caption=&#8221;yes&#8221; style=&#8221;vc_box_rounded&#8221; onclick=&#8221;img_link_large&#8221; img_link_target=&#8221;_blank&#8221;][\/vc_column][vc_column width=&#8221;1\/6&#8243;][vc_single_image image=&#8221;173573&#8243; img_size=&#8221;medium&#8221; add_caption=&#8221;yes&#8221; style=&#8221;vc_box_rounded&#8221; onclick=&#8221;img_link_large&#8221; img_link_target=&#8221;_blank&#8221;][\/vc_column][vc_column width=&#8221;1\/6&#8243;][vc_single_image image=&#8221;164448&#8243; img_size=&#8221;medium&#8221; add_caption=&#8221;yes&#8221; style=&#8221;vc_box_rounded&#8221; onclick=&#8221;img_link_large&#8221; img_link_target=&#8221;_blank&#8221;][\/vc_column][vc_column width=&#8221;1\/6&#8243;][vc_single_image image=&#8221;23911&#8243; img_size=&#8221;medium&#8221; add_caption=&#8221;yes&#8221; style=&#8221;vc_box_rounded&#8221; onclick=&#8221;img_link_large&#8221; img_link_target=&#8221;_blank&#8221;][\/vc_column][vc_column width=&#8221;1\/6&#8243;][vc_single_image image=&#8221;10173&#8243; img_size=&#8221;medium&#8221; add_caption=&#8221;yes&#8221; style=&#8221;vc_box_rounded&#8221; onclick=&#8221;img_link_large&#8221; img_link_target=&#8221;_blank&#8221;][\/vc_column][vc_column width=&#8221;1\/6&#8243;][vc_single_image image=&#8221;9217&#8243; img_size=&#8221;medium&#8221; add_caption=&#8221;yes&#8221; style=&#8221;vc_box_rounded&#8221; onclick=&#8221;img_link_large&#8221; img_link_target=&#8221;_blank&#8221;][\/vc_column][\/vc_row][vc_row el_class=&#8221;container&#8221;][vc_column width=&#8221;1\/6&#8243;][vc_single_image image=&#8221;9354&#8243; img_size=&#8221;medium&#8221; add_caption=&#8221;yes&#8221; [&#8230;]<\/p>\n<p><a class=\"btn btn-secondary understrap-read-more-link\" href=\"https:\/\/us.edu.pl\/wydzial\/wnst\/wspolpraca\/szkoly\/swieto-liczby-pi\/historia\/\">Read More&#8230;<\/a><\/p>\n","protected":false},"author":92,"featured_media":0,"parent":742,"menu_order":2,"comment_status":"closed","ping_status":"closed","template":"","meta":{"_expiration-date-status":"saved","_expiration-date":0,"_expiration-date-type":"","_expiration-date-categories":[],"_expiration-date-options":[]},"acf":[],"_links":{"self":[{"href":"https:\/\/us.edu.pl\/wydzial\/wnst\/wp-json\/wp\/v2\/pages\/7937"}],"collection":[{"href":"https:\/\/us.edu.pl\/wydzial\/wnst\/wp-json\/wp\/v2\/pages"}],"about":[{"href":"https:\/\/us.edu.pl\/wydzial\/wnst\/wp-json\/wp\/v2\/types\/page"}],"author":[{"embeddable":true,"href":"https:\/\/us.edu.pl\/wydzial\/wnst\/wp-json\/wp\/v2\/users\/92"}],"replies":[{"embeddable":true,"href":"https:\/\/us.edu.pl\/wydzial\/wnst\/wp-json\/wp\/v2\/comments?post=7937"}],"version-history":[{"count":10,"href":"https:\/\/us.edu.pl\/wydzial\/wnst\/wp-json\/wp\/v2\/pages\/7937\/revisions"}],"predecessor-version":[{"id":202023,"href":"https:\/\/us.edu.pl\/wydzial\/wnst\/wp-json\/wp\/v2\/pages\/7937\/revisions\/202023"}],"up":[{"embeddable":true,"href":"https:\/\/us.edu.pl\/wydzial\/wnst\/wp-json\/wp\/v2\/pages\/742"}],"wp:attachment":[{"href":"https:\/\/us.edu.pl\/wydzial\/wnst\/wp-json\/wp\/v2\/media?parent=7937"}],"curies":[{"name":"wp","href":"https:\/\/api.w.org\/{rel}","templated":true}]}}