{"id":8714,"date":"2021-02-02T08:58:37","date_gmt":"2021-02-02T07:58:37","guid":{"rendered":"https:\/\/us.edu.pl\/wydzial\/wnst\/?page_id=8714"},"modified":"2021-02-02T08:59:27","modified_gmt":"2021-02-02T07:59:27","slug":"wydzialowa-komisja-ds-ksztalcenia-i-studentow-2","status":"publish","type":"page","link":"https:\/\/us.edu.pl\/wydzial\/wnst\/strona-glowna\/wladze\/wydzialowa-komisja-ds-ksztalcenia-i-studentow-2\/","title":{"rendered":"wydzia\u0142owa komisja ds. kszta\u0142cenia i student\u00f3w"},"content":{"rendered":"<p>[vc_row][vc_column]\r\n                <div class=\"text-modules\">\r\n                    <div class=\"container\">\r\n                        \r\n                        <div class=\"text-modules__content\"><\/p>\n<h3><span style=\"color: #003366\">Wydzia\u0142owa Komisja ds. kszta\u0142cenia i student\u00f3w<\/span><\/h3>\n<p><span style=\"color: #003366\">Cz\u0142onkowie z g\u0142osem stanowi\u0105cym<\/span><\/p>\n<ol>\n<li><strong>dr hab. Ewa Malicka, prof. U\u015a<\/strong> &#8211; Prodziekan ds. kszta\u0142cenia i student\u00f3w \u2013 Przewodnicz\u0105ca Komisji<\/li>\n<li><strong>dr Katarzyna Kowalska-Szojda<\/strong> &#8211; Dyrektor kierunku<br \/>\nchemia i technologia chemiczna<\/li>\n<li><strong>dr Barbara Marsza\u0142-Paszek<\/strong> &#8211; Dyrektor kierunku informatyka, informatyka stosowana<\/li>\n<li><strong>dr Joanna Maszybrocka<\/strong> &#8211; Dyrektor kierunku in\u017cynieria biomedyczna, in\u017cynieria materia\u0142owa, mechatronika<\/li>\n<li><strong>dr hab. in\u017c. Micha\u0142 Mierzwa, prof. U\u015a<\/strong> &#8211; Dyrektor kierunku biofizyka, fizyka, fizyka medyczna, mikro i nanotechnologia<\/li>\n<li><strong>dr Anna Szczerba-Zubek, prof. U\u015a<\/strong> &#8211; Dyrektor kierunku matematyka<\/li>\n<li><strong>\u0141ukasz Przyby\u0142a<\/strong> &#8211; student<\/li>\n<\/ol>\n<p><span style=\"color: #003366\">Cz\u0142onkowie z g\u0142osem doradczym<\/span><\/p>\n<ol>\n<li><strong>dr Aleksander Lam\u017ca<\/strong> &#8211; Pe\u0142nomocnik ds. Studenckich<\/li>\n<li><strong>dr Dariusz Soko\u0142owski<\/strong> &#8211; Pe\u0142nomocnik ds. Studenckich<\/li>\n<li><strong>dr in\u017c. Piotr Duda<\/strong> &#8211; Zast\u0119pca Dyrektora kierunku in\u017cynieria biomedyczna, in\u017cynieria materia\u0142owa, mechatronika<\/li>\n<li><strong>dr hab. in\u017c. Andrzej Grzybowski, prof. U\u015a<\/strong> &#8211; Zast\u0119pca Dyrektora kierunku informatyka, informatyka stosowana<\/li>\n<li><strong>dr Szymon Pu\u0142awski, prof. U\u015a<\/strong> &#8211; Zast\u0119pca Dyrektora kierunku biofizyka, fizyka, fizyka medyczna, mikro i nanotechnologia<\/li>\n<li><strong>dr hab. Aneta S\u0142odek, prof. U\u015a<\/strong> &#8211; Zast\u0119pca Dyrektora kierunku chemia i technologia chemiczna<\/li>\n<li><strong>mgr in\u017c. Katarzyna Szczerba<\/strong> &#8211; Kierownik dziekanatu WN\u015aiT<\/li>\n<\/ol>\n<p>\n<\/div>\r\n                    <\/div>\r\n                <\/div>[\/vc_column][\/vc_row]<\/p>","protected":false},"excerpt":{"rendered":"<p>[vc_row][vc_column][\/vc_column][\/vc_row] [&#8230;]<\/p>\n<p><a class=\"btn btn-secondary understrap-read-more-link\" href=\"https:\/\/us.edu.pl\/wydzial\/wnst\/strona-glowna\/wladze\/wydzialowa-komisja-ds-ksztalcenia-i-studentow-2\/\">Read More&#8230;<\/a><\/p>\n","protected":false},"author":92,"featured_media":0,"parent":470,"menu_order":5,"comment_status":"closed","ping_status":"closed","template":"","meta":{"_expiration-date-status":"saved","_expiration-date":0,"_expiration-date-type":"","_expiration-date-categories":[],"_expiration-date-options":[]},"acf":[],"_links":{"self":[{"href":"https:\/\/us.edu.pl\/wydzial\/wnst\/wp-json\/wp\/v2\/pages\/8714"}],"collection":[{"href":"https:\/\/us.edu.pl\/wydzial\/wnst\/wp-json\/wp\/v2\/pages"}],"about":[{"href":"https:\/\/us.edu.pl\/wydzial\/wnst\/wp-json\/wp\/v2\/types\/page"}],"author":[{"embeddable":true,"href":"https:\/\/us.edu.pl\/wydzial\/wnst\/wp-json\/wp\/v2\/users\/92"}],"replies":[{"embeddable":true,"href":"https:\/\/us.edu.pl\/wydzial\/wnst\/wp-json\/wp\/v2\/comments?post=8714"}],"version-history":[{"count":1,"href":"https:\/\/us.edu.pl\/wydzial\/wnst\/wp-json\/wp\/v2\/pages\/8714\/revisions"}],"predecessor-version":[{"id":8715,"href":"https:\/\/us.edu.pl\/wydzial\/wnst\/wp-json\/wp\/v2\/pages\/8714\/revisions\/8715"}],"up":[{"embeddable":true,"href":"https:\/\/us.edu.pl\/wydzial\/wnst\/wp-json\/wp\/v2\/pages\/470"}],"wp:attachment":[{"href":"https:\/\/us.edu.pl\/wydzial\/wnst\/wp-json\/wp\/v2\/media?parent=8714"}],"curies":[{"name":"wp","href":"https:\/\/api.w.org\/{rel}","templated":true}]}}