{"id":9749,"date":"2021-02-28T15:57:22","date_gmt":"2021-02-28T14:57:22","guid":{"rendered":"https:\/\/us.edu.pl\/wydzial\/wnst\/?page_id=9749"},"modified":"2021-11-19T10:37:26","modified_gmt":"2021-11-19T09:37:26","slug":"konkurs-wzrostu-krysztalow-edycja-2021","status":"publish","type":"page","link":"https:\/\/us.edu.pl\/wydzial\/wnst\/wspolpraca\/szkoly\/konkurs-wzrostu-krysztalow\/konkurs-wzrostu-krysztalow-edycja-2021\/","title":{"rendered":"Konkurs Wzrostu Kryszta\u0142\u00f3w edycja 2021"},"content":{"rendered":"<p><\/p>\n<p>[vc_row][vc_column]\n\t\t\t\t<input type=\"hidden\" name=\"promoted_only\" value=\"\">\n\t\t\t\t<input type=\"hidden\" name=\"order\" value=\"DESC\">\n\t\t\t\t<input type=\"hidden\" name=\"order_by\" value=\"post_date\">\n\n\t\t\t\t<div class=\"article-loop loop-section article-loop_tall color-blue\" style=\"background: \">\n\t\t\t\t\t <div class=\"container \">\n\t\t\t\t\t \t<div class=\"col-12 article-loop-gutter-left\">\n\t\t\t\t\t\t  <div class=\"article-loop-top loop-section-top\">\n\t\t\t\t\t\t\t\t<h2 class=\"section-title\"><\/h2><div class=\"article-loop-top_right loop-section-top__right\" >\n\t\t\t\t\t\t\t\t\t <select name=\"sort\" title = \"filter by category\"\n\t\t\t\t\t\t\t\t\t\t  class=\"article-loop-sort\" >\n\t\t\t\t\t\t\t\t\t\t  <option value = \"\" selected disabled > filtrowanie wed\u0142ug kategorii<\/option>\n\t\t\t\t\t\t\t\t\t\t  <option value = \"18-397\" > Wszystko<\/option> <option data-link='https:\/\/us.edu.pl\/wydzial\/wnst\/category\/konkurs-wzrostu-krysztalow\/edycja-2021\/' value='18-397'>Edycja 2021<\/option><\/select>    <a href = \"https:\/\/us.edu.pl\/wydzial\/wnst\/wszystko?title=&order=DESC&order_by=post_date&categories%5B0%5D=18-397\" class=\"link-button \" > Wszystko<\/a><\/div>  \n\t\t\t\t\t\t  <\/div>\n\t\t\t\t\t\t  <div class=\"article-loop-main carousel\" data-home-url=\"https:\/\/us.edu.pl\/wydzial\/wnst\" >\n\t\t\t\t\t\t\t\t<a href = \"#\" data-slide = \"prev\" title=\"przesu\u0144 pasek w lewo\" class=\"arrow\" >\n\t\t\t\t\t\t\t\t\t <em class=\"ci ci-arrow-left\" ><\/em >\n\t\t\t\t\t\t\t\t\t <span class=\"d-none\" > arrow<\/span >\n\t\t\t\t\t\t\t\t<\/a>\n\t \n\t\t\t\t\t\t\t\t<a href = \"#\" data-slide = \"next\" title=\"przesu\u0144 pasek  w prawo\" class=\"arrow\" >\n\t\t\t\t\t\t\t\t\t <em class=\"ci ci-arrow-right\" ><\/em >\n\t\t\t\t\t\t\t\t\t <span class=\"d-none\" > arrow<\/span >\n\t\t\t\t\t\t\t\t<\/a>\n\t\t\t\t\t\t\t\t<div class=\"row items\" >\n\t\t\t\t\t\t\t\t\t \r\n            <article class=\"article-loop-post carousel-slide\">\r\n                <a href=\"https:\/\/us.edu.pl\/wydzial\/wnst\/2022\/03\/25\/raport-z-viii-konkursu-wzrostu-krysztalow-w-newsletterze-oraz-na-stronie-miedzynarodowej-unii-krystalografii\/\" class=\"article-loop-post__thumbnail thumbnail\"\r\n                    style=\"background-image: url(https:\/\/us.edu.pl\/wydzial\/wnst\/wp-content\/uploads\/sites\/18\/Szkoly\/Krysztaly\/2020\/logo_strona-300x258.png)\">\r\n                    <span>wi\u0119cej<\/span>\r\n                <\/a>\r\n\r\n                <div class=\"article-loop-post__content\">\r\n                    <h3 class=\"article-loop-post__title\">\r\n                        <a href=\"https:\/\/us.edu.pl\/wydzial\/wnst\/2022\/03\/25\/raport-z-viii-konkursu-wzrostu-krysztalow-w-newsletterze-oraz-na-stronie-miedzynarodowej-unii-krystalografii\/\">Raport z VIII Konkursu Wzrostu Kryszta\u0142\u00f3w w Newsletterze oraz na stronie Mi\u0119dzynarodowej Unii Krystalografii<\/a>\r\n                    <\/h3>\r\n            \r\n                    <div class=\"article-loop-post__categories\">\r\n                        <a href=\"https:\/\/us.edu.pl\/wydzial\/wnst\/category\/konkurs-wzrostu-krysztalow\/edycja-2021\/\">Edycja 2021<\/a><a href=\"https:\/\/us.edu.pl\/wydzial\/wnst\/category\/konkurs-wzrostu-krysztalow\/\">konkurs wzrostu kryszta\u0142\u00f3w<\/a>\r\n                    <\/div>    \r\n                <\/div>\r\n            <\/article>\r\n        \r\n            <article class=\"article-loop-post carousel-slide\">\r\n                <a href=\"https:\/\/us.edu.pl\/wydzial\/wnst\/2021\/06\/11\/konkurs-wzrostu-krysztalow-2021-laureaci\/\" class=\"article-loop-post__thumbnail thumbnail\"\r\n                    style=\"background-image: url(https:\/\/us.edu.pl\/wydzial\/wnst\/wp-content\/uploads\/sites\/18\/Szkoly\/Krysztaly\/2020\/logo_strona-300x258.png)\">\r\n                    <span>wi\u0119cej<\/span>\r\n                <\/a>\r\n\r\n                <div class=\"article-loop-post__content\">\r\n                    <h3 class=\"article-loop-post__title\">\r\n                        <a href=\"https:\/\/us.edu.pl\/wydzial\/wnst\/2021\/06\/11\/konkurs-wzrostu-krysztalow-2021-laureaci\/\">Konkurs Wzrostu Kryszta\u0142\u00f3w 2021 &#8211; Laureaci<\/a>\r\n                    <\/h3>\r\n            \r\n                    <div class=\"article-loop-post__categories\">\r\n                        <a href=\"https:\/\/us.edu.pl\/wydzial\/wnst\/category\/konkurs-wzrostu-krysztalow\/edycja-2021\/\">Edycja 2021<\/a><a href=\"https:\/\/us.edu.pl\/wydzial\/wnst\/category\/konkurs-wzrostu-krysztalow\/\">konkurs wzrostu kryszta\u0142\u00f3w<\/a><a href=\"https:\/\/us.edu.pl\/wydzial\/wnst\/category\/wiadomosci\/\">wiadomo\u015bci<\/a>\r\n                    <\/div>    \r\n                <\/div>\r\n            <\/article>\r\n        \r\n            <article class=\"article-loop-post carousel-slide\">\r\n                <a href=\"https:\/\/us.edu.pl\/wydzial\/wnst\/2021\/02\/28\/ogolnopolski-konkurs-wzrostu-krysztalow-dla-mlodziezy-szkolnej-2021\/\" class=\"article-loop-post__thumbnail thumbnail\"\r\n                    style=\"background-image: url(https:\/\/us.edu.pl\/wydzial\/wnst\/wp-content\/uploads\/sites\/18\/Szkoly\/Krysztaly\/2020\/logo_strona-300x258.png)\">\r\n                    <span>wi\u0119cej<\/span>\r\n                <\/a>\r\n\r\n                <div class=\"article-loop-post__content\">\r\n                    <h3 class=\"article-loop-post__title\">\r\n                        <a href=\"https:\/\/us.edu.pl\/wydzial\/wnst\/2021\/02\/28\/ogolnopolski-konkurs-wzrostu-krysztalow-dla-mlodziezy-szkolnej-2021\/\">Zaproszenie na Og\u00f3lnopolski Konkurs Wzrostu Kryszta\u0142\u00f3w dla M\u0142odzie\u017cy Szkolnej 2021<\/a>\r\n                    <\/h3>\r\n            \r\n                    <div class=\"article-loop-post__categories\">\r\n                        <a href=\"https:\/\/us.edu.pl\/wydzial\/wnst\/category\/konkurs-wzrostu-krysztalow\/edycja-2021\/\">Edycja 2021<\/a><a href=\"https:\/\/us.edu.pl\/wydzial\/wnst\/category\/if\/\">Instytut Fizyki<\/a><a href=\"https:\/\/us.edu.pl\/wydzial\/wnst\/category\/konkurs-wzrostu-krysztalow\/\">konkurs wzrostu kryszta\u0142\u00f3w<\/a>\r\n                    <\/div>    \r\n                <\/div>\r\n            <\/article>\r\n        \n\t\t\t\t\t\t\t\t<\/div>\n\t\t\t\t\t\t  <\/div>\n\t\t\t\t\t <\/div>\n\t\t\t\t\t <\/div>\n\t\t\t\t<\/div>[\/vc_column][\/vc_row]<\/p>\n<p><\/p>","protected":false},"excerpt":{"rendered":"<p>[vc_row][vc_column][\/vc_column][\/vc_row] [&#8230;]<\/p>\n<p><a class=\"btn btn-secondary understrap-read-more-link\" href=\"https:\/\/us.edu.pl\/wydzial\/wnst\/2021\/02\/28\/ogolnopolski-konkurs-wzrostu-krysztalow-dla-mlodziezy-szkolnej-2021\/\">Read More&#8230;<\/a><\/p>\n","protected":false},"author":104,"featured_media":0,"parent":750,"menu_order":10,"comment_status":"closed","ping_status":"closed","template":"","meta":{"_expiration-date-status":"saved","_expiration-date":0,"_expiration-date-type":"","_expiration-date-categories":[],"_expiration-date-options":[]},"acf":[],"_links":{"self":[{"href":"https:\/\/us.edu.pl\/wydzial\/wnst\/wp-json\/wp\/v2\/pages\/9749"}],"collection":[{"href":"https:\/\/us.edu.pl\/wydzial\/wnst\/wp-json\/wp\/v2\/pages"}],"about":[{"href":"https:\/\/us.edu.pl\/wydzial\/wnst\/wp-json\/wp\/v2\/types\/page"}],"author":[{"embeddable":true,"href":"https:\/\/us.edu.pl\/wydzial\/wnst\/wp-json\/wp\/v2\/users\/104"}],"replies":[{"embeddable":true,"href":"https:\/\/us.edu.pl\/wydzial\/wnst\/wp-json\/wp\/v2\/comments?post=9749"}],"version-history":[{"count":3,"href":"https:\/\/us.edu.pl\/wydzial\/wnst\/wp-json\/wp\/v2\/pages\/9749\/revisions"}],"predecessor-version":[{"id":19325,"href":"https:\/\/us.edu.pl\/wydzial\/wnst\/wp-json\/wp\/v2\/pages\/9749\/revisions\/19325"}],"up":[{"embeddable":true,"href":"https:\/\/us.edu.pl\/wydzial\/wnst\/wp-json\/wp\/v2\/pages\/750"}],"wp:attachment":[{"href":"https:\/\/us.edu.pl\/wydzial\/wnst\/wp-json\/wp\/v2\/media?parent=9749"}],"curies":[{"name":"wp","href":"https:\/\/api.w.org\/{rel}","templated":true}]}}