{"id":9969,"date":"2021-03-03T14:23:50","date_gmt":"2021-03-03T13:23:50","guid":{"rendered":"https:\/\/us.edu.pl\/wydzial\/wnst\/?page_id=9969"},"modified":"2022-02-20T11:27:02","modified_gmt":"2022-02-20T10:27:02","slug":"swieto-liczby-pi-zapisy","status":"publish","type":"page","link":"https:\/\/us.edu.pl\/wydzial\/wnst\/wspolpraca\/szkoly\/swieto-liczby-pi\/xv-edycja\/swieto-liczby-pi-zapisy\/","title":{"rendered":"\u015awi\u0119to Liczby Pi &#8211; zapisy"},"content":{"rendered":"<p>[vc_row el_class=&#8221;container&#8221;][vc_column]\r\n                <div class=\"text-modules\">\r\n                    <div class=\"container\">\r\n                        <h3 class=\"page-title text__title\">Zapisy na wydarzenia podczas \u015awi\u0119ta Liczby Pi<\/h3>\r\n                        <div class=\"text-modules__content\"><\/p>\n<p style=\"text-align: center;\">Zapisy na wydarzenia odbywaj\u0105ce si\u0119 poprzez platform\u0119 Zoom (wyk\u0142ady i warsztaty) oraz na zabaw\u0119 \u201ePilionerzy&#8221; rozpoczn\u0105 si\u0119<br \/>\n<strong>w<\/strong> <strong>poniedzia\u0142ek 1 marca 2021 r. o godzinie 15:00<\/strong>.<br \/>\nPrzypominamy, \u017ce wi\u0119kszo\u015b\u0107 wyk\u0142ad\u00f3w i warsztat\u00f3w b\u0119dzie transmitowane na dw\u00f3ch kana\u0142ach YouTube<br \/>\n<strong>bez konieczno\u015bci rejestracji<\/strong>.<\/p>\n<ol>\n<li style=\"text-align: left;\">Link do kana\u0142u nr 1: <a href=\"https:\/\/www.youtube.com\/watch?v=wUhvIijiO3w\">https:\/\/www.youtube.com\/UniwersytetSlaski<\/a><\/li>\n<li style=\"text-align: left;\">Link do kana\u0142u nr 2: <a href=\"https:\/\/www.youtube.com\/watch?v=4hVTk_rG2Ic\">https:\/\/www.youtube.com\/telewizjaus<\/a><\/li>\n<\/ol>\n<p>\n<\/div>\r\n                    <\/div>\r\n                <\/div>\r\n                <div class=\"title-with-link color-white\" style=\"background: #002E5A\">\r\n                    <div class=\"container\">\r\n                        <div class=\"title-with-link-container \">\r\n                            <div class=\"title-with-link__title\"><span><\/span><\/div>\r\n                            <a href=\"https:\/\/formularze.us.edu.pl\/swietopi2021\" class=\"title-with-link__link\">Link do formularza z zapisami<\/a>\r\n                        <\/div>\r\n                    <\/div>\r\n                <\/div>\r\n            [\/vc_column][\/vc_row][vc_row el_class=&#8221;container&#8221;][vc_column][vc_empty_space height=&#8221;50px&#8221;][vc_separator border_width=&#8221;5&#8243; el_class=&#8221;container&#8221;]\r\n                <div class=\"text-modules\">\r\n                    <div class=\"container\">\r\n                        \r\n                        <div class=\"text-modules__content\"><p><strong>Zasady uczestnictwa \u015awi\u0119ta Liczby Pi<\/strong><\/p>\n<ol>\n<li>\u015awi\u0119to Liczby Pi jest wydarzeniem odbywaj\u0105cym si\u0119 cyklicznie i maj\u0105cym na celu popularyzowanie nauk \u015bcis\u0142ych i technicznych. W jego trakcie odbywaj\u0105 si\u0119 liczne wyk\u0142ady, warsztaty i pokazy.<\/li>\n<li>Celem \u015awi\u0119ta jest przede wszystkim popularyzacja nauk \u015bcis\u0142ych i technicznych, pobudzanie m\u0142odzie\u017cy i nie tylko do zainteresowania nauk\u0105 poprzez inspirowanie ciekawo\u015bci poznawczej, ale tak\u017ce przedstawienie uczestnikom mo\u017cliwo\u015bci studiowania na r\u00f3\u017cnych kierunkach oferowanych przez Wydzia\u0142 Nauk \u015acis\u0142ych i\u00a0Technicznych Uniwersytetu \u015al\u0105skiego.<\/li>\n<li>XV \u015awi\u0119to Liczby Pi odb\u0119dzie si\u0119 15 marca 2021 roku z wykorzystaniem narz\u0119dzi do komunikacji poprzez Internet (platformy Zoom, Google Meet, YouTube, Facebook, strony internetowej swietopi.us.edu.pl).<\/li>\n<li>Wyk\u0142ady i warsztaty b\u0119d\u0105 realizowane na platformie ZOOM i YouTube, zabawa \u201ePilionerzy\u201d z\u00a0wykorzystaniem platformy Google Meet.<\/li>\n<li>Poza wydarzeniami realizowanymi on-line w trakcie trwania \u015awi\u0119ta w mediach spo\u0142eczno\u015bciowych (m.in. na stronie internetowej swietopi.us.edu.pl oraz na Facebook\u2019u) zostan\u0105 umieszczone filmy i inne materia\u0142y zwi\u0105zane z \u015awi\u0119tem.<\/li>\n<li>Zaj\u0119cia, kt\u00f3re odb\u0119d\u0105 si\u0119 poprzez platform\u0119 Zoom b\u0119d\u0105 r\u00f3wnocze\u015bnie transmitowane za po\u015brednictwem nast\u0119puj\u0105cych kana\u0142\u00f3w\n<ul>\n<li>kana\u0142 nr 1: <a href=\"https:\/\/www.youtube.com\/watch?v=wUhvIijiO3w\">https:\/\/www.youtube.com\/UniwersytetSlaski<\/a><\/li>\n<li>kana\u0142 nr 2: <a href=\"https:\/\/www.youtube.com\/watch?v=4hVTk_rG2Ic\">https:\/\/www.youtube.com\/telewizjaus<\/a><\/li>\n<\/ul>\n<\/li>\n<li>Udzia\u0142 w wydarzeniach, kt\u00f3re b\u0119d\u0105 si\u0119 odbywa\u0142y za po\u015brednictwem platform Zoom i Google Meet wymagaj\u0105 wcze\u015bniejszych zapis\u00f3w, w tym zaakceptowania zgody na przetwarzanie danych osobowych. Podanie danych osobowych jest dobrowolne, ale niezb\u0119dne do przebiegu procesu rejestracji i udzia\u0142u w\u00a0wydarzeniach.<\/li>\n<li>Wydarzenia transmitowane za pomoc\u0105 kana\u0142\u00f3w YouTube oraz filmy i inne materia\u0142y umieszczone w tych mediach b\u0119d\u0105 og\u00f3lnodost\u0119pne i nie wymagaj\u0105 rejestracji (w\u00a0tym podawania danych osobowych).<\/li>\n<li>Bior\u0105c udzia\u0142 w wydarzeniach poprzez platform\u0119 Zoom uczestnicy powinni mie\u0107 wy\u0142\u0105czone kamery. Uczestnicy tych wydarze\u0144 zarejestrowani przez szko\u0142y loguj\u0105 si\u0119 wpisuj\u0105c nazw\u0119 szko\u0142y, za\u015b osoby rejestruj\u0105ce si\u0119 indywidualnie loguj\u0105 si\u0119 z wykorzystaniem otrzymanego wcze\u015bniej od organizator\u00f3w indywidualnego nick\u2019a (nie za pomoc\u0105 pe\u0142nego imienia i\u00a0nazwiska).<\/li>\n<li>Organizatorzy nie pokrywaj\u0105 koszt\u00f3w po\u0142\u0105cze\u0144 internetowych ani korzystania z \u0142\u0105cz internetowych niezb\u0119dnych do uczestnictwa w wydarzeniach.<\/li>\n<li>Organizatorzy zastrzegaj\u0105 sobie prawo do odwo\u0142ania wydarzenia lub jego cz\u0119\u015bci z przyczyn niezale\u017cnych od siebie.<\/li>\n<\/ol>\n<p>\n<\/div>\r\n                    <\/div>\r\n                <\/div>[\/vc_column][\/vc_row]<\/p>","protected":false},"excerpt":{"rendered":"<p>[vc_row el_class=&#8221;container&#8221;][vc_column][\/vc_column][\/vc_row][vc_row el_class=&#8221;container&#8221;][vc_column][vc_empty_space height=&#8221;50px&#8221;][vc_separator border_width=&#8221;5&#8243; el_class=&#8221;container&#8221;][\/vc_column][\/vc_row] [&#8230;]<\/p>\n<p><a class=\"btn btn-secondary understrap-read-more-link\" href=\"https:\/\/us.edu.pl\/wydzial\/wnst\/wspolpraca\/szkoly\/swieto-liczby-pi\/xv-edycja\/swieto-liczby-pi-zapisy\/\">Read More&#8230;<\/a><\/p>\n","protected":false},"author":92,"featured_media":0,"parent":23816,"menu_order":0,"comment_status":"closed","ping_status":"closed","template":"","meta":{"_expiration-date-status":"saved","_expiration-date":0,"_expiration-date-type":"","_expiration-date-categories":[],"_expiration-date-options":[]},"acf":[],"_links":{"self":[{"href":"https:\/\/us.edu.pl\/wydzial\/wnst\/wp-json\/wp\/v2\/pages\/9969"}],"collection":[{"href":"https:\/\/us.edu.pl\/wydzial\/wnst\/wp-json\/wp\/v2\/pages"}],"about":[{"href":"https:\/\/us.edu.pl\/wydzial\/wnst\/wp-json\/wp\/v2\/types\/page"}],"author":[{"embeddable":true,"href":"https:\/\/us.edu.pl\/wydzial\/wnst\/wp-json\/wp\/v2\/users\/92"}],"replies":[{"embeddable":true,"href":"https:\/\/us.edu.pl\/wydzial\/wnst\/wp-json\/wp\/v2\/comments?post=9969"}],"version-history":[{"count":9,"href":"https:\/\/us.edu.pl\/wydzial\/wnst\/wp-json\/wp\/v2\/pages\/9969\/revisions"}],"predecessor-version":[{"id":24488,"href":"https:\/\/us.edu.pl\/wydzial\/wnst\/wp-json\/wp\/v2\/pages\/9969\/revisions\/24488"}],"up":[{"embeddable":true,"href":"https:\/\/us.edu.pl\/wydzial\/wnst\/wp-json\/wp\/v2\/pages\/23816"}],"wp:attachment":[{"href":"https:\/\/us.edu.pl\/wydzial\/wnst\/wp-json\/wp\/v2\/media?parent=9969"}],"curies":[{"name":"wp","href":"https:\/\/api.w.org\/{rel}","templated":true}]}}