{"id":160193,"date":"2022-12-19T09:18:09","date_gmt":"2022-12-19T08:18:09","guid":{"rendered":"https:\/\/us.edu.pl\/wydzial\/wpia\/?page_id=160193"},"modified":"2025-09-23T09:33:37","modified_gmt":"2025-09-23T07:33:37","slug":"przedsiebiorczosc-proces-dyplomowania","status":"publish","type":"page","link":"https:\/\/us.edu.pl\/wydzial\/wpia\/en\/student\/proces-dyplomowania\/przedsiebiorczosc-proces-dyplomowania\/","title":{"rendered":"(Polski) Przedsi\u0119biorczo\u015b\u0107 &#8211; Proces dyplomowania"},"content":{"rendered":"<p>[\/vc_column_text][\/vc_column][\/vc_row]<\/p>\n<style type=\"text\/css\">a[data-mtli~=\"mtli_filesize10558kB\"]:after {content:\" (105.58 kB)\"}a[data-mtli~=\"mtli_filesize10797kB\"]:after {content:\" (107.97 kB)\"}a[data-mtli~=\"mtli_filesize10787kB\"]:after {content:\" (107.87 kB)\"}a[data-mtli~=\"mtli_filesize10579kB\"]:after {content:\" (105.79 kB)\"}a[data-mtli~=\"mtli_filesize11512kB\"]:after {content:\" (115.12 kB)\"}a[data-mtli~=\"mtli_filesize10610kB\"]:after {content:\" (106.10 kB)\"}a[data-mtli~=\"mtli_filesize10762kB\"]:after {content:\" (107.62 kB)\"}a[data-mtli~=\"mtli_filesize11383kB\"]:after {content:\" (113.83 kB)\"}a[data-mtli~=\"mtli_filesize10713kB\"]:after {content:\" (107.13 kB)\"}a[data-mtli~=\"mtli_filesize10838kB\"]:after {content:\" (108.38 kB)\"}a[data-mtli~=\"mtli_filesize10743kB\"]:after {content:\" (107.43 kB)\"}a[data-mtli~=\"mtli_filesize28530kB\"]:after {content:\" (285.30 kB)\"}a[data-mtli~=\"mtli_filesize11466kB\"]:after {content:\" (114.66 kB)\"}a[data-mtli~=\"mtli_filesize10795kB\"]:after {content:\" (107.95 kB)\"}a[data-mtli~=\"mtli_filesize10968kB\"]:after {content:\" (109.68 kB)\"}a[data-mtli~=\"mtli_filesize45942kB\"]:after {content:\" (459.42 kB)\"}a[data-mtli~=\"mtli_filesize10472kB\"]:after {content:\" (104.72 kB)\"}<\/style>","protected":false},"excerpt":{"rendered":"<p>[\/vc_column_text][\/vc_column][\/vc_row] [&#8230;]<\/p>\n<p><a class=\"btn btn-secondary understrap-read-more-link\" href=\"https:\/\/us.edu.pl\/wydzial\/wpia\/en\/student\/proces-dyplomowania\/przedsiebiorczosc-proces-dyplomowania\/\">Read More&#8230;<\/a><\/p>\n","protected":false},"author":107,"featured_media":0,"parent":159796,"menu_order":0,"comment_status":"closed","ping_status":"closed","template":"page-templates\/inner-page.php","meta":{"_expiration-date-status":"","_expiration-date":0,"_expiration-date-type":"","_expiration-date-categories":[],"_expiration-date-options":[]},"acf":[],"_links":{"self":[{"href":"https:\/\/us.edu.pl\/wydzial\/wpia\/en\/wp-json\/wp\/v2\/pages\/160193"}],"collection":[{"href":"https:\/\/us.edu.pl\/wydzial\/wpia\/en\/wp-json\/wp\/v2\/pages"}],"about":[{"href":"https:\/\/us.edu.pl\/wydzial\/wpia\/en\/wp-json\/wp\/v2\/types\/page"}],"author":[{"embeddable":true,"href":"https:\/\/us.edu.pl\/wydzial\/wpia\/en\/wp-json\/wp\/v2\/users\/107"}],"replies":[{"embeddable":true,"href":"https:\/\/us.edu.pl\/wydzial\/wpia\/en\/wp-json\/wp\/v2\/comments?post=160193"}],"version-history":[{"count":10,"href":"https:\/\/us.edu.pl\/wydzial\/wpia\/en\/wp-json\/wp\/v2\/pages\/160193\/revisions"}],"predecessor-version":[{"id":193287,"href":"https:\/\/us.edu.pl\/wydzial\/wpia\/en\/wp-json\/wp\/v2\/pages\/160193\/revisions\/193287"}],"up":[{"embeddable":true,"href":"https:\/\/us.edu.pl\/wydzial\/wpia\/en\/wp-json\/wp\/v2\/pages\/159796"}],"wp:attachment":[{"href":"https:\/\/us.edu.pl\/wydzial\/wpia\/en\/wp-json\/wp\/v2\/media?parent=160193"}],"curies":[{"name":"wp","href":"https:\/\/api.w.org\/{rel}","templated":true}]}}