{"id":162602,"date":"2023-03-23T12:38:54","date_gmt":"2023-03-23T11:38:54","guid":{"rendered":"https:\/\/us.edu.pl\/wydzial\/wpia\/?page_id=162602"},"modified":"2024-11-15T13:26:17","modified_gmt":"2024-11-15T12:26:17","slug":"fundacja-wydzialu-prawa-i-administracji-uniwersytetu-slaskiego-facultas-iuridica","status":"publish","type":"page","link":"https:\/\/us.edu.pl\/wydzial\/wpia\/en\/fundacja-wydzialu-prawa-i-administracji-uniwersytetu-slaskiego-facultas-iuridica\/","title":{"rendered":"(Polski) Fundacja Wydzia\u0142u Prawa i Administracji Uniwersytetu \u015al\u0105skiego Facultas Iuridica"},"content":{"rendered":"<p>[\/vc_column_text][\/vc_column][\/vc_row]<\/p>\n<style type=\"text\/css\">a[data-mtli~=\"mtli_filesize2042kB\"]:after {content:\" (20.42 kB)\"}a[data-mtli~=\"mtli_filesize20455kB\"]:after {content:\" (204.55 kB)\"}a[data-mtli~=\"mtli_filesize20481kB\"]:after {content:\" (204.81 kB)\"}a[data-mtli~=\"mtli_filesize108MB\"]:after {content:\" (1.08 MB)\"}a[data-mtli~=\"mtli_filesize97766kB\"]:after {content:\" (977.66 kB)\"}a[data-mtli~=\"mtli_filesize63150kB\"]:after {content:\" (631.50 kB)\"}<\/style>","protected":false},"excerpt":{"rendered":"<p>[\/vc_column_text][\/vc_column][\/vc_row] [&#8230;]<\/p>\n<p><a class=\"btn btn-secondary understrap-read-more-link\" href=\"https:\/\/us.edu.pl\/wydzial\/wpia\/en\/fundacja-wydzialu-prawa-i-administracji-uniwersytetu-slaskiego-facultas-iuridica\/\">Read More&#8230;<\/a><\/p>\n","protected":false},"author":107,"featured_media":0,"parent":0,"menu_order":0,"comment_status":"closed","ping_status":"closed","template":"page-templates\/page-with-bookmarks.php","meta":{"_expiration-date-status":"","_expiration-date":0,"_expiration-date-type":"","_expiration-date-categories":[],"_expiration-date-options":[]},"acf":[],"_links":{"self":[{"href":"https:\/\/us.edu.pl\/wydzial\/wpia\/en\/wp-json\/wp\/v2\/pages\/162602"}],"collection":[{"href":"https:\/\/us.edu.pl\/wydzial\/wpia\/en\/wp-json\/wp\/v2\/pages"}],"about":[{"href":"https:\/\/us.edu.pl\/wydzial\/wpia\/en\/wp-json\/wp\/v2\/types\/page"}],"author":[{"embeddable":true,"href":"https:\/\/us.edu.pl\/wydzial\/wpia\/en\/wp-json\/wp\/v2\/users\/107"}],"replies":[{"embeddable":true,"href":"https:\/\/us.edu.pl\/wydzial\/wpia\/en\/wp-json\/wp\/v2\/comments?post=162602"}],"version-history":[{"count":10,"href":"https:\/\/us.edu.pl\/wydzial\/wpia\/en\/wp-json\/wp\/v2\/pages\/162602\/revisions"}],"predecessor-version":[{"id":176808,"href":"https:\/\/us.edu.pl\/wydzial\/wpia\/en\/wp-json\/wp\/v2\/pages\/162602\/revisions\/176808"}],"wp:attachment":[{"href":"https:\/\/us.edu.pl\/wydzial\/wpia\/en\/wp-json\/wp\/v2\/media?parent=162602"}],"curies":[{"name":"wp","href":"https:\/\/api.w.org\/{rel}","templated":true}]}}