{"id":176600,"date":"2024-11-14T09:59:10","date_gmt":"2024-11-14T08:59:10","guid":{"rendered":"https:\/\/us.edu.pl\/wydzial\/wpia\/?page_id=176600"},"modified":"2024-11-25T14:21:03","modified_gmt":"2024-11-25T13:21:03","slug":"english-ibla","status":"publish","type":"page","link":"https:\/\/us.edu.pl\/wydzial\/wpia\/en\/english-ibla\/","title":{"rendered":"IBLA"},"content":{"rendered":"<p>[vc_row][vc_column]\r\n                <div class=\"text-modules\">\r\n                    <div class=\"container\">\r\n                        \r\n                        <div class=\"text-modules__content\"><\/p>\n<p style=\"text-align: justify;\"><span style=\"font-size: 12pt;\"><span style=\"color: #000080;\"><strong>International Business Law and Arbitration<\/strong>\u00a0<\/span>is a\u00a0<strong>post-graduate (Masters) course<\/strong> offering a range of subjects that are needed to conduct business activities in a modern way at an international level.\u00a0<strong>The course places particular emphasis<\/strong> on the international aspects of entrepreneurship, resolving business disputes, developing corporate strategies, and understanding the fundamentals of operating a business globally. This innovative and forward-thinking programme reflects the<strong> latest trends and developments in the field of international business. <\/strong>The course is delivered by\u00a0<strong>renowned specialists<\/strong>\u00a0from Poland and abroad.<\/span><\/p>\n<p style=\"text-align: justify;\"><span style=\"font-size: 12pt;\"><strong><br \/>\nCareer prospects:<\/strong><\/span><\/p>\n<p style=\"text-align: justify;\"><span style=\"font-size: 12pt;\">The skills that graduates acquire during these studies enable them to choose a career path aimed either directly at an individual career in business, or at its further development in international enterprises. The International Business Law and Arbitration studies prepare graduates for a career in:<\/span><\/p>\n<ul style=\"text-align: justify;\">\n<li><span style=\"font-size: 12pt;\"><strong>international corporations<\/strong>,<\/span><\/li>\n<li><span style=\"font-size: 12pt;\"><strong>NGOs,<\/strong><\/span><\/li>\n<li><span style=\"font-size: 12pt;\"><strong>companies operating globally.<\/strong><\/span><\/li>\n<\/ul>\n<p style=\"text-align: justify;\"><span style=\"font-size: 12pt;\">These studies align with the needs of both the global and Silesian markets, where an increasing number of international companies are establishing branches.<\/span><\/p>\n<p>&nbsp;<\/p>\n<p><span style=\"font-size: 12pt; font-family: Verdana, sans-serif;\">Administrative Support for IBLA:<\/span><\/p>\n<p><span style=\"font-size: 12pt;\"><strong><span style=\"font-family: Verdana, sans-serif;\">Agnieszka Jach-Wr\u00f3bel<\/span><\/strong><span style=\"font-family: Verdana, sans-serif;\"><br \/>\nph.: + 48 32 359 15 95<br \/>\nph.: +48 32 359 20 67<br \/>\ne-mail:\u00a0<a href=\"mailto:agnieszka.jach-wrobel@us.edu.pl\">agnieszka.jach-wrobel@us.edu.pl<\/a><\/span><\/span><\/p>\n<p><span style=\"font-size: 12pt;\"><strong><span style=\"font-family: Verdana, sans-serif;\">Anna Peas<\/span><\/strong><span style=\"font-family: Verdana, sans-serif;\"><br \/>\nph.: + 48 32 359 15 95<br \/>\ne-mail:\u00a0<a href=\"mailto:anna.peas@us.edu.pl\">anna.peas@us.edu.pl<\/a><\/span><\/span><\/p>\n<\/div>\r\n                    <\/div>\r\n                <\/div>[\/vc_column][\/vc_row][vc_row][vc_column]\r\n                <div class=\"text-modules\">\r\n                    <div class=\"container\">\r\n                        \r\n                        <div class=\"text-modules__content\"><\/p>\n<p><iframe loading=\"lazy\" title=\"Faculty of Law and Administration \u2013 Dr Magdalena P\u00f3\u0142torak, Dr Mateusz \u017baba\" width=\"640\" height=\"360\" src=\"https:\/\/www.youtube.com\/embed\/ZzqPU-V9M9M?list=PLlhOYvtSn-ftAJSPXuTxADc8u-Y_U5oQg\" frameborder=\"0\" allow=\"accelerometer; autoplay; clipboard-write; encrypted-media; gyroscope; picture-in-picture; web-share\" referrerpolicy=\"strict-origin-when-cross-origin\" allowfullscreen><\/iframe><\/p>\n<p>\n<\/div>\r\n                    <\/div>\r\n                <\/div>[\/vc_column][\/vc_row]<\/p>","protected":false},"excerpt":{"rendered":"<p>[vc_row][vc_column][\/vc_column][\/vc_row][vc_row][vc_column][\/vc_column][\/vc_row] [&#8230;]<\/p>\n<p><a class=\"btn btn-secondary understrap-read-more-link\" href=\"https:\/\/us.edu.pl\/wydzial\/wpia\/en\/english-ibla\/\">Read More&#8230;<\/a><\/p>\n","protected":false},"author":107,"featured_media":0,"parent":0,"menu_order":0,"comment_status":"closed","ping_status":"closed","template":"page-templates\/page-with-bookmarks.php","meta":{"_expiration-date-status":"","_expiration-date":0,"_expiration-date-type":"","_expiration-date-categories":[],"_expiration-date-options":[]},"acf":[],"_links":{"self":[{"href":"https:\/\/us.edu.pl\/wydzial\/wpia\/en\/wp-json\/wp\/v2\/pages\/176600"}],"collection":[{"href":"https:\/\/us.edu.pl\/wydzial\/wpia\/en\/wp-json\/wp\/v2\/pages"}],"about":[{"href":"https:\/\/us.edu.pl\/wydzial\/wpia\/en\/wp-json\/wp\/v2\/types\/page"}],"author":[{"embeddable":true,"href":"https:\/\/us.edu.pl\/wydzial\/wpia\/en\/wp-json\/wp\/v2\/users\/107"}],"replies":[{"embeddable":true,"href":"https:\/\/us.edu.pl\/wydzial\/wpia\/en\/wp-json\/wp\/v2\/comments?post=176600"}],"version-history":[{"count":10,"href":"https:\/\/us.edu.pl\/wydzial\/wpia\/en\/wp-json\/wp\/v2\/pages\/176600\/revisions"}],"predecessor-version":[{"id":193169,"href":"https:\/\/us.edu.pl\/wydzial\/wpia\/en\/wp-json\/wp\/v2\/pages\/176600\/revisions\/193169"}],"wp:attachment":[{"href":"https:\/\/us.edu.pl\/wydzial\/wpia\/en\/wp-json\/wp\/v2\/media?parent=176600"}],"curies":[{"name":"wp","href":"https:\/\/api.w.org\/{rel}","templated":true}]}}