{"id":197721,"date":"2026-05-05T13:34:17","date_gmt":"2026-05-05T11:34:17","guid":{"rendered":"https:\/\/us.edu.pl\/wydzial\/wpia\/?page_id=197721"},"modified":"2026-05-05T13:48:20","modified_gmt":"2026-05-05T11:48:20","slug":"przyszlosc-prawa-pracy","status":"publish","type":"page","link":"https:\/\/us.edu.pl\/wydzial\/wpia\/en\/przyszlosc-prawa-pracy\/","title":{"rendered":"(Polski) Przysz\u0142o\u015b\u0107 prawa pracy"},"content":{"rendered":"<p class=\"qtranxs-available-languages-message qtranxs-available-languages-message-en\">Sorry, this entry is only available in <a href=\"https:\/\/us.edu.pl\/wydzial\/wpia\/pl\/wp-json\/wp\/v2\/pages\/197721\" class=\"qtranxs-available-language-link qtranxs-available-language-link-pl\" title=\"Polski\">Polish<\/a>.<\/p>","protected":false},"excerpt":{"rendered":"<p>Sorry, this entry is only available in Polish. [&#8230;]<\/p>\n<p><a class=\"btn btn-secondary understrap-read-more-link\" href=\"https:\/\/us.edu.pl\/wydzial\/wpia\/en\/przyszlosc-prawa-pracy\/\">Read More&#8230;<\/a><\/p>\n","protected":false},"author":107,"featured_media":0,"parent":0,"menu_order":0,"comment_status":"closed","ping_status":"closed","template":"","meta":{"_expiration-date-status":"","_expiration-date":0,"_expiration-date-type":"","_expiration-date-categories":[],"_expiration-date-options":[]},"acf":[],"_links":{"self":[{"href":"https:\/\/us.edu.pl\/wydzial\/wpia\/en\/wp-json\/wp\/v2\/pages\/197721"}],"collection":[{"href":"https:\/\/us.edu.pl\/wydzial\/wpia\/en\/wp-json\/wp\/v2\/pages"}],"about":[{"href":"https:\/\/us.edu.pl\/wydzial\/wpia\/en\/wp-json\/wp\/v2\/types\/page"}],"author":[{"embeddable":true,"href":"https:\/\/us.edu.pl\/wydzial\/wpia\/en\/wp-json\/wp\/v2\/users\/107"}],"replies":[{"embeddable":true,"href":"https:\/\/us.edu.pl\/wydzial\/wpia\/en\/wp-json\/wp\/v2\/comments?post=197721"}],"version-history":[{"count":4,"href":"https:\/\/us.edu.pl\/wydzial\/wpia\/en\/wp-json\/wp\/v2\/pages\/197721\/revisions"}],"predecessor-version":[{"id":197735,"href":"https:\/\/us.edu.pl\/wydzial\/wpia\/en\/wp-json\/wp\/v2\/pages\/197721\/revisions\/197735"}],"wp:attachment":[{"href":"https:\/\/us.edu.pl\/wydzial\/wpia\/en\/wp-json\/wp\/v2\/media?parent=197721"}],"curies":[{"name":"wp","href":"https:\/\/api.w.org\/{rel}","templated":true}]}}