{"id":7820,"date":"2022-01-17T10:34:10","date_gmt":"2022-01-17T09:34:10","guid":{"rendered":"https:\/\/us.edu.pl\/wydzial\/wpia\/?page_id=7820"},"modified":"2026-03-24T12:18:42","modified_gmt":"2026-03-24T11:18:42","slug":"harmonogram-sesji","status":"publish","type":"page","link":"https:\/\/us.edu.pl\/wydzial\/wpia\/en\/student\/harmonogramy\/harmonogram-sesji\/","title":{"rendered":"Harmonogram sesji"},"content":{"rendered":"<p>[vc_row disable_element=&#8221;yes&#8221;][vc_column]\r\n                <div class=\"text-modules\">\r\n                    <div class=\"container\">\r\n                        <h3 class=\"page-title text__title\">Zimowa sesja egzaminacyjna 2024\/2025<\/h3>\r\n                        <div class=\"text-modules__content\"><\/div>\r\n                    <\/div>\r\n                <\/div>[\/vc_column][\/vc_row][vc_row content_placement=&#8221;middle&#8221; disable_element=&#8221;yes&#8221;][vc_column][vc_tta_tabs style=&#8221;modern&#8221; color=&#8221;blue&#8221; spacing=&#8221;10&#8243; gap=&#8221;3&#8243; alignment=&#8221;center&#8221; active_section=&#8221;1&#8243; pagination_style=&#8221;flat-rounded&#8221; pagination_color=&#8221;sky&#8221; css_animation=&#8221;fadeIn&#8221;][vc_tta_section i_position=&#8221;right&#8221; i_icon_fontawesome=&#8221;fa fa-balance-scale&#8221; add_icon=&#8221;true&#8221; title=&#8221;Prawo&#8221; tab_id=&#8221;1629288916071-158a07b9-0405&#8243;][vc_btn title=&#8221;Stacjonarne i Niestacjonarne&#8221; color=&#8221;primary&#8221; size=&#8221;lg&#8221; align=&#8221;center&#8221; link=&#8221;url:https%3A%2F%2Fus.edu.pl%2Fwydzial%2Fwpia%2Fwp-content%2Fuploads%2Fsites%2F19%2FHarmonogramy%2FSesje%2FSZ-25%2FZimowa-sesja-egzaminacyjna-2024_2025-Prawo-Stacjonarne-i-Niestacjonarne-3.pdf&#8221;]\r\n                <div class=\"text-modules\">\r\n                    <div class=\"container\">\r\n                        \r\n                        <div class=\"text-modules__content\"><\/p>\n<hr \/>\n<p style=\"text-align: center;\">Zimowa, poprawkowa sesja egzaminacyjna 2024\/2025<\/p>\n<p>\n<\/div>\r\n                    <\/div>\r\n                <\/div>[vc_btn title=&#8221;Harmonogram sesji poprawkowej&#8221; color=&#8221;primary&#8221; size=&#8221;lg&#8221; align=&#8221;center&#8221; link=&#8221;url:https%3A%2F%2Fus.edu.pl%2Fwydzial%2Fwpia%2Fwp-content%2Fuploads%2Fsites%2F19%2FHarmonogramy%2FSesje%2FSZ-25%2FPoprawkowa-Zimowa-sesja-egzaminacyjna-2024_2025-Prawo-5.pdf|target:_blank&#8221;][\/vc_tta_section][vc_tta_section i_position=&#8221;right&#8221; i_type=&#8221;material&#8221; i_icon_material=&#8221;vc-material vc-material-account_balance&#8221; add_icon=&#8221;true&#8221; title=&#8221;Administracja&#8221; tab_id=&#8221;1629288916083-01566bfe-557f&#8221;][vc_btn title=&#8221;Stacjonarne i Niestacjonarne&#8221; color=&#8221;primary&#8221; size=&#8221;lg&#8221; align=&#8221;center&#8221; link=&#8221;url:https%3A%2F%2Fus.edu.pl%2Fwydzial%2Fwpia%2Fwp-content%2Fuploads%2Fsites%2F19%2FHarmonogramy%2FSesje%2FSZ-25%2FZimowa-sesja-egzaminacyjna-2024_2025-Administracja-I-i-II-stopnia-studia-stacjonarne-i-niestacjonarne-2.pdf&#8221;]\r\n                <div class=\"text-modules\">\r\n                    <div class=\"container\">\r\n                        \r\n                        <div class=\"text-modules__content\"><\/p>\n<hr \/>\n<p style=\"text-align: center;\">Zimowa, poprawkowa sesja egzaminacyjna 2024\/2025<\/p>\n<p>\n<\/div>\r\n                    <\/div>\r\n                <\/div>[vc_btn title=&#8221;Harmonogram sesji poprawkowej&#8221; color=&#8221;primary&#8221; size=&#8221;lg&#8221; align=&#8221;center&#8221; link=&#8221;url:https%3A%2F%2Fus.edu.pl%2Fwydzial%2Fwpia%2Fwp-content%2Fuploads%2Fsites%2F19%2FHarmonogramy%2FSesje%2FSZ-25%2FPoprawkowa-Zimowa-sesja-egzaminacyjna-2024_2025-Administracja-2.pdf&#8221;][\/vc_tta_section][vc_tta_section i_position=&#8221;right&#8221; i_icon_fontawesome=&#8221;fa fa-briefcase&#8221; add_icon=&#8221;true&#8221; title=&#8221;Przedsi\u0119biorczo\u015b\u0107&#8221; tab_id=&#8221;1629288938718-2cb71622-c3c5&#8243;][vc_btn title=&#8221;Stacjonarne&#8221; color=&#8221;primary&#8221; size=&#8221;lg&#8221; align=&#8221;center&#8221; link=&#8221;url:https%3A%2F%2Fus.edu.pl%2Fwydzial%2Fwpia%2Fwp-content%2Fuploads%2Fsites%2F19%2FHarmonogramy%2FSesje%2FSZ-25%2FZimowa-sesja-egzaminacyjna-2024_2025-Przedsiebiorczosc-I-i-II-stopnia-5.pdf&#8221;]\r\n                <div class=\"text-modules\">\r\n                    <div class=\"container\">\r\n                        \r\n                        <div class=\"text-modules__content\"><\/p>\n<hr \/>\n<p style=\"text-align: center;\">Zimowa, poprawkowa sesja egzaminacyjna 2024\/2025<\/p>\n<p>\n<\/div>\r\n                    <\/div>\r\n                <\/div>[vc_btn title=&#8221;Harmonogram sesji poprawkowej&#8221; color=&#8221;primary&#8221; size=&#8221;lg&#8221; align=&#8221;center&#8221; link=&#8221;url:https%3A%2F%2Fus.edu.pl%2Fwydzial%2Fwpia%2Fwp-content%2Fuploads%2Fsites%2F19%2FHarmonogramy%2FSesje%2FSZ-25%2FPoprawkowa-Zimowa-sesja-egzaminacyjna-2024_2025-Przedsiebiorczosc-I-i-II-stopnia-1.pdf&#8221;][\/vc_tta_section][vc_tta_section i_position=&#8221;right&#8221; i_icon_fontawesome=&#8221;fas fa-business-time&#8221; add_icon=&#8221;true&#8221; title=&#8221;Prawo w biznesie&#8221; tab_id=&#8221;1737704884293-1f92163f-c073&#8243;][vc_btn title=&#8221;Stacjonarne&#8221; color=&#8221;primary&#8221; size=&#8221;lg&#8221; align=&#8221;center&#8221; link=&#8221;url:https%3A%2F%2Fus.edu.pl%2Fwydzial%2Fwpia%2Fwp-content%2Fuploads%2Fsites%2F19%2FHarmonogramy%2FSesje%2FSZ-25%2FZimowa-sesja-egzaminacyjna-2024_2025-Prawo-w-biznesie-II-stopnia.pdf&#8221;]\r\n                <div class=\"text-modules\">\r\n                    <div class=\"container\">\r\n                        \r\n                        <div class=\"text-modules__content\"><\/p>\n<hr \/>\n<p style=\"text-align: center;\">Zimowa, poprawkowa sesja egzaminacyjna 2024\/2025<\/p>\n<p>\n<\/div>\r\n                    <\/div>\r\n                <\/div>[vc_btn title=&#8221;Harmonogram sesji poprawkowej&#8221; color=&#8221;primary&#8221; size=&#8221;lg&#8221; align=&#8221;center&#8221; link=&#8221;url:https%3A%2F%2Fus.edu.pl%2Fwydzial%2Fwpia%2Fwp-content%2Fuploads%2Fsites%2F19%2FHarmonogramy%2FSesje%2FSZ-25%2FPoprawkowa-Zimowa-sesja-egzaminacyjna-2024_2025-Prawo-w-biznesie.pdf&#8221;][\/vc_tta_section][vc_tta_section i_position=&#8221;right&#8221; i_type=&#8221;entypo&#8221; i_icon_entypo=&#8221;entypo-icon entypo-icon-graduation-cap&#8221; add_icon=&#8221;true&#8221; title=&#8221;International Business Law and Arbitration&#8221; tab_id=&#8221;1629288988237-f09869e5-866f&#8221;][vc_btn title=&#8221;Stacjonarne&#8221; color=&#8221;primary&#8221; size=&#8221;lg&#8221; align=&#8221;center&#8221; link=&#8221;url:https%3A%2F%2Fus.edu.pl%2Fwydzial%2Fwpia%2Fwp-content%2Fuploads%2Fsites%2F19%2FHarmonogramy%2FSesje%2FSZ-25%2FZimowa-sesja-egzaminacyjna-2024_2025-IBLA-II-stopnia.pdf&#8221;]\r\n                <div class=\"text-modules\">\r\n                    <div class=\"container\">\r\n                        \r\n                        <div class=\"text-modules__content\"><\/p>\n<hr \/>\n<p style=\"text-align: center;\">Zimowa, poprawkowa sesja egzaminacyjna 2024\/2025<\/p>\n<p>\n<\/div>\r\n                    <\/div>\r\n                <\/div>[vc_btn title=&#8221;Harmonogram sesji poprawkowej&#8221; color=&#8221;primary&#8221; size=&#8221;lg&#8221; align=&#8221;center&#8221; link=&#8221;url:https%3A%2F%2Fus.edu.pl%2Fwydzial%2Fwpia%2Fwp-content%2Fuploads%2Fsites%2F19%2FHarmonogramy%2FSesje%2FSZ-25%2FPoprawkowa-Zimowa-sesja-egzaminacyjna-2024_2025-IBLA-1.pdf&#8221;][\/vc_tta_section][vc_tta_section i_position=&#8221;right&#8221; i_icon_fontawesome=&#8221;fa fa-envira&#8221; add_icon=&#8221;true&#8221; title=&#8221;Administrowanie \u015brodowiskiem&#8221; tab_id=&#8221;1629454070623-577c2364-ac07&#8243;][vc_btn title=&#8221;Stacjonarne&#8221; color=&#8221;primary&#8221; size=&#8221;lg&#8221; align=&#8221;center&#8221; link=&#8221;url:https%3A%2F%2Fus.edu.pl%2Fwydzial%2Fwpia%2Fwp-content%2Fuploads%2Fsites%2F19%2FHarmonogramy%2FSesje%2FSZ-25%2FZimowa-sesja-egzaminacyjna-2024_2025-Administrowanie-Srodowiskiem-II-stopnia.pdf&#8221;]\r\n                <div class=\"text-modules\">\r\n                    <div class=\"container\">\r\n                        \r\n                        <div class=\"text-modules__content\"><\/p>\n<hr \/>\n<p style=\"text-align: center;\">Zimowa, poprawkowa sesja egzaminacyjna 2024\/2025<\/p>\n<p>\n<\/div>\r\n                    <\/div>\r\n                <\/div>[vc_btn title=&#8221;Harmonogram sesji poprawkowej&#8221; color=&#8221;primary&#8221; size=&#8221;lg&#8221; align=&#8221;center&#8221; link=&#8221;url:https%3A%2F%2Fus.edu.pl%2Fwydzial%2Fwpia%2Fwp-content%2Fuploads%2Fsites%2F19%2FHarmonogramy%2FSesje%2FSZ-25%2FPoprawkowa-Zimowa-sesja-egzaminacyjna-2024_2025-AS-II-stopnia.pdf&#8221;][\/vc_tta_section][\/vc_tta_tabs][\/vc_column][\/vc_row][vc_row content_placement=&#8221;middle&#8221; disable_element=&#8221;yes&#8221;][vc_column][vc_tta_tabs style=&#8221;modern&#8221; color=&#8221;blue&#8221; spacing=&#8221;10&#8243; gap=&#8221;3&#8243; alignment=&#8221;center&#8221; active_section=&#8221;1&#8243; pagination_style=&#8221;flat-rounded&#8221; pagination_color=&#8221;blue&#8221; css_animation=&#8221;fadeIn&#8221; no_fill_content_area=&#8221;true&#8221;][vc_tta_section i_position=&#8221;right&#8221; i_icon_fontawesome=&#8221;&#8221; add_icon=&#8221;true&#8221; tab_id=&#8221;1724067624582-72c150ba-ac62&#8243; title=&#8221;Dodatkowe terminy&#8221;][vc_btn title=&#8221;Egzaminy przedterminowe&#8221; color=&#8221;primary&#8221; size=&#8221;lg&#8221; align=&#8221;center&#8221; link=&#8221;url:https%3A%2F%2Fus.edu.pl%2Fwydzial%2Fwpia%2Fwp-content%2Fuploads%2Fsites%2F19%2FHarmonogramy%2FEgzaminy%2FEgzaminy-przedterminowe-24-25-1.pdf&#8221;][\/vc_tta_section][\/vc_tta_tabs][\/vc_column][\/vc_row][vc_row][vc_column width=&#8221;2\/3&#8243;][\/vc_column][vc_column width=&#8221;1\/3&#8243;][vc_btn title=&#8221;Powr\u00f3t&#8221; color=&#8221;sky&#8221; align=&#8221;right&#8221; i_align=&#8221;right&#8221; i_icon_fontawesome=&#8221;fa fa-arrow-left&#8221; add_icon=&#8221;true&#8221; link=&#8221;url:https%3A%2F%2Fus.edu.pl%2Fwydzial%2Fwpia%2F|||&#8221;][\/vc_column][\/vc_row][vc_column][\/vc_column]<\/p>","protected":false},"excerpt":{"rendered":"<p>[vc_row disable_element=&#8221;yes&#8221;][vc_column][\/vc_column][\/vc_row][vc_row content_placement=&#8221;middle&#8221; disable_element=&#8221;yes&#8221;][vc_column][vc_tta_tabs style=&#8221;modern&#8221; color=&#8221;blue&#8221; spacing=&#8221;10&#8243; gap=&#8221;3&#8243; alignment=&#8221;center&#8221; active_section=&#8221;1&#8243; pagination_style=&#8221;flat-rounded&#8221; pagination_color=&#8221;sky&#8221; css_animation=&#8221;fadeIn&#8221;][vc_tta_section i_position=&#8221;right&#8221; i_icon_fontawesome=&#8221;fa fa-balance-scale&#8221; add_icon=&#8221;true&#8221; title=&#8221;Prawo&#8221; tab_id=&#8221;1629288916071-158a07b9-0405&#8243;][vc_btn title=&#8221;Stacjonarne i Niestacjonarne&#8221; color=&#8221;primary&#8221; size=&#8221;lg&#8221; align=&#8221;center&#8221; link=&#8221;url:https%3A%2F%2Fus.edu.pl%2Fwydzial%2Fwpia%2Fwp-content%2Fuploads%2Fsites%2F19%2FHarmonogramy%2FSesje%2FSZ-25%2FZimowa-sesja-egzaminacyjna-2024_2025-Prawo-Stacjonarne-i-Niestacjonarne-3.pdf&#8221;][vc_btn title=&#8221;Harmonogram sesji poprawkowej&#8221; color=&#8221;primary&#8221; size=&#8221;lg&#8221; align=&#8221;center&#8221; link=&#8221;url:https%3A%2F%2Fus.edu.pl%2Fwydzial%2Fwpia%2Fwp-content%2Fuploads%2Fsites%2F19%2FHarmonogramy%2FSesje%2FSZ-25%2FPoprawkowa-Zimowa-sesja-egzaminacyjna-2024_2025-Prawo-5.pdf|target:_blank&#8221;][\/vc_tta_section][vc_tta_section i_position=&#8221;right&#8221; i_type=&#8221;material&#8221; i_icon_material=&#8221;vc-material vc-material-account_balance&#8221; add_icon=&#8221;true&#8221; title=&#8221;Administracja&#8221; tab_id=&#8221;1629288916083-01566bfe-557f&#8221;][vc_btn title=&#8221;Stacjonarne i Niestacjonarne&#8221; color=&#8221;primary&#8221; size=&#8221;lg&#8221; align=&#8221;center&#8221; link=&#8221;url:https%3A%2F%2Fus.edu.pl%2Fwydzial%2Fwpia%2Fwp-content%2Fuploads%2Fsites%2F19%2FHarmonogramy%2FSesje%2FSZ-25%2FZimowa-sesja-egzaminacyjna-2024_2025-Administracja-I-i-II-stopnia-studia-stacjonarne-i-niestacjonarne-2.pdf&#8221;][vc_btn title=&#8221;Harmonogram sesji poprawkowej&#8221; color=&#8221;primary&#8221; size=&#8221;lg&#8221; align=&#8221;center&#8221; link=&#8221;url:https%3A%2F%2Fus.edu.pl%2Fwydzial%2Fwpia%2Fwp-content%2Fuploads%2Fsites%2F19%2FHarmonogramy%2FSesje%2FSZ-25%2FPoprawkowa-Zimowa-sesja-egzaminacyjna-2024_2025-Administracja-2.pdf&#8221;][\/vc_tta_section][vc_tta_section i_position=&#8221;right&#8221; [&#8230;]<\/p>\n<p><a class=\"btn btn-secondary understrap-read-more-link\" href=\"https:\/\/us.edu.pl\/wydzial\/wpia\/en\/student\/harmonogramy\/harmonogram-sesji\/\">Read More&#8230;<\/a><\/p>\n","protected":false},"author":3414,"featured_media":0,"parent":347,"menu_order":0,"comment_status":"closed","ping_status":"closed","template":"page-templates\/inner-page.php","meta":{"_expiration-date-status":"","_expiration-date":0,"_expiration-date-type":"","_expiration-date-categories":[],"_expiration-date-options":[]},"acf":[],"_links":{"self":[{"href":"https:\/\/us.edu.pl\/wydzial\/wpia\/en\/wp-json\/wp\/v2\/pages\/7820"}],"collection":[{"href":"https:\/\/us.edu.pl\/wydzial\/wpia\/en\/wp-json\/wp\/v2\/pages"}],"about":[{"href":"https:\/\/us.edu.pl\/wydzial\/wpia\/en\/wp-json\/wp\/v2\/types\/page"}],"author":[{"embeddable":true,"href":"https:\/\/us.edu.pl\/wydzial\/wpia\/en\/wp-json\/wp\/v2\/users\/3414"}],"replies":[{"embeddable":true,"href":"https:\/\/us.edu.pl\/wydzial\/wpia\/en\/wp-json\/wp\/v2\/comments?post=7820"}],"version-history":[{"count":10,"href":"https:\/\/us.edu.pl\/wydzial\/wpia\/en\/wp-json\/wp\/v2\/pages\/7820\/revisions"}],"predecessor-version":[{"id":197083,"href":"https:\/\/us.edu.pl\/wydzial\/wpia\/en\/wp-json\/wp\/v2\/pages\/7820\/revisions\/197083"}],"up":[{"embeddable":true,"href":"https:\/\/us.edu.pl\/wydzial\/wpia\/en\/wp-json\/wp\/v2\/pages\/347"}],"wp:attachment":[{"href":"https:\/\/us.edu.pl\/wydzial\/wpia\/en\/wp-json\/wp\/v2\/media?parent=7820"}],"curies":[{"name":"wp","href":"https:\/\/api.w.org\/{rel}","templated":true}]}}