{"id":10663,"date":"2022-04-19T12:24:02","date_gmt":"2022-04-19T10:24:02","guid":{"rendered":"https:\/\/us.edu.pl\/wydzial\/wpia\/?page_id=10663"},"modified":"2023-02-24T08:09:39","modified_gmt":"2023-02-24T07:09:39","slug":"pan-european-seal","status":"publish","type":"page","link":"https:\/\/us.edu.pl\/wydzial\/wpia\/wspolpraca\/wspolpraca-miedzynarodowa\/pan-european-seal\/","title":{"rendered":"Pan-European Seal"},"content":{"rendered":"<p>[vc_row][vc_column]\r\n                <div class=\"text-modules\">\r\n                    <div class=\"container\">\r\n                        \r\n                        <div class=\"text-modules__content\"><p><img class=\"size-medium wp-image-10675 aligncenter\" src=\"https:\/\/us.edu.pl\/wydzial\/wpia\/wp-content\/uploads\/sites\/19\/Wydarzenia\/pan-europan-seal-logo-light-500x83.png\" alt=\"\" width=\"500\" height=\"83\" srcset=\"https:\/\/us.edu.pl\/wydzial\/wpia\/wp-content\/uploads\/sites\/19\/Wydarzenia\/pan-europan-seal-logo-light-500x83.png 500w, https:\/\/us.edu.pl\/wydzial\/wpia\/wp-content\/uploads\/sites\/19\/Wydarzenia\/pan-europan-seal-logo-light-575x96.png 575w, https:\/\/us.edu.pl\/wydzial\/wpia\/wp-content\/uploads\/sites\/19\/Wydarzenia\/pan-europan-seal-logo-light.png 719w\" sizes=\"(max-width: 500px) 100vw, 500px\" \/><\/p>\n<p>Wydzia\u0142 Prawa i Administracji Uniwersytetu \u015al\u0105skiego jest uczestnikiem Pan-European Programme \u2013 programu koordynowanego przez dwa najwa\u017cniejsze europejskie urz\u0119dy dzia\u0142aj\u0105ce w zakresie promowania i ochrony w\u0142asno\u015bci intelektualnej:<\/p>\n<p>Urz\u0105d Unii Europejskiej ds. W\u0142asno\u015bci Intelektualnej (EUIPO) <a href=\"https:\/\/euipo.europa.eu\/ohimportal\/pl\">https:\/\/euipo.europa.eu\/ohimportal\/pl<\/a><\/p>\n<p>Europejski Urz\u0105d Patentowy (EPO) <a href=\"https:\/\/www.epo.org\/\">https:\/\/www.epo.org\/<\/a><\/p>\n<p>Celem programu jest dotarcie do \u015brodowiska akademickiego z promocj\u0105 internetowych narz\u0119dzi edukacyjnych stworzonych przez oba Biura, u\u0142atwienie m\u0142odym ludziom dost\u0119pu do rynku pracy oraz intensyfikowanie wymiany mi\u0119dzynarodowej.<\/p>\n<p>Z ramienia Wydzia\u0142u Prawa i Administracji Uniwersytetu \u015al\u0105skiego wsp\u00f3\u0142prac\u0119 koordynuje Pani dr hab. Marlena Jankowska-Augustyn, prof. U\u015a, Dyrektor Centrum Prawa Designu, Mody i Reklamy.<\/p>\n<p>Zach\u0119camy do korzystania z materia\u0142\u00f3w szkoleniowych z zakresu prawa w\u0142asno\u015bci intelektualnej zamieszczonych w serwisach e-learningowych Urz\u0119d\u00f3w:<\/p>\n<p>\u2022 European Patent Office: <a href=\"https:\/\/www.epo.org\/learning.html\">https:\/\/www.epo.org\/learning.html<\/a><br \/>\n\u2022 Academy Learning Portal European Intellectual Property Office (wymaga za\u0142o\u017cenia konta jako Members of the Pan-European Seal Programme: <a href=\"https:\/\/euipo.europa.eu\/knowledge\/login\/index_euipo.php\">https:\/\/euipo.europa.eu\/knowledge\/login\/index_euipo.php<\/a><br \/>\n\u2022 IP Teaching Kit: <a href=\"https:\/\/www.epo.org\/learning\/materials\/kit.html\">https:\/\/www.epo.org\/learning\/materials\/kit.html<\/a><\/p>\n<p>W ramach Pan-European Seal Programme organizowanych jest szereg inicjatyw skierowanych do partner\u00f3w programu (zar\u00f3wno pracownik\u00f3w naukowych uczelni, jak i student\u00f3w), m.in. seminaria i konferencje, szkolenia online, wirtualne zwiedzanie urz\u0119du, letnie szko\u0142y prawa i sta\u017ce. Informacje o kolejnych wydarzeniach b\u0119d\u0105 zamieszczane na bie\u017c\u0105co, zach\u0119camy wi\u0119c do \u015bledzenia zak\u0142adki.<\/p>\n<\/div>\r\n                    <\/div>\r\n                <\/div>\r\n                <div class=\"tiles-section\" style=\"background: \">\r\n                    <div class=\"container\">\r\n                        <h3 class=\"page-title\"><\/h3>\r\n                        <div class=\"tiles tiles-2\">\r\n                            <a href=\"https:\/\/www.lawinstyle.us.edu.pl\/blog\/\" class=\"tile tile_double \" style=\"background-color: #002E5A; font-weight: ; color: #ffffff;  \">\r\n                                \r\n                                   <div class=\"tile__img\"><img src=\"https:\/\/us.edu.pl\/wydzial\/wpia\/wp-content\/uploads\/sites\/19\/Ogolne\/law_in_style__logotypes__complete-pdf-p427px5469huhti2iq9wi7w9wbmmhlvcelp9j9w29i.png\" alt=\"Blog PES Programme\"> <\/div>\r\n                               \r\n                                <div class=\"tile__name\">Blog PES Programme<\/div>\r\n                            <\/a><\/div>\r\n                    <\/div>\r\n                <\/div>\n\t\t\t\t<input type=\"hidden\" name=\"promoted_only\" value=\"\">\n\t\t\t\t<input type=\"hidden\" name=\"order\" value=\"ASC\">\n\t\t\t\t<input type=\"hidden\" name=\"order_by\" value=\"post_date\">\n\n\t\t\t\t<div class=\"article-loop loop-section article-loop_tall color-blue\" style=\"background: \">\n\t\t\t\t\t <div class=\"container \">\n\t\t\t\t\t \t<div class=\"col-12 article-loop-gutter-left\">\n\t\t\t\t\t\t  <div class=\"article-loop-top loop-section-top\">\n\t\t\t\t\t\t\t\t<h2 class=\"section-title\"><\/h2><div class=\"article-loop-top_right loop-section-top__right\" >    <a href = \"https:\/\/us.edu.pl\/wydzial\/wpia\/wszystko?title=&order=ASC&order_by=post_date&categories%5B0%5D=19-71\" class=\"link-button \" > Wszystko<\/a><\/div>  \n\t\t\t\t\t\t  <\/div>\n\t\t\t\t\t\t  <div class=\"article-loop-main carousel\" data-home-url=\"https:\/\/us.edu.pl\/wydzial\/wpia\" >\n\t\t\t\t\t\t\t\t<a href = \"#\" data-slide = \"prev\" title=\"przesu\u0144 pasek w lewo\" class=\"arrow\" >\n\t\t\t\t\t\t\t\t\t <em class=\"ci ci-arrow-left\" ><\/em >\n\t\t\t\t\t\t\t\t\t <span class=\"d-none\" > arrow<\/span >\n\t\t\t\t\t\t\t\t<\/a>\n\t \n\t\t\t\t\t\t\t\t<a href = \"#\" data-slide = \"next\" title=\"przesu\u0144 pasek  w prawo\" class=\"arrow\" >\n\t\t\t\t\t\t\t\t\t <em class=\"ci ci-arrow-right\" ><\/em >\n\t\t\t\t\t\t\t\t\t <span class=\"d-none\" > arrow<\/span >\n\t\t\t\t\t\t\t\t<\/a>\n\t\t\t\t\t\t\t\t<div class=\"row items\" >\n\t\t\t\t\t\t\t\t\t \r\n            <article class=\"article-loop-post carousel-slide\">\r\n                <a href=\"https:\/\/us.edu.pl\/wydzial\/wpia\/event\/2022-pan-european-seal-programme-ip-campus\/\" class=\"article-loop-post__thumbnail thumbnail\"\r\n                    style=\"background-image: url(https:\/\/us.edu.pl\/wydzial\/wpia\/wp-content\/uploads\/sites\/19\/Wiadomosci\/ip-campus-kafel-500x375.png)\">\r\n                    <span>wi\u0119cej<\/span>\r\n                <\/a>\r\n\r\n                <div class=\"article-loop-post__content\">\r\n                    <h3 class=\"article-loop-post__title\">\r\n                        <a href=\"https:\/\/us.edu.pl\/wydzial\/wpia\/event\/2022-pan-european-seal-programme-ip-campus\/\">2022 Pan-European Seal Programme \u201eIP CAMPUS\u201d<\/a>\r\n                    <\/h3>\r\n            \r\n                    <div class=\"article-loop-post__categories\">\r\n                        <a href=\"https:\/\/us.edu.pl\/wydzial\/wpia\/category\/paneu\/\">PanEU<\/a><a href=\"https:\/\/us.edu.pl\/wydzial\/wpia\/category\/wydarzenia\/\">Wydarzenia<\/a>\r\n                    <\/div>    \r\n                <\/div>\r\n            <\/article>\r\n        \r\n            <article class=\"article-loop-post carousel-slide\">\r\n                <a href=\"https:\/\/us.edu.pl\/wydzial\/wpia\/2022\/04\/19\/academic-research-visits\/\" class=\"article-loop-post__thumbnail thumbnail\"\r\n                    style=\"background-image: url(https:\/\/us.edu.pl\/wydzial\/wpia\/wp-content\/themes\/uniwersytet-slaski\/img\/post\/default.jpg)\">\r\n                    <span>wi\u0119cej<\/span>\r\n                <\/a>\r\n\r\n                <div class=\"article-loop-post__content\">\r\n                    <h3 class=\"article-loop-post__title\">\r\n                        <a href=\"https:\/\/us.edu.pl\/wydzial\/wpia\/2022\/04\/19\/academic-research-visits\/\">Academic Research Visits<\/a>\r\n                    <\/h3>\r\n            \r\n                    <div class=\"article-loop-post__categories\">\r\n                        <a href=\"https:\/\/us.edu.pl\/wydzial\/wpia\/category\/paneu\/\">PanEU<\/a>\r\n                    <\/div>    \r\n                <\/div>\r\n            <\/article>\r\n        \r\n            <article class=\"article-loop-post carousel-slide\">\r\n                <a href=\"https:\/\/us.edu.pl\/wydzial\/wpia\/2022\/04\/19\/euipo-virtual-visits-initiative\/\" class=\"article-loop-post__thumbnail thumbnail\"\r\n                    style=\"background-image: url(https:\/\/us.edu.pl\/wydzial\/wpia\/wp-content\/themes\/uniwersytet-slaski\/img\/post\/default.jpg)\">\r\n                    <span>wi\u0119cej<\/span>\r\n                <\/a>\r\n\r\n                <div class=\"article-loop-post__content\">\r\n                    <h3 class=\"article-loop-post__title\">\r\n                        <a href=\"https:\/\/us.edu.pl\/wydzial\/wpia\/2022\/04\/19\/euipo-virtual-visits-initiative\/\">EUIPO Virtual Visits Initiative<\/a>\r\n                    <\/h3>\r\n            \r\n                    <div class=\"article-loop-post__categories\">\r\n                        <a href=\"https:\/\/us.edu.pl\/wydzial\/wpia\/category\/paneu\/\">PanEU<\/a>\r\n                    <\/div>    \r\n                <\/div>\r\n            <\/article>\r\n        \r\n            <article class=\"article-loop-post carousel-slide\">\r\n                <a href=\"https:\/\/us.edu.pl\/wydzial\/wpia\/2023\/02\/13\/trwa-rekrutacja-na-platne-staze-w-eu\/\" class=\"article-loop-post__thumbnail thumbnail\"\r\n                    style=\"background-image: url(https:\/\/us.edu.pl\/wydzial\/wpia\/wp-content\/uploads\/sites\/19\/Strona-glowna\/banery\/EUIPO-500x263.png)\">\r\n                    <span>wi\u0119cej<\/span>\r\n                <\/a>\r\n\r\n                <div class=\"article-loop-post__content\">\r\n                    <h3 class=\"article-loop-post__title\">\r\n                        <a href=\"https:\/\/us.edu.pl\/wydzial\/wpia\/2023\/02\/13\/trwa-rekrutacja-na-platne-staze-w-eu\/\">Trwa rekrutacja na p\u0142atne sta\u017ce w EU!<\/a>\r\n                    <\/h3>\r\n            \r\n                    <div class=\"article-loop-post__categories\">\r\n                        <a href=\"https:\/\/us.edu.pl\/wydzial\/wpia\/category\/paneu\/\">PanEU<\/a>\r\n                    <\/div>    \r\n                <\/div>\r\n            <\/article>\r\n        \r\n            <article class=\"article-loop-post carousel-slide\">\r\n                <a href=\"https:\/\/us.edu.pl\/wydzial\/wpia\/2023\/04\/07\/european-summer-course-2023-newvisions4theworld-24-lipca-2-sierpnia-2023-r\/\" class=\"article-loop-post__thumbnail thumbnail\"\r\n                    style=\"background-image: url(https:\/\/us.edu.pl\/wydzial\/wpia\/wp-content\/uploads\/sites\/19\/2023\/04\/ESC-New-Visions-500x375.jpg)\">\r\n                    <span>wi\u0119cej<\/span>\r\n                <\/a>\r\n\r\n                <div class=\"article-loop-post__content\">\r\n                    <h3 class=\"article-loop-post__title\">\r\n                        <a href=\"https:\/\/us.edu.pl\/wydzial\/wpia\/2023\/04\/07\/european-summer-course-2023-newvisions4theworld-24-lipca-2-sierpnia-2023-r\/\">European Summer Course 2023 #NewVisions4theWorld &#8211; 24 lipca &#8211; 2 sierpnia 2023 r.<\/a>\r\n                    <\/h3>\r\n            \r\n                    <div class=\"article-loop-post__categories\">\r\n                        <a href=\"https:\/\/us.edu.pl\/wydzial\/wpia\/category\/ogolne\/\">Og\u00f3lne<\/a><a href=\"https:\/\/us.edu.pl\/wydzial\/wpia\/category\/paneu\/\">PanEU<\/a>\r\n                    <\/div>    \r\n                <\/div>\r\n            <\/article>\r\n        \r\n            <article class=\"article-loop-post carousel-slide\">\r\n                <a href=\"https:\/\/us.edu.pl\/wydzial\/wpia\/2023\/05\/11\/euipo-academic-research-visits-nabor-do-programu\/\" class=\"article-loop-post__thumbnail thumbnail\"\r\n                    style=\"background-image: url(https:\/\/us.edu.pl\/wydzial\/wpia\/wp-content\/uploads\/sites\/19\/2023\/04\/euipo-500x375.jpg)\">\r\n                    <span>wi\u0119cej<\/span>\r\n                <\/a>\r\n\r\n                <div class=\"article-loop-post__content\">\r\n                    <h3 class=\"article-loop-post__title\">\r\n                        <a href=\"https:\/\/us.edu.pl\/wydzial\/wpia\/2023\/05\/11\/euipo-academic-research-visits-nabor-do-programu\/\">EUIPO Academic Research Visits \u2013 nab\u00f3r do programu<\/a>\r\n                    <\/h3>\r\n            \r\n                    <div class=\"article-loop-post__categories\">\r\n                        <a href=\"https:\/\/us.edu.pl\/wydzial\/wpia\/category\/ogolne\/\">Og\u00f3lne<\/a><a href=\"https:\/\/us.edu.pl\/wydzial\/wpia\/category\/paneu\/\">PanEU<\/a><a href=\"https:\/\/us.edu.pl\/wydzial\/wpia\/category\/wiadomosci\/\">Wiadomo\u015bci<\/a>\r\n                    <\/div>    \r\n                <\/div>\r\n            <\/article>\r\n        \r\n            <article class=\"article-loop-post carousel-slide\">\r\n                <a href=\"https:\/\/us.edu.pl\/wydzial\/wpia\/2023\/05\/18\/nova-ipsi-knowledge-center-summer-course-5-9-czerwca-2023-r\/\" class=\"article-loop-post__thumbnail thumbnail\"\r\n                    style=\"background-image: url(https:\/\/us.edu.pl\/wydzial\/wpia\/wp-content\/uploads\/sites\/19\/2023\/05\/Introduction-to-IP-law-in-the-EU-500x375.jpg)\">\r\n                    <span>wi\u0119cej<\/span>\r\n                <\/a>\r\n\r\n                <div class=\"article-loop-post__content\">\r\n                    <h3 class=\"article-loop-post__title\">\r\n                        <a href=\"https:\/\/us.edu.pl\/wydzial\/wpia\/2023\/05\/18\/nova-ipsi-knowledge-center-summer-course-5-9-czerwca-2023-r\/\">NOVA IPSI Knowledge Center Summer Course \u2013 5-9 czerwca 2023 r.<\/a>\r\n                    <\/h3>\r\n            \r\n                    <div class=\"article-loop-post__categories\">\r\n                        <a href=\"https:\/\/us.edu.pl\/wydzial\/wpia\/category\/ogolne\/\">Og\u00f3lne<\/a><a href=\"https:\/\/us.edu.pl\/wydzial\/wpia\/category\/paneu\/\">PanEU<\/a>\r\n                    <\/div>    \r\n                <\/div>\r\n            <\/article>\r\n        \r\n            <article class=\"article-loop-post carousel-slide\">\r\n                <a href=\"https:\/\/us.edu.pl\/wydzial\/wpia\/2023\/05\/25\/16th-transatlantic-intellectual-property-academy-the-impact-of-new-technologies-on-intellectual-property-madrid-12-14-czerwca-2023-r\/\" class=\"article-loop-post__thumbnail thumbnail\"\r\n                    style=\"background-image: url(https:\/\/us.edu.pl\/wydzial\/wpia\/wp-content\/uploads\/sites\/19\/2023\/05\/EUIPO-UC3M-500x375.jpg)\">\r\n                    <span>wi\u0119cej<\/span>\r\n                <\/a>\r\n\r\n                <div class=\"article-loop-post__content\">\r\n                    <h3 class=\"article-loop-post__title\">\r\n                        <a href=\"https:\/\/us.edu.pl\/wydzial\/wpia\/2023\/05\/25\/16th-transatlantic-intellectual-property-academy-the-impact-of-new-technologies-on-intellectual-property-madrid-12-14-czerwca-2023-r\/\">16th Transatlantic Intellectual Property Academy \u201eThe Impact of New Technologies on Intellectual Property\u201d \u2013 Madryt, 12-14 czerwca 2023 r.<\/a>\r\n                    <\/h3>\r\n            \r\n                    <div class=\"article-loop-post__categories\">\r\n                        <a href=\"https:\/\/us.edu.pl\/wydzial\/wpia\/category\/ogolne\/\">Og\u00f3lne<\/a><a href=\"https:\/\/us.edu.pl\/wydzial\/wpia\/category\/paneu\/\">PanEU<\/a>\r\n                    <\/div>    \r\n                <\/div>\r\n            <\/article>\r\n        \r\n            <article class=\"article-loop-post carousel-slide\">\r\n                <a href=\"https:\/\/us.edu.pl\/wydzial\/wpia\/2023\/10\/09\/euipo-ip-intensive-programme-zaproszenie-do-wziecia-udzialu-w-prezentacjach\/\" class=\"article-loop-post__thumbnail thumbnail\"\r\n                    style=\"background-image: url(https:\/\/us.edu.pl\/wydzial\/wpia\/wp-content\/uploads\/sites\/19\/Bez-kategorii\/speaking-1453068_640-500x334.jpg)\">\r\n                    <span>wi\u0119cej<\/span>\r\n                <\/a>\r\n\r\n                <div class=\"article-loop-post__content\">\r\n                    <h3 class=\"article-loop-post__title\">\r\n                        <a href=\"https:\/\/us.edu.pl\/wydzial\/wpia\/2023\/10\/09\/euipo-ip-intensive-programme-zaproszenie-do-wziecia-udzialu-w-prezentacjach\/\">EUIPO IP Intensive Programme &#8211; Zaproszenie do wzi\u0119cia udzia\u0142u w prezentacjach<\/a>\r\n                    <\/h3>\r\n            \r\n                    <div class=\"article-loop-post__categories\">\r\n                        <a href=\"https:\/\/us.edu.pl\/wydzial\/wpia\/category\/ogolne\/\">Og\u00f3lne<\/a><a href=\"https:\/\/us.edu.pl\/wydzial\/wpia\/category\/paneu\/\">PanEU<\/a>\r\n                    <\/div>    \r\n                <\/div>\r\n            <\/article>\r\n        \r\n            <article class=\"article-loop-post carousel-slide\">\r\n                <a href=\"https:\/\/us.edu.pl\/wydzial\/wpia\/2023\/10\/31\/pan-european-seal-programme-euipo-newsletter\/\" class=\"article-loop-post__thumbnail thumbnail\"\r\n                    style=\"background-image: url(https:\/\/us.edu.pl\/wydzial\/wpia\/wp-content\/uploads\/sites\/19\/Bez-kategorii\/lightbulb-500x334.jpg)\">\r\n                    <span>wi\u0119cej<\/span>\r\n                <\/a>\r\n\r\n                <div class=\"article-loop-post__content\">\r\n                    <h3 class=\"article-loop-post__title\">\r\n                        <a href=\"https:\/\/us.edu.pl\/wydzial\/wpia\/2023\/10\/31\/pan-european-seal-programme-euipo-newsletter\/\">Pan-European Seal Programme &#8211; EUIPO newsletter Alicante News<\/a>\r\n                    <\/h3>\r\n            \r\n                    <div class=\"article-loop-post__categories\">\r\n                        <a href=\"https:\/\/us.edu.pl\/wydzial\/wpia\/category\/paneu\/\">PanEU<\/a><a href=\"https:\/\/us.edu.pl\/wydzial\/wpia\/category\/wydarzenia\/\">Wydarzenia<\/a>\r\n                    <\/div>    \r\n                <\/div>\r\n            <\/article>\r\n        \n\t\t\t\t\t\t\t\t<\/div>\n\t\t\t\t\t\t  <\/div>\n\t\t\t\t\t <\/div>\n\t\t\t\t\t <\/div>\n\t\t\t\t<\/div>[\/vc_column][\/vc_row]<\/p>","protected":false},"excerpt":{"rendered":"<p>[vc_row][vc_column][\/vc_column][\/vc_row] [&#8230;]<\/p>\n<p><a class=\"btn btn-secondary understrap-read-more-link\" href=\"https:\/\/us.edu.pl\/wydzial\/wpia\/2023\/10\/31\/pan-european-seal-programme-euipo-newsletter\/\">Read More&#8230;<\/a><\/p>\n","protected":false},"author":107,"featured_media":0,"parent":1498,"menu_order":3,"comment_status":"closed","ping_status":"closed","template":"","meta":{"_expiration-date-status":"","_expiration-date":0,"_expiration-date-type":"","_expiration-date-categories":[],"_expiration-date-options":[]},"acf":[],"_links":{"self":[{"href":"https:\/\/us.edu.pl\/wydzial\/wpia\/wp-json\/wp\/v2\/pages\/10663"}],"collection":[{"href":"https:\/\/us.edu.pl\/wydzial\/wpia\/wp-json\/wp\/v2\/pages"}],"about":[{"href":"https:\/\/us.edu.pl\/wydzial\/wpia\/wp-json\/wp\/v2\/types\/page"}],"author":[{"embeddable":true,"href":"https:\/\/us.edu.pl\/wydzial\/wpia\/wp-json\/wp\/v2\/users\/107"}],"replies":[{"embeddable":true,"href":"https:\/\/us.edu.pl\/wydzial\/wpia\/wp-json\/wp\/v2\/comments?post=10663"}],"version-history":[{"count":6,"href":"https:\/\/us.edu.pl\/wydzial\/wpia\/wp-json\/wp\/v2\/pages\/10663\/revisions"}],"predecessor-version":[{"id":161448,"href":"https:\/\/us.edu.pl\/wydzial\/wpia\/wp-json\/wp\/v2\/pages\/10663\/revisions\/161448"}],"up":[{"embeddable":true,"href":"https:\/\/us.edu.pl\/wydzial\/wpia\/wp-json\/wp\/v2\/pages\/1498"}],"wp:attachment":[{"href":"https:\/\/us.edu.pl\/wydzial\/wpia\/wp-json\/wp\/v2\/media?parent=10663"}],"curies":[{"name":"wp","href":"https:\/\/api.w.org\/{rel}","templated":true}]}}