{"id":10687,"date":"2022-04-20T09:23:31","date_gmt":"2022-04-20T07:23:31","guid":{"rendered":"https:\/\/us.edu.pl\/wydzial\/wpia\/?page_id=10687"},"modified":"2023-02-02T08:21:53","modified_gmt":"2023-02-02T07:21:53","slug":"most","status":"publish","type":"page","link":"https:\/\/us.edu.pl\/wydzial\/wpia\/student\/most\/","title":{"rendered":"MOST"},"content":{"rendered":"<p>[vc_row][vc_column]\r\n                <div class=\"text-modules\">\r\n                    <div class=\"container\">\r\n                        <h3 class=\"page-title text__title\">MOST<\/h3>\r\n                        <div class=\"text-modules__content\"><p>CZYM JEST PROGRAM MOST?<\/p>\n<p>MOST to program mobilno\u015bci student\u00f3w i doktorant\u00f3w. Umo\u017cliwia realizowanie semestralnych lub rocznych studi\u00f3w na uniwersytecie innym ni\u017c macierzysty. Uczestnik tego programu ma prawo ubiegania si\u0119 o przyj\u0119cie na wybrany przez siebie uniwersytet oraz prawo wyboru przedmiot\u00f3w realizowanych na r\u00f3\u017cnych semestrach studi\u00f3w danego kierunku lub kierunk\u00f3w pokrewnych, na podstawie istniej\u0105cych program\u00f3w studi\u00f3w na danym uniwersytecie.<br \/>\nUdzia\u0142 w programie jest bezp\u0142atny i niezale\u017cny od trybu studi\u00f3w.<\/p>\n<p>MOST adresowany jest do:<br \/>\n\u2022 student\u00f3w po uko\u0144czeniu drugiego semestru studi\u00f3w na studiach I stopnia i jednolitych magisterskich;<br \/>\n\u2022 student\u00f3w po uko\u0144czeniu pierwszego semestru na studiach II stopnia;<br \/>\n\u2022 doktorant\u00f3w po uko\u0144czeniu pierwszego roku studi\u00f3w doktoranckich.<\/p>\n<p>Rekrutacja na MOST odbywa si\u0119 dwa razy w roku:<br \/>\n\u2022 od 15 kwietnia do 15 maja (rekrutacja na semestr zimowy i ca\u0142y rok akademicki);<br \/>\n\u2022 od 31 pa\u017adziernika do 30 listopada (rekrutacja na semestr letni).<\/p>\n<p>W tych okresach na stronie internetowej Programu aktywny jest link: <a href=\"https:\/\/most.uka.uw.edu.pl\">https:\/\/most.uka.uw.edu.pl<\/a>\/,<br \/>\numo\u017cliwiaj\u0105cy zapoznanie si\u0119 z aktualn\u0105 ofert\u0105 MOST-u oraz za\u0142o\u017cenie konta w systemie IRK MOST, za po\u015brednictwem kt\u00f3rego dokonuje si\u0119 rejestracji i uzyskuje status osoby ubiegaj\u0105cej si\u0119 o udzia\u0142 w Programie MOST.<\/p>\n<p>Koordynatorem wydzia\u0142owym Programu MOST jest dr Grzegorz Nancka (<a href=\"mailto:grzegorz.nancka@us.edu.pl\">grzegorz.nancka@us.edu.pl<\/a>)<br \/>\nObs\u0142ug\u0105 dziekanatow\u0105 zajmuje si\u0119 mgr Ewa Niedurny (<a href=\"mailto:ewa.niedurny@us.edu.pl\">ewa.niedurny@us.edu.pl<\/a>, 32\u00a0359 2066) oraz mgr in\u017c. Beata Kasprowicz (<a href=\"mailto:beata.kasprowicz-wziech@us.edu.pl\">beata.kasprowicz-wziech@us.edu.pl<\/a>, 32\u00a0359 2069)<\/p>\n<p>Wi\u0119cej informacji:<br \/>\nUniwersytecka strona programu: <a href=\"https:\/\/us.edu.pl\/student\/mobilnosc\/wyjazdy-krajowe\/\">https:\/\/us.edu.pl\/student\/mobilnosc\/wyjazdy-krajowe\/<\/a><br \/>\nStrona g\u0142\u00f3wna Programu MOST: <a href=\"http:\/\/most.amu.edu.pl\">http:\/\/most.amu.edu.pl<\/a><br \/>\nFacebook: <a href=\"https:\/\/www.facebook.com\/programmost2000\">https:\/\/www.facebook.com\/programmost2000<\/a><\/p>\n<\/div>\r\n                    <\/div>\r\n                <\/div>[\/vc_column][\/vc_row]<\/p>","protected":false},"excerpt":{"rendered":"<p>[vc_row][vc_column][\/vc_column][\/vc_row] [&#8230;]<\/p>\n<p><a class=\"btn btn-secondary understrap-read-more-link\" href=\"https:\/\/us.edu.pl\/wydzial\/wpia\/student\/most\/\">Read More&#8230;<\/a><\/p>\n","protected":false},"author":107,"featured_media":0,"parent":286,"menu_order":4,"comment_status":"closed","ping_status":"closed","template":"page-templates\/inner-page.php","meta":{"_expiration-date-status":"","_expiration-date":0,"_expiration-date-type":"","_expiration-date-categories":[],"_expiration-date-options":[]},"acf":[],"_links":{"self":[{"href":"https:\/\/us.edu.pl\/wydzial\/wpia\/wp-json\/wp\/v2\/pages\/10687"}],"collection":[{"href":"https:\/\/us.edu.pl\/wydzial\/wpia\/wp-json\/wp\/v2\/pages"}],"about":[{"href":"https:\/\/us.edu.pl\/wydzial\/wpia\/wp-json\/wp\/v2\/types\/page"}],"author":[{"embeddable":true,"href":"https:\/\/us.edu.pl\/wydzial\/wpia\/wp-json\/wp\/v2\/users\/107"}],"replies":[{"embeddable":true,"href":"https:\/\/us.edu.pl\/wydzial\/wpia\/wp-json\/wp\/v2\/comments?post=10687"}],"version-history":[{"count":2,"href":"https:\/\/us.edu.pl\/wydzial\/wpia\/wp-json\/wp\/v2\/pages\/10687\/revisions"}],"predecessor-version":[{"id":10690,"href":"https:\/\/us.edu.pl\/wydzial\/wpia\/wp-json\/wp\/v2\/pages\/10687\/revisions\/10690"}],"up":[{"embeddable":true,"href":"https:\/\/us.edu.pl\/wydzial\/wpia\/wp-json\/wp\/v2\/pages\/286"}],"wp:attachment":[{"href":"https:\/\/us.edu.pl\/wydzial\/wpia\/wp-json\/wp\/v2\/media?parent=10687"}],"curies":[{"name":"wp","href":"https:\/\/api.w.org\/{rel}","templated":true}]}}