{"id":10950,"date":"2022-04-28T12:46:35","date_gmt":"2022-04-28T10:46:35","guid":{"rendered":"https:\/\/us.edu.pl\/wydzial\/wpia\/?page_id=10950"},"modified":"2022-04-28T12:54:23","modified_gmt":"2022-04-28T10:54:23","slug":"2021-2","status":"publish","type":"page","link":"https:\/\/us.edu.pl\/wydzial\/wpia\/2021-2\/","title":{"rendered":"2021"},"content":{"rendered":"<p>[vc_row][vc_column][vc_column_text][\/vc_column_text][\/vc_column][\/vc_row][vc_row][vc_column]\r\n                <div class=\"text-modules\">\r\n                    <div class=\"container\">\r\n                        \r\n                        <div class=\"text-modules__content\"><p><strong>Doktoranci uczelni z ca\u0142ej Europy kolejny raz na Wydziale Prawa i Administracji U\u015a<\/strong><\/p>\n<p>W dniach 10-14 stycznia 2022 r. na Wydziale Prawa i Administracji Uniwersytetu \u015al\u0105skiego w Katowicach go\u015bcili\u015bmy m\u0142odych naukowc\u00f3w z europejskich uczelni partnerskich w ramach mi\u0119dzynarodowego programu <strong>Programme in European Private Law for Postgraduates<\/strong> (<strong>PEPP<\/strong>). To ju\u017c dziesi\u0105ta edycja Programu, kt\u00f3rego partnerem jest WPiA U\u015a. Za organizacj\u0119 tegorocznej edycji na naszym Uniwersytecie odpowiedzialna by\u0142a \u2013 podobnie jak w latach poprzednich &#8211; prof. dr hab. Ewa Rott- Pietrzyk, koordynator Programu PEPP ze strony Polski, oraz dr Ma\u0142gorzata Pohl-Micha\u0142ek. G\u0142\u00f3wnym koordynatorem\/gospodarzem programu PEPP jest Uniwersytet w M\u00fcnster (Niemcy). W tym roku nasz Uniwersytet reprezentuj\u0105 doktoranci Martyna Kasperska, Anna Maria Rizzo i Wojciech Panek.<\/p>\n<p>W ramach Programu jego uczestnicy bior\u0105 udzia\u0142 w czterech kolejnych zjazdach, odbywaj\u0105cych si\u0119 w jednym roku akademickim. W tym roku styczniowy tygodniowy zjazd odby\u0142 si\u0119 w Katowicach. W trakcie ka\u017cdego ze zjazd\u00f3w uczestnicy maj\u0105 szans\u0119 wzi\u0105\u0107 udzia\u0142 w wyk\u0142adach, seminariach i warsztatach, prowadzonych przez wybitnych przedstawicieli nauki prawa oraz do\u015bwiadczonych praktyk\u00f3w.<\/p>\n<p>Program PEPP nakierowany jest na wsp\u00f3\u0142prac\u0119 mi\u0119dzy m\u0142odymi prawnikami, wymian\u0119 do\u015bwiadcze\u0144 i poszerzanie wiedzy z zakresu prawa prywatnego z perspektywy r\u00f3\u017cnych system\u00f3w prawnych. Uczestnictwo w PEPP to dla m\u0142odych naukowc\u00f3w nie tylko wiedza wyniesiona z interaktywnych zaj\u0119\u0107 i doskonalenie posiadanych ju\u017c umiej\u0119tno\u015bci. W zamiarze organizator\u00f3w Programu, to r\u00f3wnie\u017c wymiana kontakt\u00f3w, kt\u00f3ra na wczesnym etapie przygody naukowej m\u0142odego badacza w przysz\u0142o\u015bci mo\u017ce zaowocowa\u0107 wsp\u00f3lnie prowadzonymi badaniami naukowymi w ramach mi\u0119dzynarodowych projekt\u00f3w oraz wsp\u00f3\u0142prac\u0105 mi\u0119dzy o\u015brodkami naukowymi w Europie.<\/p>\n<p>Wi\u0119cej informacji o PEPP mo\u017cna znale\u017a\u0107 pod adresem: <a href=\"http:\/\/www.pepp-home.eu\/\">http:\/\/www.pepp-home.eu\/<\/a> oraz <a href=\"https:\/\/us.edu.pl\/wydzial\/wpia\/wspolpraca\/pepp\/\">https:\/\/us.edu.pl\/wydzial\/wpia\/wspolpraca\/pepp\/<\/a><\/p>\n<p>&nbsp;<\/p>\n<p><img class=\"alignnone wp-image-10955 size-medium\" src=\"https:\/\/us.edu.pl\/wydzial\/wpia\/wp-content\/uploads\/sites\/19\/Wspolpraca\/PEPP\/PEPP-Auswahl-lsm17-500x333.jpg\" alt=\"\" width=\"500\" height=\"333\" srcset=\"https:\/\/us.edu.pl\/wydzial\/wpia\/wp-content\/uploads\/sites\/19\/Wspolpraca\/PEPP\/PEPP-Auswahl-lsm17-500x333.jpg 500w, https:\/\/us.edu.pl\/wydzial\/wpia\/wp-content\/uploads\/sites\/19\/Wspolpraca\/PEPP\/PEPP-Auswahl-lsm17-1024x683.jpg 1024w, https:\/\/us.edu.pl\/wydzial\/wpia\/wp-content\/uploads\/sites\/19\/Wspolpraca\/PEPP\/PEPP-Auswahl-lsm17-768x512.jpg 768w, https:\/\/us.edu.pl\/wydzial\/wpia\/wp-content\/uploads\/sites\/19\/Wspolpraca\/PEPP\/PEPP-Auswahl-lsm17-1536x1024.jpg 1536w, https:\/\/us.edu.pl\/wydzial\/wpia\/wp-content\/uploads\/sites\/19\/Wspolpraca\/PEPP\/PEPP-Auswahl-lsm17-2048x1365.jpg 2048w, https:\/\/us.edu.pl\/wydzial\/wpia\/wp-content\/uploads\/sites\/19\/Wspolpraca\/PEPP\/PEPP-Auswahl-lsm17-575x383.jpg 575w\" sizes=\"(max-width: 500px) 100vw, 500px\" \/><img class=\"alignnone size-medium wp-image-10954\" src=\"https:\/\/us.edu.pl\/wydzial\/wpia\/wp-content\/uploads\/sites\/19\/Wspolpraca\/PEPP\/PEPP-Auswahl-lsm2-500x333.jpg\" alt=\"\" width=\"500\" height=\"333\" srcset=\"https:\/\/us.edu.pl\/wydzial\/wpia\/wp-content\/uploads\/sites\/19\/Wspolpraca\/PEPP\/PEPP-Auswahl-lsm2-500x333.jpg 500w, https:\/\/us.edu.pl\/wydzial\/wpia\/wp-content\/uploads\/sites\/19\/Wspolpraca\/PEPP\/PEPP-Auswahl-lsm2-768x511.jpg 768w, https:\/\/us.edu.pl\/wydzial\/wpia\/wp-content\/uploads\/sites\/19\/Wspolpraca\/PEPP\/PEPP-Auswahl-lsm2-575x382.jpg 575w, https:\/\/us.edu.pl\/wydzial\/wpia\/wp-content\/uploads\/sites\/19\/Wspolpraca\/PEPP\/PEPP-Auswahl-lsm2.jpg 800w\" sizes=\"(max-width: 500px) 100vw, 500px\" \/><img class=\"alignnone size-medium wp-image-10952\" src=\"https:\/\/us.edu.pl\/wydzial\/wpia\/wp-content\/uploads\/sites\/19\/Wspolpraca\/PEPP\/PEPP_Katowice3-500x375.jpg\" alt=\"\" width=\"500\" height=\"375\" srcset=\"https:\/\/us.edu.pl\/wydzial\/wpia\/wp-content\/uploads\/sites\/19\/Wspolpraca\/PEPP\/PEPP_Katowice3-500x375.jpg 500w, https:\/\/us.edu.pl\/wydzial\/wpia\/wp-content\/uploads\/sites\/19\/Wspolpraca\/PEPP\/PEPP_Katowice3-768x576.jpg 768w, https:\/\/us.edu.pl\/wydzial\/wpia\/wp-content\/uploads\/sites\/19\/Wspolpraca\/PEPP\/PEPP_Katowice3-575x431.jpg 575w, https:\/\/us.edu.pl\/wydzial\/wpia\/wp-content\/uploads\/sites\/19\/Wspolpraca\/PEPP\/PEPP_Katowice3.jpg 800w\" sizes=\"(max-width: 500px) 100vw, 500px\" \/><img class=\"alignnone size-medium wp-image-10951\" src=\"https:\/\/us.edu.pl\/wydzial\/wpia\/wp-content\/uploads\/sites\/19\/Wspolpraca\/PEPP\/PEPP_Katowice1-500x375.jpg\" alt=\"\" width=\"500\" height=\"375\" srcset=\"https:\/\/us.edu.pl\/wydzial\/wpia\/wp-content\/uploads\/sites\/19\/Wspolpraca\/PEPP\/PEPP_Katowice1-500x375.jpg 500w, https:\/\/us.edu.pl\/wydzial\/wpia\/wp-content\/uploads\/sites\/19\/Wspolpraca\/PEPP\/PEPP_Katowice1-768x576.jpg 768w, https:\/\/us.edu.pl\/wydzial\/wpia\/wp-content\/uploads\/sites\/19\/Wspolpraca\/PEPP\/PEPP_Katowice1-575x431.jpg 575w, https:\/\/us.edu.pl\/wydzial\/wpia\/wp-content\/uploads\/sites\/19\/Wspolpraca\/PEPP\/PEPP_Katowice1.jpg 800w\" sizes=\"(max-width: 500px) 100vw, 500px\" \/><\/p>\n<p><img class=\"alignnone size-medium wp-image-10953\" src=\"https:\/\/us.edu.pl\/wydzial\/wpia\/wp-content\/uploads\/sites\/19\/Wspolpraca\/PEPP\/PEPP_Katowice4-375x500.jpg\" alt=\"\" width=\"375\" height=\"500\" srcset=\"https:\/\/us.edu.pl\/wydzial\/wpia\/wp-content\/uploads\/sites\/19\/Wspolpraca\/PEPP\/PEPP_Katowice4-375x500.jpg 375w, https:\/\/us.edu.pl\/wydzial\/wpia\/wp-content\/uploads\/sites\/19\/Wspolpraca\/PEPP\/PEPP_Katowice4-431x575.jpg 431w, https:\/\/us.edu.pl\/wydzial\/wpia\/wp-content\/uploads\/sites\/19\/Wspolpraca\/PEPP\/PEPP_Katowice4.jpg 480w\" sizes=\"(max-width: 375px) 100vw, 375px\" \/><\/p>\n<\/div>\r\n                    <\/div>\r\n                <\/div>[\/vc_column][\/vc_row][vc_row][vc_column][vc_column_text][\/vc_column_text][\/vc_column][\/vc_row]<\/p>","protected":false},"excerpt":{"rendered":"<p>[vc_row][vc_column][vc_column_text][\/vc_column_text][\/vc_column][\/vc_row][vc_row][vc_column][\/vc_column][\/vc_row][vc_row][vc_column][vc_column_text][\/vc_column_text][\/vc_column][\/vc_row] [&#8230;]<\/p>\n<p><a class=\"btn btn-secondary understrap-read-more-link\" href=\"https:\/\/us.edu.pl\/wydzial\/wpia\/2021-2\/\">Read More&#8230;<\/a><\/p>\n","protected":false},"author":3414,"featured_media":0,"parent":0,"menu_order":0,"comment_status":"closed","ping_status":"closed","template":"","meta":{"_expiration-date-status":"","_expiration-date":0,"_expiration-date-type":"","_expiration-date-categories":[],"_expiration-date-options":[]},"acf":[],"_links":{"self":[{"href":"https:\/\/us.edu.pl\/wydzial\/wpia\/wp-json\/wp\/v2\/pages\/10950"}],"collection":[{"href":"https:\/\/us.edu.pl\/wydzial\/wpia\/wp-json\/wp\/v2\/pages"}],"about":[{"href":"https:\/\/us.edu.pl\/wydzial\/wpia\/wp-json\/wp\/v2\/types\/page"}],"author":[{"embeddable":true,"href":"https:\/\/us.edu.pl\/wydzial\/wpia\/wp-json\/wp\/v2\/users\/3414"}],"replies":[{"embeddable":true,"href":"https:\/\/us.edu.pl\/wydzial\/wpia\/wp-json\/wp\/v2\/comments?post=10950"}],"version-history":[{"count":4,"href":"https:\/\/us.edu.pl\/wydzial\/wpia\/wp-json\/wp\/v2\/pages\/10950\/revisions"}],"predecessor-version":[{"id":10962,"href":"https:\/\/us.edu.pl\/wydzial\/wpia\/wp-json\/wp\/v2\/pages\/10950\/revisions\/10962"}],"wp:attachment":[{"href":"https:\/\/us.edu.pl\/wydzial\/wpia\/wp-json\/wp\/v2\/media?parent=10950"}],"curies":[{"name":"wp","href":"https:\/\/api.w.org\/{rel}","templated":true}]}}