{"id":1154,"date":"2019-12-04T11:44:17","date_gmt":"2019-12-04T10:44:17","guid":{"rendered":"https:\/\/us.edu.pl\/wydzial\/wpia\/?page_id=1154"},"modified":"2025-06-02T07:33:56","modified_gmt":"2025-06-02T05:33:56","slug":"samorzad-studencki","status":"publish","type":"page","link":"https:\/\/us.edu.pl\/wydzial\/wpia\/student\/dzialalnosc-studencka\/samorzad\/samorzad-studencki\/","title":{"rendered":"Samorz\u0105d Studencki"},"content":{"rendered":"<p>[vc_row][vc_column]\r\n                <div class=\"text-modules\">\r\n                    <div class=\"container\">\r\n                        <h3 class=\"page-title text__title\">Samorz\u0105d Studencki<\/h3>\r\n                        <div class=\"text-modules__content\"><p><strong>Witaj w Samorz\u0105dzie Studenckim Wydzia\u0142u Prawa i Administracji!<\/strong><\/p>\n<p><strong>Samorz\u0105d Studencki tworzy og\u00f3\u0142 student\u00f3w Wydzia\u0142u Prawa i Administracji U\u015a.<\/strong><\/p>\n<p>Rada Samorz\u0105du Studenckiego Wydzia\u0142u Prawa i Administracji jest <strong>jedynym reprezentantem og\u00f3\u0142u student\u00f3w Wydzia\u0142u<\/strong>, kt\u00f3ra w ramach swojej dzia\u0142alno\u015bci:<\/p>\n<ol>\n<li>wyra\u017ca stanowiska w sprawach spo\u0142eczno\u015bci studenckiej Wydzia\u0142u;<\/li>\n<li>opiniuje wnioski o stypendium Rektora U\u015a;<\/li>\n<li>reprezentuje student\u00f3w przed W\u0142adzami Wydzia\u0142u;<\/li>\n<li>uczestniczy w wyborze osoby do pe\u0142nienia funkcji kierowniczej, do kt\u00f3rej zakresu obowi\u0105zk\u00f3w nale\u017c\u0105 sprawy studenckie<\/li>\n<li>wybiera przedstawicieli student\u00f3w do wszelkich cia\u0142 kolegialnych dzia\u0142aj\u0105cych w Wydziale;<\/li>\n<li>deleguje przedstawicieli na egzaminy komisyjne na wniosek zainteresowanej osoby;<\/li>\n<li>wybiera cz\u0142onk\u00f3w URSS z danego Wydzia\u0142u;<\/li>\n<li>wyst\u0119puje z wnioskami, postulatami i opiniami do w\u0142adz Wydzia\u0142u;<\/li>\n<li>opiniuje harmonogramy zaj\u0119\u0107\u0301 zgodnie z Regulaminem studi\u00f3w w Uniwersytecie S\u0301la\u0328skim w Katowicach;<\/li>\n<li>wydaje opinie skierowane do URSS i Zarz\u0105du URSS w sprawie dzia\u0142alno\u015bci organizacji studenckich Wydzia\u0142u i przyznawania im \u015brodk\u00f3w materialnych i finansowych;<\/li>\n<li>prowadzi szkolenia w zakresie praw i obowi\u0105zk\u00f3w studenta.<\/li>\n<\/ol>\n<p>Jeste\u015bmy zrzeszeniem student\u00f3w, dzia\u0142aj\u0105cych na rzecz wsp\u00f3lnoty akademickiej naszego Wydzia\u0142u w Uniwersytecie \u015al\u0105skim. Naszym celem jest reprezentowanie interes\u00f3w student\u00f3w, dbanie o ich prawa oraz stwarzanie warunk\u00f3w do wszechstronnego rozwoju.<\/p>\n<p>Wydzia\u0142owa Rada Samorz\u0105du Studenckiego sk\u0142ada si\u0119 z 18 cz\u0142onk\u00f3w. Zarz\u0105d jest odpowiedzialny za koordynacj\u0119 i organizacj\u0119 bie\u017c\u0105cych dzia\u0142a\u0144, a wszyscy cz\u0142onkowie aktywnie anga\u017cuj\u0105 si\u0119 w r\u00f3\u017cnorodne projekty i inicjatywy.<\/p>\n<p>Aktualny sk\u0142ad Samorz\u0105du:<\/p>\n<p><strong>Sk\u0142ad Zarz\u0105du sensu stricto:<\/strong><\/p>\n<p>Przewodnicz\u0105ca &#8211; Erwina Kowalska <a href=\"mailto:erwina.kowalska.us@gmai.com\">erwina.kowalska.us@gmail.com<\/a><br \/>\nI Wiceprzewodnicz\u0105cy &#8211; Oskar Piwowarek <a href=\"mailto:oskar.piwowarek.us@gmail.com\">oskar.piwowarek.us@gmail.com<\/a><br \/>\nII Wiceprzewodnicz\u0105cy &#8211; Jakub Abramski <a href=\"mailto:kuba.abramski@gmail.com\">kuba.abramski@gmail.com<\/a><br \/>\nCz\u0142onkini Zarz\u0105du &#8211; Aurelia Budkowska <a href=\"mailto:aurelia.b@op.pl\">aurelia.b@op.pl<\/a><br \/>\nKoordynator ds. organizacji studenckich &#8211; Igor Ca\u0142ka <a href=\"mailto:igorcaka@gmail.com\">igorcaka@gmail.com<\/a><\/p>\n<p><strong>Sk\u0142ad Zarz\u0105du sensu largo:<\/strong><\/p>\n<p>Sekretarz &#8211; Tomasz Kandziora <a href=\"mailto:tomasz.kandziora@interia.pl\">tomasz.kandziora@interia.pl<\/a><br \/>\nKoordynator ds. promocji &#8211; Mateusz Maliszewski <a href=\"mailto:mateusz.maliszewski.us@gmail.com\">mateusz.maliszewski.us@gmail.com<\/a><br \/>\nRzecznik &#8211; dr Ziemowit W\u00f3jcik <a href=\"mailto:wojcikziemowit@gmail.com\">wojcikziemowit@gmail.com<\/a><\/p>\n<p><strong>Rada Samorz\u0105du Studenckiego WPiA U\u015a:<\/strong><\/p>\n<ol>\n<li>ABRAMSKI Jakub<\/li>\n<li>BUDKOWSKA Aurelia<\/li>\n<li>CA\u0141KA Igor<\/li>\n<li>DR\u00d3BKA Filip<\/li>\n<li>GIERCZYK Karolina<\/li>\n<li>JADOWSKI \u0141ukasz<\/li>\n<li>KANDZIORA Tomasz<\/li>\n<li>KOWALSKA Erwina<\/li>\n<li>KOZ\u0141OWSKA Weronika<\/li>\n<li>KWA\u015aNY Rados\u0142aw<\/li>\n<li>MALISZEWSKI Mateusz<\/li>\n<li>PIWOWAREK Oskar<\/li>\n<li>POPIELARCZYK Dominika<\/li>\n<li>TOMASIK Alicja<\/li>\n<li>W\u00d3JCIK Ziemowit<\/li>\n<li>ZMUDA Micha\u0142<\/li>\n<li>&#8211;<\/li>\n<li>&#8211;<\/li>\n<\/ol>\n<p>Nasz Samorz\u0105d jest zaanga\u017cowany w organizacj\u0119 wydarze\u0144 naukowych, kulturalnych oraz integracyjnych. Realizujemy projekty, kt\u00f3re wspieraj\u0105 rozw\u00f3j osobisty i akademicki student\u00f3w, stwarzaj\u0105c przy tym przyjazne \u015brodowisko dla wszelkich inicjatyw.<\/p>\n<p><strong>Do\u0142\u0105cz do nas, aby aktywnie wsp\u00f3\u0142tworzy\u0107 \u017cycie akademickie na Wydziale Prawa i Administracji U\u015a!<\/strong><\/p>\n<p>Je\u015bli masz pytania, propozycje lub chcesz si\u0119 zaanga\u017cowa\u0107, skontaktuj si\u0119 z nami przez media spo\u0142eczno\u015bciowe lub napisz maila:<\/p>\n<ul>\n<li><u><a href=\"mailto:rss.wpia@us.edu.pl\">wpia@us.edu.pl<\/a><\/u><\/li>\n<li><a href=\"https:\/\/www.instagram.com\/studenci_wpia_us\/\">Instagram<\/a><\/li>\n<li><a href=\"https:\/\/www.facebook.com\/studenci.wpia.us\">Facebook<\/a><\/li>\n<\/ul>\n<p>[<em>nie piszcie do nas wiadomo\u015bci zaczynaj\u0105cych si\u0119 od \u201eDzie\u0144 dobry\u201d\/\u201eWitam\u201d\/\u201eSzanowni Pa\u0144stwo\u201d &#8211; my te\u017c jeste\u015bmy studentami \ud83d\ude09<\/em>]<\/p>\n<p>B\u0105d\u017a na bie\u017c\u0105co z naszymi dzia\u0142aniami, \u015bledz\u0105c nasz\u0105 stron\u0119 internetow\u0105 oraz profile w mediach spo\u0142eczno\u015bciowych. Widzimy si\u0119 na wydziale!<\/p>\n<p>Przydatne linki:<\/p>\n<p><a href=\"http:\/\/studenci.us.edu.pl\/\">Strona Samorz\u0105du Studenckiego<\/a><\/p>\n<p><a href=\"https:\/\/linktr.ee\/studenci_wpia_us\">Linktree<\/a><\/p>\n<\/div>\r\n                    <\/div>\r\n                <\/div>[\/vc_column][\/vc_row]<\/p>","protected":false},"excerpt":{"rendered":"<p>[vc_row][vc_column][\/vc_column][\/vc_row] [&#8230;]<\/p>\n<p><a class=\"btn btn-secondary understrap-read-more-link\" href=\"https:\/\/us.edu.pl\/wydzial\/wpia\/student\/dzialalnosc-studencka\/samorzad\/samorzad-studencki\/\">Read More&#8230;<\/a><\/p>\n","protected":false},"author":107,"featured_media":0,"parent":402,"menu_order":0,"comment_status":"closed","ping_status":"closed","template":"page-templates\/inner-page-with-bookmarks.php","meta":{"_expiration-date-status":"","_expiration-date":0,"_expiration-date-type":"","_expiration-date-categories":[],"_expiration-date-options":[]},"acf":[],"_links":{"self":[{"href":"https:\/\/us.edu.pl\/wydzial\/wpia\/wp-json\/wp\/v2\/pages\/1154"}],"collection":[{"href":"https:\/\/us.edu.pl\/wydzial\/wpia\/wp-json\/wp\/v2\/pages"}],"about":[{"href":"https:\/\/us.edu.pl\/wydzial\/wpia\/wp-json\/wp\/v2\/types\/page"}],"author":[{"embeddable":true,"href":"https:\/\/us.edu.pl\/wydzial\/wpia\/wp-json\/wp\/v2\/users\/107"}],"replies":[{"embeddable":true,"href":"https:\/\/us.edu.pl\/wydzial\/wpia\/wp-json\/wp\/v2\/comments?post=1154"}],"version-history":[{"count":11,"href":"https:\/\/us.edu.pl\/wydzial\/wpia\/wp-json\/wp\/v2\/pages\/1154\/revisions"}],"predecessor-version":[{"id":189295,"href":"https:\/\/us.edu.pl\/wydzial\/wpia\/wp-json\/wp\/v2\/pages\/1154\/revisions\/189295"}],"up":[{"embeddable":true,"href":"https:\/\/us.edu.pl\/wydzial\/wpia\/wp-json\/wp\/v2\/pages\/402"}],"wp:attachment":[{"href":"https:\/\/us.edu.pl\/wydzial\/wpia\/wp-json\/wp\/v2\/media?parent=1154"}],"curies":[{"name":"wp","href":"https:\/\/api.w.org\/{rel}","templated":true}]}}